{"id":97,"date":"2019-07-28T15:28:11","date_gmt":"2019-07-28T15:28:11","guid":{"rendered":"http:\/\/www.jbt.hu\/wordpress\/gepkes\/?page_id=97"},"modified":"2019-11-25T13:00:26","modified_gmt":"2019-11-25T13:00:26","slug":"levagokesek","status":"publish","type":"page","link":"http:\/\/www.jbt.hu\/wordpress\/gepkes\/levagokesek\/","title":{"rendered":"Lev\u00e1g\u00f3k\u00e9sek"},"content":{"rendered":"\n<div class=\"wp-block-image\"><figure class=\"alignleft size-large\"><img decoding=\"async\" loading=\"lazy\" width=\"320\" height=\"240\" src=\"http:\/\/www.jbt.hu\/wordpress\/gepkes\/wp-content\/uploads\/sites\/4\/2019\/11\/Abschneide_1.png\" alt=\"\" class=\"wp-image-613\" srcset=\"http:\/\/www.jbt.hu\/wordpress\/gepkes\/wp-content\/uploads\/sites\/4\/2019\/11\/Abschneide_1.png 320w, http:\/\/www.jbt.hu\/wordpress\/gepkes\/wp-content\/uploads\/sites\/4\/2019\/11\/Abschneide_1-300x225.png 300w\" sizes=\"(max-width: 320px) 100vw, 320px\" \/><\/figure><\/div>\n\n\n\n<p>Sarl\u00f3 alak\u00fa k\u00e9sek, szeletel\u0151 &#8211; \u00e9s keny\u00e9rv\u00e1g\u00f3 g\u00e9pekhez, valamint z\u00f6lds\u00e9gfeldolgoz\u00f3 g\u00e9pekhez vagy kock\u00e1z\u00f3khoz.<br><br>Sz\u00e1ll\u00edt\u00e1si programunkba olyan neves berendez\u00e9sgy\u00e1rt\u00f3k g\u00e9peihez alkalmas k\u00e9sform\u00e1k is beletartoznak, mint CUBEMAT, EMSENS,  HOLAC, NAGEMA, R\u00dcHLE, TREIF, THURN stb. de minta vagy rajz ut\u00e1ni gy\u00e1rt\u00e1st is v\u00e1llalunk.<br><\/p>\n","protected":false},"excerpt":{"rendered":"<p>Sarl\u00f3 alak\u00fa k\u00e9sek, szeletel\u0151 &#8211; \u00e9s keny\u00e9rv\u00e1g\u00f3 g\u00e9pekhez, valamint z\u00f6lds\u00e9gfeldolgoz\u00f3 g\u00e9pekhez vagy kock\u00e1z\u00f3khoz. Sz\u00e1ll\u00edt\u00e1si programunkba olyan neves berendez\u00e9sgy\u00e1rt\u00f3k g\u00e9peihez alkalmas k\u00e9sform\u00e1k is beletartoznak, mint CUBEMAT, EMSENS, HOLAC, NAGEMA, R\u00dcHLE, TREIF, THURN stb. de minta vagy rajz ut\u00e1ni gy\u00e1rt\u00e1st is v\u00e1llalunk.<\/p>\n","protected":false},"author":1,"featured_media":0,"parent":0,"menu_order":0,"comment_status":"closed","ping_status":"closed","template":"","meta":[],"aioseo_notices":[],"_links":{"self":[{"href":"http:\/\/www.jbt.hu\/wordpress\/gepkes\/wp-json\/wp\/v2\/pages\/97"}],"collection":[{"href":"http:\/\/www.jbt.hu\/wordpress\/gepkes\/wp-json\/wp\/v2\/pages"}],"about":[{"href":"http:\/\/www.jbt.hu\/wordpress\/gepkes\/wp-json\/wp\/v2\/types\/page"}],"author":[{"embeddable":true,"href":"http:\/\/www.jbt.hu\/wordpress\/gepkes\/wp-json\/wp\/v2\/users\/1"}],"replies":[{"embeddable":true,"href":"http:\/\/www.jbt.hu\/wordpress\/gepkes\/wp-json\/wp\/v2\/comments?post=97"}],"version-history":[{"count":4,"href":"http:\/\/www.jbt.hu\/wordpress\/gepkes\/wp-json\/wp\/v2\/pages\/97\/revisions"}],"predecessor-version":[{"id":642,"href":"http:\/\/www.jbt.hu\/wordpress\/gepkes\/wp-json\/wp\/v2\/pages\/97\/revisions\/642"}],"wp:attachment":[{"href":"http:\/\/www.jbt.hu\/wordpress\/gepkes\/wp-json\/wp\/v2\/media?parent=97"}],"curies":[{"name":"wp","href":"https:\/\/api.w.org\/{rel}","templated":true}]}}