{"id":9,"date":"2019-07-23T20:40:54","date_gmt":"2019-07-23T20:40:54","guid":{"rendered":"http:\/\/www.jbt.hu\/wordpress\/gepkes\/?page_id=9"},"modified":"2019-10-01T10:23:41","modified_gmt":"2019-10-01T10:23:41","slug":"kezdolap","status":"publish","type":"page","link":"http:\/\/www.jbt.hu\/wordpress\/gepkes\/","title":{"rendered":"Kezd\u0151lap"},"content":{"rendered":"\t\t<div data-elementor-type=\"wp-page\" data-elementor-id=\"9\" class=\"elementor elementor-9\">\n\t\t\t\t\t\t<div class=\"elementor-inner\">\n\t\t\t\t<div class=\"elementor-section-wrap\">\n\t\t\t\t\t\t\t\t\t<section class=\"elementor-section elementor-top-section elementor-element elementor-element-31bfe838 elementor-section-boxed elementor-section-height-default elementor-section-height-default\" data-id=\"31bfe838\" data-element_type=\"section\">\n\t\t\t\t\t\t<div class=\"elementor-container elementor-column-gap-default\">\n\t\t\t\t\t\t\t<div class=\"elementor-row\">\n\t\t\t\t\t<div class=\"elementor-column elementor-col-100 elementor-top-column elementor-element elementor-element-259abf45\" data-id=\"259abf45\" data-element_type=\"column\">\n\t\t\t<div class=\"elementor-column-wrap elementor-element-populated\">\n\t\t\t\t\t\t\t<div class=\"elementor-widget-wrap\">\n\t\t\t\t\t\t<div class=\"elementor-element elementor-element-37a0089a elementor-widget elementor-widget-text-editor\" data-id=\"37a0089a\" data-element_type=\"widget\" data-widget_type=\"text-editor.default\">\n\t\t\t\t<div class=\"elementor-widget-container\">\n\t\t\t\t\t\t\t\t<div class=\"elementor-text-editor elementor-clearfix\">\n\t\t\t\t<!-- wp:paragraph -->\n<p><strong>G\u00e9pk\u00e9sek friss \u00e9s fagyasztotth\u00fas, z\u00f6lds\u00e9g feldolgoz\u00e1shoz, csomagol\u00f3g\u00e9pekhez f\u00f3liav\u00e1g\u00f3k \u00e9s stancol\u00f3k, p\u00e1ct\u0171k, pneumatikus szersz\u00e1mok, k\u00f6sz\u00f6r\u0171k&#8230;<\/strong><\/p>\n<!-- \/wp:paragraph -->\n\n<!-- wp:paragraph -->\n<p><strong>Tov\u00e1bb\u00e1: g\u00e9pk\u00e9sek, pap\u00edripari, m\u0171anyagipari, gumiipari, b\u0151r \u00e9s textilipari felhaszn\u00e1l\u00e1si c\u00e9lokra.&nbsp;<\/strong><\/p>\n<!-- \/wp:paragraph -->\n\n<!-- wp:paragraph -->\n<p><strong>Ha tov\u00e1bbi inform\u00e1ci\u00f3kra lenne sz\u00fcks\u00e9ge, term\u00e9szetesen minden r\u00e9szlettel szolg\u00e1lhatunk, ne habozzon kapcsolatba l\u00e9pni vel\u00fcnk!&nbsp;<\/strong><br><\/p>\n<!-- \/wp:paragraph -->\t\t\t\t\t<\/div>\n\t\t\t\t\t\t<\/div>\n\t\t\t\t<\/div>\n\t\t\t\t\t\t<\/div>\n\t\t\t\t\t<\/div>\n\t\t<\/div>\n\t\t\t\t\t\t\t\t<\/div>\n\t\t\t\t\t<\/div>\n\t\t<\/section>\n\t\t\t\t<section class=\"elementor-section elementor-top-section elementor-element elementor-element-4a6427e elementor-section-boxed elementor-section-height-default elementor-section-height-default\" data-id=\"4a6427e\" data-element_type=\"section\">\n\t\t\t\t\t\t<div class=\"elementor-container elementor-column-gap-default\">\n\t\t\t\t\t\t\t<div class=\"elementor-row\">\n\t\t\t\t\t<div class=\"elementor-column elementor-col-100 elementor-top-column elementor-element elementor-element-2a87b94\" data-id=\"2a87b94\" data-element_type=\"column\">\n\t\t\t<div class=\"elementor-column-wrap elementor-element-populated\">\n\t\t\t\t\t\t\t<div class=\"elementor-widget-wrap\">\n\t\t\t\t\t\t<div class=\"elementor-element elementor-element-de85e3e elementor-widget elementor-widget-image\" data-id=\"de85e3e\" data-element_type=\"widget\" data-widget_type=\"image.default\">\n\t\t\t\t<div class=\"elementor-widget-container\">\n\t\t\t\t\t\t\t\t<div class=\"elementor-image\">\n\t\t\t\t\t\t\t\t\t\t\t\t<img decoding=\"async\" width=\"640\" height=\"345\" src=\"http:\/\/www.jbt.hu\/wordpress\/gepkes\/wp-content\/uploads\/sites\/4\/2019\/10\/index_szurke.jpg\" class=\"attachment-large size-large\" alt=\"\" loading=\"lazy\" srcset=\"http:\/\/www.jbt.hu\/wordpress\/gepkes\/wp-content\/uploads\/sites\/4\/2019\/10\/index_szurke.jpg 787w, http:\/\/www.jbt.hu\/wordpress\/gepkes\/wp-content\/uploads\/sites\/4\/2019\/10\/index_szurke-300x162.jpg 300w, http:\/\/www.jbt.hu\/wordpress\/gepkes\/wp-content\/uploads\/sites\/4\/2019\/10\/index_szurke-768x414.jpg 768w\" sizes=\"(max-width: 640px) 100vw, 640px\" \/>\t\t\t\t\t\t\t\t\t\t\t\t\t\t<\/div>\n\t\t\t\t\t\t<\/div>\n\t\t\t\t<\/div>\n\t\t\t\t\t\t<\/div>\n\t\t\t\t\t<\/div>\n\t\t<\/div>\n\t\t\t\t\t\t\t\t<\/div>\n\t\t\t\t\t<\/div>\n\t\t<\/section>\n\t\t\t\t\t\t\t\t\t<\/div>\n\t\t\t<\/div>\n\t\t\t\t\t<\/div>\n\t\t","protected":false},"excerpt":{"rendered":"<p>G\u00e9pk\u00e9sek friss \u00e9s fagyasztotth\u00fas, z\u00f6lds\u00e9g feldolgoz\u00e1shoz, csomagol\u00f3g\u00e9pekhez f\u00f3liav\u00e1g\u00f3k \u00e9s stancol\u00f3k, p\u00e1ct\u0171k, pneumatikus szersz\u00e1mok, k\u00f6sz\u00f6r\u0171k&#8230; Tov\u00e1bb\u00e1: g\u00e9pk\u00e9sek, pap\u00edripari, m\u0171anyagipari, gumiipari, b\u0151r \u00e9s textilipari felhaszn\u00e1l\u00e1si c\u00e9lokra.&nbsp; Ha tov\u00e1bbi inform\u00e1ci\u00f3kra lenne sz\u00fcks\u00e9ge, term\u00e9szetesen minden r\u00e9szlettel szolg\u00e1lhatunk, ne habozzon kapcsolatba l\u00e9pni vel\u00fcnk!&nbsp;<\/p>\n","protected":false},"author":1,"featured_media":0,"parent":0,"menu_order":0,"comment_status":"closed","ping_status":"closed","template":"","meta":[],"aioseo_notices":[],"_links":{"self":[{"href":"http:\/\/www.jbt.hu\/wordpress\/gepkes\/wp-json\/wp\/v2\/pages\/9"}],"collection":[{"href":"http:\/\/www.jbt.hu\/wordpress\/gepkes\/wp-json\/wp\/v2\/pages"}],"about":[{"href":"http:\/\/www.jbt.hu\/wordpress\/gepkes\/wp-json\/wp\/v2\/types\/page"}],"author":[{"embeddable":true,"href":"http:\/\/www.jbt.hu\/wordpress\/gepkes\/wp-json\/wp\/v2\/users\/1"}],"replies":[{"embeddable":true,"href":"http:\/\/www.jbt.hu\/wordpress\/gepkes\/wp-json\/wp\/v2\/comments?post=9"}],"version-history":[{"count":11,"href":"http:\/\/www.jbt.hu\/wordpress\/gepkes\/wp-json\/wp\/v2\/pages\/9\/revisions"}],"predecessor-version":[{"id":570,"href":"http:\/\/www.jbt.hu\/wordpress\/gepkes\/wp-json\/wp\/v2\/pages\/9\/revisions\/570"}],"wp:attachment":[{"href":"http:\/\/www.jbt.hu\/wordpress\/gepkes\/wp-json\/wp\/v2\/media?parent=9"}],"curies":[{"name":"wp","href":"https:\/\/api.w.org\/{rel}","templated":true}]}}