{"id":72,"date":"2019-07-28T14:29:55","date_gmt":"2019-07-28T14:29:55","guid":{"rendered":"http:\/\/www.jbt.hu\/wordpress\/gepkes\/?page_id=72"},"modified":"2019-11-25T11:06:29","modified_gmt":"2019-11-25T11:06:29","slug":"kutterkesek","status":"publish","type":"page","link":"http:\/\/www.jbt.hu\/wordpress\/gepkes\/kutterkesek\/","title":{"rendered":"Kutterk\u00e9sek \u00e9s kutterk\u00e9sfejek"},"content":{"rendered":"\n<div class=\"wp-block-image\"><figure class=\"alignleft size-large\"><img decoding=\"async\" loading=\"lazy\" width=\"325\" height=\"244\" src=\"http:\/\/www.jbt.hu\/wordpress\/gepkes\/wp-content\/uploads\/sites\/4\/2019\/11\/Kutterm_0.png\" alt=\"\" class=\"wp-image-610\" srcset=\"http:\/\/www.jbt.hu\/wordpress\/gepkes\/wp-content\/uploads\/sites\/4\/2019\/11\/Kutterm_0.png 325w, http:\/\/www.jbt.hu\/wordpress\/gepkes\/wp-content\/uploads\/sites\/4\/2019\/11\/Kutterm_0-300x225.png 300w\" sizes=\"(max-width: 325px) 100vw, 325px\" \/><\/figure><\/div>\n\n\n\n<p>\n\nKolb\u00e1szmassz\u00e1k gy\u00e1rt\u00e1s\u00e1hoz, kiv\u00e1l\u00f3 min\u0151s\u00e9g\u0171, rozsda\u00e1ll\u00f3 speci\u00e1lis ac\u00e9lb\u00f3l.<\/p>\n\n\n\n<p>Sz\u00e1ll\u00edt\u00e1si programunknak pl. DELTA, FUCHS, HOEGGER ALPINA, KILIA, KNECHT, KR\u00c4MER &amp; GREBE, LASKA, NEMATEC, SECURIT, SEYDELMANN, STEPHAN,  g\u00e9pekn\u00e9l haszn\u00e1latos k\u00e9sform\u00e1k \u00e9pp\u00fagy r\u00e9sz\u00e9t k\u00e9pezik, mint ahogyan az olyan rendszerk\u00e9seket is sz\u00e1ll\u00edtani tudjuk, mint pl. DELTA vagy SECURIT. <\/p>\n\n\n\n<hr class=\"wp-block-separator\"\/>\n\n\n\n<div class=\"wp-block-image\"><figure class=\"alignleft\"><img decoding=\"async\" loading=\"lazy\" width=\"208\" height=\"230\" src=\"http:\/\/www.jbt.hu\/wordpress\/gepkes\/wp-content\/uploads\/sites\/4\/2019\/07\/kutterkesfej.jpg\" alt=\"\" class=\"wp-image-76\"\/><\/figure><\/div>\n\n\n\n<p>\n\nMinden ipari kutterhez haszn\u00e1lhat\u00f3.<\/p>\n\n\n\n<p>A kutterk\u00e9sfej f\u0151 alkot\u00f3r\u00e9sze a hajt\u00f3t\u00e1rcsa (szor\u00edt\u00f3t\u00e1rcs\u00e1k kutterk\u00e9sekhez).<\/p>\n\n\n\n<p>A hajt\u00f3t\u00e1rcs\u00e1k \u00e1ll\u00edt\u00e1si lehet\u0151s\u00e9ggel is ell\u00e1tottak, mellyel a k\u00e9s v\u00e1g\u00f3k\u00f6r \u00e1tm\u00e9r\u0151j\u00e9nek (a k\u00e9stengely k\u00f6z\u00e9ppontj\u00e1nak a t\u00e1ny\u00e9r alj\u00e1t\u00f3l val\u00f3 t\u00e1vols\u00e1ga) fokozatmentes be\u00e1ll\u00edt\u00e1sa lehets\u00e9ges.<\/p>\n\n\n\n<p>A fejhez tartoz\u00f3 k\u00e9seknek a k\u00e9sl\u00e1bn\u00e1l hosszir\u00e1ny\u00fa furata van.<\/p>\n\n\n\n<p>Ehhez a k\u00e9sl\u00e1bhoz illeszked\u0151en ASTOR mindenf\u00e9le k\u00e9sform\u00e1t k\u00e9sz\u00edt.<\/p>\n\n\n\n<p>Mindegy, hogy pl. SEYDELMANN K-Form\u00e1r\u00f3l vagy LASKA MA-Form\u00e1r\u00f3l van is sz\u00f3, minden v\u00e1g\u00f3forma sz\u00e1ll\u00edthat\u00f3.\n\n<\/p>\n","protected":false},"excerpt":{"rendered":"<p>Kolb\u00e1szmassz\u00e1k gy\u00e1rt\u00e1s\u00e1hoz, kiv\u00e1l\u00f3 min\u0151s\u00e9g\u0171, rozsda\u00e1ll\u00f3 speci\u00e1lis ac\u00e9lb\u00f3l. Sz\u00e1ll\u00edt\u00e1si programunknak pl. DELTA, FUCHS, HOEGGER ALPINA, KILIA, KNECHT, KR\u00c4MER &amp; GREBE, LASKA, NEMATEC, SECURIT, SEYDELMANN, STEPHAN, g\u00e9pekn\u00e9l haszn\u00e1latos k\u00e9sform\u00e1k \u00e9pp\u00fagy r\u00e9sz\u00e9t k\u00e9pezik, mint ahogyan az olyan rendszerk\u00e9seket is sz\u00e1ll\u00edtani tudjuk, mint pl. DELTA vagy SECURIT. Minden ipari kutterhez haszn\u00e1lhat\u00f3. A kutterk\u00e9sfej f\u0151 <a href=\"http:\/\/www.jbt.hu\/wordpress\/gepkes\/kutterkesek\/\" class=\"more-link\">Read More<\/a><\/p>\n","protected":false},"author":1,"featured_media":0,"parent":0,"menu_order":0,"comment_status":"closed","ping_status":"closed","template":"","meta":[],"aioseo_notices":[],"_links":{"self":[{"href":"http:\/\/www.jbt.hu\/wordpress\/gepkes\/wp-json\/wp\/v2\/pages\/72"}],"collection":[{"href":"http:\/\/www.jbt.hu\/wordpress\/gepkes\/wp-json\/wp\/v2\/pages"}],"about":[{"href":"http:\/\/www.jbt.hu\/wordpress\/gepkes\/wp-json\/wp\/v2\/types\/page"}],"author":[{"embeddable":true,"href":"http:\/\/www.jbt.hu\/wordpress\/gepkes\/wp-json\/wp\/v2\/users\/1"}],"replies":[{"embeddable":true,"href":"http:\/\/www.jbt.hu\/wordpress\/gepkes\/wp-json\/wp\/v2\/comments?post=72"}],"version-history":[{"count":6,"href":"http:\/\/www.jbt.hu\/wordpress\/gepkes\/wp-json\/wp\/v2\/pages\/72\/revisions"}],"predecessor-version":[{"id":632,"href":"http:\/\/www.jbt.hu\/wordpress\/gepkes\/wp-json\/wp\/v2\/pages\/72\/revisions\/632"}],"wp:attachment":[{"href":"http:\/\/www.jbt.hu\/wordpress\/gepkes\/wp-json\/wp\/v2\/media?parent=72"}],"curies":[{"name":"wp","href":"https:\/\/api.w.org\/{rel}","templated":true}]}}