{"id":67,"date":"2019-07-28T14:25:58","date_gmt":"2019-07-28T14:25:58","guid":{"rendered":"http:\/\/www.jbt.hu\/wordpress\/gepkes\/?page_id=67"},"modified":"2019-11-25T10:52:03","modified_gmt":"2019-11-25T10:52:03","slug":"korkesek","status":"publish","type":"page","link":"http:\/\/www.jbt.hu\/wordpress\/gepkes\/korkesek\/","title":{"rendered":"K\u00f6rk\u00e9sek, szeletel\u0151 k\u00f6rk\u00e9sek"},"content":{"rendered":"\n<h5>K\u00f6rk\u00e9sek<\/h5>\n\n\n\n<div class=\"wp-block-image\"><figure class=\"alignleft size-large\"><img decoding=\"async\" loading=\"lazy\" width=\"320\" height=\"240\" src=\"http:\/\/www.jbt.hu\/wordpress\/gepkes\/wp-content\/uploads\/sites\/4\/2019\/11\/Kreism.png\" alt=\"\" class=\"wp-image-602\" srcset=\"http:\/\/www.jbt.hu\/wordpress\/gepkes\/wp-content\/uploads\/sites\/4\/2019\/11\/Kreism.png 320w, http:\/\/www.jbt.hu\/wordpress\/gepkes\/wp-content\/uploads\/sites\/4\/2019\/11\/Kreism-300x225.png 300w\" sizes=\"(max-width: 320px) 100vw, 320px\" \/><\/figure><\/div>\n\n\n\n<p>\n\nSokf\u00e9le felhaszn\u00e1l\u00e1si c\u00e9lra, pl. sz\u00e1rnyasok v\u00e1g\u00e1sa \u00e9s feldolgoz\u00e1sa, halfeldolgoz\u00e1s, cs\u00edkoz\u00e1s \u00e9s szeletel\u00e9s.&nbsp;<\/p>\n\n\n\n<p>Sz\u00e1ll\u00edt\u00e1si programunkba a 75-500 mm \u00e1tm\u00e9r\u0151 k\u00f6z\u00f6tti k\u00f6rk\u00e9sek gy\u00e1rt\u00e1sa tartozik.&nbsp;<\/p>\n\n\n\n<p>A v\u00e1g\u00f3\u00e9l sokf\u00e9le kialak\u00edt\u00e1s\u00fa lehet, pl. r\u00e9sekkel, fogaz\u00e1ssal vagy hull\u00e1mos \u00e9lez\u00e9ssel.<\/p>\n\n\n\n<p>A fel\u00fcletkezel\u00e9s elektrolitikus pol\u00edroz\u00e1s\u00fa, teflon bevonat\u00fa, kem\u00e9ny kr\u00f3moz\u00e1s\u00fa, vagy m\u00e1s bevonattal is lehets\u00e9ges.\n\n<\/p>\n\n\n\n<hr class=\"wp-block-separator\"\/>\n\n\n\n<h5>Szeletel\u0151 k\u00f6rk\u00e9sek<\/h5>\n\n\n\n<div class=\"wp-block-image\"><figure class=\"alignleft\"><img decoding=\"async\" loading=\"lazy\" width=\"269\" height=\"270\" src=\"http:\/\/www.jbt.hu\/wordpress\/gepkes\/wp-content\/uploads\/sites\/4\/2019\/07\/szelkor.jpg\" alt=\"\" class=\"wp-image-84\" srcset=\"http:\/\/www.jbt.hu\/wordpress\/gepkes\/wp-content\/uploads\/sites\/4\/2019\/07\/szelkor.jpg 269w, http:\/\/www.jbt.hu\/wordpress\/gepkes\/wp-content\/uploads\/sites\/4\/2019\/07\/szelkor-150x150.jpg 150w\" sizes=\"(max-width: 269px) 100vw, 269px\" \/><\/figure><\/div>\n\n\n\n<p>\n\nKiv\u00e1l\u00f3 min\u0151s\u00e9g\u0171 szersz\u00e1mac\u00e9l alapanyagb\u00f3l, kem\u00e9ny kr\u00f3moz\u00e1ssal vagy teflonbevonat\u00fa fel\u00fclettel, ipari szeletel\u0151kh\u00f6z. V\u00e1g\u00f3sz\u00f6g, forma- \u00e9s kivitel (pl. fogaz\u00e1s) \u00fcgyf\u00e9lspecifikusan k\u00e9sz\u00edthet\u0151.<\/p>\n\n\n\n<p>Szeletel\u0151 k\u00f6rk\u00e9seink olyan ipari szeletel\u0151kh\u00f6z alkalmasak, mint pl. WEBER, DIXIE UNION, THURNE, AEW, SCHINDLER &amp; WAGNER, NATEC, HERFO, ALPMA, VICTOR stb&#8230;&nbsp;<br><\/p>\n\n\n\n<div style=\"height:200px\" aria-hidden=\"true\" class=\"wp-block-spacer\"><\/div>\n\n\n\n<div class=\"wp-block-image\"><figure class=\"alignleft\"><img decoding=\"async\" loading=\"lazy\" width=\"270\" height=\"257\" src=\"http:\/\/www.jbt.hu\/wordpress\/gepkes\/wp-content\/uploads\/sites\/4\/2019\/07\/szelkor2.jpg\" alt=\"\" class=\"wp-image-87\"\/><\/figure><\/div>\n\n\n\n<p>\n\nA borotva\u00e9les szeletel\u0151 k\u00f6rk\u00e9seknek \u00e9s sarl\u00f3 alak\u00fa k\u00e9seknek a sz\u00e1ll\u00edt\u00e1sa szeletel\u0151g\u00e9p &#8211; k\u00f6sz\u00f6r\u0171 &#8211; t\u00e1rol\u00e1s &#8211; rakt\u00e1r k\u00f6z\u00f6tt rendk\u00edv\u00fcl balesetvesz\u00e9lyes tev\u00e9kenys\u00e9g. A biztons\u00e1gos sz\u00e1ll\u00edt\u00e1shoz m\u0171anyag-rozsdamentes ac\u00e9l anyagkombin\u00e1ci\u00f3j\u00fa szeletel\u0151k\u00e9s tart\u00f3 &#8211; sz\u00e1ll\u00edt\u00f3 eszk\u00f6z\u00f6ket tudunk aj\u00e1nlani, b\u00e1rmilyen g\u00e9pt\u00edpushoz, mint pl. Weber, Dixie, CFS, Treif, Thurne, Selo, stb&#8230;t\u00edpusokhoz is.&nbsp;<br><\/p>\n\n\n\n<div style=\"height:200px\" aria-hidden=\"true\" class=\"wp-block-spacer\"><\/div>\n\n\n\n<div class=\"wp-block-image\"><figure class=\"alignleft\"><img decoding=\"async\" loading=\"lazy\" width=\"270\" height=\"202\" src=\"http:\/\/www.jbt.hu\/wordpress\/gepkes\/wp-content\/uploads\/sites\/4\/2019\/07\/szelkor3.jpg\" alt=\"\" class=\"wp-image-88\"\/><\/figure><\/div>\n\n\n\n<p>\n\nKisebb, pl. bolti szeletel\u0151kh\u00f6z is forgalmazunk szeletel\u0151 k\u00f6rk\u00e9seket, a k\u00f6vetkez\u0151 t\u00edpusokhoz is: ABM, ABO, AGW, ALA, ARSA, BERKEL, BIZERBA, BRAHER, CELME, COLUMBIA, DAMPA, DEFOR DIXIE DUEGI, ESSEDUE, ESSEGIELE EUROSABO, FAC, FIA, FUJEE, GENERAS M, GLOBE, GLOBUS IDEA, GNODI, GRAEF, GRAFF-TESTIMA, HOBART, INCALFER, IRONWEED, ITALIANA MACCHI, KUCHLER, LEO, LINCOLN, MAINERI, MANCONI MARWELL MISTRO, MOBBA, NOAW, MOBBA, OBERWERK, OMAS, OMEGA, OMS, ORTEGA, REGINA, RGV, RHEININGHAUS, SAMMIC, SAN MARCO, SCHARFEN, SEP, SIRMAN, SWEDLINGHAUS, TN ARSA, TIPO NUOVO, VAN DALL, VETTA MACCHI, WATANABE, WEBER, YGARRA&#8230;&#8230;\n\n<\/p>\n","protected":false},"excerpt":{"rendered":"<p>K\u00f6rk\u00e9sek Sokf\u00e9le felhaszn\u00e1l\u00e1si c\u00e9lra, pl. sz\u00e1rnyasok v\u00e1g\u00e1sa \u00e9s feldolgoz\u00e1sa, halfeldolgoz\u00e1s, cs\u00edkoz\u00e1s \u00e9s szeletel\u00e9s.&nbsp; Sz\u00e1ll\u00edt\u00e1si programunkba a 75-500 mm \u00e1tm\u00e9r\u0151 k\u00f6z\u00f6tti k\u00f6rk\u00e9sek gy\u00e1rt\u00e1sa tartozik.&nbsp; A v\u00e1g\u00f3\u00e9l sokf\u00e9le kialak\u00edt\u00e1s\u00fa lehet, pl. r\u00e9sekkel, fogaz\u00e1ssal vagy hull\u00e1mos \u00e9lez\u00e9ssel. A fel\u00fcletkezel\u00e9s elektrolitikus pol\u00edroz\u00e1s\u00fa, teflon bevonat\u00fa, kem\u00e9ny kr\u00f3moz\u00e1s\u00fa, vagy m\u00e1s bevonattal is lehets\u00e9ges. Szeletel\u0151 k\u00f6rk\u00e9sek Kiv\u00e1l\u00f3 <a href=\"http:\/\/www.jbt.hu\/wordpress\/gepkes\/korkesek\/\" class=\"more-link\">Read More<\/a><\/p>\n","protected":false},"author":1,"featured_media":0,"parent":0,"menu_order":0,"comment_status":"closed","ping_status":"closed","template":"","meta":[],"aioseo_notices":[],"_links":{"self":[{"href":"http:\/\/www.jbt.hu\/wordpress\/gepkes\/wp-json\/wp\/v2\/pages\/67"}],"collection":[{"href":"http:\/\/www.jbt.hu\/wordpress\/gepkes\/wp-json\/wp\/v2\/pages"}],"about":[{"href":"http:\/\/www.jbt.hu\/wordpress\/gepkes\/wp-json\/wp\/v2\/types\/page"}],"author":[{"embeddable":true,"href":"http:\/\/www.jbt.hu\/wordpress\/gepkes\/wp-json\/wp\/v2\/users\/1"}],"replies":[{"embeddable":true,"href":"http:\/\/www.jbt.hu\/wordpress\/gepkes\/wp-json\/wp\/v2\/comments?post=67"}],"version-history":[{"count":8,"href":"http:\/\/www.jbt.hu\/wordpress\/gepkes\/wp-json\/wp\/v2\/pages\/67\/revisions"}],"predecessor-version":[{"id":603,"href":"http:\/\/www.jbt.hu\/wordpress\/gepkes\/wp-json\/wp\/v2\/pages\/67\/revisions\/603"}],"wp:attachment":[{"href":"http:\/\/www.jbt.hu\/wordpress\/gepkes\/wp-json\/wp\/v2\/media?parent=67"}],"curies":[{"name":"wp","href":"https:\/\/api.w.org\/{rel}","templated":true}]}}