{"id":64,"date":"2019-07-28T14:24:58","date_gmt":"2019-07-28T14:24:58","guid":{"rendered":"http:\/\/www.jbt.hu\/wordpress\/gepkes\/?page_id=64"},"modified":"2019-11-25T10:59:27","modified_gmt":"2019-11-25T10:59:27","slug":"gatterkesek","status":"publish","type":"page","link":"http:\/\/www.jbt.hu\/wordpress\/gepkes\/gatterkesek\/","title":{"rendered":"Gatterk\u00e9sek"},"content":{"rendered":"\n<div class=\"wp-block-image\"><figure class=\"alignleft size-large\"><img decoding=\"async\" loading=\"lazy\" width=\"320\" height=\"240\" src=\"http:\/\/www.jbt.hu\/wordpress\/gepkes\/wp-content\/uploads\/sites\/4\/2019\/11\/Gatterm.png\" alt=\"\" class=\"wp-image-597\" srcset=\"http:\/\/www.jbt.hu\/wordpress\/gepkes\/wp-content\/uploads\/sites\/4\/2019\/11\/Gatterm.png 320w, http:\/\/www.jbt.hu\/wordpress\/gepkes\/wp-content\/uploads\/sites\/4\/2019\/11\/Gatterm-300x225.png 300w\" sizes=\"(max-width: 320px) 100vw, 320px\" \/><\/figure><\/div>\n\n\n\n<p>Rozsdamentes ac\u00e9lb\u00f3l, kock\u00e1z\u00f3- \u00e9s cs\u00edkoz\u00f3 g\u00e9pekhez, valamint szeletel\u0151kh\u00f6z.<br><br>A k\u00e9sek mind sima \u00e9s hull\u00e1mos v\u00e1g\u00f3\u00e9llel vagy finom fogaz\u00e1ssal is sz\u00e1ll\u00edthat\u00f3k.<br><br>T\u00f6bbek k\u00f6z\u00f6tt ALEXANDERWERK,  BEILHACK, DIANA, EMSENS,  FAM, GRASSELLI, HOLAC, NEMATEC, R\u00dcHLE, STUMABO, TIE\u00dfEN, TREIF, URSCHEL, VELATI  g\u00e9pt\u00edpusokn\u00e1l haszn\u00e1latos g\u00e9pk\u00e9sek is \u00e9pp\u00fagy a term\u00e9kpalett\u00e1nk r\u00e9sz\u00e9t k\u00e9pezik, mint k\u00fcl\u00f6nleges kialak\u00edt\u00e1s\u00fa vagy bevonat\u00fa g\u00e9pk\u00e9sek.<br><\/p>\n","protected":false},"excerpt":{"rendered":"<p>Rozsdamentes ac\u00e9lb\u00f3l, kock\u00e1z\u00f3- \u00e9s cs\u00edkoz\u00f3 g\u00e9pekhez, valamint szeletel\u0151kh\u00f6z. A k\u00e9sek mind sima \u00e9s hull\u00e1mos v\u00e1g\u00f3\u00e9llel vagy finom fogaz\u00e1ssal is sz\u00e1ll\u00edthat\u00f3k. T\u00f6bbek k\u00f6z\u00f6tt ALEXANDERWERK, BEILHACK, DIANA, EMSENS, FAM, GRASSELLI, HOLAC, NEMATEC, R\u00dcHLE, STUMABO, TIE\u00dfEN, TREIF, URSCHEL, VELATI g\u00e9pt\u00edpusokn\u00e1l haszn\u00e1latos g\u00e9pk\u00e9sek is \u00e9pp\u00fagy a term\u00e9kpalett\u00e1nk r\u00e9sz\u00e9t k\u00e9pezik, mint k\u00fcl\u00f6nleges kialak\u00edt\u00e1s\u00fa vagy bevonat\u00fa <a href=\"http:\/\/www.jbt.hu\/wordpress\/gepkes\/gatterkesek\/\" class=\"more-link\">Read More<\/a><\/p>\n","protected":false},"author":1,"featured_media":0,"parent":0,"menu_order":0,"comment_status":"closed","ping_status":"closed","template":"","meta":[],"aioseo_notices":[],"_links":{"self":[{"href":"http:\/\/www.jbt.hu\/wordpress\/gepkes\/wp-json\/wp\/v2\/pages\/64"}],"collection":[{"href":"http:\/\/www.jbt.hu\/wordpress\/gepkes\/wp-json\/wp\/v2\/pages"}],"about":[{"href":"http:\/\/www.jbt.hu\/wordpress\/gepkes\/wp-json\/wp\/v2\/types\/page"}],"author":[{"embeddable":true,"href":"http:\/\/www.jbt.hu\/wordpress\/gepkes\/wp-json\/wp\/v2\/users\/1"}],"replies":[{"embeddable":true,"href":"http:\/\/www.jbt.hu\/wordpress\/gepkes\/wp-json\/wp\/v2\/comments?post=64"}],"version-history":[{"count":4,"href":"http:\/\/www.jbt.hu\/wordpress\/gepkes\/wp-json\/wp\/v2\/pages\/64\/revisions"}],"predecessor-version":[{"id":627,"href":"http:\/\/www.jbt.hu\/wordpress\/gepkes\/wp-json\/wp\/v2\/pages\/64\/revisions\/627"}],"wp:attachment":[{"href":"http:\/\/www.jbt.hu\/wordpress\/gepkes\/wp-json\/wp\/v2\/media?parent=64"}],"curies":[{"name":"wp","href":"https:\/\/api.w.org\/{rel}","templated":true}]}}