{"id":59,"date":"2019-07-28T14:23:20","date_gmt":"2019-07-28T14:23:20","guid":{"rendered":"http:\/\/www.jbt.hu\/wordpress\/gepkes\/?page_id=59"},"modified":"2019-11-25T10:53:52","modified_gmt":"2019-11-25T10:53:52","slug":"fagyasztott-hus-aprito","status":"publish","type":"page","link":"http:\/\/www.jbt.hu\/wordpress\/gepkes\/fagyasztott-hus-aprito\/","title":{"rendered":"Fagyasztott h\u00fas apr\u00edt\u00f3"},"content":{"rendered":"\n<div class=\"wp-block-image\"><figure class=\"alignleft size-large\"><img decoding=\"async\" loading=\"lazy\" width=\"320\" height=\"240\" src=\"http:\/\/www.jbt.hu\/wordpress\/gepkes\/wp-content\/uploads\/sites\/4\/2019\/11\/Gefriergut_1.png\" alt=\"\" class=\"wp-image-594\" srcset=\"http:\/\/www.jbt.hu\/wordpress\/gepkes\/wp-content\/uploads\/sites\/4\/2019\/11\/Gefriergut_1.png 320w, http:\/\/www.jbt.hu\/wordpress\/gepkes\/wp-content\/uploads\/sites\/4\/2019\/11\/Gefriergut_1-300x225.png 300w\" sizes=\"(max-width: 320px) 100vw, 320px\" \/><\/figure><\/div>\n\n\n\n<p>G\u00e9pk\u00e9sek olyan g\u00e9pt\u00edpusokhoz, mint pl. COZZINI, LASKA,  MAGURIT,  NAGEMA, R\u00dcHLE, WOLFMESSER&#8230;<\/p>\n\n\n\n<p>Valamennyi kivitelben, mint pl. fels\u0151k\u00e9s, keresztv\u00e1g\u00f3 g\u00e9pk\u00e9s, als\u00f3 g\u00e9pk\u00e9s vagy keretk\u00e9s.\n\n<\/p>\n","protected":false},"excerpt":{"rendered":"<p>G\u00e9pk\u00e9sek olyan g\u00e9pt\u00edpusokhoz, mint pl. COZZINI, LASKA, MAGURIT, NAGEMA, R\u00dcHLE, WOLFMESSER&#8230; Valamennyi kivitelben, mint pl. fels\u0151k\u00e9s, keresztv\u00e1g\u00f3 g\u00e9pk\u00e9s, als\u00f3 g\u00e9pk\u00e9s vagy keretk\u00e9s.<\/p>\n","protected":false},"author":1,"featured_media":0,"parent":0,"menu_order":0,"comment_status":"closed","ping_status":"closed","template":"","meta":[],"aioseo_notices":[],"_links":{"self":[{"href":"http:\/\/www.jbt.hu\/wordpress\/gepkes\/wp-json\/wp\/v2\/pages\/59"}],"collection":[{"href":"http:\/\/www.jbt.hu\/wordpress\/gepkes\/wp-json\/wp\/v2\/pages"}],"about":[{"href":"http:\/\/www.jbt.hu\/wordpress\/gepkes\/wp-json\/wp\/v2\/types\/page"}],"author":[{"embeddable":true,"href":"http:\/\/www.jbt.hu\/wordpress\/gepkes\/wp-json\/wp\/v2\/users\/1"}],"replies":[{"embeddable":true,"href":"http:\/\/www.jbt.hu\/wordpress\/gepkes\/wp-json\/wp\/v2\/comments?post=59"}],"version-history":[{"count":4,"href":"http:\/\/www.jbt.hu\/wordpress\/gepkes\/wp-json\/wp\/v2\/pages\/59\/revisions"}],"predecessor-version":[{"id":611,"href":"http:\/\/www.jbt.hu\/wordpress\/gepkes\/wp-json\/wp\/v2\/pages\/59\/revisions\/611"}],"wp:attachment":[{"href":"http:\/\/www.jbt.hu\/wordpress\/gepkes\/wp-json\/wp\/v2\/media?parent=59"}],"curies":[{"name":"wp","href":"https:\/\/api.w.org\/{rel}","templated":true}]}}