{"id":51,"date":"2019-07-28T14:12:10","date_gmt":"2019-07-28T14:12:10","guid":{"rendered":"http:\/\/www.jbt.hu\/wordpress\/gepkes\/?page_id=51"},"modified":"2019-11-25T11:13:31","modified_gmt":"2019-11-25T11:13:31","slug":"gepkesek-csomagologepekhez","status":"publish","type":"page","link":"http:\/\/www.jbt.hu\/wordpress\/gepkes\/gepkesek-csomagologepekhez\/","title":{"rendered":"G\u00e9pk\u00e9sek csomagol\u00f3g\u00e9pekhez"},"content":{"rendered":"\t\t<div data-elementor-type=\"wp-page\" data-elementor-id=\"51\" class=\"elementor elementor-51\">\n\t\t\t\t\t\t<div class=\"elementor-inner\">\n\t\t\t\t<div class=\"elementor-section-wrap\">\n\t\t\t\t\t\t\t\t\t<section class=\"elementor-section elementor-top-section elementor-element elementor-element-5ae379c5 elementor-section-boxed elementor-section-height-default elementor-section-height-default\" data-id=\"5ae379c5\" data-element_type=\"section\">\n\t\t\t\t\t\t<div class=\"elementor-container elementor-column-gap-default\">\n\t\t\t\t\t\t\t<div class=\"elementor-row\">\n\t\t\t\t\t<div class=\"elementor-column elementor-col-100 elementor-top-column elementor-element elementor-element-27e2e2ca\" data-id=\"27e2e2ca\" data-element_type=\"column\">\n\t\t\t<div class=\"elementor-column-wrap elementor-element-populated\">\n\t\t\t\t\t\t\t<div class=\"elementor-widget-wrap\">\n\t\t\t\t\t\t<div class=\"elementor-element elementor-element-5eae3b8e elementor-widget elementor-widget-text-editor\" data-id=\"5eae3b8e\" data-element_type=\"widget\" data-widget_type=\"text-editor.default\">\n\t\t\t\t<div class=\"elementor-widget-container\">\n\t\t\t\t\t\t\t\t<div class=\"elementor-text-editor elementor-clearfix\">\n\t\t\t\t<p><!-- wp:image {\"id\":52,\"align\":\"left\"} --><\/p>\n<div class=\"wp-block-image\">\n<figure class=\"alignleft\"><img decoding=\"async\" loading=\"lazy\" class=\"alignright wp-image-599 size-full\" src=\"http:\/\/www.jbt.hu\/wordpress\/gepkes\/wp-content\/uploads\/sites\/4\/2019\/11\/Verpackung_0.png\" alt=\"\" width=\"325\" height=\"244\" srcset=\"http:\/\/www.jbt.hu\/wordpress\/gepkes\/wp-content\/uploads\/sites\/4\/2019\/11\/Verpackung_0.png 325w, http:\/\/www.jbt.hu\/wordpress\/gepkes\/wp-content\/uploads\/sites\/4\/2019\/11\/Verpackung_0-300x225.png 300w\" sizes=\"(max-width: 325px) 100vw, 325px\" \/><\/figure>\n<\/div>\n<p><!-- \/wp:image --><!-- wp:paragraph --><\/p>\n<p>F\u00f3li\u00e1s csomagol\u00e1sokat hossz- \u00e9s keresztir\u00e1nyban v\u00e1g\u00f3 k\u00e9sek, \u00e9s kont\u00farv\u00e1g\u00f3k\u00e9sek.\u00a0<\/p>\n<p><!-- \/wp:paragraph --><!-- wp:paragraph --><\/p>\n<p>T\u00f6bbek k\u00f6z\u00f6tt olyan g\u00e9pt\u00edpusokn\u00e1l haszn\u00e1latosak, mint pl. CFS, Cryovac-Sealed Air, Dixie Union, Euroloch, Fuji, Hajek, Hassia, Ilapak, Multivac, Newpack, Rovema, Sealpac, Supervac, Tiromat, Tiropac, Veripac \u00e9s egy\u00e9b t\u00e9p\u0151f\u00fcles stancol\u00f3k is.<\/p>\n<p><!-- \/wp:paragraph --><!-- wp:paragraph --><\/p>\n<p>K\u00f6r-, stancol\u00f3, fogazott \u00e9s kont\u00fark\u00e9sek sokf\u00e9le v\u00e1ltozata sz\u00e1ll\u00edthat\u00f3.\u00a0<\/p>\n<p><!-- \/wp:paragraph --><!-- wp:paragraph --><\/p>\n<p>Teljes- \u00e9s f\u00e9lcsillag stancol\u00f3kb\u00f3l \u00e9s stancol\u00f3l\u00e9cekb\u0151l \u00f6ssze\u00e1ll\u00edtott komplett stancol\u00f3 vonalak \u00fcgyf\u00e9l k\u00edv\u00e1ns\u00e1g\u00e1nak megfelel\u0151en \u00f6ssze\u00e1ll\u00edtott v\u00e1ltozatai magass\u00e1gban egyenletesre \u00f6sszecsiszoltan r\u00f6vid hat\u00e1rid\u0151vel sz\u00e1ll\u00edthat\u00f3k.<\/p>\n<p><!-- \/wp:paragraph --><!-- wp:paragraph --><\/p>\n<p>Fogazott g\u00e9pk\u00e9sek \u00fajrafogaz\u00e1sa is megrendelhet\u0151.<\/p>\n<p><!-- \/wp:paragraph --><\/p>\t\t\t\t\t<\/div>\n\t\t\t\t\t\t<\/div>\n\t\t\t\t<\/div>\n\t\t\t\t<div class=\"elementor-element elementor-element-011ad9c elementor-widget elementor-widget-text-editor\" data-id=\"011ad9c\" data-element_type=\"widget\" data-widget_type=\"text-editor.default\">\n\t\t\t\t<div class=\"elementor-widget-container\">\n\t\t\t\t\t\t\t\t<div class=\"elementor-text-editor elementor-clearfix\">\n\t\t\t\t<!-- wp:image {\"id\":53,\"align\":\"center\"} -->\n<div class=\"wp-block-image\">\n<figure class=\"aligncenter\"><img decoding=\"async\" loading=\"lazy\" width=\"584\" height=\"593\" class=\"wp-image-53\" src=\"http:\/\/www.jbt.hu\/wordpress\/gepkes\/wp-content\/uploads\/sites\/4\/2019\/07\/csomossz.jpg\" alt=\"\" srcset=\"http:\/\/www.jbt.hu\/wordpress\/gepkes\/wp-content\/uploads\/sites\/4\/2019\/07\/csomossz.jpg 584w, http:\/\/www.jbt.hu\/wordpress\/gepkes\/wp-content\/uploads\/sites\/4\/2019\/07\/csomossz-295x300.jpg 295w\" sizes=\"(max-width: 584px) 100vw, 584px\" \/><\/figure>\n<\/div>\n<!-- \/wp:image -->\t\t\t\t\t<\/div>\n\t\t\t\t\t\t<\/div>\n\t\t\t\t<\/div>\n\t\t\t\t\t\t<\/div>\n\t\t\t\t\t<\/div>\n\t\t<\/div>\n\t\t\t\t\t\t\t\t<\/div>\n\t\t\t\t\t<\/div>\n\t\t<\/section>\n\t\t\t\t\t\t\t\t\t<\/div>\n\t\t\t<\/div>\n\t\t\t\t\t<\/div>\n\t\t","protected":false},"excerpt":{"rendered":"<p>F\u00f3li\u00e1s csomagol\u00e1sokat hossz- \u00e9s keresztir\u00e1nyban v\u00e1g\u00f3 k\u00e9sek, \u00e9s kont\u00farv\u00e1g\u00f3k\u00e9sek.\u00a0 T\u00f6bbek k\u00f6z\u00f6tt olyan g\u00e9pt\u00edpusokn\u00e1l haszn\u00e1latosak, mint pl. CFS, Cryovac-Sealed Air, Dixie Union, Euroloch, Fuji, Hajek, Hassia, Ilapak, Multivac, Newpack, Rovema, Sealpac, Supervac, Tiromat, Tiropac, Veripac \u00e9s egy\u00e9b t\u00e9p\u0151f\u00fcles stancol\u00f3k is. K\u00f6r-, stancol\u00f3, fogazott \u00e9s kont\u00fark\u00e9sek sokf\u00e9le v\u00e1ltozata sz\u00e1ll\u00edthat\u00f3.\u00a0 Teljes- \u00e9s f\u00e9lcsillag <a href=\"http:\/\/www.jbt.hu\/wordpress\/gepkes\/gepkesek-csomagologepekhez\/\" class=\"more-link\">Read More<\/a><\/p>\n","protected":false},"author":1,"featured_media":0,"parent":0,"menu_order":0,"comment_status":"closed","ping_status":"closed","template":"","meta":[],"aioseo_notices":[],"_links":{"self":[{"href":"http:\/\/www.jbt.hu\/wordpress\/gepkes\/wp-json\/wp\/v2\/pages\/51"}],"collection":[{"href":"http:\/\/www.jbt.hu\/wordpress\/gepkes\/wp-json\/wp\/v2\/pages"}],"about":[{"href":"http:\/\/www.jbt.hu\/wordpress\/gepkes\/wp-json\/wp\/v2\/types\/page"}],"author":[{"embeddable":true,"href":"http:\/\/www.jbt.hu\/wordpress\/gepkes\/wp-json\/wp\/v2\/users\/1"}],"replies":[{"embeddable":true,"href":"http:\/\/www.jbt.hu\/wordpress\/gepkes\/wp-json\/wp\/v2\/comments?post=51"}],"version-history":[{"count":12,"href":"http:\/\/www.jbt.hu\/wordpress\/gepkes\/wp-json\/wp\/v2\/pages\/51\/revisions"}],"predecessor-version":[{"id":636,"href":"http:\/\/www.jbt.hu\/wordpress\/gepkes\/wp-json\/wp\/v2\/pages\/51\/revisions\/636"}],"wp:attachment":[{"href":"http:\/\/www.jbt.hu\/wordpress\/gepkes\/wp-json\/wp\/v2\/media?parent=51"}],"curies":[{"name":"wp","href":"https:\/\/api.w.org\/{rel}","templated":true}]}}