{"id":46,"date":"2019-07-28T14:04:32","date_gmt":"2019-07-28T14:04:32","guid":{"rendered":"http:\/\/www.jbt.hu\/wordpress\/gepkes\/?page_id=46"},"modified":"2019-11-25T10:41:53","modified_gmt":"2019-11-25T10:41:53","slug":"borkezo-es-hartyazo-pengek","status":"publish","type":"page","link":"http:\/\/www.jbt.hu\/wordpress\/gepkes\/borkezo-es-hartyazo-pengek\/","title":{"rendered":"B\u0151rk\u00e9z\u0151- \u00e9s h\u00e1rty\u00e1z\u00f3 peng\u00e9k"},"content":{"rendered":"\t\t<div data-elementor-type=\"wp-page\" data-elementor-id=\"46\" class=\"elementor elementor-46\">\n\t\t\t\t\t\t<div class=\"elementor-inner\">\n\t\t\t\t<div class=\"elementor-section-wrap\">\n\t\t\t\t\t\t\t\t\t<section class=\"elementor-section elementor-top-section elementor-element elementor-element-8726aa9 elementor-section-boxed elementor-section-height-default elementor-section-height-default\" data-id=\"8726aa9\" data-element_type=\"section\">\n\t\t\t\t\t\t<div class=\"elementor-container elementor-column-gap-default\">\n\t\t\t\t\t\t\t<div class=\"elementor-row\">\n\t\t\t\t\t<div class=\"elementor-column elementor-col-100 elementor-top-column elementor-element elementor-element-51fe15e8\" data-id=\"51fe15e8\" data-element_type=\"column\">\n\t\t\t<div class=\"elementor-column-wrap elementor-element-populated\">\n\t\t\t\t\t\t\t<div class=\"elementor-widget-wrap\">\n\t\t\t\t\t\t<div class=\"elementor-element elementor-element-4a55dda5 elementor-widget elementor-widget-text-editor\" data-id=\"4a55dda5\" data-element_type=\"widget\" data-widget_type=\"text-editor.default\">\n\t\t\t\t<div class=\"elementor-widget-container\">\n\t\t\t\t\t\t\t\t<div class=\"elementor-text-editor elementor-clearfix\">\n\t\t\t\t<p><!-- wp:image {\"align\":\"left\",\"id\":47} --><\/p>\n<div class=\"wp-block-image\">\n<figure class=\"alignleft\"><img decoding=\"async\" loading=\"lazy\" class=\"alignright wp-image-580 size-full\" src=\"http:\/\/www.jbt.hu\/wordpress\/gepkes\/wp-content\/uploads\/sites\/4\/2019\/11\/ESKlingen.png\" alt=\"\" width=\"320\" height=\"240\" srcset=\"http:\/\/www.jbt.hu\/wordpress\/gepkes\/wp-content\/uploads\/sites\/4\/2019\/11\/ESKlingen.png 320w, http:\/\/www.jbt.hu\/wordpress\/gepkes\/wp-content\/uploads\/sites\/4\/2019\/11\/ESKlingen-300x225.png 300w\" sizes=\"(max-width: 320px) 100vw, 320px\" \/><\/figure>\n<\/div>\n<p><!-- \/wp:image --><!-- wp:paragraph --><\/p>\n<p>B\u0151rk\u00e9z\u0151 \u00e9s h\u00e1rty\u00e1z\u00f3 peng\u00e9k minden k\u00edv\u00e1nt m\u00e9retben, 5 db.-onk\u00e9nt, m\u0171anyag tart\u00f3ba csomagoltan sz\u00e1ll\u00edthat\u00f3k.<\/p>\n<p>BEST &amp; DONOVAN, CRETEL, GRASELLI, MAJA, MISCELLANEOUS, NOCK, STEEN, TOWSEND, VARLET, WEBER stb&#8230;.g\u00e9pt\u00edpusokn\u00e1l \u00e9s a k\u00e9zi b\u0151rk\u00e9z\u0151g\u00e9pekhez haszn\u00e1latos standard hossz\u00fas\u00e1g\u00fa peng\u00e9k \u00e9pp\u00fagy sz\u00e1ll\u00edthat\u00f3k, mint k\u00fcl\u00f6nleges m\u00e9retek.<\/p>\n<p><!-- \/wp:paragraph --><\/p>\t\t\t\t\t<\/div>\n\t\t\t\t\t\t<\/div>\n\t\t\t\t<\/div>\n\t\t\t\t\t\t<\/div>\n\t\t\t\t\t<\/div>\n\t\t<\/div>\n\t\t\t\t\t\t\t\t<\/div>\n\t\t\t\t\t<\/div>\n\t\t<\/section>\n\t\t\t\t<section class=\"elementor-section elementor-top-section elementor-element elementor-element-e413832 elementor-section-boxed elementor-section-height-default elementor-section-height-default\" data-id=\"e413832\" data-element_type=\"section\">\n\t\t\t\t\t\t<div class=\"elementor-container elementor-column-gap-default\">\n\t\t\t\t\t\t\t<div class=\"elementor-row\">\n\t\t\t\t\t<div class=\"elementor-column elementor-col-50 elementor-top-column elementor-element elementor-element-a37c966\" data-id=\"a37c966\" data-element_type=\"column\">\n\t\t\t<div class=\"elementor-column-wrap elementor-element-populated\">\n\t\t\t\t\t\t\t<div class=\"elementor-widget-wrap\">\n\t\t\t\t\t\t<div class=\"elementor-element elementor-element-167bbb9 elementor-arrows-position-inside elementor-pagination-position-outside elementor-widget elementor-widget-image-carousel\" data-id=\"167bbb9\" data-element_type=\"widget\" data-settings=\"{&quot;slides_to_show&quot;:&quot;1&quot;,&quot;navigation&quot;:&quot;both&quot;,&quot;autoplay&quot;:&quot;yes&quot;,&quot;pause_on_hover&quot;:&quot;yes&quot;,&quot;pause_on_interaction&quot;:&quot;yes&quot;,&quot;autoplay_speed&quot;:5000,&quot;infinite&quot;:&quot;yes&quot;,&quot;effect&quot;:&quot;slide&quot;,&quot;speed&quot;:500}\" data-widget_type=\"image-carousel.default\">\n\t\t\t\t<div class=\"elementor-widget-container\">\n\t\t\t\t\t<div class=\"elementor-image-carousel-wrapper swiper-container\" dir=\"ltr\">\n\t\t\t<div class=\"elementor-image-carousel swiper-wrapper\">\n\t\t\t\t\t\t\t\t<div class=\"swiper-slide\"><a data-elementor-open-lightbox=\"yes\" data-elementor-lightbox-slideshow=\"167bbb9\" data-elementor-lightbox-title=\"18_300_ba_Z71A3195\" e-action-hash=\"#elementor-action%3Aaction%3Dlightbox%26settings%3DeyJpZCI6NTgyLCJ1cmwiOiJodHRwOlwvXC93d3cuamJ0Lmh1XC93b3JkcHJlc3NcL2dlcGtlc1wvd3AtY29udGVudFwvdXBsb2Fkc1wvc2l0ZXNcLzRcLzIwMTlcLzExXC8xOF8zMDBfYmFfWjcxQTMxOTUuanBnIiwic2xpZGVzaG93IjoiMTY3YmJiOSJ9\" href=\"http:\/\/www.jbt.hu\/wordpress\/gepkes\/wp-content\/uploads\/sites\/4\/2019\/11\/18_300_ba_Z71A3195.jpg\"><figure class=\"swiper-slide-inner\"><img decoding=\"async\" class=\"swiper-slide-image\" src=\"http:\/\/www.jbt.hu\/wordpress\/gepkes\/wp-content\/uploads\/sites\/4\/2019\/11\/18_300_ba_Z71A3195-300x129.jpg\" alt=\"18_300_ba_Z71A3195\" \/><\/figure><\/a><\/div><div class=\"swiper-slide\"><a data-elementor-open-lightbox=\"yes\" data-elementor-lightbox-slideshow=\"167bbb9\" data-elementor-lightbox-title=\"ImageHandler.aspx\" e-action-hash=\"#elementor-action%3Aaction%3Dlightbox%26settings%3DeyJpZCI6NTgzLCJ1cmwiOiJodHRwOlwvXC93d3cuamJ0Lmh1XC93b3JkcHJlc3NcL2dlcGtlc1wvd3AtY29udGVudFwvdXBsb2Fkc1wvc2l0ZXNcLzRcLzIwMTlcLzExXC9JbWFnZUhhbmRsZXIuYXNweF8uanBnIiwic2xpZGVzaG93IjoiMTY3YmJiOSJ9\" href=\"http:\/\/www.jbt.hu\/wordpress\/gepkes\/wp-content\/uploads\/sites\/4\/2019\/11\/ImageHandler.aspx_.jpg\"><figure class=\"swiper-slide-inner\"><img decoding=\"async\" class=\"swiper-slide-image\" src=\"http:\/\/www.jbt.hu\/wordpress\/gepkes\/wp-content\/uploads\/sites\/4\/2019\/11\/ImageHandler.aspx_.jpg\" alt=\"ImageHandler.aspx\" \/><\/figure><\/a><\/div>\t\t\t<\/div>\n\t\t\t\t\t\t\t\t\t\t\t\t<div class=\"swiper-pagination\"><\/div>\n\t\t\t\t\t\t\t\t\t\t\t\t\t<div class=\"elementor-swiper-button elementor-swiper-button-prev\">\n\t\t\t\t\t\t<i aria-hidden=\"true\" class=\"eicon-chevron-left\"><\/i>\t\t\t\t\t\t<span class=\"elementor-screen-only\">El\u0151z\u0151<\/span>\n\t\t\t\t\t<\/div>\n\t\t\t\t\t<div class=\"elementor-swiper-button elementor-swiper-button-next\">\n\t\t\t\t\t\t<i aria-hidden=\"true\" class=\"eicon-chevron-right\"><\/i>\t\t\t\t\t\t<span class=\"elementor-screen-only\">K\u00f6vetkez\u0151<\/span>\n\t\t\t\t\t<\/div>\n\t\t\t\t\t\t\t\t\t<\/div>\n\t\t\t\t<\/div>\n\t\t\t\t<\/div>\n\t\t\t\t\t\t<\/div>\n\t\t\t\t\t<\/div>\n\t\t<\/div>\n\t\t\t\t<div class=\"elementor-column elementor-col-50 elementor-top-column elementor-element elementor-element-476e990\" data-id=\"476e990\" data-element_type=\"column\">\n\t\t\t<div class=\"elementor-column-wrap\">\n\t\t\t\t\t\t\t<div class=\"elementor-widget-wrap\">\n\t\t\t\t\t\t\t\t<\/div>\n\t\t\t\t\t<\/div>\n\t\t<\/div>\n\t\t\t\t\t\t\t\t<\/div>\n\t\t\t\t\t<\/div>\n\t\t<\/section>\n\t\t\t\t\t\t\t\t\t<\/div>\n\t\t\t<\/div>\n\t\t\t\t\t<\/div>\n\t\t","protected":false},"excerpt":{"rendered":"<p>B\u0151rk\u00e9z\u0151 \u00e9s h\u00e1rty\u00e1z\u00f3 peng\u00e9k minden k\u00edv\u00e1nt m\u00e9retben, 5 db.-onk\u00e9nt, m\u0171anyag tart\u00f3ba csomagoltan sz\u00e1ll\u00edthat\u00f3k. BEST &amp; DONOVAN, CRETEL, GRASELLI, MAJA, MISCELLANEOUS, NOCK, STEEN, TOWSEND, VARLET, WEBER stb&#8230;.g\u00e9pt\u00edpusokn\u00e1l \u00e9s a k\u00e9zi b\u0151rk\u00e9z\u0151g\u00e9pekhez haszn\u00e1latos standard hossz\u00fas\u00e1g\u00fa peng\u00e9k \u00e9pp\u00fagy sz\u00e1ll\u00edthat\u00f3k, mint k\u00fcl\u00f6nleges m\u00e9retek. El\u0151z\u0151 K\u00f6vetkez\u0151<\/p>\n","protected":false},"author":1,"featured_media":0,"parent":0,"menu_order":0,"comment_status":"closed","ping_status":"closed","template":"","meta":[],"aioseo_notices":[],"_links":{"self":[{"href":"http:\/\/www.jbt.hu\/wordpress\/gepkes\/wp-json\/wp\/v2\/pages\/46"}],"collection":[{"href":"http:\/\/www.jbt.hu\/wordpress\/gepkes\/wp-json\/wp\/v2\/pages"}],"about":[{"href":"http:\/\/www.jbt.hu\/wordpress\/gepkes\/wp-json\/wp\/v2\/types\/page"}],"author":[{"embeddable":true,"href":"http:\/\/www.jbt.hu\/wordpress\/gepkes\/wp-json\/wp\/v2\/users\/1"}],"replies":[{"embeddable":true,"href":"http:\/\/www.jbt.hu\/wordpress\/gepkes\/wp-json\/wp\/v2\/comments?post=46"}],"version-history":[{"count":9,"href":"http:\/\/www.jbt.hu\/wordpress\/gepkes\/wp-json\/wp\/v2\/pages\/46\/revisions"}],"predecessor-version":[{"id":590,"href":"http:\/\/www.jbt.hu\/wordpress\/gepkes\/wp-json\/wp\/v2\/pages\/46\/revisions\/590"}],"wp:attachment":[{"href":"http:\/\/www.jbt.hu\/wordpress\/gepkes\/wp-json\/wp\/v2\/media?parent=46"}],"curies":[{"name":"wp","href":"https:\/\/api.w.org\/{rel}","templated":true}]}}