{"id":37,"date":"2019-07-28T12:49:31","date_gmt":"2019-07-28T12:49:31","guid":{"rendered":"http:\/\/www.jbt.hu\/wordpress\/gepkes\/?page_id=37"},"modified":"2019-11-26T09:37:40","modified_gmt":"2019-11-26T09:37:40","slug":"papiripar","status":"publish","type":"page","link":"http:\/\/www.jbt.hu\/wordpress\/gepkes\/papiripar\/","title":{"rendered":"Pap\u00edripar"},"content":{"rendered":"\t\t<div data-elementor-type=\"wp-page\" data-elementor-id=\"37\" class=\"elementor elementor-37\">\n\t\t\t\t\t\t<div class=\"elementor-inner\">\n\t\t\t\t<div class=\"elementor-section-wrap\">\n\t\t\t\t\t\t\t\t\t<section class=\"elementor-section elementor-top-section elementor-element elementor-element-59ee866 elementor-section-boxed elementor-section-height-default elementor-section-height-default\" data-id=\"59ee866\" data-element_type=\"section\">\n\t\t\t\t\t\t<div class=\"elementor-container elementor-column-gap-default\">\n\t\t\t\t\t\t\t<div class=\"elementor-row\">\n\t\t\t\t\t<div class=\"elementor-column elementor-col-33 elementor-top-column elementor-element elementor-element-46ce474\" data-id=\"46ce474\" data-element_type=\"column\">\n\t\t\t<div class=\"elementor-column-wrap elementor-element-populated\">\n\t\t\t\t\t\t\t<div class=\"elementor-widget-wrap\">\n\t\t\t\t\t\t<div class=\"elementor-element elementor-element-1dea8c9 elementor-position-top elementor-vertical-align-top elementor-widget elementor-widget-image-box\" data-id=\"1dea8c9\" data-element_type=\"widget\" data-widget_type=\"image-box.default\">\n\t\t\t\t<div class=\"elementor-widget-container\">\n\t\t\t<div class=\"elementor-image-box-wrapper\"><figure class=\"elementor-image-box-img\"><a href=\"http:\/\/www.jbt.hu\/wordpress\/gepkes\/gorgos-vagokeses-rendszer\/\"><img decoding=\"async\" width=\"445\" height=\"352\" src=\"http:\/\/www.jbt.hu\/wordpress\/gepkes\/wp-content\/uploads\/sites\/4\/2019\/07\/pap\u00edrv\u00e1g\u00f3-k\u00e9sek-1.jpg\" class=\"attachment-full size-full\" alt=\"\" loading=\"lazy\" \/><\/a><\/figure><div class=\"elementor-image-box-content\"><h3 class=\"elementor-image-box-title\"><a href=\"http:\/\/www.jbt.hu\/wordpress\/gepkes\/gorgos-vagokeses-rendszer\/\">G\u00f6rg\u0151s v\u00e1g\u00f3k\u00e9ses rendszer<\/a><\/h3><\/div><\/div>\t\t<\/div>\n\t\t\t\t<\/div>\n\t\t\t\t\t\t<\/div>\n\t\t\t\t\t<\/div>\n\t\t<\/div>\n\t\t\t\t<div class=\"elementor-column elementor-col-33 elementor-top-column elementor-element elementor-element-cde8a37\" data-id=\"cde8a37\" data-element_type=\"column\">\n\t\t\t<div class=\"elementor-column-wrap elementor-element-populated\">\n\t\t\t\t\t\t\t<div class=\"elementor-widget-wrap\">\n\t\t\t\t\t\t<div class=\"elementor-element elementor-element-d0c286c elementor-position-top elementor-vertical-align-top elementor-widget elementor-widget-image-box\" data-id=\"d0c286c\" data-element_type=\"widget\" data-widget_type=\"image-box.default\">\n\t\t\t\t<div class=\"elementor-widget-container\">\n\t\t\t<div class=\"elementor-image-box-wrapper\"><figure class=\"elementor-image-box-img\"><a href=\"http:\/\/www.jbt.hu\/wordpress\/gepkes\/gyorsacel-korkesek-fogazott-korkesek-es-korfureszlapok\/\"><img decoding=\"async\" width=\"360\" height=\"270\" src=\"http:\/\/www.jbt.hu\/wordpress\/gepkes\/wp-content\/uploads\/sites\/4\/2019\/07\/m_20130222222058777.jpg\" class=\"attachment-full size-full\" alt=\"\" loading=\"lazy\" \/><\/a><\/figure><div class=\"elementor-image-box-content\"><h3 class=\"elementor-image-box-title\"><a href=\"http:\/\/www.jbt.hu\/wordpress\/gepkes\/gyorsacel-korkesek-fogazott-korkesek-es-korfureszlapok\/\">Gyorsac\u00e9l k\u00f6rk\u00e9sek, fogazott k\u00f6rk\u00e9sek \u00e9s k\u00f6rf\u0171r\u00e9szlapok<\/a><\/h3><\/div><\/div>\t\t<\/div>\n\t\t\t\t<\/div>\n\t\t\t\t\t\t<\/div>\n\t\t\t\t\t<\/div>\n\t\t<\/div>\n\t\t\t\t<div class=\"elementor-column elementor-col-33 elementor-top-column elementor-element elementor-element-6280c24\" data-id=\"6280c24\" data-element_type=\"column\">\n\t\t\t<div class=\"elementor-column-wrap elementor-element-populated\">\n\t\t\t\t\t\t\t<div class=\"elementor-widget-wrap\">\n\t\t\t\t\t\t<div class=\"elementor-element elementor-element-049eac6 elementor-position-top elementor-vertical-align-top elementor-widget elementor-widget-image-box\" data-id=\"049eac6\" data-element_type=\"widget\" data-widget_type=\"image-box.default\">\n\t\t\t\t<div class=\"elementor-widget-container\">\n\t\t\t<div class=\"elementor-image-box-wrapper\"><figure class=\"elementor-image-box-img\"><a href=\"http:\/\/www.jbt.hu\/wordpress\/gepkes\/tartozekok-a-korkeses-gyurus-keses-vagorendszerhez\/\"><img decoding=\"async\" width=\"257\" height=\"240\" src=\"http:\/\/www.jbt.hu\/wordpress\/gepkes\/wp-content\/uploads\/sites\/4\/2019\/07\/dugokulcs.png\" class=\"attachment-full size-full\" alt=\"\" loading=\"lazy\" \/><\/a><\/figure><div class=\"elementor-image-box-content\"><h3 class=\"elementor-image-box-title\"><a href=\"http:\/\/www.jbt.hu\/wordpress\/gepkes\/tartozekok-a-korkeses-gyurus-keses-vagorendszerhez\/\">Tartoz\u00e9kok a k\u00f6rk\u00e9ses-gy\u0171r\u0171s k\u00e9ses v\u00e1g\u00f3rendszerhez<\/a><\/h3><\/div><\/div>\t\t<\/div>\n\t\t\t\t<\/div>\n\t\t\t\t\t\t<\/div>\n\t\t\t\t\t<\/div>\n\t\t<\/div>\n\t\t\t\t\t\t\t\t<\/div>\n\t\t\t\t\t<\/div>\n\t\t<\/section>\n\t\t\t\t\t\t\t\t\t<\/div>\n\t\t\t<\/div>\n\t\t\t\t\t<\/div>\n\t\t","protected":false},"excerpt":{"rendered":"<p>G\u00f6rg\u0151s v\u00e1g\u00f3k\u00e9ses rendszer Gyorsac\u00e9l k\u00f6rk\u00e9sek, fogazott k\u00f6rk\u00e9sek \u00e9s k\u00f6rf\u0171r\u00e9szlapok Tartoz\u00e9kok a k\u00f6rk\u00e9ses-gy\u0171r\u0171s k\u00e9ses v\u00e1g\u00f3rendszerhez<\/p>\n","protected":false},"author":1,"featured_media":0,"parent":0,"menu_order":0,"comment_status":"closed","ping_status":"closed","template":"","meta":[],"aioseo_notices":[],"_links":{"self":[{"href":"http:\/\/www.jbt.hu\/wordpress\/gepkes\/wp-json\/wp\/v2\/pages\/37"}],"collection":[{"href":"http:\/\/www.jbt.hu\/wordpress\/gepkes\/wp-json\/wp\/v2\/pages"}],"about":[{"href":"http:\/\/www.jbt.hu\/wordpress\/gepkes\/wp-json\/wp\/v2\/types\/page"}],"author":[{"embeddable":true,"href":"http:\/\/www.jbt.hu\/wordpress\/gepkes\/wp-json\/wp\/v2\/users\/1"}],"replies":[{"embeddable":true,"href":"http:\/\/www.jbt.hu\/wordpress\/gepkes\/wp-json\/wp\/v2\/comments?post=37"}],"version-history":[{"count":21,"href":"http:\/\/www.jbt.hu\/wordpress\/gepkes\/wp-json\/wp\/v2\/pages\/37\/revisions"}],"predecessor-version":[{"id":801,"href":"http:\/\/www.jbt.hu\/wordpress\/gepkes\/wp-json\/wp\/v2\/pages\/37\/revisions\/801"}],"wp:attachment":[{"href":"http:\/\/www.jbt.hu\/wordpress\/gepkes\/wp-json\/wp\/v2\/media?parent=37"}],"curies":[{"name":"wp","href":"https:\/\/api.w.org\/{rel}","templated":true}]}}