{"id":35,"date":"2019-07-28T12:48:46","date_gmt":"2019-07-28T12:48:46","guid":{"rendered":"http:\/\/www.jbt.hu\/wordpress\/gepkes\/?page_id=35"},"modified":"2019-11-26T09:48:13","modified_gmt":"2019-11-26T09:48:13","slug":"muanyag-es-gumiipar","status":"publish","type":"page","link":"http:\/\/www.jbt.hu\/wordpress\/gepkes\/muanyag-es-gumiipar\/","title":{"rendered":"M\u0171anyag- \u00e9s gumiipar"},"content":{"rendered":"\t\t<div data-elementor-type=\"wp-page\" data-elementor-id=\"35\" class=\"elementor elementor-35\">\n\t\t\t\t\t\t<div class=\"elementor-inner\">\n\t\t\t\t<div class=\"elementor-section-wrap\">\n\t\t\t\t\t\t\t\t\t<section class=\"elementor-section elementor-top-section elementor-element elementor-element-7280e86e elementor-section-boxed elementor-section-height-default elementor-section-height-default\" data-id=\"7280e86e\" data-element_type=\"section\">\n\t\t\t\t\t\t<div class=\"elementor-container elementor-column-gap-default\">\n\t\t\t\t\t\t\t<div class=\"elementor-row\">\n\t\t\t\t\t<div class=\"elementor-column elementor-col-100 elementor-top-column elementor-element elementor-element-62dca6e6\" data-id=\"62dca6e6\" data-element_type=\"column\">\n\t\t\t<div class=\"elementor-column-wrap elementor-element-populated\">\n\t\t\t\t\t\t\t<div class=\"elementor-widget-wrap\">\n\t\t\t\t\t\t<div class=\"elementor-element elementor-element-4edffc44 elementor-widget elementor-widget-text-editor\" data-id=\"4edffc44\" data-element_type=\"widget\" data-widget_type=\"text-editor.default\">\n\t\t\t\t<div class=\"elementor-widget-container\">\n\t\t\t\t\t\t\t\t<div class=\"elementor-text-editor elementor-clearfix\">\n\t\t\t\t<p><!-- wp:heading {\"level\":5} --><\/p>\n<h5><strong>Gyorsac\u00e9l k\u00f6rk\u00e9sek, fogazott k\u00f6rk\u00e9sek \u00e9s k\u00f6rf\u0171r\u00e9szlapok<\/strong><\/h5>\n<p><!-- \/wp:heading --><\/p>\n<p><!-- wp:paragraph --><\/p>\n<p>A gumi, m\u0171anyag, b\u0151r, pap\u00edr, szigetel\u0151anyag gy\u00e1rt\u00f3 ipar sokf\u00e9le alapanyagb\u00f3l k\u00e9sz\u00fclt sokf\u00e9le kivitel\u0171 \u00e9s m\u00e9ret\u0171, t\u00f6bbf\u00e9le ac\u00e9l alapanyagb\u00f3l k\u00e9sz\u00fcl\u0151 k\u00f6rk\u00e9st haszn\u00e1l.\u00a0<\/p>\n<p><!-- \/wp:paragraph --><\/p>\n<p><!-- wp:paragraph --><\/p>\n<p>K\u00fcl\u00f6nf\u00e9l\u00e9k az \u00e9l kialak\u00edt\u00e1sok, \u00e9l peremek is, melyb\u0151l p\u00e9ld\u00e1kat mutat az al\u00e1bbi k\u00e9p:<\/p>\n<p><!-- \/wp:paragraph --><\/p>\n<p><!-- wp:image {\"align\":\"center\",\"id\":139} --><\/p>\n<div class=\"wp-block-image\">\n<figure class=\"aligncenter\"><img decoding=\"async\" loading=\"lazy\" width=\"377\" height=\"139\" class=\"wp-image-139\" src=\"http:\/\/www.jbt.hu\/wordpress\/gepkes\/wp-content\/uploads\/sites\/4\/2019\/07\/hsskorkesek1.jpg\" alt=\"\" srcset=\"http:\/\/www.jbt.hu\/wordpress\/gepkes\/wp-content\/uploads\/sites\/4\/2019\/07\/hsskorkesek1.jpg 377w, http:\/\/www.jbt.hu\/wordpress\/gepkes\/wp-content\/uploads\/sites\/4\/2019\/07\/hsskorkesek1-300x111.jpg 300w\" sizes=\"(max-width: 377px) 100vw, 377px\" \/><\/figure>\n<\/div>\n<p><!-- \/wp:image --><\/p>\n<p><!-- wp:separator --><\/p>\n<hr class=\"wp-block-separator\" \/>\n<p><!-- \/wp:separator --><\/p>\n<p><!-- wp:shortcode --><br \/><br \/><!-- \/wp:shortcode --><\/p>\t\t\t\t\t<\/div>\n\t\t\t\t\t\t<\/div>\n\t\t\t\t<\/div>\n\t\t\t\t\t\t<\/div>\n\t\t\t\t\t<\/div>\n\t\t<\/div>\n\t\t\t\t\t\t\t\t<\/div>\n\t\t\t\t\t<\/div>\n\t\t<\/section>\n\t\t\t\t<section class=\"elementor-section elementor-top-section elementor-element elementor-element-850c00e elementor-section-boxed elementor-section-height-default elementor-section-height-default\" data-id=\"850c00e\" data-element_type=\"section\">\n\t\t\t\t\t\t<div class=\"elementor-container elementor-column-gap-default\">\n\t\t\t\t\t\t\t<div class=\"elementor-row\">\n\t\t\t\t\t<div class=\"elementor-column elementor-col-50 elementor-top-column elementor-element elementor-element-b334a43\" data-id=\"b334a43\" data-element_type=\"column\">\n\t\t\t<div class=\"elementor-column-wrap elementor-element-populated\">\n\t\t\t\t\t\t\t<div class=\"elementor-widget-wrap\">\n\t\t\t\t\t\t<div class=\"elementor-element elementor-element-70a7592 elementor-widget elementor-widget-text-editor\" data-id=\"70a7592\" data-element_type=\"widget\" data-widget_type=\"text-editor.default\">\n\t\t\t\t<div class=\"elementor-widget-container\">\n\t\t\t\t\t\t\t\t<div class=\"elementor-text-editor elementor-clearfix\">\n\t\t\t\t<p><img decoding=\"async\" loading=\"lazy\" class=\"alignright size-full wp-image-146\" src=\"http:\/\/www.jbt.hu\/wordpress\/gepkes\/wp-content\/uploads\/sites\/4\/2019\/07\/hsskorkesek2_1.jpg\" alt=\"\" width=\"107\" height=\"212\" \/>Alapkivitelben a k\u00f6rk\u00e9sek sima \u00e9l szalaggal k\u00e9sz\u00fclnek. Lehets\u00e9ges azonban k\u00fcl\u00f6nf\u00e9le fogaz\u00e1s\u00fa, k\u00f6rf\u0171r\u00e9szlapokhoz hasonl\u00f3, vagy eg\u00e9szen egyedi kivitel is. K\u00e9sz\u00fclhetnek tov\u00e1bb\u00e1 rov\u00e1tkolt, hornyos \u00e9s m\u00e1s kivitelek is.<\/p>\n<p>A standard k\u00f6rk\u00e9sek \u00e1ltal\u00e1ban az al\u00e1bbi alapanyagokb\u00f3l \u00e9s 56-64 HRC kem\u00e9nys\u00e9ggel k\u00e9sz\u00fclhetnek:<\/p>\n<ul>\n<li>DIN 1.3343 (HSS-Dmo5)<\/li>\n<li>DIN 1.3243 (HSS-Co5)<\/li>\n<li>DIN 1.2379 (K 110)<\/li>\n<li>DIN 1.2067 (100 Cr6)<\/li>\n<li>DIN 1.2080 (X210Cr12)<\/li>\n<li>DIN 1.4034 (X40Cr13)<\/li>\n<li>DIN 1.4112 (X90CrVMo18)<\/li>\n<\/ul>\n<p>\u00c9lelmiszeripari felhaszn\u00e1l\u00e1si c\u00e9lokra, mint pl. z\u00f6lds\u00e9g, h\u00fas, halfeldolgoz\u00e1s vagy fagyasztott term\u00e9kek v\u00e1g\u00e1sa stb.. rozsdamentes ac\u00e9l alapanyagb\u00f3l k\u00e9sz\u00fcl\u0151 k\u00f6rk\u00e9seket aj\u00e1nlunk.<\/p>\t\t\t\t\t<\/div>\n\t\t\t\t\t\t<\/div>\n\t\t\t\t<\/div>\n\t\t\t\t\t\t<\/div>\n\t\t\t\t\t<\/div>\n\t\t<\/div>\n\t\t\t\t<div class=\"elementor-column elementor-col-50 elementor-top-column elementor-element elementor-element-0fcbb71\" data-id=\"0fcbb71\" data-element_type=\"column\">\n\t\t\t<div class=\"elementor-column-wrap elementor-element-populated\">\n\t\t\t\t\t\t\t<div class=\"elementor-widget-wrap\">\n\t\t\t\t\t\t<div class=\"elementor-element elementor-element-c7eac2a elementor-widget elementor-widget-text-editor\" data-id=\"c7eac2a\" data-element_type=\"widget\" data-widget_type=\"text-editor.default\">\n\t\t\t\t<div class=\"elementor-widget-container\">\n\t\t\t\t\t\t\t\t<div class=\"elementor-text-editor elementor-clearfix\">\n\t\t\t\t<p><img decoding=\"async\" loading=\"lazy\" class=\"alignright size-full wp-image-147\" src=\"http:\/\/www.jbt.hu\/wordpress\/gepkes\/wp-content\/uploads\/sites\/4\/2019\/07\/hsskorkesek2_2.jpg\" alt=\"\" width=\"107\" height=\"211\" \/>Standard kivitel\u0171 k\u00f6rk\u00e9sek nem fel\u00fcletkezeltek. Rendel\u00e9sre lehets\u00e9ges azonban PVD bevonat (pl. TIN, TICN vagy TIALN) esetleg teflonbevonat is, mely \u00e1ltal\u00e1ban megn\u00f6veli a k\u00e9s tart\u00f3ss\u00e1g\u00e1t \u00e9s jobb v\u00e1g\u00e1si min\u0151s\u00e9get biztos\u00edt.<\/p>\n<p>20 mm \u2013 600 mm k\u00f6z\u00f6tti \u00e1tm\u00e9r\u0151j\u0171 k\u00f6rk\u00e9seket tudunk aj\u00e1nlani \u00e9s sz\u00e1ll\u00edtani.<\/p>\n<p>Aj\u00e1nlatk\u00e9sz\u00edt\u00e9shez vagy r\u00e9szletes m\u00e9retrajzra vagy a k\u00f6vetkez\u0151 adatokra van sz\u00fcks\u00e9g\u00fcnk:<\/p>\n<ul>\n<li>k\u00fcls\u0151 \u00e1tm\u00e9r\u0151<\/li>\n<li>vastags\u00e1g<\/li>\n<li>k\u00f6zponti furat \u00e1tm\u00e9r\u0151<\/li>\n<li>mell\u00e9kfuratok helye, m\u00e9rete \u00e9s elhelyezked\u00e9se<\/li>\n<li>k\u00edv\u00e1nt alapanyag min\u0151s\u00e9g<\/li>\n<li>k\u00edv\u00e1nt \u00e9l perem<\/li>\n<li>v\u00e1g\u00f3\u00e9l geometria<\/li>\n<li>v\u00e1g\u00f3perem hossza<\/li>\n<\/ul>\t\t\t\t\t<\/div>\n\t\t\t\t\t\t<\/div>\n\t\t\t\t<\/div>\n\t\t\t\t\t\t<\/div>\n\t\t\t\t\t<\/div>\n\t\t<\/div>\n\t\t\t\t\t\t\t\t<\/div>\n\t\t\t\t\t<\/div>\n\t\t<\/section>\n\t\t\t\t\t\t\t\t\t<\/div>\n\t\t\t<\/div>\n\t\t\t\t\t<\/div>\n\t\t","protected":false},"excerpt":{"rendered":"<p>Gyorsac\u00e9l k\u00f6rk\u00e9sek, fogazott k\u00f6rk\u00e9sek \u00e9s k\u00f6rf\u0171r\u00e9szlapok A gumi, m\u0171anyag, b\u0151r, pap\u00edr, szigetel\u0151anyag gy\u00e1rt\u00f3 ipar sokf\u00e9le alapanyagb\u00f3l k\u00e9sz\u00fclt sokf\u00e9le kivitel\u0171 \u00e9s m\u00e9ret\u0171, t\u00f6bbf\u00e9le ac\u00e9l alapanyagb\u00f3l k\u00e9sz\u00fcl\u0151 k\u00f6rk\u00e9st haszn\u00e1l.\u00a0 K\u00fcl\u00f6nf\u00e9l\u00e9k az \u00e9l kialak\u00edt\u00e1sok, \u00e9l peremek is, melyb\u0151l p\u00e9ld\u00e1kat mutat az al\u00e1bbi k\u00e9p: Alapkivitelben a k\u00f6rk\u00e9sek sima \u00e9l szalaggal k\u00e9sz\u00fclnek. Lehets\u00e9ges azonban k\u00fcl\u00f6nf\u00e9le <a href=\"http:\/\/www.jbt.hu\/wordpress\/gepkes\/muanyag-es-gumiipar\/\" class=\"more-link\">Read More<\/a><\/p>\n","protected":false},"author":1,"featured_media":0,"parent":0,"menu_order":0,"comment_status":"closed","ping_status":"closed","template":"","meta":[],"aioseo_notices":[],"_links":{"self":[{"href":"http:\/\/www.jbt.hu\/wordpress\/gepkes\/wp-json\/wp\/v2\/pages\/35"}],"collection":[{"href":"http:\/\/www.jbt.hu\/wordpress\/gepkes\/wp-json\/wp\/v2\/pages"}],"about":[{"href":"http:\/\/www.jbt.hu\/wordpress\/gepkes\/wp-json\/wp\/v2\/types\/page"}],"author":[{"embeddable":true,"href":"http:\/\/www.jbt.hu\/wordpress\/gepkes\/wp-json\/wp\/v2\/users\/1"}],"replies":[{"embeddable":true,"href":"http:\/\/www.jbt.hu\/wordpress\/gepkes\/wp-json\/wp\/v2\/comments?post=35"}],"version-history":[{"count":10,"href":"http:\/\/www.jbt.hu\/wordpress\/gepkes\/wp-json\/wp\/v2\/pages\/35\/revisions"}],"predecessor-version":[{"id":807,"href":"http:\/\/www.jbt.hu\/wordpress\/gepkes\/wp-json\/wp\/v2\/pages\/35\/revisions\/807"}],"wp:attachment":[{"href":"http:\/\/www.jbt.hu\/wordpress\/gepkes\/wp-json\/wp\/v2\/media?parent=35"}],"curies":[{"name":"wp","href":"https:\/\/api.w.org\/{rel}","templated":true}]}}