{"id":267,"date":"2019-07-29T09:15:27","date_gmt":"2019-07-29T09:15:27","guid":{"rendered":"http:\/\/www.jbt.hu\/wordpress\/gepkes\/?page_id=267"},"modified":"2020-03-12T10:52:03","modified_gmt":"2020-03-12T10:52:03","slug":"ollo-koszoru","status":"publish","type":"page","link":"http:\/\/www.jbt.hu\/wordpress\/gepkes\/ollo-koszoru\/","title":{"rendered":"Oll\u00f3 k\u00f6sz\u00f6r\u0171"},"content":{"rendered":"\t\t<div data-elementor-type=\"wp-page\" data-elementor-id=\"267\" class=\"elementor elementor-267\">\n\t\t\t\t\t\t<div class=\"elementor-inner\">\n\t\t\t\t<div class=\"elementor-section-wrap\">\n\t\t\t\t\t\t\t\t\t<section class=\"elementor-section elementor-top-section elementor-element elementor-element-1caa538 elementor-section-boxed elementor-section-height-default elementor-section-height-default\" data-id=\"1caa538\" data-element_type=\"section\">\n\t\t\t\t\t\t<div class=\"elementor-container elementor-column-gap-default\">\n\t\t\t\t\t\t\t<div class=\"elementor-row\">\n\t\t\t\t\t<div class=\"elementor-column elementor-col-50 elementor-top-column elementor-element elementor-element-1b37e88\" data-id=\"1b37e88\" data-element_type=\"column\">\n\t\t\t<div class=\"elementor-column-wrap elementor-element-populated\">\n\t\t\t\t\t\t\t<div class=\"elementor-widget-wrap\">\n\t\t\t\t\t\t<div class=\"elementor-element elementor-element-7f01402 elementor-widget elementor-widget-image\" data-id=\"7f01402\" data-element_type=\"widget\" data-widget_type=\"image.default\">\n\t\t\t\t<div class=\"elementor-widget-container\">\n\t\t\t\t\t\t\t\t<div class=\"elementor-image\">\n\t\t\t\t\t\t\t\t\t\t\t\t\t<a href=\"http:\/\/www.jbt.hu\/wordpress\/gepkes\/wp-content\/uploads\/sites\/4\/2020\/03\/111.jpg\" data-elementor-open-lightbox=\"yes\" data-elementor-lightbox-title=\"111\" e-action-hash=\"#elementor-action%3Aaction%3Dlightbox%26settings%3DeyJpZCI6ODczLCJ1cmwiOiJodHRwOlwvXC93d3cuamJ0Lmh1XC93b3JkcHJlc3NcL2dlcGtlc1wvd3AtY29udGVudFwvdXBsb2Fkc1wvc2l0ZXNcLzRcLzIwMjBcLzAzXC8xMTEuanBnIn0%3D\">\n\t\t\t\t\t\t\t<img decoding=\"async\" src=\"http:\/\/www.jbt.hu\/wordpress\/gepkes\/wp-content\/uploads\/sites\/4\/elementor\/thumbs\/111-omgg9fnxwdee37nh48xqx7aea3hmr3it9rvqbf8c0g.jpg\" title=\"111\" alt=\"111\" \/>\t\t\t\t\t\t\t\t<\/a>\n\t\t\t\t\t\t\t\t\t\t\t\t\t\t<\/div>\n\t\t\t\t\t\t<\/div>\n\t\t\t\t<\/div>\n\t\t\t\t\t\t<\/div>\n\t\t\t\t\t<\/div>\n\t\t<\/div>\n\t\t\t\t<div class=\"elementor-column elementor-col-50 elementor-top-column elementor-element elementor-element-411487c\" data-id=\"411487c\" data-element_type=\"column\">\n\t\t\t<div class=\"elementor-column-wrap elementor-element-populated\">\n\t\t\t\t\t\t\t<div class=\"elementor-widget-wrap\">\n\t\t\t\t\t\t<div class=\"elementor-element elementor-element-5ee7691 elementor-widget elementor-widget-text-editor\" data-id=\"5ee7691\" data-element_type=\"widget\" data-widget_type=\"text-editor.default\">\n\t\t\t\t<div class=\"elementor-widget-container\">\n\t\t\t\t\t\t\t\t<div class=\"elementor-text-editor elementor-clearfix\">\n\t\t\t\t<p>A j\u00f3l meg\u00e9lezett \u00e9s megfelel\u0151en be\u00e1ll\u00edtott fesz\u00edtetts\u00e9g\u0171 oll\u00f3sz\u00e1rak<br \/>m\u00e9g az \u00faj oll\u00f3kn\u00e1l is jobban v\u00e1ghatnak!<\/p>\n<p><!-- \/wp:paragraph --><!-- wp:paragraph --><\/p>\n<p>Oll\u00f3k \u00e9lez\u00e9s\u00e9re speci\u00e1lisan kialak\u00edtott k\u00f6sz\u00f6r\u0171t aj\u00e1nlunk sz\u00edves figyelm\u00fckbe,<br \/>melynek felfogat\u00f3 karj\u00e1ba sz\u00e9tszerel\u00e9s n\u00e9lk\u00fcl, gyorsan \u00e9s biztons\u00e1gosan<br \/>r\u00f6gz\u00edthet\u0151 az \u00e9lez\u00e9shez az oll\u00f3.<\/p>\n<p><!-- \/wp:paragraph --><!-- wp:paragraph --><\/p>\n<p>Az \u00e9lez\u00e9si sz\u00f6g 0 &#8211; 60 \u00b0 k\u00f6z\u00f6tt be\u00e1ll\u00edthat\u00f3.<\/p>\t\t\t\t\t<\/div>\n\t\t\t\t\t\t<\/div>\n\t\t\t\t<\/div>\n\t\t\t\t\t\t<\/div>\n\t\t\t\t\t<\/div>\n\t\t<\/div>\n\t\t\t\t\t\t\t\t<\/div>\n\t\t\t\t\t<\/div>\n\t\t<\/section>\n\t\t\t\t<section class=\"elementor-section elementor-top-section elementor-element elementor-element-60009b5 elementor-section-boxed elementor-section-height-default elementor-section-height-default\" data-id=\"60009b5\" data-element_type=\"section\">\n\t\t\t\t\t\t<div class=\"elementor-container elementor-column-gap-default\">\n\t\t\t\t\t\t\t<div class=\"elementor-row\">\n\t\t\t\t\t<div class=\"elementor-column elementor-col-50 elementor-top-column elementor-element elementor-element-a638cf3\" data-id=\"a638cf3\" data-element_type=\"column\">\n\t\t\t<div class=\"elementor-column-wrap elementor-element-populated\">\n\t\t\t\t\t\t\t<div class=\"elementor-widget-wrap\">\n\t\t\t\t\t\t<div class=\"elementor-element elementor-element-a248b13 elementor-widget elementor-widget-image-gallery\" data-id=\"a248b13\" data-element_type=\"widget\" data-widget_type=\"image-gallery.default\">\n\t\t\t\t<div class=\"elementor-widget-container\">\n\t\t\t\t\t<div class=\"elementor-image-gallery\">\n\t\t\t<div id='gallery-1' class='gallery galleryid-267 gallery-columns-2 gallery-size-medium'><figure class='gallery-item'>\n\t\t\t<div class='gallery-icon portrait'>\n\t\t\t\t<a data-elementor-open-lightbox=\"yes\" data-elementor-lightbox-slideshow=\"a248b13\" data-elementor-lightbox-title=\"ollokoszoru3\" e-action-hash=\"#elementor-action%3Aaction%3Dlightbox%26settings%3DeyJpZCI6Mjc2LCJ1cmwiOiJodHRwOlwvXC93d3cuamJ0Lmh1XC93b3JkcHJlc3NcL2dlcGtlc1wvd3AtY29udGVudFwvdXBsb2Fkc1wvc2l0ZXNcLzRcLzIwMTlcLzA3XC9vbGxva29zem9ydTMuanBnIiwic2xpZGVzaG93IjoiYTI0OGIxMyJ9\" href='http:\/\/www.jbt.hu\/wordpress\/gepkes\/wp-content\/uploads\/sites\/4\/2019\/07\/ollokoszoru3.jpg'><img width=\"183\" height=\"200\" src=\"http:\/\/www.jbt.hu\/wordpress\/gepkes\/wp-content\/uploads\/sites\/4\/2019\/07\/ollokoszoru3.jpg\" class=\"attachment-medium size-medium\" alt=\"\" decoding=\"async\" loading=\"lazy\" \/><\/a>\n\t\t\t<\/div><\/figure><figure class='gallery-item'>\n\t\t\t<div class='gallery-icon portrait'>\n\t\t\t\t<a data-elementor-open-lightbox=\"yes\" data-elementor-lightbox-slideshow=\"a248b13\" data-elementor-lightbox-title=\"ollokoszoru2\" e-action-hash=\"#elementor-action%3Aaction%3Dlightbox%26settings%3DeyJpZCI6Mjc1LCJ1cmwiOiJodHRwOlwvXC93d3cuamJ0Lmh1XC93b3JkcHJlc3NcL2dlcGtlc1wvd3AtY29udGVudFwvdXBsb2Fkc1wvc2l0ZXNcLzRcLzIwMTlcLzA3XC9vbGxva29zem9ydTIuanBnIiwic2xpZGVzaG93IjoiYTI0OGIxMyJ9\" href='http:\/\/www.jbt.hu\/wordpress\/gepkes\/wp-content\/uploads\/sites\/4\/2019\/07\/ollokoszoru2.jpg'><img width=\"179\" height=\"200\" src=\"http:\/\/www.jbt.hu\/wordpress\/gepkes\/wp-content\/uploads\/sites\/4\/2019\/07\/ollokoszoru2.jpg\" class=\"attachment-medium size-medium\" alt=\"\" decoding=\"async\" loading=\"lazy\" \/><\/a>\n\t\t\t<\/div><\/figure>\n\t\t<\/div>\n\t\t<\/div>\n\t\t\t\t<\/div>\n\t\t\t\t<\/div>\n\t\t\t\t\t\t<\/div>\n\t\t\t\t\t<\/div>\n\t\t<\/div>\n\t\t\t\t<div class=\"elementor-column elementor-col-50 elementor-top-column elementor-element elementor-element-8d9a21b\" data-id=\"8d9a21b\" data-element_type=\"column\">\n\t\t\t<div class=\"elementor-column-wrap elementor-element-populated\">\n\t\t\t\t\t\t\t<div class=\"elementor-widget-wrap\">\n\t\t\t\t\t\t<div class=\"elementor-element elementor-element-14bef0c elementor-widget elementor-widget-text-editor\" data-id=\"14bef0c\" data-element_type=\"widget\" data-widget_type=\"text-editor.default\">\n\t\t\t\t<div class=\"elementor-widget-container\">\n\t\t\t\t\t\t\t\t<div class=\"elementor-text-editor elementor-clearfix\">\n\t\t\t\t<p>Egyszeri befog\u00e1ssal, el\u0151bb a bal oldali \u00e9lez\u0151 k\u00f6v\u00f6n t\u00f6rt\u00e9nik az \u00fajra\u00e9lez\u00e9s,<br \/>majd a kart \u00e1tford\u00edtva ugyanazzal az \u00e9lsz\u00f6ggel sorj\u00e1tlan\u00edthatja a<br \/>biztons\u00e1gosan r\u00f6gz\u00edtett oll\u00f3t a jobb oldali, leh\u00faz\u00f3 &#8211; sorj\u00e1tlan\u00edt\u00f3 k\u00f6v\u00f6n.<\/p>\n<p><!-- \/wp:paragraph --><!-- wp:paragraph --><\/p>\n<p>A k\u00f6sz\u00f6r\u0171 230V\/50 Hz\/375 W, 2850 fordulat\u00fa motorral felszerelt.<\/p>\n<p><!-- \/wp:paragraph --><!-- wp:paragraph --><\/p>\n<p>A komplett g\u00e9p az oll\u00f3sz\u00e1r befog\u00f3t \u00e9s a r\u00f6gz\u00edt\u0151kart is tartalmazza.<\/p>\t\t\t\t\t<\/div>\n\t\t\t\t\t\t<\/div>\n\t\t\t\t<\/div>\n\t\t\t\t\t\t<\/div>\n\t\t\t\t\t<\/div>\n\t\t<\/div>\n\t\t\t\t\t\t\t\t<\/div>\n\t\t\t\t\t<\/div>\n\t\t<\/section>\n\t\t\t\t<section class=\"elementor-section elementor-top-section elementor-element elementor-element-528bb50 elementor-section-boxed elementor-section-height-default elementor-section-height-default\" data-id=\"528bb50\" data-element_type=\"section\">\n\t\t\t\t\t\t<div class=\"elementor-container elementor-column-gap-default\">\n\t\t\t\t\t\t\t<div class=\"elementor-row\">\n\t\t\t\t\t<div class=\"elementor-column elementor-col-50 elementor-top-column elementor-element elementor-element-ea2371d\" data-id=\"ea2371d\" data-element_type=\"column\">\n\t\t\t<div class=\"elementor-column-wrap elementor-element-populated\">\n\t\t\t\t\t\t\t<div class=\"elementor-widget-wrap\">\n\t\t\t\t\t\t<div class=\"elementor-element elementor-element-be687f9 elementor-widget elementor-widget-text-editor\" data-id=\"be687f9\" data-element_type=\"widget\" data-widget_type=\"text-editor.default\">\n\t\t\t\t<div class=\"elementor-widget-container\">\n\t\t\t\t\t\t\t\t<div class=\"elementor-text-editor elementor-clearfix\">\n\t\t\t\t<p>Oll\u00f3karok megfelel\u0151 fesz\u00edtetts\u00e9ge d\u00f6nt\u0151 k\u00f6vetelm\u00e9ny a j\u00f3 v\u00e1g\u00e1shoz.<br \/>Az oll\u00f3karok fesz\u00edt\u0151 csavarjainak be\u00e1ll\u00edt\u00e1s\u00e1hoz speci\u00e1lis fog\u00f3t is sz\u00e1ll\u00edtani tudunk.<\/p>\t\t\t\t\t<\/div>\n\t\t\t\t\t\t<\/div>\n\t\t\t\t<\/div>\n\t\t\t\t\t\t<\/div>\n\t\t\t\t\t<\/div>\n\t\t<\/div>\n\t\t\t\t<div class=\"elementor-column elementor-col-50 elementor-top-column elementor-element elementor-element-13a1955\" data-id=\"13a1955\" data-element_type=\"column\">\n\t\t\t<div class=\"elementor-column-wrap elementor-element-populated\">\n\t\t\t\t\t\t\t<div class=\"elementor-widget-wrap\">\n\t\t\t\t\t\t<div class=\"elementor-element elementor-element-2ab51d0 elementor-widget elementor-widget-image\" data-id=\"2ab51d0\" data-element_type=\"widget\" data-widget_type=\"image.default\">\n\t\t\t\t<div class=\"elementor-widget-container\">\n\t\t\t\t\t\t\t\t<div class=\"elementor-image\">\n\t\t\t\t\t\t\t\t\t\t\t\t\t<a href=\"http:\/\/www.jbt.hu\/wordpress\/gepkes\/wp-content\/uploads\/sites\/4\/2020\/03\/111_2.jpg\" data-elementor-open-lightbox=\"yes\" data-elementor-lightbox-title=\"111_2\" e-action-hash=\"#elementor-action%3Aaction%3Dlightbox%26settings%3DeyJpZCI6ODc0LCJ1cmwiOiJodHRwOlwvXC93d3cuamJ0Lmh1XC93b3JkcHJlc3NcL2dlcGtlc1wvd3AtY29udGVudFwvdXBsb2Fkc1wvc2l0ZXNcLzRcLzIwMjBcLzAzXC8xMTFfMi5qcGcifQ%3D%3D\">\n\t\t\t\t\t\t\t<img decoding=\"async\" width=\"300\" height=\"182\" src=\"http:\/\/www.jbt.hu\/wordpress\/gepkes\/wp-content\/uploads\/sites\/4\/2020\/03\/111_2-300x182.jpg\" class=\"attachment-medium size-medium\" alt=\"\" loading=\"lazy\" srcset=\"http:\/\/www.jbt.hu\/wordpress\/gepkes\/wp-content\/uploads\/sites\/4\/2020\/03\/111_2-300x182.jpg 300w, http:\/\/www.jbt.hu\/wordpress\/gepkes\/wp-content\/uploads\/sites\/4\/2020\/03\/111_2.jpg 432w\" sizes=\"(max-width: 300px) 100vw, 300px\" \/>\t\t\t\t\t\t\t\t<\/a>\n\t\t\t\t\t\t\t\t\t\t\t\t\t\t<\/div>\n\t\t\t\t\t\t<\/div>\n\t\t\t\t<\/div>\n\t\t\t\t\t\t<\/div>\n\t\t\t\t\t<\/div>\n\t\t<\/div>\n\t\t\t\t\t\t\t\t<\/div>\n\t\t\t\t\t<\/div>\n\t\t<\/section>\n\t\t\t\t\t\t\t\t\t<\/div>\n\t\t\t<\/div>\n\t\t\t\t\t<\/div>\n\t\t","protected":false},"excerpt":{"rendered":"<p>A j\u00f3l meg\u00e9lezett \u00e9s megfelel\u0151en be\u00e1ll\u00edtott fesz\u00edtetts\u00e9g\u0171 oll\u00f3sz\u00e1rakm\u00e9g az \u00faj oll\u00f3kn\u00e1l is jobban v\u00e1ghatnak! Oll\u00f3k \u00e9lez\u00e9s\u00e9re speci\u00e1lisan kialak\u00edtott k\u00f6sz\u00f6r\u0171t aj\u00e1nlunk sz\u00edves figyelm\u00fckbe,melynek felfogat\u00f3 karj\u00e1ba sz\u00e9tszerel\u00e9s n\u00e9lk\u00fcl, gyorsan \u00e9s biztons\u00e1gosanr\u00f6gz\u00edthet\u0151 az \u00e9lez\u00e9shez az oll\u00f3. Az \u00e9lez\u00e9si sz\u00f6g 0 &#8211; 60 \u00b0 k\u00f6z\u00f6tt be\u00e1ll\u00edthat\u00f3. Egyszeri befog\u00e1ssal, el\u0151bb a bal oldali \u00e9lez\u0151 k\u00f6v\u00f6n <a href=\"http:\/\/www.jbt.hu\/wordpress\/gepkes\/ollo-koszoru\/\" class=\"more-link\">Read More<\/a><\/p>\n","protected":false},"author":1,"featured_media":0,"parent":0,"menu_order":0,"comment_status":"closed","ping_status":"closed","template":"","meta":[],"aioseo_notices":[],"_links":{"self":[{"href":"http:\/\/www.jbt.hu\/wordpress\/gepkes\/wp-json\/wp\/v2\/pages\/267"}],"collection":[{"href":"http:\/\/www.jbt.hu\/wordpress\/gepkes\/wp-json\/wp\/v2\/pages"}],"about":[{"href":"http:\/\/www.jbt.hu\/wordpress\/gepkes\/wp-json\/wp\/v2\/types\/page"}],"author":[{"embeddable":true,"href":"http:\/\/www.jbt.hu\/wordpress\/gepkes\/wp-json\/wp\/v2\/users\/1"}],"replies":[{"embeddable":true,"href":"http:\/\/www.jbt.hu\/wordpress\/gepkes\/wp-json\/wp\/v2\/comments?post=267"}],"version-history":[{"count":21,"href":"http:\/\/www.jbt.hu\/wordpress\/gepkes\/wp-json\/wp\/v2\/pages\/267\/revisions"}],"predecessor-version":[{"id":878,"href":"http:\/\/www.jbt.hu\/wordpress\/gepkes\/wp-json\/wp\/v2\/pages\/267\/revisions\/878"}],"wp:attachment":[{"href":"http:\/\/www.jbt.hu\/wordpress\/gepkes\/wp-json\/wp\/v2\/media?parent=267"}],"curies":[{"name":"wp","href":"https:\/\/api.w.org\/{rel}","templated":true}]}}