{"id":253,"date":"2019-07-29T09:03:54","date_gmt":"2019-07-29T09:03:54","guid":{"rendered":"http:\/\/www.jbt.hu\/wordpress\/gepkes\/?page_id=253"},"modified":"2020-01-29T11:28:22","modified_gmt":"2020-01-29T11:28:22","slug":"lyuktarcsa-es-gepkes-koszoruk","status":"publish","type":"page","link":"http:\/\/www.jbt.hu\/wordpress\/gepkes\/lyuktarcsa-es-gepkes-koszoruk\/","title":{"rendered":"Lyukt\u00e1rcsa \u00e9s g\u00e9pk\u00e9s k\u00f6sz\u00f6r\u0171k"},"content":{"rendered":"\t\t<div data-elementor-type=\"wp-page\" data-elementor-id=\"253\" class=\"elementor elementor-253\">\n\t\t\t\t\t\t<div class=\"elementor-inner\">\n\t\t\t\t<div class=\"elementor-section-wrap\">\n\t\t\t\t\t\t\t\t\t<section class=\"elementor-section elementor-top-section elementor-element elementor-element-31de4765 elementor-section-boxed elementor-section-height-default elementor-section-height-default\" data-id=\"31de4765\" data-element_type=\"section\">\n\t\t\t\t\t\t<div class=\"elementor-container elementor-column-gap-default\">\n\t\t\t\t\t\t\t<div class=\"elementor-row\">\n\t\t\t\t\t<div class=\"elementor-column elementor-col-100 elementor-top-column elementor-element elementor-element-2d43d5b8\" data-id=\"2d43d5b8\" data-element_type=\"column\">\n\t\t\t<div class=\"elementor-column-wrap elementor-element-populated\">\n\t\t\t\t\t\t\t<div class=\"elementor-widget-wrap\">\n\t\t\t\t\t\t<div class=\"elementor-element elementor-element-27c20fa7 elementor-widget elementor-widget-text-editor\" data-id=\"27c20fa7\" data-element_type=\"widget\" data-widget_type=\"text-editor.default\">\n\t\t\t\t<div class=\"elementor-widget-container\">\n\t\t\t\t\t\t\t\t<div class=\"elementor-text-editor elementor-clearfix\">\n\t\t\t\t<p><!-- wp:heading {\"level\":5} --><\/p>\n<h5><strong>TEMECA RP2 t\u00edpus\u00fa vizes lyukt\u00e1rcsa \u00e9s g\u00e9pk\u00e9s k\u00f6sz\u00f6r\u0171<\/strong><img decoding=\"async\" loading=\"lazy\" class=\"wp-image-824 alignleft\" src=\"http:\/\/www.jbt.hu\/wordpress\/gepkes\/wp-content\/uploads\/sites\/4\/2020\/01\/RP-2.png\" alt=\"\" width=\"235\" height=\"235\" srcset=\"http:\/\/www.jbt.hu\/wordpress\/gepkes\/wp-content\/uploads\/sites\/4\/2020\/01\/RP-2.png 1024w, http:\/\/www.jbt.hu\/wordpress\/gepkes\/wp-content\/uploads\/sites\/4\/2020\/01\/RP-2-300x300.png 300w, http:\/\/www.jbt.hu\/wordpress\/gepkes\/wp-content\/uploads\/sites\/4\/2020\/01\/RP-2-150x150.png 150w, http:\/\/www.jbt.hu\/wordpress\/gepkes\/wp-content\/uploads\/sites\/4\/2020\/01\/RP-2-768x768.png 768w\" sizes=\"(max-width: 235px) 100vw, 235px\" \/><\/h5>\n<p>\u00a0<\/p>\n<p><!-- \/wp:image --><!-- wp:list --><\/p>\n<ul>\n<li>maximum 250 mm-es lyukt\u00e1rcs\u00e1khoz \u00e9s k\u00e9sekhez<\/li>\n<li>200 mm \u00e1tm\u00e9r\u0151j\u0171 m\u00e1gneses felfogat\u00f3 fejjel<\/li>\n<li>150 mm-es \u00e1tm\u00e9r\u0151j\u0171 k\u00f6sz\u00f6r\u0171k\u0151vel<\/li>\n<li>szivatty\u00fas h\u0171t\u00e9ssel<\/li>\n<li>230 V vagy 400 V, 1800 W-os motorral<\/li>\n<\/ul>\n<p><!-- \/wp:list --><\/p>\t\t\t\t\t<\/div>\n\t\t\t\t\t\t<\/div>\n\t\t\t\t<\/div>\n\t\t\t\t\t\t<\/div>\n\t\t\t\t\t<\/div>\n\t\t<\/div>\n\t\t\t\t\t\t\t\t<\/div>\n\t\t\t\t\t<\/div>\n\t\t<\/section>\n\t\t\t\t\t\t\t\t\t<\/div>\n\t\t\t<\/div>\n\t\t\t\t\t<\/div>\n\t\t","protected":false},"excerpt":{"rendered":"<p>TEMECA RP2 t\u00edpus\u00fa vizes lyukt\u00e1rcsa \u00e9s g\u00e9pk\u00e9s k\u00f6sz\u00f6r\u0171 \u00a0 maximum 250 mm-es lyukt\u00e1rcs\u00e1khoz \u00e9s k\u00e9sekhez 200 mm \u00e1tm\u00e9r\u0151j\u0171 m\u00e1gneses felfogat\u00f3 fejjel 150 mm-es \u00e1tm\u00e9r\u0151j\u0171 k\u00f6sz\u00f6r\u0171k\u0151vel szivatty\u00fas h\u0171t\u00e9ssel 230 V vagy 400 V, 1800 W-os motorral<\/p>\n","protected":false},"author":1,"featured_media":0,"parent":0,"menu_order":0,"comment_status":"closed","ping_status":"closed","template":"","meta":[],"aioseo_notices":[],"_links":{"self":[{"href":"http:\/\/www.jbt.hu\/wordpress\/gepkes\/wp-json\/wp\/v2\/pages\/253"}],"collection":[{"href":"http:\/\/www.jbt.hu\/wordpress\/gepkes\/wp-json\/wp\/v2\/pages"}],"about":[{"href":"http:\/\/www.jbt.hu\/wordpress\/gepkes\/wp-json\/wp\/v2\/types\/page"}],"author":[{"embeddable":true,"href":"http:\/\/www.jbt.hu\/wordpress\/gepkes\/wp-json\/wp\/v2\/users\/1"}],"replies":[{"embeddable":true,"href":"http:\/\/www.jbt.hu\/wordpress\/gepkes\/wp-json\/wp\/v2\/comments?post=253"}],"version-history":[{"count":3,"href":"http:\/\/www.jbt.hu\/wordpress\/gepkes\/wp-json\/wp\/v2\/pages\/253\/revisions"}],"predecessor-version":[{"id":825,"href":"http:\/\/www.jbt.hu\/wordpress\/gepkes\/wp-json\/wp\/v2\/pages\/253\/revisions\/825"}],"wp:attachment":[{"href":"http:\/\/www.jbt.hu\/wordpress\/gepkes\/wp-json\/wp\/v2\/media?parent=253"}],"curies":[{"name":"wp","href":"https:\/\/api.w.org\/{rel}","templated":true}]}}