{"id":242,"date":"2019-07-29T08:56:23","date_gmt":"2019-07-29T08:56:23","guid":{"rendered":"http:\/\/www.jbt.hu\/wordpress\/gepkes\/?page_id=242"},"modified":"2020-03-13T08:16:47","modified_gmt":"2020-03-13T08:16:47","slug":"korfuresz-koszoruk","status":"publish","type":"page","link":"http:\/\/www.jbt.hu\/wordpress\/gepkes\/korfuresz-koszoruk\/","title":{"rendered":"K\u00f6rf\u0171r\u00e9sz k\u00f6sz\u00f6r\u0171k"},"content":{"rendered":"\n<figure class=\"wp-block-image\"><img decoding=\"async\" loading=\"lazy\" width=\"530\" height=\"282\" src=\"http:\/\/www.jbt.hu\/wordpress\/gepkes\/wp-content\/uploads\/sites\/4\/2019\/07\/korfkosz3.jpg\" alt=\"\" class=\"wp-image-243\" srcset=\"http:\/\/www.jbt.hu\/wordpress\/gepkes\/wp-content\/uploads\/sites\/4\/2019\/07\/korfkosz3.jpg 530w, http:\/\/www.jbt.hu\/wordpress\/gepkes\/wp-content\/uploads\/sites\/4\/2019\/07\/korfkosz3-300x160.jpg 300w\" sizes=\"(max-width: 530px) 100vw, 530px\" \/><figcaption> &#8222;<strong>Kedvez\u0151 \u00e1r\u00fa&#8221; k\u00f6rf\u0171r\u00e9sz k\u00f6sz\u00f6r\u0171<\/strong> <\/figcaption><\/figure>\n\n\n\n<p>80-700 mm \u00e1tm\u00e9r\u0151 k\u00f6z\u00f6tti k\u00f6rf\u0171r\u00e9szlapok \u00e9lez\u00e9s\u00e9re alkalmas.<br><\/p>\n\n\n\n<p>Gy\u00e9m\u00e1nt csiszol\u00f3korong, norm\u00e1l \u00e9s HSS k\u00f6rf\u0171r\u00e9szlapok \u00e9lez\u00e9s\u00e9hez.<br><br>\u00d6nt\u00f6ttvas munkaasztallal.<br><br>A v\u00e1g\u00e1si sz\u00f6g \u00e1ll\u00edthat\u00f3: + 85 \u00b0 &#8211; -30 \u00b0<br><br>Gumitalp a visszafogott \u00e9s csendes m\u0171k\u00f6d\u00e9shez.<br><\/p>\n\n\n\n<hr class=\"wp-block-separator\"\/>\n\n\n\n<figure class=\"wp-block-image\"><img decoding=\"async\" loading=\"lazy\" width=\"324\" height=\"282\" src=\"http:\/\/www.jbt.hu\/wordpress\/gepkes\/wp-content\/uploads\/sites\/4\/2019\/07\/korfkosz.jpg\" alt=\"\" class=\"wp-image-247\" srcset=\"http:\/\/www.jbt.hu\/wordpress\/gepkes\/wp-content\/uploads\/sites\/4\/2019\/07\/korfkosz.jpg 324w, http:\/\/www.jbt.hu\/wordpress\/gepkes\/wp-content\/uploads\/sites\/4\/2019\/07\/korfkosz-300x261.jpg 300w\" sizes=\"(max-width: 324px) 100vw, 324px\" \/><figcaption> <strong>Professzion\u00e1lis megold\u00e1s<\/strong><\/figcaption><\/figure>\n\n\n\n<p>20\/25\/30\/32\/35\/40\/50\/70\/75 mm furat\u00e1tm\u00e9r\u0151j\u0171, 100-600 mm \u00e1tm\u00e9r\u0151 k\u00f6z\u00f6tti k\u00f6rf\u0171r\u00e9szlapok \u00e9lez\u00e9s\u00e9re alkalmas.<\/p>\n\n\n\n<p>Norm\u00e1l \u00e9s HSS k\u00f6rf\u0171r\u00e9szlapok is \u00e9lezhet\u0151k a  D64 gy\u00e9m\u00e1ntkoronggal.<br><br>A k\u00e9sz\u00fcl\u00e9khez sz\u00f3r\u00f3fejes h\u0171t\u0151berendez\u00e9s kapcsolhat\u00f3, mely k\u00fcl\u00f6n rendelhet\u0151 opci\u00f3.<br><br>Magyar nyelv\u0171 kezel\u00e9si \u00fatmutat\u00f3 d\u00edjmentes tartoz\u00e9k.<\/p>\n\n\n\n<figure class=\"wp-block-image\"><img decoding=\"async\" loading=\"lazy\" width=\"510\" height=\"123\" src=\"http:\/\/www.jbt.hu\/wordpress\/gepkes\/wp-content\/uploads\/sites\/4\/2019\/07\/korfkosz2.jpg\" alt=\"\" class=\"wp-image-249\" srcset=\"http:\/\/www.jbt.hu\/wordpress\/gepkes\/wp-content\/uploads\/sites\/4\/2019\/07\/korfkosz2.jpg 510w, http:\/\/www.jbt.hu\/wordpress\/gepkes\/wp-content\/uploads\/sites\/4\/2019\/07\/korfkosz2-300x72.jpg 300w\" sizes=\"(max-width: 510px) 100vw, 510px\" \/><\/figure>\n","protected":false},"excerpt":{"rendered":"<p>80-700 mm \u00e1tm\u00e9r\u0151 k\u00f6z\u00f6tti k\u00f6rf\u0171r\u00e9szlapok \u00e9lez\u00e9s\u00e9re alkalmas. Gy\u00e9m\u00e1nt csiszol\u00f3korong, norm\u00e1l \u00e9s HSS k\u00f6rf\u0171r\u00e9szlapok \u00e9lez\u00e9s\u00e9hez. \u00d6nt\u00f6ttvas munkaasztallal. A v\u00e1g\u00e1si sz\u00f6g \u00e1ll\u00edthat\u00f3: + 85 \u00b0 &#8211; -30 \u00b0 Gumitalp a visszafogott \u00e9s csendes m\u0171k\u00f6d\u00e9shez. 20\/25\/30\/32\/35\/40\/50\/70\/75 mm furat\u00e1tm\u00e9r\u0151j\u0171, 100-600 mm \u00e1tm\u00e9r\u0151 k\u00f6z\u00f6tti k\u00f6rf\u0171r\u00e9szlapok \u00e9lez\u00e9s\u00e9re alkalmas. Norm\u00e1l \u00e9s HSS k\u00f6rf\u0171r\u00e9szlapok is \u00e9lezhet\u0151k a D64 <a href=\"http:\/\/www.jbt.hu\/wordpress\/gepkes\/korfuresz-koszoruk\/\" class=\"more-link\">Read More<\/a><\/p>\n","protected":false},"author":1,"featured_media":0,"parent":0,"menu_order":0,"comment_status":"closed","ping_status":"closed","template":"","meta":[],"aioseo_notices":[],"_links":{"self":[{"href":"http:\/\/www.jbt.hu\/wordpress\/gepkes\/wp-json\/wp\/v2\/pages\/242"}],"collection":[{"href":"http:\/\/www.jbt.hu\/wordpress\/gepkes\/wp-json\/wp\/v2\/pages"}],"about":[{"href":"http:\/\/www.jbt.hu\/wordpress\/gepkes\/wp-json\/wp\/v2\/types\/page"}],"author":[{"embeddable":true,"href":"http:\/\/www.jbt.hu\/wordpress\/gepkes\/wp-json\/wp\/v2\/users\/1"}],"replies":[{"embeddable":true,"href":"http:\/\/www.jbt.hu\/wordpress\/gepkes\/wp-json\/wp\/v2\/comments?post=242"}],"version-history":[{"count":7,"href":"http:\/\/www.jbt.hu\/wordpress\/gepkes\/wp-json\/wp\/v2\/pages\/242\/revisions"}],"predecessor-version":[{"id":880,"href":"http:\/\/www.jbt.hu\/wordpress\/gepkes\/wp-json\/wp\/v2\/pages\/242\/revisions\/880"}],"wp:attachment":[{"href":"http:\/\/www.jbt.hu\/wordpress\/gepkes\/wp-json\/wp\/v2\/media?parent=242"}],"curies":[{"name":"wp","href":"https:\/\/api.w.org\/{rel}","templated":true}]}}