{"id":233,"date":"2019-07-29T08:44:15","date_gmt":"2019-07-29T08:44:15","guid":{"rendered":"http:\/\/www.jbt.hu\/wordpress\/gepkes\/?page_id=233"},"modified":"2019-11-25T11:04:08","modified_gmt":"2019-11-25T11:04:08","slug":"kemenyfem-lapkas-kesel-utanelezok","status":"publish","type":"page","link":"http:\/\/www.jbt.hu\/wordpress\/gepkes\/kemenyfem-lapkas-kesel-utanelezok\/","title":{"rendered":"Kem\u00e9nyf\u00e9m lapk\u00e1s k\u00e9s\u00e9l ut\u00e1n\u00e9lez\u0151k"},"content":{"rendered":"\t\t<div data-elementor-type=\"wp-page\" data-elementor-id=\"233\" class=\"elementor elementor-233\">\n\t\t\t\t\t\t<div class=\"elementor-inner\">\n\t\t\t\t<div class=\"elementor-section-wrap\">\n\t\t\t\t\t\t\t\t\t<section class=\"elementor-section elementor-top-section elementor-element elementor-element-6b7792c elementor-section-boxed elementor-section-height-default elementor-section-height-default\" data-id=\"6b7792c\" data-element_type=\"section\">\n\t\t\t\t\t\t<div class=\"elementor-container elementor-column-gap-default\">\n\t\t\t\t\t\t\t<div class=\"elementor-row\">\n\t\t\t\t\t<div class=\"elementor-column elementor-col-50 elementor-top-column elementor-element elementor-element-30bcaa8\" data-id=\"30bcaa8\" data-element_type=\"column\">\n\t\t\t<div class=\"elementor-column-wrap elementor-element-populated\">\n\t\t\t\t\t\t\t<div class=\"elementor-widget-wrap\">\n\t\t\t\t\t\t<div class=\"elementor-element elementor-element-37ba1da elementor-arrows-position-inside elementor-pagination-position-outside elementor-widget elementor-widget-image-carousel\" data-id=\"37ba1da\" data-element_type=\"widget\" data-settings=\"{&quot;slides_to_show&quot;:&quot;1&quot;,&quot;navigation&quot;:&quot;both&quot;,&quot;autoplay&quot;:&quot;yes&quot;,&quot;pause_on_hover&quot;:&quot;yes&quot;,&quot;pause_on_interaction&quot;:&quot;yes&quot;,&quot;autoplay_speed&quot;:5000,&quot;infinite&quot;:&quot;yes&quot;,&quot;effect&quot;:&quot;slide&quot;,&quot;speed&quot;:500}\" data-widget_type=\"image-carousel.default\">\n\t\t\t\t<div class=\"elementor-widget-container\">\n\t\t\t\t\t<div class=\"elementor-image-carousel-wrapper swiper-container\" dir=\"ltr\">\n\t\t\t<div class=\"elementor-image-carousel swiper-wrapper\">\n\t\t\t\t\t\t\t\t<div class=\"swiper-slide\"><a data-elementor-open-lightbox=\"yes\" data-elementor-lightbox-slideshow=\"37ba1da\" data-elementor-lightbox-title=\"Qixx_Standard\" e-action-hash=\"#elementor-action%3Aaction%3Dlightbox%26settings%3DeyJpZCI6NjIzLCJ1cmwiOiJodHRwOlwvXC93d3cuamJ0Lmh1XC93b3JkcHJlc3NcL2dlcGtlc1wvd3AtY29udGVudFwvdXBsb2Fkc1wvc2l0ZXNcLzRcLzIwMTlcLzExXC9RaXh4X1N0YW5kYXJkLnBuZyIsInNsaWRlc2hvdyI6IjM3YmExZGEifQ%3D%3D\" href=\"http:\/\/www.jbt.hu\/wordpress\/gepkes\/wp-content\/uploads\/sites\/4\/2019\/11\/Qixx_Standard.png\"><figure class=\"swiper-slide-inner\"><img decoding=\"async\" class=\"swiper-slide-image\" src=\"http:\/\/www.jbt.hu\/wordpress\/gepkes\/wp-content\/uploads\/sites\/4\/2019\/11\/Qixx_Standard-300x225.png\" alt=\"Qixx_Standard\" \/><\/figure><\/a><\/div><div class=\"swiper-slide\"><a data-elementor-open-lightbox=\"yes\" data-elementor-lightbox-slideshow=\"37ba1da\" data-elementor-lightbox-title=\"Qixx_Zweih\" e-action-hash=\"#elementor-action%3Aaction%3Dlightbox%26settings%3DeyJpZCI6NjI1LCJ1cmwiOiJodHRwOlwvXC93d3cuamJ0Lmh1XC93b3JkcHJlc3NcL2dlcGtlc1wvd3AtY29udGVudFwvdXBsb2Fkc1wvc2l0ZXNcLzRcLzIwMTlcLzExXC9RaXh4X1p3ZWloLnBuZyIsInNsaWRlc2hvdyI6IjM3YmExZGEifQ%3D%3D\" href=\"http:\/\/www.jbt.hu\/wordpress\/gepkes\/wp-content\/uploads\/sites\/4\/2019\/11\/Qixx_Zweih.png\"><figure class=\"swiper-slide-inner\"><img decoding=\"async\" class=\"swiper-slide-image\" src=\"http:\/\/www.jbt.hu\/wordpress\/gepkes\/wp-content\/uploads\/sites\/4\/2019\/11\/Qixx_Zweih-300x225.png\" alt=\"Qixx_Zweih\" \/><\/figure><\/a><\/div><div class=\"swiper-slide\"><a data-elementor-open-lightbox=\"yes\" data-elementor-lightbox-slideshow=\"37ba1da\" data-elementor-lightbox-title=\"Qixx_pneum\" e-action-hash=\"#elementor-action%3Aaction%3Dlightbox%26settings%3DeyJpZCI6NjIyLCJ1cmwiOiJodHRwOlwvXC93d3cuamJ0Lmh1XC93b3JkcHJlc3NcL2dlcGtlc1wvd3AtY29udGVudFwvdXBsb2Fkc1wvc2l0ZXNcLzRcLzIwMTlcLzExXC9RaXh4X3BuZXVtLnBuZyIsInNsaWRlc2hvdyI6IjM3YmExZGEifQ%3D%3D\" href=\"http:\/\/www.jbt.hu\/wordpress\/gepkes\/wp-content\/uploads\/sites\/4\/2019\/11\/Qixx_pneum.png\"><figure class=\"swiper-slide-inner\"><img decoding=\"async\" class=\"swiper-slide-image\" src=\"http:\/\/www.jbt.hu\/wordpress\/gepkes\/wp-content\/uploads\/sites\/4\/2019\/11\/Qixx_pneum-300x225.png\" alt=\"Qixx_pneum\" \/><\/figure><\/a><\/div><div class=\"swiper-slide\"><a data-elementor-open-lightbox=\"yes\" data-elementor-lightbox-slideshow=\"37ba1da\" data-elementor-lightbox-title=\"Qixx_Tisch\" e-action-hash=\"#elementor-action%3Aaction%3Dlightbox%26settings%3DeyJpZCI6NjI0LCJ1cmwiOiJodHRwOlwvXC93d3cuamJ0Lmh1XC93b3JkcHJlc3NcL2dlcGtlc1wvd3AtY29udGVudFwvdXBsb2Fkc1wvc2l0ZXNcLzRcLzIwMTlcLzExXC9RaXh4X1Rpc2NoLnBuZyIsInNsaWRlc2hvdyI6IjM3YmExZGEifQ%3D%3D\" href=\"http:\/\/www.jbt.hu\/wordpress\/gepkes\/wp-content\/uploads\/sites\/4\/2019\/11\/Qixx_Tisch.png\"><figure class=\"swiper-slide-inner\"><img decoding=\"async\" class=\"swiper-slide-image\" src=\"http:\/\/www.jbt.hu\/wordpress\/gepkes\/wp-content\/uploads\/sites\/4\/2019\/11\/Qixx_Tisch-300x225.png\" alt=\"Qixx_Tisch\" \/><\/figure><\/a><\/div><div class=\"swiper-slide\"><a data-elementor-open-lightbox=\"yes\" data-elementor-lightbox-slideshow=\"37ba1da\" data-elementor-lightbox-title=\"QIXX\" e-action-hash=\"#elementor-action%3Aaction%3Dlightbox%26settings%3DeyJpZCI6NjIxLCJ1cmwiOiJodHRwOlwvXC93d3cuamJ0Lmh1XC93b3JkcHJlc3NcL2dlcGtlc1wvd3AtY29udGVudFwvdXBsb2Fkc1wvc2l0ZXNcLzRcLzIwMTlcLzExXC9RSVhYLnBuZyIsInNsaWRlc2hvdyI6IjM3YmExZGEifQ%3D%3D\" href=\"http:\/\/www.jbt.hu\/wordpress\/gepkes\/wp-content\/uploads\/sites\/4\/2019\/11\/QIXX.png\"><figure class=\"swiper-slide-inner\"><img decoding=\"async\" class=\"swiper-slide-image\" src=\"http:\/\/www.jbt.hu\/wordpress\/gepkes\/wp-content\/uploads\/sites\/4\/2019\/11\/QIXX-300x225.png\" alt=\"QIXX\" \/><\/figure><\/a><\/div>\t\t\t<\/div>\n\t\t\t\t\t\t\t\t\t\t\t\t<div class=\"swiper-pagination\"><\/div>\n\t\t\t\t\t\t\t\t\t\t\t\t\t<div class=\"elementor-swiper-button elementor-swiper-button-prev\">\n\t\t\t\t\t\t<i aria-hidden=\"true\" class=\"eicon-chevron-left\"><\/i>\t\t\t\t\t\t<span class=\"elementor-screen-only\">El\u0151z\u0151<\/span>\n\t\t\t\t\t<\/div>\n\t\t\t\t\t<div class=\"elementor-swiper-button elementor-swiper-button-next\">\n\t\t\t\t\t\t<i aria-hidden=\"true\" class=\"eicon-chevron-right\"><\/i>\t\t\t\t\t\t<span class=\"elementor-screen-only\">K\u00f6vetkez\u0151<\/span>\n\t\t\t\t\t<\/div>\n\t\t\t\t\t\t\t\t\t<\/div>\n\t\t\t\t<\/div>\n\t\t\t\t<\/div>\n\t\t\t\t\t\t<\/div>\n\t\t\t\t\t<\/div>\n\t\t<\/div>\n\t\t\t\t<div class=\"elementor-column elementor-col-50 elementor-top-column elementor-element elementor-element-2650211\" data-id=\"2650211\" data-element_type=\"column\">\n\t\t\t<div class=\"elementor-column-wrap elementor-element-populated\">\n\t\t\t\t\t\t\t<div class=\"elementor-widget-wrap\">\n\t\t\t\t\t\t<div class=\"elementor-element elementor-element-bd39fb0 elementor-widget elementor-widget-text-editor\" data-id=\"bd39fb0\" data-element_type=\"widget\" data-widget_type=\"text-editor.default\">\n\t\t\t\t<div class=\"elementor-widget-container\">\n\t\t\t\t\t\t\t\t<div class=\"elementor-text-editor elementor-clearfix\">\n\t\t\t\t<p>A Quix k\u00e9sz\u00fcl\u00e9ket k\u00e9sek \u00e9lez\u00e9s\u00e9re \u00e9s sorj\u00e1tlan\u00edt\u00e1s\u00e1ra fejlesztett\u00e9k ki, b\u00e1mulatosan egyszer\u0171 \u00e9s k\u00e9zhez \u00e1ll\u00f3, szinte minden k\u00e9spenge \u00e9l\u00e9t k\u00edm\u00e9letesen \u00e9s megb\u00edzhat\u00f3an aktiv\u00e1lja. Ehhez a peng\u00e9t k\u00e9t kem\u00e9nyf\u00e9m borda k\u00f6z\u00f6tt kell \u00e1th\u00fazni.<\/p>\n<p>A kem\u00e9nyf\u00e9m bord\u00e1kat m\u00e1gnes tartja \u00f6ssze. Ugyanez a m\u00e1gneses er\u0151 visszatartja a k\u00e9s\u00e9l aktiv\u00e1l\u00e1s sor\u00e1n keletkez\u0151 f\u00e9mszemcs\u00e9ket is, \u00edgy azok a k\u00e9speng\u00e9r\u0151l nem ker\u00fclhetnek a v\u00e1gand\u00f3 term\u00e9k fel\u00fclet\u00e9re.<\/p>\t\t\t\t\t<\/div>\n\t\t\t\t\t\t<\/div>\n\t\t\t\t<\/div>\n\t\t\t\t\t\t<\/div>\n\t\t\t\t\t<\/div>\n\t\t<\/div>\n\t\t\t\t\t\t\t\t<\/div>\n\t\t\t\t\t<\/div>\n\t\t<\/section>\n\t\t\t\t<section class=\"elementor-section elementor-top-section elementor-element elementor-element-361448a1 elementor-section-boxed elementor-section-height-default elementor-section-height-default\" data-id=\"361448a1\" data-element_type=\"section\">\n\t\t\t\t\t\t<div class=\"elementor-container elementor-column-gap-default\">\n\t\t\t\t\t\t\t<div class=\"elementor-row\">\n\t\t\t\t\t<div class=\"elementor-column elementor-col-100 elementor-top-column elementor-element elementor-element-524bde5b\" data-id=\"524bde5b\" data-element_type=\"column\">\n\t\t\t<div class=\"elementor-column-wrap elementor-element-populated\">\n\t\t\t\t\t\t\t<div class=\"elementor-widget-wrap\">\n\t\t\t\t\t\t<div class=\"elementor-element elementor-element-28c7f0a3 elementor-widget elementor-widget-text-editor\" data-id=\"28c7f0a3\" data-element_type=\"widget\" data-widget_type=\"text-editor.default\">\n\t\t\t\t<div class=\"elementor-widget-container\">\n\t\t\t\t\t\t\t\t<div class=\"elementor-text-editor elementor-clearfix\">\n\t\t\t\t<p><!-- wp:paragraph --><\/p>\n<p><!-- \/wp:paragraph --><!-- wp:paragraph --><\/p>\n<p><!-- \/wp:paragraph --><!-- wp:paragraph --><\/p>\n<p>Miut\u00e1n a Quixx-el egyszer m\u00e1r \u00e9lezett k\u00e9sek geometri\u00e1ja t\u00f6bb\u00e9 nem v\u00e1ltozik, minden egyes tov\u00e1bbi ut\u00e1n\u00e9lez\u00e9sn\u00e9l rendk\u00edv\u00fcl csek\u00e9ly f\u00e9mszemcse ker\u00fcl elt\u00e1vol\u00edt\u00e1sra. Ez rendk\u00edv\u00fcl megn\u00f6veli a k\u00e9speng\u00e9k \u00e9lettartam\u00e1t \u00e9s a k\u00e9spenge ut\u00e1n\u00e9lez\u00e9s\u00e9nek intervallum\u00e1t is megn\u00f6veli. A k\u00e9spenge elhaszn\u00e1l\u00f3d\u00e1sa a minimumra reduk\u00e1l\u00f3dik.<\/p>\n<p><!-- \/wp:paragraph --><!-- wp:paragraph --><\/p>\n<p>Ha a kem\u00e9nyf\u00e9m bord\u00e1k az \u00e9lez\u00e9si folyamat sor\u00e1n egym\u00e1st\u00f3l h\u00e1tra hajlanak, az a jele annak, hogy f\u00f6l\u00f6slegesen nagy nyom\u00e1st fejtett\u00fcnk ki.<\/p>\n<p><!-- \/wp:paragraph --><!-- wp:paragraph --><\/p>\n<p>Tiszt\u00edt\u00e1shoz az \u00e9lez\u0151fej r\u00e9szeit egym\u00e1st\u00f3l sz\u00e9th\u00fazzuk \u00e9s egym\u00e1st\u00f3l 180 \u00b0-ban elford\u00edtjuk. A Quixx term\u00e9szetesen a higi\u00e9niai el\u0151\u00edr\u00e1soknak megfelel\u0151 haszn\u00e1latra tervezett.<\/p>\n<p><!-- \/wp:paragraph --><!-- wp:paragraph --><\/p>\n<p>Tiszt\u00edt\u00e1s \u00e9s fert\u0151tlen\u00edt\u00e9s a megfelel\u0151, helyileg \u00e9rv\u00e9nyes higi\u00e9niai el\u0151\u00edr\u00e1soknak megfelel\u0151en v\u00e9gezhet\u0151. Minden, a higi\u00e9niai ter\u00fcleteken k\u00edv\u00fcli alkalmaz\u00e1s \u00e9s mindenekel\u0151tt nagyobb v\u00e1g\u00f3eszk\u00f6z\u00f6k \u00e9lez\u00e9s\u00e9hez a Quixx-et pneumatikus m\u0171k\u00f6dtet\u00e9s\u0171 asztali k\u00e9sz\u00fcl\u00e9kk\u00e9nt aj\u00e1nljuk.<\/p>\n<p><!-- \/wp:paragraph --><!-- wp:image {\"id\":234,\"align\":\"left\"} --><\/p>\n<div class=\"wp-block-image\">\n<figure class=\"alignleft\"><img decoding=\"async\" loading=\"lazy\" width=\"222\" height=\"166\" class=\"wp-image-234\" src=\"http:\/\/www.jbt.hu\/wordpress\/gepkes\/wp-content\/uploads\/sites\/4\/2019\/07\/quixx1.gif\" alt=\"\" \/><\/figure>\n<\/div>\n<p><!-- \/wp:image --><!-- wp:image {\"id\":235,\"align\":\"left\"} --><\/p>\n<div class=\"wp-block-image\">\n<figure class=\"alignleft\"><img decoding=\"async\" loading=\"lazy\" width=\"198\" height=\"145\" class=\"wp-image-235\" src=\"http:\/\/www.jbt.hu\/wordpress\/gepkes\/wp-content\/uploads\/sites\/4\/2019\/07\/quixx2.gif\" alt=\"\" \/><\/figure>\n<\/div>\n<p><!-- \/wp:image --><!-- wp:image {\"id\":236,\"align\":\"left\"} --><\/p>\n<div class=\"wp-block-image\">\n<figure class=\"alignleft\"><img decoding=\"async\" loading=\"lazy\" width=\"320\" height=\"240\" class=\"wp-image-236\" src=\"http:\/\/www.jbt.hu\/wordpress\/gepkes\/wp-content\/uploads\/sites\/4\/2019\/07\/quixx3.gif\" alt=\"\" \/><\/figure>\n<\/div>\n<p><!-- \/wp:image --><\/p>\t\t\t\t\t<\/div>\n\t\t\t\t\t\t<\/div>\n\t\t\t\t<\/div>\n\t\t\t\t<div class=\"elementor-element elementor-element-854ab8a elementor-button-info elementor-widget elementor-widget-button\" data-id=\"854ab8a\" data-element_type=\"widget\" data-widget_type=\"button.default\">\n\t\t\t\t<div class=\"elementor-widget-container\">\n\t\t\t\t\t<div class=\"elementor-button-wrapper\">\n\t\t\t<a href=\"http:\/\/www.jbt.hu\/wordpress\/gepkes\/wp-content\/uploads\/sites\/4\/2019\/09\/quixx.pdf\" target=\"_blank\" class=\"elementor-button-link elementor-button elementor-size-sm\" role=\"button\">\n\t\t\t\t\t\t<span class=\"elementor-button-content-wrapper\">\n\t\t\t\t\t\t\t<span class=\"elementor-button-icon elementor-align-icon-left\">\n\t\t\t\t<i aria-hidden=\"true\" class=\"fas fa-file-download\"><\/i>\t\t\t<\/span>\n\t\t\t\t\t\t<span class=\"elementor-button-text\">Let\u00f6lthet\u0151 inf\u00f3lap<\/span>\n\t\t<\/span>\n\t\t\t\t\t<\/a>\n\t\t<\/div>\n\t\t\t\t<\/div>\n\t\t\t\t<\/div>\n\t\t\t\t\t\t<\/div>\n\t\t\t\t\t<\/div>\n\t\t<\/div>\n\t\t\t\t\t\t\t\t<\/div>\n\t\t\t\t\t<\/div>\n\t\t<\/section>\n\t\t\t\t\t\t\t\t\t<\/div>\n\t\t\t<\/div>\n\t\t\t\t\t<\/div>\n\t\t","protected":false},"excerpt":{"rendered":"<p>El\u0151z\u0151 K\u00f6vetkez\u0151 A Quix k\u00e9sz\u00fcl\u00e9ket k\u00e9sek \u00e9lez\u00e9s\u00e9re \u00e9s sorj\u00e1tlan\u00edt\u00e1s\u00e1ra fejlesztett\u00e9k ki, b\u00e1mulatosan egyszer\u0171 \u00e9s k\u00e9zhez \u00e1ll\u00f3, szinte minden k\u00e9spenge \u00e9l\u00e9t k\u00edm\u00e9letesen \u00e9s megb\u00edzhat\u00f3an aktiv\u00e1lja. Ehhez a peng\u00e9t k\u00e9t kem\u00e9nyf\u00e9m borda k\u00f6z\u00f6tt kell \u00e1th\u00fazni. A kem\u00e9nyf\u00e9m bord\u00e1kat m\u00e1gnes tartja \u00f6ssze. Ugyanez a m\u00e1gneses er\u0151 visszatartja a k\u00e9s\u00e9l aktiv\u00e1l\u00e1s sor\u00e1n keletkez\u0151 f\u00e9mszemcs\u00e9ket <a href=\"http:\/\/www.jbt.hu\/wordpress\/gepkes\/kemenyfem-lapkas-kesel-utanelezok\/\" class=\"more-link\">Read More<\/a><\/p>\n","protected":false},"author":1,"featured_media":0,"parent":0,"menu_order":0,"comment_status":"closed","ping_status":"closed","template":"","meta":[],"aioseo_notices":[],"_links":{"self":[{"href":"http:\/\/www.jbt.hu\/wordpress\/gepkes\/wp-json\/wp\/v2\/pages\/233"}],"collection":[{"href":"http:\/\/www.jbt.hu\/wordpress\/gepkes\/wp-json\/wp\/v2\/pages"}],"about":[{"href":"http:\/\/www.jbt.hu\/wordpress\/gepkes\/wp-json\/wp\/v2\/types\/page"}],"author":[{"embeddable":true,"href":"http:\/\/www.jbt.hu\/wordpress\/gepkes\/wp-json\/wp\/v2\/users\/1"}],"replies":[{"embeddable":true,"href":"http:\/\/www.jbt.hu\/wordpress\/gepkes\/wp-json\/wp\/v2\/comments?post=233"}],"version-history":[{"count":6,"href":"http:\/\/www.jbt.hu\/wordpress\/gepkes\/wp-json\/wp\/v2\/pages\/233\/revisions"}],"predecessor-version":[{"id":630,"href":"http:\/\/www.jbt.hu\/wordpress\/gepkes\/wp-json\/wp\/v2\/pages\/233\/revisions\/630"}],"wp:attachment":[{"href":"http:\/\/www.jbt.hu\/wordpress\/gepkes\/wp-json\/wp\/v2\/media?parent=233"}],"curies":[{"name":"wp","href":"https:\/\/api.w.org\/{rel}","templated":true}]}}