{"id":196,"date":"2019-07-29T07:40:27","date_gmt":"2019-07-29T07:40:27","guid":{"rendered":"http:\/\/www.jbt.hu\/wordpress\/gepkes\/?page_id=196"},"modified":"2019-07-29T07:44:51","modified_gmt":"2019-07-29T07:44:51","slug":"tartozekok-a-korkeses-gyurus-keses-vagorendszerhez","status":"publish","type":"page","link":"http:\/\/www.jbt.hu\/wordpress\/gepkes\/tartozekok-a-korkeses-gyurus-keses-vagorendszerhez\/","title":{"rendered":"Tartoz\u00e9kok a k\u00f6rk\u00e9ses-gy\u0171r\u0171s k\u00e9ses v\u00e1g\u00f3rendszerhez"},"content":{"rendered":"\n<h4>Kulcsok, fog\u00f3, k\u00e9sz\u00fcl\u00e9kek<\/h4>\n\n\n\n<p><strong>Kamp\u00f3s kulcs<\/strong> a k\u00f6vetkez\u0151kh\u00f6z haszn\u00e1lhat\u00f3<\/p>\n\n\n\n<ul><li>Sima tengelyes karmanty\u00fak r\u00f6gz\u00edt\u00e9s\u00e9hez 10 mm-es sz\u00e9less\u00e9gt\u0151l)<\/li><li>Ilyen kulcs rendel\u00e9sekor adja meg a karmanty\u00faja k\u00fcls\u0151 \u00e1tm\u00e9r\u0151j\u00e9t!<\/li><\/ul>\n\n\n\n<figure class=\"wp-block-image\"><img decoding=\"async\" loading=\"lazy\" width=\"413\" height=\"98\" src=\"http:\/\/www.jbt.hu\/wordpress\/gepkes\/wp-content\/uploads\/sites\/4\/2019\/07\/kampos_kulcs.png\" alt=\"\" class=\"wp-image-197\" srcset=\"http:\/\/www.jbt.hu\/wordpress\/gepkes\/wp-content\/uploads\/sites\/4\/2019\/07\/kampos_kulcs.png 413w, http:\/\/www.jbt.hu\/wordpress\/gepkes\/wp-content\/uploads\/sites\/4\/2019\/07\/kampos_kulcs-300x71.png 300w\" sizes=\"(max-width: 413px) 100vw, 413px\" \/><\/figure>\n\n\n\n<hr class=\"wp-block-separator\"\/>\n\n\n\n<p><strong>(Csukl\u00f3s-) Csapos kulcs<\/strong> (homloklyukas kulcs)  mely a k\u00f6vetkez\u0151kh\u00f6z haszn\u00e1lhat\u00f3<\/p>\n\n\n\n<ul><li>Sima tengelyes karmanty\u00fak r\u00f6gz\u00edt\u00e9s\u00e9hez, 10 mm sz\u00e9less\u00e9gt\u0151l<\/li><li>Horonyk\u00e9seknek sima tengelyre t\u00f6rt\u00e9n\u0151 r\u00f6gz\u00edt\u00e9s\u00e9hez<\/li><li>Pneumatikus fels\u0151k\u00e9s tart\u00f3k k\u00e9sfejeinek r\u00f6gz\u00edt\u00e9s\u00e9hez<\/li><li>K\u00e9rj\u00fck, adja meg a csaplyukak oszt\u00f3k\u00f6r\u00e9t (furatk\u00f6z\u00e9pt\u0151l furatk\u00f6z\u00e9pig) m\u00e9rve!<\/li><\/ul>\n\n\n\n<figure class=\"wp-block-image is-resized\"><img decoding=\"async\" loading=\"lazy\" src=\"http:\/\/www.jbt.hu\/wordpress\/gepkes\/wp-content\/uploads\/sites\/4\/2019\/07\/csapos_kulcs.png\" alt=\"\" class=\"wp-image-198\" width=\"259\" height=\"292\" srcset=\"http:\/\/www.jbt.hu\/wordpress\/gepkes\/wp-content\/uploads\/sites\/4\/2019\/07\/csapos_kulcs.png 544w, http:\/\/www.jbt.hu\/wordpress\/gepkes\/wp-content\/uploads\/sites\/4\/2019\/07\/csapos_kulcs-266x300.png 266w\" sizes=\"(max-width: 259px) 100vw, 259px\" \/><\/figure>\n\n\n\n<hr class=\"wp-block-separator\"\/>\n\n\n\n<p><strong>N\u00e9gysz\u00f6gletes dug\u00f3kulcs<\/strong><\/p>\n\n\n\n<ul><li>mechanikus z\u00faz\u00f3k\u00e9start\u00f3khoz (Q40, Q60, stb..)<\/li><\/ul>\n\n\n\n<p><strong>Hatlap\u00fa csavarh\u00faz\u00f3<\/strong> (Imbuszkulcs)<\/p>\n\n\n\n<ul><li>pneumatikus z\u00faz\u00f3k\u00e9start\u00f3k (QHP, QHA, Q68 stb.)<\/li><\/ul>\n\n\n\n<p>K\u00e9rj\u00fck, hogy a tart\u00f3 t\u00edpust \u00e9s a hosszot (r\u00f6vid vagy hossz\u00fa) adja meg!<\/p>\n\n\n\n<figure class=\"wp-block-image\"><img decoding=\"async\" loading=\"lazy\" width=\"257\" height=\"240\" src=\"http:\/\/www.jbt.hu\/wordpress\/gepkes\/wp-content\/uploads\/sites\/4\/2019\/07\/dugokulcs.png\" alt=\"\" class=\"wp-image-199\"\/><\/figure>\n\n\n\n<hr class=\"wp-block-separator\"\/>\n\n\n\n<p><strong>Fog\u00f3 rug\u00f3s biztos\u00edt\u00f3gy\u0171r\u0171kh\u00f6z<\/strong> (karmanty\u00fakn\u00e1l)<\/p>\n\n\n\n<ul><li>K\u00e9rj\u00fck, adja meg a term\u00e9k cikksz\u00e1m\u00e1t, m\u00e9ret\u00e9t!<\/li><\/ul>\n\n\n\n<figure class=\"wp-block-image\"><img decoding=\"async\" loading=\"lazy\" width=\"374\" height=\"152\" src=\"http:\/\/www.jbt.hu\/wordpress\/gepkes\/wp-content\/uploads\/sites\/4\/2019\/07\/fogo_rugos.png\" alt=\"\" class=\"wp-image-200\" srcset=\"http:\/\/www.jbt.hu\/wordpress\/gepkes\/wp-content\/uploads\/sites\/4\/2019\/07\/fogo_rugos.png 374w, http:\/\/www.jbt.hu\/wordpress\/gepkes\/wp-content\/uploads\/sites\/4\/2019\/07\/fogo_rugos-300x122.png 300w\" sizes=\"(max-width: 374px) 100vw, 374px\" \/><\/figure>\n\n\n\n<hr class=\"wp-block-separator\"\/>\n\n\n\n<p><strong>K\u00e9sz\u00fcl\u00e9kek<\/strong><\/p>\n\n\n\n<ul><li>K\u00e9sek, k\u00e9start\u00f3k \u00f6ssze \/ sz\u00e9tszerel\u00e9s\u00e9hez<\/li><li>Be\u00e1ll\u00edt\u00e1shoz \/ k\u00e9seknek a tengelyen t\u00f6rt\u00e9n\u0151 be\u00e1ll\u00edt\u00e1s\u00e1hoz<\/li><li>egyedi megold\u00e1sokhoz &#8211; k\u00fcl\u00f6n aj\u00e1nlatk\u00e9r\u00e9sre<\/li><\/ul>\n","protected":false},"excerpt":{"rendered":"<p>Kulcsok, fog\u00f3, k\u00e9sz\u00fcl\u00e9kek Kamp\u00f3s kulcs a k\u00f6vetkez\u0151kh\u00f6z haszn\u00e1lhat\u00f3 Sima tengelyes karmanty\u00fak r\u00f6gz\u00edt\u00e9s\u00e9hez 10 mm-es sz\u00e9less\u00e9gt\u0151l) Ilyen kulcs rendel\u00e9sekor adja meg a karmanty\u00faja k\u00fcls\u0151 \u00e1tm\u00e9r\u0151j\u00e9t! (Csukl\u00f3s-) Csapos kulcs (homloklyukas kulcs) mely a k\u00f6vetkez\u0151kh\u00f6z haszn\u00e1lhat\u00f3 Sima tengelyes karmanty\u00fak r\u00f6gz\u00edt\u00e9s\u00e9hez, 10 mm sz\u00e9less\u00e9gt\u0151l Horonyk\u00e9seknek sima tengelyre t\u00f6rt\u00e9n\u0151 r\u00f6gz\u00edt\u00e9s\u00e9hez Pneumatikus fels\u0151k\u00e9s tart\u00f3k k\u00e9sfejeinek r\u00f6gz\u00edt\u00e9s\u00e9hez <a href=\"http:\/\/www.jbt.hu\/wordpress\/gepkes\/tartozekok-a-korkeses-gyurus-keses-vagorendszerhez\/\" class=\"more-link\">Read More<\/a><\/p>\n","protected":false},"author":1,"featured_media":0,"parent":0,"menu_order":0,"comment_status":"closed","ping_status":"closed","template":"","meta":[],"aioseo_notices":[],"_links":{"self":[{"href":"http:\/\/www.jbt.hu\/wordpress\/gepkes\/wp-json\/wp\/v2\/pages\/196"}],"collection":[{"href":"http:\/\/www.jbt.hu\/wordpress\/gepkes\/wp-json\/wp\/v2\/pages"}],"about":[{"href":"http:\/\/www.jbt.hu\/wordpress\/gepkes\/wp-json\/wp\/v2\/types\/page"}],"author":[{"embeddable":true,"href":"http:\/\/www.jbt.hu\/wordpress\/gepkes\/wp-json\/wp\/v2\/users\/1"}],"replies":[{"embeddable":true,"href":"http:\/\/www.jbt.hu\/wordpress\/gepkes\/wp-json\/wp\/v2\/comments?post=196"}],"version-history":[{"count":2,"href":"http:\/\/www.jbt.hu\/wordpress\/gepkes\/wp-json\/wp\/v2\/pages\/196\/revisions"}],"predecessor-version":[{"id":203,"href":"http:\/\/www.jbt.hu\/wordpress\/gepkes\/wp-json\/wp\/v2\/pages\/196\/revisions\/203"}],"wp:attachment":[{"href":"http:\/\/www.jbt.hu\/wordpress\/gepkes\/wp-json\/wp\/v2\/media?parent=196"}],"curies":[{"name":"wp","href":"https:\/\/api.w.org\/{rel}","templated":true}]}}