{"id":165,"date":"2019-07-28T16:43:27","date_gmt":"2019-07-28T16:43:27","guid":{"rendered":"http:\/\/www.jbt.hu\/wordpress\/gepkes\/?page_id=165"},"modified":"2019-07-29T13:30:40","modified_gmt":"2019-07-29T13:30:40","slug":"gorgos-vagokeses-rendszer","status":"publish","type":"page","link":"http:\/\/www.jbt.hu\/wordpress\/gepkes\/gorgos-vagokeses-rendszer\/","title":{"rendered":"G\u00f6rg\u0151s v\u00e1g\u00f3k\u00e9ses rendszer"},"content":{"rendered":"\n<h5><strong>V\u00e1g\u00e1si s\u00e9ma, standard t\u00edpusok<br><\/strong><\/h5>\n\n\n\n<figure class=\"wp-block-image\"><img decoding=\"async\" loading=\"lazy\" width=\"1000\" height=\"619\" src=\"http:\/\/www.jbt.hu\/wordpress\/gepkes\/wp-content\/uploads\/sites\/4\/2019\/07\/papiripari0.jpg\" alt=\"\" class=\"wp-image-173\" srcset=\"http:\/\/www.jbt.hu\/wordpress\/gepkes\/wp-content\/uploads\/sites\/4\/2019\/07\/papiripari0.jpg 1000w, http:\/\/www.jbt.hu\/wordpress\/gepkes\/wp-content\/uploads\/sites\/4\/2019\/07\/papiripari0-300x186.jpg 300w, http:\/\/www.jbt.hu\/wordpress\/gepkes\/wp-content\/uploads\/sites\/4\/2019\/07\/papiripari0-768x475.jpg 768w\" sizes=\"(max-width: 1000px) 100vw, 1000px\" \/><figcaption> <strong>Fels\u0151 \u00e9s als\u00f3 k\u00e9stengely<\/strong><\/figcaption><\/figure>\n\n\n\n<p><strong>1: Komplett fels\u0151 k\u00e9s tart\u00f3&nbsp;<\/strong>(goly\u00f3s gy\u0171r\u0171s r\u00f6gz\u00edt\u00e9ssel, sima tengelyre)<br><strong>2: Fels\u0151 k\u00e9sek<\/strong><br><strong>3: Horonyk\u00e9sek<\/strong>&nbsp;(goly\u00f3s gy\u0171r\u0171s r\u00f6gz\u00edt\u00e9ssel, sima tengelyre)<br><br><\/p>\n\n\n\n<p><strong>4: K\u00f6zbens\u0151 gy\u0171r\u0171<\/strong><br><strong>5: OFD t\u00edpus\u00fa fels\u0151 k\u00e9s<\/strong>&nbsp;(lapos, \u00f6nrug\u00f3z\u00f3)<br><strong>6: Horonyk\u00e9s&nbsp;<\/strong>(axi\u00e1lis fesz\u00edt\u00e9shez)<br><br><\/p>\n\n\n\n<p><strong>7: Komplett fels\u0151 k\u00e9s tart\u00f3 MG t\u00edpus<\/strong>&nbsp;(goly\u00f3s gy\u0171r\u0171s r\u00f6gz\u00edt\u00e9ssel, sima tengelyre)<br><strong>8: Fels\u0151 k\u00e9s ON, OD t\u00edpusokhoz, OH O3 v\u00e1g\u00f3gy\u0171r\u0171h\u00f6z US t\u00edpus<\/strong><br><strong>9: OH O3 v\u00e1g\u00f3gy\u0171r\u0171h\u00f6z US t\u00edpus<\/strong><br><strong>10: Komplett v\u00e1g\u00f3gy\u0171r\u0171 tart\u00f3 NSH t\u00edpus<\/strong>&nbsp;(axi\u00e1lis fesz\u00edt\u00e9shez)<br><br><\/p>\n\n\n\n<p><strong>11: Komplett fels\u0151k\u00e9s tart\u00f3 MG t\u00edpus<\/strong>&nbsp;(goly\u00f3s gy\u00fcr\u00fcs r\u00f6gz\u00edt\u00e9ssel, sima tengelyre)<br><strong>12: Fels\u0151 k\u00e9s ON, OD, OH t\u00edpusokhoz<\/strong><br><strong>13: V\u00e1g\u00f3gy\u0171r\u0171 US t\u00edpushoz<\/strong>&nbsp;(axi\u00e1lis fesz\u00edt\u00e9shez)<br><strong>14: K\u00f6zbens\u0151 gy\u0171r\u0171 ZE t\u00edpus<\/strong>&nbsp;(axi\u00e1lis fesz\u00edt\u00e9shez)<br><\/p>\n\n\n\n<hr class=\"wp-block-separator\"\/>\n\n\n\n<h5><strong>ON, OD, OH t\u00edpus\u00fa fels\u0151 k\u00e9sek<\/strong><\/h5>\n\n\n\n<figure class=\"wp-block-image\"><img decoding=\"async\" loading=\"lazy\" width=\"621\" height=\"612\" src=\"http:\/\/www.jbt.hu\/wordpress\/gepkes\/wp-content\/uploads\/sites\/4\/2019\/07\/papiripari1.jpg\" alt=\"\" class=\"wp-image-174\" srcset=\"http:\/\/www.jbt.hu\/wordpress\/gepkes\/wp-content\/uploads\/sites\/4\/2019\/07\/papiripari1.jpg 621w, http:\/\/www.jbt.hu\/wordpress\/gepkes\/wp-content\/uploads\/sites\/4\/2019\/07\/papiripari1-300x296.jpg 300w\" sizes=\"(max-width: 621px) 100vw, 621px\" \/><figcaption> <strong>Lapos, norm\u00e1l, dupla \u00e9s dupla \u00edves \u00e9llel<\/strong><\/figcaption><\/figure>\n\n\n\n<p><strong>Rendel\u00e9si p\u00e9lda:<\/strong>&nbsp;t\u00edpus &#8211; k\u00fcls\u0151 \u00e1tm\u00e9r\u0151 X furat \u00e1tm\u00e9r\u0151 X vastags\u00e1g alapanyag<br>OFD &#8211; 180 x 70 x 5,0 LWS \u00f6tv\u00f6z\u00f6tt szersz\u00e1mac\u00e9lb\u00f3l<\/p>\n\n\n\n<p><strong>Standard alapanyag t\u00edpusok:<\/strong>&nbsp;LWS (\u00f6tv\u00f6z\u00f6tt szersz\u00e1mac\u00e9l), SBS (k\u00fcl\u00f6nleges kezel\u00e9s\u0171, LWS-n\u00e9l jobb ac\u00e9l), HWS (12% kr\u00f3mtartalm\u00fa szersz\u00e1mac\u00e9l), HSS (wolfram \u00e9s molibd\u00e9n tartalm\u00fa nagy teljes\u00edtm\u00e9ny\u0171 ac\u00e9l)<\/p>\n\n\n\n<p><strong>K\u00fcl\u00f6nleges m\u00e9retek \u00e9s alapanyagok is lehets\u00e9gesek, k\u00fcl\u00f6n aj\u00e1nlatk\u00e9r\u00e9sre.<\/strong><\/p>\n\n\n\n<hr class=\"wp-block-separator\"\/>\n\n\n\n<h5><strong>Fels\u0151 k\u00e9s OFD t\u00edpus (lapos, \u00f6nrug\u00f3z\u00f3)<\/strong><\/h5>\n\n\n\n<figure class=\"wp-block-image\"><img decoding=\"async\" loading=\"lazy\" width=\"621\" height=\"542\" src=\"http:\/\/www.jbt.hu\/wordpress\/gepkes\/wp-content\/uploads\/sites\/4\/2019\/07\/papiripari3.jpg\" alt=\"\" class=\"wp-image-179\" srcset=\"http:\/\/www.jbt.hu\/wordpress\/gepkes\/wp-content\/uploads\/sites\/4\/2019\/07\/papiripari3.jpg 621w, http:\/\/www.jbt.hu\/wordpress\/gepkes\/wp-content\/uploads\/sites\/4\/2019\/07\/papiripari3-300x262.jpg 300w\" sizes=\"(max-width: 621px) 100vw, 621px\" \/><figcaption> <strong>Keskeny v\u00e1g\u00f3rendszer fels\u0151 k\u00e9s tart\u00f3 n\u00e9lk\u00fcl<\/strong><\/figcaption><\/figure>\n\n\n\n<p><strong>Rendel\u00e9si p\u00e9lda:<\/strong>&nbsp;t\u00edpus &#8211; k\u00fcls\u0151 \u00e1tm\u00e9r\u0151 X furat \u00e1tm\u00e9r\u0151 X vastags\u00e1g alapanyag<br>OFD &#8211; 80 x 30 x 1,0 LWS (\u00f6tv\u00f6z\u00f6tt szersz\u00e1mac\u00e9lb\u00f3l)<\/p>\n\n\n\n<p><strong>Standard alapanyag t\u00edpusok:<\/strong>&nbsp;LWS (\u00f6tv\u00f6z\u00f6tt szersz\u00e1mac\u00e9l), SBS (k\u00fcl\u00f6nleges kezel\u00e9s\u0171, LWS-n\u00e9l jobb ac\u00e9l), HWS (12% kr\u00f3mtartalm\u00fa szersz\u00e1mac\u00e9l), HSS (wolfram \u00e9s molibd\u00e9n tartalm\u00fa nagy teljes\u00edtm\u00e9ny\u0171 ac\u00e9l)<\/p>\n\n\n\n<p><strong>K\u00fcl\u00f6nleges m\u00e9retek \u00e9s alapanyagok is lehets\u00e9gesek, k\u00fcl\u00f6n aj\u00e1nlatk\u00e9r\u00e9sre.<\/strong><\/p>\n\n\n\n<hr class=\"wp-block-separator\"\/>\n\n\n\n<h5><strong>Fels\u0151 k\u00e9s tart\u00f3 M t\u00edpus (cs\u0151h\u00fcvely)<\/strong><\/h5>\n\n\n\n<figure class=\"wp-block-image\"><img decoding=\"async\" loading=\"lazy\" width=\"618\" height=\"557\" src=\"http:\/\/www.jbt.hu\/wordpress\/gepkes\/wp-content\/uploads\/sites\/4\/2019\/07\/papiripari4.jpg\" alt=\"\" class=\"wp-image-181\" srcset=\"http:\/\/www.jbt.hu\/wordpress\/gepkes\/wp-content\/uploads\/sites\/4\/2019\/07\/papiripari4.jpg 618w, http:\/\/www.jbt.hu\/wordpress\/gepkes\/wp-content\/uploads\/sites\/4\/2019\/07\/papiripari4-300x270.jpg 300w\" sizes=\"(max-width: 618px) 100vw, 618px\" \/><figcaption> <strong>Axi\u00e1lis r\u00f6gz\u00edt\u00e9s\u0171<\/strong><\/figcaption><\/figure>\n\n\n\n<p><strong>Rendel\u00e9si p\u00e9lda:<\/strong>&nbsp;t\u00edpus &#8211; k\u00fcls\u0151 \u00e1tm\u00e9r\u0151 X k\u00e9s \u00fcl\u00e9s \u00e1tm\u00e9r\u0151 X furat \u00e1tm\u00e9r\u0151 X sz\u00e9less\u00e9g alapanyag<br>M &#8211; 85 x 75 x 60 x 10 VGS &#8211; edzhet\u0151 ac\u00e9l<\/p>\n\n\n\n<p><strong>Standard sz\u00e9less\u00e9gek \u00e9s tolarencia:<\/strong>&nbsp;5 \/ 10 \/ 15 +\/-0,005<\/p>\n\n\n\n<p><strong>Standard alapanyag t\u00edpusok:<\/strong>&nbsp;VGS (edzhet\u0151 ac\u00e9l), LWS (\u00f6tv\u00f6z\u00f6tt szersz\u00e1mac\u00e9l), RFS (rozsdamentes ac\u00e9l).<\/p>\n\n\n\n<p>A cs\u0151h\u00fcvelyek standard spir\u00e1lrug\u00f3val felszereltek.<\/p>\n\n\n\n<p><strong>K\u00fcl\u00f6nleges m\u00e9retek \u00e9s alapanyagok is lehets\u00e9gesek, k\u00fcl\u00f6n aj\u00e1nlatk\u00e9r\u00e9sre.<\/strong><\/p>\n\n\n\n<hr class=\"wp-block-separator\"\/>\n\n\n\n<h5><strong>Fels\u0151 k\u00e9s tart\u00f3 MG t\u00edpus (cs\u0151h\u00fcvely)<\/strong><\/h5>\n\n\n\n<figure class=\"wp-block-image\"><img decoding=\"async\" loading=\"lazy\" width=\"614\" height=\"530\" src=\"http:\/\/www.jbt.hu\/wordpress\/gepkes\/wp-content\/uploads\/sites\/4\/2019\/07\/papiripari5.jpg\" alt=\"\" class=\"wp-image-183\" srcset=\"http:\/\/www.jbt.hu\/wordpress\/gepkes\/wp-content\/uploads\/sites\/4\/2019\/07\/papiripari5.jpg 614w, http:\/\/www.jbt.hu\/wordpress\/gepkes\/wp-content\/uploads\/sites\/4\/2019\/07\/papiripari5-300x259.jpg 300w\" sizes=\"(max-width: 614px) 100vw, 614px\" \/><figcaption> <strong>Goly\u00f3gy\u0171r\u0171s r\u00f6gz\u00edt\u00e9s\u0171<\/strong><\/figcaption><\/figure>\n\n\n\n<p><strong>Rendel\u00e9si p\u00e9lda:<\/strong>&nbsp;t\u00edpus &#8211; k\u00fcls\u0151 \u00e1tm\u00e9r\u0151 X k\u00e9s \u00fcl\u00e9s \u00e1tm\u00e9r\u0151 X furat \u00e1tm\u00e9r\u0151 X sz\u00e9less\u00e9g alapanyag<br>M &#8211; 85 \/ 75 x 60 x 10 VGS (edzhet\u0151 ac\u00e9l)<\/p>\n\n\n\n<p><strong>Standard sz\u00e9less\u00e9gek \u00e9s tolarencia:<\/strong>&nbsp;10 \/ 15 \/ 20 -0,1\/-0,2<\/p>\n\n\n\n<p><strong>Standard alapanyag t\u00edpusok:<\/strong>&nbsp;VGS (edzhet\u0151 ac\u00e9l), LWS (\u00f6tv\u00f6z\u00f6tt szersz\u00e1mac\u00e9l), RFS (rozsdamentes ac\u00e9l).<\/p>\n\n\n\n<p>A karmanty\u00fak standard spir\u00e1lrug\u00f3gy\u0171r\u0171vel felszereltek.<\/p>\n\n\n\n<p><strong>K\u00fcl\u00f6nleges m\u00e9retek \u00e9s alapanyagok is lehets\u00e9gesek, k\u00fcl\u00f6n aj\u00e1nlatk\u00e9r\u00e9sre.<\/strong><\/p>\n\n\n\n<hr class=\"wp-block-separator\"\/>\n\n\n\n<h5><strong>Fels\u0151 k\u00e9s tart\u00f3 MD t\u00edpus (cs\u0151h\u00fcvely)<\/strong><\/h5>\n\n\n\n<figure class=\"wp-block-image\"><img decoding=\"async\" loading=\"lazy\" width=\"615\" height=\"548\" src=\"http:\/\/www.jbt.hu\/wordpress\/gepkes\/wp-content\/uploads\/sites\/4\/2019\/07\/papiripari6.jpg\" alt=\"\" class=\"wp-image-185\" srcset=\"http:\/\/www.jbt.hu\/wordpress\/gepkes\/wp-content\/uploads\/sites\/4\/2019\/07\/papiripari6.jpg 615w, http:\/\/www.jbt.hu\/wordpress\/gepkes\/wp-content\/uploads\/sites\/4\/2019\/07\/papiripari6-300x267.jpg 300w\" sizes=\"(max-width: 615px) 100vw, 615px\" \/><figcaption> <strong>Csavaros r\u00f6gz\u00edt\u00e9s\u0171<\/strong><\/figcaption><\/figure>\n\n\n\n<p><strong>Rendel\u00e9si p\u00e9lda:<\/strong>&nbsp;t\u00edpus &#8211; k\u00fcls\u0151 \u00e1tm\u00e9r\u0151 X k\u00e9s \u00fcl\u00e9s \u00e1tm\u00e9r\u0151 X furat \u00e1tm\u00e9r\u0151 X sz\u00e9less\u00e9g alapanyag<br>M &#8211; 85 \/ 75 x 60 x 15 VGS &#8211; (edzhet\u0151 ac\u00e9l)<\/p>\n\n\n\n<p><strong>Standard sz\u00e9less\u00e9gek \u00e9s tolarencia:<\/strong>&nbsp;15 -0,1\/-0,2<\/p>\n\n\n\n<p><strong>Standard alapanyag t\u00edpusok:<\/strong>&nbsp;VGS (edzhet\u0151 ac\u00e9l), LWS (\u00f6tv\u00f6z\u00f6tt szersz\u00e1mac\u00e9l), RFS (rozsdamentes ac\u00e9l).<\/p>\n\n\n\n<p>A cs\u0151h\u00fcvelyek standard spir\u00e1lrug\u00f3kkal ell\u00e1tottak, m\u00e9retek \u00e9s kieg\u00e9sz\u00edt\u0151 horony aj\u00e1nlatk\u00e9r\u00e9sre.<\/p>\n\n\n\n<p><strong>K\u00fcl\u00f6nleges m\u00e9retek \u00e9s alapanyagok is lehets\u00e9gesek, k\u00fcl\u00f6n aj\u00e1nlatk\u00e9r\u00e9sre.<\/strong><\/p>\n\n\n\n<hr class=\"wp-block-separator\"\/>\n\n\n\n<h5><strong>Horonyk\u00e9s (als\u00f3 k\u00e9s) N t\u00edpus<\/strong><\/h5>\n\n\n\n<figure class=\"wp-block-image\"><img decoding=\"async\" loading=\"lazy\" width=\"608\" height=\"552\" src=\"http:\/\/www.jbt.hu\/wordpress\/gepkes\/wp-content\/uploads\/sites\/4\/2019\/07\/papiripari7.jpg\" alt=\"\" class=\"wp-image-187\" srcset=\"http:\/\/www.jbt.hu\/wordpress\/gepkes\/wp-content\/uploads\/sites\/4\/2019\/07\/papiripari7.jpg 608w, http:\/\/www.jbt.hu\/wordpress\/gepkes\/wp-content\/uploads\/sites\/4\/2019\/07\/papiripari7-300x272.jpg 300w\" sizes=\"(max-width: 608px) 100vw, 608px\" \/><figcaption> <strong>Axi\u00e1lis r\u00f6gz\u00edt\u00e9shez<\/strong><\/figcaption><\/figure>\n\n\n\n<p><strong>Rendel\u00e9si p\u00e9lda:<\/strong>&nbsp;t\u00edpus &#8211; k\u00fcls\u0151 \u00e1tm\u00e9r\u0151 X k\u00e9s \u00fcl\u00e9s \u00e1tm\u00e9r\u0151 X furat \u00e1tm\u00e9r\u0151 X sz\u00e9less\u00e9g \/ v\u00e1g\u00f3perem magass\u00e1g alapanyag<br>N &#8211; 105 x 80 x 10 \/ 8 LWS (\u00f6tv\u00f6z\u00f6tt szersz\u00e1mac\u00e9l)<\/p>\n\n\n\n<p><strong>Standard v\u00e1g\u00f3\u00e9l:<\/strong>&nbsp;3 fok<\/p>\n\n\n\n<p><strong>Standard sz\u00e9less\u00e9gek \u00e9s tolarencia:<\/strong>&nbsp;5 \/ 10 \/ 15 \/ 20 +\/-0,005<\/p>\n\n\n\n<p><strong>Standard alapanyag t\u00edpusok:<\/strong>&nbsp;LWS (\u00f6tv\u00f6z\u00f6tt szersz\u00e1mac\u00e9l), HWS (12% kr\u00f3m tartlam\u00fa nagy teljes\u00edtm\u00e9ny\u0171 szersz\u00e1mac\u00e9l).<\/p>\n\n\n\n<p><strong>K\u00fcl\u00f6nleges m\u00e9retek \u00e9s alapanyagok is lehets\u00e9gesek, k\u00fcl\u00f6n aj\u00e1nlatk\u00e9r\u00e9sre.<\/strong><\/p>\n\n\n\n<hr class=\"wp-block-separator\"\/>\n\n\n\n<h5><strong>Horonyk\u00e9s (als\u00f3 k\u00e9s) ND t\u00edpus<\/strong><\/h5>\n\n\n\n<figure class=\"wp-block-image\"><img decoding=\"async\" loading=\"lazy\" width=\"618\" height=\"562\" src=\"http:\/\/www.jbt.hu\/wordpress\/gepkes\/wp-content\/uploads\/sites\/4\/2019\/07\/papiripari8.jpg\" alt=\"\" class=\"wp-image-188\" srcset=\"http:\/\/www.jbt.hu\/wordpress\/gepkes\/wp-content\/uploads\/sites\/4\/2019\/07\/papiripari8.jpg 618w, http:\/\/www.jbt.hu\/wordpress\/gepkes\/wp-content\/uploads\/sites\/4\/2019\/07\/papiripari8-300x273.jpg 300w\" sizes=\"(max-width: 618px) 100vw, 618px\" \/><figcaption> <strong>Csavaros r\u00f6gz\u00edt\u00e9ssel<\/strong><\/figcaption><\/figure>\n\n\n\n<p><strong>Rendel\u00e9si p\u00e9lda:<\/strong>&nbsp;t\u00edpus &#8211; k\u00fcls\u0151 \u00e1tm\u00e9r\u0151 X furat \u00e1tm\u00e9r\u0151 x sz\u00e9less\u00e9g \/ v\u00e1g\u00e1si perem magass\u00e1g \/ egy vagy k\u00e9toldalt v\u00e1g\u00f3 alapanyag<br>ND &#8211; 105 x 80 x 10 \/ 8 LWS (\u00f6tv\u00f6z\u00f6tt szersz\u00e1mac\u00e9l)<\/p>\n\n\n\n<p><strong>Standard v\u00e1g\u00f3\u00e9l:<\/strong>&nbsp;3 fok<\/p>\n\n\n\n<p><strong>Standard sz\u00e9less\u00e9gek \u00e9s tolarencia:<\/strong>&nbsp;10 \/ 15 \/ 20 -0,02\/-0,04<\/p>\n\n\n\n<p><strong>Standard alapanyag t\u00edpusok:<\/strong>&nbsp;LWS (\u00f6tv\u00f6z\u00f6tt szersz\u00e1mac\u00e9l), HWS (12% kr\u00f3m tartlam\u00fa nagy teljes\u00edtm\u00e9ny\u0171 szersz\u00e1mac\u00e9l).<\/p>\n\n\n\n<p><strong>K\u00fcl\u00f6nleges m\u00e9retek \u00e9s alapanyagok is lehets\u00e9gesek, k\u00fcl\u00f6n aj\u00e1nlatk\u00e9r\u00e9sre.<\/strong><\/p>\n\n\n\n<hr class=\"wp-block-separator\"\/>\n\n\n\n<h5><strong>K\u00f6zbet\u00e9t gy\u0171r\u0171 Z t\u00edpus<\/strong><\/h5>\n\n\n\n<figure class=\"wp-block-image\"><img decoding=\"async\" loading=\"lazy\" width=\"607\" height=\"546\" src=\"http:\/\/www.jbt.hu\/wordpress\/gepkes\/wp-content\/uploads\/sites\/4\/2019\/07\/papiripari9.jpg\" alt=\"\" class=\"wp-image-189\" srcset=\"http:\/\/www.jbt.hu\/wordpress\/gepkes\/wp-content\/uploads\/sites\/4\/2019\/07\/papiripari9.jpg 607w, http:\/\/www.jbt.hu\/wordpress\/gepkes\/wp-content\/uploads\/sites\/4\/2019\/07\/papiripari9-300x270.jpg 300w\" sizes=\"(max-width: 607px) 100vw, 607px\" \/><figcaption> <strong>M t\u00edpus\u00fa karmanty\u00fahoz \u00e9s N t\u00edpus\u00fa horonyk\u00e9shez<\/strong><\/figcaption><\/figure>\n\n\n\n<p><strong>Rendel\u00e9si p\u00e9lda:<\/strong>&nbsp;t\u00edpus &#8211; k\u00fcls\u0151 \u00e1tm\u00e9r\u0151 X furat \u00e1tm\u00e9r\u0151 x sz\u00e9less\u00e9g alapanyag<br>Z &#8211; 80 x 60 x 20 VGS (edzhet\u0151 ac\u00e9lb\u00f3l)<\/p>\n\n\n\n<p><strong>Standard sz\u00e9less\u00e9gi tolarencia:<\/strong>&nbsp;0,3 +\/-0,02-ig 100 +\/-0,005-ig 250 +\/-0,01-ig 500 +\/-0,05<\/p>\n\n\n\n<p><strong>Standard alapanyag t\u00edpusok:<\/strong>&nbsp;VGS (edzhet\u0151 ac\u00e9l), LWS (\u00f6tv\u00f6z\u00f6tt szersz\u00e1mac\u00e9l).<\/p>\n\n\n\n<p><strong>K\u00fcl\u00f6nleges m\u00e9retek \u00e9s alapanyagok is lehets\u00e9gesek, k\u00fcl\u00f6n aj\u00e1nlatk\u00e9r\u00e9sre.<\/strong><br><\/p>\n\n\n\n<hr class=\"wp-block-separator\"\/>\n\n\n\n<h5><strong>Fels\u0151 k\u00e9s OSN, OSD, OSH t\u00edpusok<\/strong><\/h5>\n\n\n\n<figure class=\"wp-block-image\"><img decoding=\"async\" loading=\"lazy\" width=\"632\" height=\"546\" src=\"http:\/\/www.jbt.hu\/wordpress\/gepkes\/wp-content\/uploads\/sites\/4\/2019\/07\/papiripari10.jpg\" alt=\"\" class=\"wp-image-190\" srcset=\"http:\/\/www.jbt.hu\/wordpress\/gepkes\/wp-content\/uploads\/sites\/4\/2019\/07\/papiripari10.jpg 632w, http:\/\/www.jbt.hu\/wordpress\/gepkes\/wp-content\/uploads\/sites\/4\/2019\/07\/papiripari10-300x259.jpg 300w\" sizes=\"(max-width: 632px) 100vw, 632px\" \/><figcaption> <strong>MSS t\u00edpus\u00fa keskeny v\u00e1g\u00f3rendszer\u0171 fels\u0151 k\u00e9s tart\u00f3hoz<\/strong><\/figcaption><\/figure>\n\n\n\n<p><strong>Rendel\u00e9si p\u00e9lda:<\/strong>&nbsp;t\u00edpus &#8211; k\u00fcls\u0151 \u00e1tm\u00e9r\u0151 X furat \u00e1tm\u00e9r\u0151 x vastags\u00e1g alapanyag<br>OSH &#8211; 75 x 40 x 0,6 LWS (\u00f6tv\u00f6z\u00f6tt szersz\u00e1mac\u00e9l)<\/p>\n\n\n\n<p><strong>Standard alapanyag t\u00edpusok:<\/strong>&nbsp;LWS (\u00f6tv\u00f6z\u00f6tt szersz\u00e1mac\u00e9l), SBS (k\u00fcl\u00f6nleges \u00f6tv\u00f6z\u00f6tt szersz\u00e1mac\u00e9l), HWS (12% kr\u00f3mtartalm\u00fa \u00f6tv\u00f6z\u00f6tt ac\u00e9l), HSS (volfram \u00e9s molibd\u00e9n tartalm\u00fa \u00f6tv\u00f6z\u00f6tt ac\u00e9l).<\/p>\n\n\n\n<p><strong>K\u00fcl\u00f6nleges m\u00e9retek \u00e9s alapanyagok is lehets\u00e9gesek, k\u00fcl\u00f6n aj\u00e1nlatk\u00e9r\u00e9sre.<\/strong><\/p>\n\n\n\n<hr class=\"wp-block-separator\"\/>\n\n\n\n<h5><strong>MSS fels\u0151 k\u00e9s tart\u00f3<\/strong><\/h5>\n\n\n\n<figure class=\"wp-block-image\"><img decoding=\"async\" loading=\"lazy\" width=\"615\" height=\"551\" src=\"http:\/\/www.jbt.hu\/wordpress\/gepkes\/wp-content\/uploads\/sites\/4\/2019\/07\/papiripari11.jpg\" alt=\"\" class=\"wp-image-191\" srcset=\"http:\/\/www.jbt.hu\/wordpress\/gepkes\/wp-content\/uploads\/sites\/4\/2019\/07\/papiripari11.jpg 615w, http:\/\/www.jbt.hu\/wordpress\/gepkes\/wp-content\/uploads\/sites\/4\/2019\/07\/papiripari11-300x269.jpg 300w\" sizes=\"(max-width: 615px) 100vw, 615px\" \/><figcaption> <strong>Axi\u00e1lis r\u00f6gz\u00edt\u00e9shez (keskeny v\u00e1g\u00f3 rendszer)<\/strong><\/figcaption><\/figure>\n\n\n\n<p><strong>Rendel\u00e9si p\u00e9lda:<\/strong>&nbsp;t\u00edpus &#8211; k\u00fcls\u0151 \u00e1tm\u00e9r\u0151 X k\u00e9s\u00fcl\u00e9s \u00e1tm\u00e9r\u0151 x furat \u00e1tm\u00e9r\u0151 x sz\u00e9less\u00e9g \/ fels\u0151 k\u00e9s vastags\u00e1g alapanyag<br>MSS &#8211; 46 \/ 40 x 30 x 1,0 \/ 0,4 VGS (edzhet\u0151 ac\u00e9l)<\/p>\n\n\n\n<p><strong>Standard alapanyag t\u00edpusok:<\/strong>&nbsp;VGS (edzhet\u0151 ac\u00e9l).<\/p>\n\n\n\n<p><strong>Fels\u0151 k\u00e9s tart\u00f3k \u00f6nrugoz\u00f3 OSN, OSD \u00e9s OSH fels\u0151 k\u00e9sekkel szerelhet\u0151k fel. K\u00e9s\u00fcl\u00e9s sz\u00e9less\u00e9gek a fels\u0151 k\u00e9s vastags\u00e1g\u00e1t\u00f3l f\u00fcgg\u0151k.<br><br><strong>K\u00fcl\u00f6nleges m\u00e9retek \u00e9s alapanyagok is lehets\u00e9gesek, k\u00fcl\u00f6n aj\u00e1nlatk\u00e9r\u00e9sre.<\/strong><\/strong><br><\/p>\n\n\n\n<hr class=\"wp-block-separator\"\/>\n\n\n\n<h5><strong>NSS t\u00edpus\u00fa horonyk\u00e9s (als\u00f3 k\u00e9s)<\/strong><\/h5>\n\n\n\n<figure class=\"wp-block-image\"><img decoding=\"async\" loading=\"lazy\" width=\"613\" height=\"528\" src=\"http:\/\/www.jbt.hu\/wordpress\/gepkes\/wp-content\/uploads\/sites\/4\/2019\/07\/papiripari12.jpg\" alt=\"\" class=\"wp-image-192\" srcset=\"http:\/\/www.jbt.hu\/wordpress\/gepkes\/wp-content\/uploads\/sites\/4\/2019\/07\/papiripari12.jpg 613w, http:\/\/www.jbt.hu\/wordpress\/gepkes\/wp-content\/uploads\/sites\/4\/2019\/07\/papiripari12-300x258.jpg 300w\" sizes=\"(max-width: 613px) 100vw, 613px\" \/><figcaption> <strong>Axi\u00e1lis r\u00f6gz\u00edt\u00e9shez (keskeny v\u00e1g\u00f3 rendszer)<\/strong><\/figcaption><\/figure>\n\n\n\n<p><strong>V\u00e1g\u00e1si perem magass\u00e1g:<\/strong>&nbsp;sz\u00e9less\u00e9g &#8211; v\u00e1g\u00e1si maradv\u00e1ny \/ v\u00e1g\u00e1si maradv\u00e1ny &#8222;A&#8221; forma=SR1+SR2<br><strong>Rendel\u00e9si p\u00e9lda:<\/strong>&nbsp;t\u00edpus &#8211; k\u00fcls\u0151 \u00e1tm\u00e9r\u0151 X furat \u00e1tm\u00e9r\u0151 X sz\u00e9less\u00e9g \/ v\u00e1g\u00e1si peremmagass\u00e1g \/ forma alapanyag<br>NSS &#8211; 46 x 30 x 1,0 \/ 0,5 \/ A LWS (edzhet\u0151 ac\u00e9l)<\/p>\n\n\n\n<p><strong>Standard alapanyag t\u00edpusok:<\/strong>&nbsp;LWS (\u00f6tv\u00f6z\u00f6tt szersz\u00e1mac\u00e9l), HWS (12%-os kr\u00f3mtartalm\u00fa \u00f6tv\u00f6z\u00f6tt ac\u00e9l).<\/p>\n\n\n\n<p><strong>Standard v\u00e1g\u00f3\u00e9l:<\/strong>&nbsp;1,5 fok&lt;=1,5 sz\u00e9less\u00e9gn\u00e9l \/ 3 fok=&gt;1,5 sz\u00e9less\u00e9gn\u00e9l&nbsp;<\/p>\n\n\n\n<p><strong>K\u00fcl\u00f6nleges m\u00e9retek \u00e9s alapanyagok is lehets\u00e9gesek, k\u00fcl\u00f6n aj\u00e1nlatk\u00e9r\u00e9sre.<\/strong><\/p>\n\n\n\n<hr class=\"wp-block-separator\"\/>\n\n\n\n<h5><strong>US t\u00edpus\u00fa v\u00e1g\u00f3gy\u0171r\u0171<\/strong><\/h5>\n\n\n\n<figure class=\"wp-block-image\"><img decoding=\"async\" loading=\"lazy\" width=\"612\" height=\"543\" src=\"http:\/\/www.jbt.hu\/wordpress\/gepkes\/wp-content\/uploads\/sites\/4\/2019\/07\/papiripari13.jpg\" alt=\"\" class=\"wp-image-193\" srcset=\"http:\/\/www.jbt.hu\/wordpress\/gepkes\/wp-content\/uploads\/sites\/4\/2019\/07\/papiripari13.jpg 612w, http:\/\/www.jbt.hu\/wordpress\/gepkes\/wp-content\/uploads\/sites\/4\/2019\/07\/papiripari13-300x266.jpg 300w\" sizes=\"(max-width: 612px) 100vw, 612px\" \/><\/figure>\n\n\n\n<p><strong>Rendel\u00e9si p\u00e9lda:<\/strong>&nbsp;t\u00edpus &#8211; k\u00fcls\u0151 \u00e1tm\u00e9r\u0151 X furat \u00e1tm\u00e9r\u0151 X vastags\u00e1g alapanyag<br>US &#8211; 80 x 60 x 2 LWS (edzhet\u0151 ac\u00e9l)<\/p>\n\n\n\n<p><strong>Standard vastags\u00e1g \u00e9s tolerancia:<\/strong>&nbsp;0,5 +\/- 0,01 \/ ab 1 +\/1-0,005<\/p>\n\n\n\n<p><strong>Standard alapanyag t\u00edpusok:<\/strong>&nbsp;LWS (\u00f6tv\u00f6z\u00f6tt szersz\u00e1mac\u00e9l).<\/p>\n\n\n\n<p><strong>K\u00fcl\u00f6nleges m\u00e9retek \u00e9s alapanyagok is lehets\u00e9gesek, k\u00fcl\u00f6n aj\u00e1nlatk\u00e9r\u00e9sre.<\/strong><\/p>\n\n\n\n<hr class=\"wp-block-separator\"\/>\n\n\n\n<h5><strong>V\u00e1g\u00f3gy\u0171r\u0171 tart\u00f3 NSH t\u00edpus<\/strong><\/h5>\n\n\n\n<figure class=\"wp-block-image\"><img decoding=\"async\" loading=\"lazy\" width=\"610\" height=\"504\" src=\"http:\/\/www.jbt.hu\/wordpress\/gepkes\/wp-content\/uploads\/sites\/4\/2019\/07\/papiripari14.jpg\" alt=\"\" class=\"wp-image-194\" srcset=\"http:\/\/www.jbt.hu\/wordpress\/gepkes\/wp-content\/uploads\/sites\/4\/2019\/07\/papiripari14.jpg 610w, http:\/\/www.jbt.hu\/wordpress\/gepkes\/wp-content\/uploads\/sites\/4\/2019\/07\/papiripari14-300x248.jpg 300w\" sizes=\"(max-width: 610px) 100vw, 610px\" \/><figcaption> <strong>US v\u00e1g\u00f3gy\u0171r\u0171h\u00f6z 0,5 mm vastags\u00e1g<\/strong><\/figcaption><\/figure>\n\n\n\n<p><strong>Rendel\u00e9si p\u00e9lda:<\/strong>&nbsp;t\u00edpus &#8211; k\u00fcls\u0151 \u00e1tm\u00e9r\u0151 \/ gy\u0171r\u0171\u00fcl\u00e9s \u00e1tm\u00e9r\u0151 x furast \u00e1tm\u00e9r\u0151 x sz\u00e9less\u00e9g alapanyag<br>NSH &#8211; 80 \/ 68 x 60 x 10 VGS (edzhet\u0151 ac\u00e9l)<\/p>\n\n\n\n<p><strong>Standard sz\u00e9less\u00e9g \u00e9s tolarencia:<\/strong>&nbsp;10 +\/-0,01<\/p>\n\n\n\n<p><strong>Standard alapanyag t\u00edpusok:<\/strong>&nbsp;VGS (edzhet\u0151 ac\u00e9l).<\/p>\n\n\n\n<p><strong>K\u00fcl\u00f6nleges m\u00e9retek \u00e9s alapanyagok is lehets\u00e9gesek, k\u00fcl\u00f6n aj\u00e1nlatk\u00e9r\u00e9sre.<\/strong><br><\/p>\n","protected":false},"excerpt":{"rendered":"<p>V\u00e1g\u00e1si s\u00e9ma, standard t\u00edpusok 1: Komplett fels\u0151 k\u00e9s tart\u00f3&nbsp;(goly\u00f3s gy\u0171r\u0171s r\u00f6gz\u00edt\u00e9ssel, sima tengelyre)2: Fels\u0151 k\u00e9sek3: Horonyk\u00e9sek&nbsp;(goly\u00f3s gy\u0171r\u0171s r\u00f6gz\u00edt\u00e9ssel, sima tengelyre) 4: K\u00f6zbens\u0151 gy\u0171r\u01715: OFD t\u00edpus\u00fa fels\u0151 k\u00e9s&nbsp;(lapos, \u00f6nrug\u00f3z\u00f3)6: Horonyk\u00e9s&nbsp;(axi\u00e1lis fesz\u00edt\u00e9shez) 7: Komplett fels\u0151 k\u00e9s tart\u00f3 MG t\u00edpus&nbsp;(goly\u00f3s gy\u0171r\u0171s r\u00f6gz\u00edt\u00e9ssel, sima tengelyre)8: Fels\u0151 k\u00e9s ON, OD t\u00edpusokhoz, OH O3 v\u00e1g\u00f3gy\u0171r\u0171h\u00f6z US <a href=\"http:\/\/www.jbt.hu\/wordpress\/gepkes\/gorgos-vagokeses-rendszer\/\" class=\"more-link\">Read More<\/a><\/p>\n","protected":false},"author":1,"featured_media":0,"parent":0,"menu_order":0,"comment_status":"closed","ping_status":"closed","template":"","meta":[],"aioseo_notices":[],"_links":{"self":[{"href":"http:\/\/www.jbt.hu\/wordpress\/gepkes\/wp-json\/wp\/v2\/pages\/165"}],"collection":[{"href":"http:\/\/www.jbt.hu\/wordpress\/gepkes\/wp-json\/wp\/v2\/pages"}],"about":[{"href":"http:\/\/www.jbt.hu\/wordpress\/gepkes\/wp-json\/wp\/v2\/types\/page"}],"author":[{"embeddable":true,"href":"http:\/\/www.jbt.hu\/wordpress\/gepkes\/wp-json\/wp\/v2\/users\/1"}],"replies":[{"embeddable":true,"href":"http:\/\/www.jbt.hu\/wordpress\/gepkes\/wp-json\/wp\/v2\/comments?post=165"}],"version-history":[{"count":9,"href":"http:\/\/www.jbt.hu\/wordpress\/gepkes\/wp-json\/wp\/v2\/pages\/165\/revisions"}],"predecessor-version":[{"id":195,"href":"http:\/\/www.jbt.hu\/wordpress\/gepkes\/wp-json\/wp\/v2\/pages\/165\/revisions\/195"}],"wp:attachment":[{"href":"http:\/\/www.jbt.hu\/wordpress\/gepkes\/wp-json\/wp\/v2\/media?parent=165"}],"curies":[{"name":"wp","href":"https:\/\/api.w.org\/{rel}","templated":true}]}}