{"id":135,"date":"2019-07-28T15:51:49","date_gmt":"2019-07-28T15:51:49","guid":{"rendered":"http:\/\/www.jbt.hu\/wordpress\/gepkes\/?page_id=135"},"modified":"2019-11-25T10:56:38","modified_gmt":"2019-11-25T10:56:38","slug":"kulon-rendelesre-egyedi-kesek","status":"publish","type":"page","link":"http:\/\/www.jbt.hu\/wordpress\/gepkes\/kulon-rendelesre-egyedi-kesek\/","title":{"rendered":"K\u00fcl\u00f6n rendel\u00e9sre egyedi k\u00e9sek"},"content":{"rendered":"\n<div class=\"wp-block-image\"><figure class=\"alignleft size-large\"><img decoding=\"async\" loading=\"lazy\" width=\"320\" height=\"240\" src=\"http:\/\/www.jbt.hu\/wordpress\/gepkes\/wp-content\/uploads\/sites\/4\/2019\/11\/Sonder.png\" alt=\"\" class=\"wp-image-619\" srcset=\"http:\/\/www.jbt.hu\/wordpress\/gepkes\/wp-content\/uploads\/sites\/4\/2019\/11\/Sonder.png 320w, http:\/\/www.jbt.hu\/wordpress\/gepkes\/wp-content\/uploads\/sites\/4\/2019\/11\/Sonder-300x225.png 300w\" sizes=\"(max-width: 320px) 100vw, 320px\" \/><\/figure><\/div>\n\n\n\n<p>K\u00e9sz\u00fcl\u0151, ak\u00e1r komplik\u00e1lt geometri\u00e1j\u00fa g\u00e9pk\u00e9sek, vagy egyszer\u0171 lapos g\u00e9pk\u00e9sek is aj\u00e1nlati palett\u00e1nkban tartoznak.<\/p>\n\n\n\n<p>M\u00e9retes rajz, v\u00e1zlat vagy minta alapj\u00e1n t\u00f6rt\u00e9n\u0151 gy\u00e1rt\u00e1s lehets\u00e9ges, \u00e9s ig\u00e9ny szerint m\u0171szaki szaktan\u00e1csad\u00e1sra is v\u00e1llalkozunk.\n\n<\/p>\n","protected":false},"excerpt":{"rendered":"<p>K\u00e9sz\u00fcl\u0151, ak\u00e1r komplik\u00e1lt geometri\u00e1j\u00fa g\u00e9pk\u00e9sek, vagy egyszer\u0171 lapos g\u00e9pk\u00e9sek is aj\u00e1nlati palett\u00e1nkban tartoznak. M\u00e9retes rajz, v\u00e1zlat vagy minta alapj\u00e1n t\u00f6rt\u00e9n\u0151 gy\u00e1rt\u00e1s lehets\u00e9ges, \u00e9s ig\u00e9ny szerint m\u0171szaki szaktan\u00e1csad\u00e1sra is v\u00e1llalkozunk.<\/p>\n","protected":false},"author":1,"featured_media":0,"parent":0,"menu_order":0,"comment_status":"closed","ping_status":"closed","template":"","meta":[],"aioseo_notices":[],"_links":{"self":[{"href":"http:\/\/www.jbt.hu\/wordpress\/gepkes\/wp-json\/wp\/v2\/pages\/135"}],"collection":[{"href":"http:\/\/www.jbt.hu\/wordpress\/gepkes\/wp-json\/wp\/v2\/pages"}],"about":[{"href":"http:\/\/www.jbt.hu\/wordpress\/gepkes\/wp-json\/wp\/v2\/types\/page"}],"author":[{"embeddable":true,"href":"http:\/\/www.jbt.hu\/wordpress\/gepkes\/wp-json\/wp\/v2\/users\/1"}],"replies":[{"embeddable":true,"href":"http:\/\/www.jbt.hu\/wordpress\/gepkes\/wp-json\/wp\/v2\/comments?post=135"}],"version-history":[{"count":3,"href":"http:\/\/www.jbt.hu\/wordpress\/gepkes\/wp-json\/wp\/v2\/pages\/135\/revisions"}],"predecessor-version":[{"id":620,"href":"http:\/\/www.jbt.hu\/wordpress\/gepkes\/wp-json\/wp\/v2\/pages\/135\/revisions\/620"}],"wp:attachment":[{"href":"http:\/\/www.jbt.hu\/wordpress\/gepkes\/wp-json\/wp\/v2\/media?parent=135"}],"curies":[{"name":"wp","href":"https:\/\/api.w.org\/{rel}","templated":true}]}}