{"id":130,"date":"2019-07-28T15:48:27","date_gmt":"2019-07-28T15:48:27","guid":{"rendered":"http:\/\/www.jbt.hu\/wordpress\/gepkes\/?page_id=130"},"modified":"2019-11-25T13:03:34","modified_gmt":"2019-11-25T13:03:34","slug":"vagohidi-gepkesek","status":"publish","type":"page","link":"http:\/\/www.jbt.hu\/wordpress\/gepkes\/vagohidi-gepkesek\/","title":{"rendered":"V\u00e1g\u00f3h\u00eddi g\u00e9pk\u00e9sek"},"content":{"rendered":"\n<div class=\"wp-block-image\"><figure class=\"alignleft size-large\"><img decoding=\"async\" loading=\"lazy\" width=\"320\" height=\"240\" src=\"http:\/\/www.jbt.hu\/wordpress\/gepkes\/wp-content\/uploads\/sites\/4\/2019\/11\/Schlachthaus.png\" alt=\"\" class=\"wp-image-617\" srcset=\"http:\/\/www.jbt.hu\/wordpress\/gepkes\/wp-content\/uploads\/sites\/4\/2019\/11\/Schlachthaus.png 320w, http:\/\/www.jbt.hu\/wordpress\/gepkes\/wp-content\/uploads\/sites\/4\/2019\/11\/Schlachthaus-300x225.png 300w\" sizes=\"(max-width: 320px) 100vw, 320px\" \/><\/figure><\/div>\n\n\n\n<p>Aj\u00e1nlatunk sz\u00e9lesk\u00f6r\u0171, k\u00f6rf\u0171r\u00e9szlapok, v\u00e9rv\u00e9teln\u00e9l \u00e9s sert\u00e9shas\u00edt\u00e1sn\u00e1l haszn\u00e1latos g\u00e9pk\u00e9sekt\u0151l a l\u00e1b &#8211; \u00e9s szarvcs\u00edp\u0151 oll\u00f3s-k\u00e9sekt\u0151l a sz\u00e1rnyas \u00e1llat v\u00e1g\u00f3hidak k\u00f6rk\u00e9sein \u00e1t a v\u00e9gb\u00e9l kiv\u00e1g\u00f3k\u00e9sekig terjed.<br><br>A k\u00e9sek terhel\u00e9s\u00e9nek megfelel\u0151en nagy \u00e9rt\u00e9k\u0171, els\u0151sorban rozsda\u00e1ll\u00f3 alapanyagok felhaszn\u00e1l\u00e1s\u00e1val k\u00e9sz\u00fclnek.  Sz\u00e1ll\u00edt\u00e1si programunkba olyan neves berendez\u00e9sgy\u00e1rt\u00f3k g\u00e9peihez k\u00e9sek is beletartoznak, mint DURAND, EFA, ENTEN, MEYN, JARVIS, MEYN, stb. de minta vagy rajz ut\u00e1ni gy\u00e1rt\u00e1st is v\u00e1llalunk. <br><\/p>\n","protected":false},"excerpt":{"rendered":"<p>Aj\u00e1nlatunk sz\u00e9lesk\u00f6r\u0171, k\u00f6rf\u0171r\u00e9szlapok, v\u00e9rv\u00e9teln\u00e9l \u00e9s sert\u00e9shas\u00edt\u00e1sn\u00e1l haszn\u00e1latos g\u00e9pk\u00e9sekt\u0151l a l\u00e1b &#8211; \u00e9s szarvcs\u00edp\u0151 oll\u00f3s-k\u00e9sekt\u0151l a sz\u00e1rnyas \u00e1llat v\u00e1g\u00f3hidak k\u00f6rk\u00e9sein \u00e1t a v\u00e9gb\u00e9l kiv\u00e1g\u00f3k\u00e9sekig terjed. A k\u00e9sek terhel\u00e9s\u00e9nek megfelel\u0151en nagy \u00e9rt\u00e9k\u0171, els\u0151sorban rozsda\u00e1ll\u00f3 alapanyagok felhaszn\u00e1l\u00e1s\u00e1val k\u00e9sz\u00fclnek. Sz\u00e1ll\u00edt\u00e1si programunkba olyan neves berendez\u00e9sgy\u00e1rt\u00f3k g\u00e9peihez k\u00e9sek is beletartoznak, mint DURAND, EFA, ENTEN, MEYN, JARVIS, <a href=\"http:\/\/www.jbt.hu\/wordpress\/gepkes\/vagohidi-gepkesek\/\" class=\"more-link\">Read More<\/a><\/p>\n","protected":false},"author":1,"featured_media":0,"parent":0,"menu_order":0,"comment_status":"closed","ping_status":"closed","template":"","meta":[],"aioseo_notices":[],"_links":{"self":[{"href":"http:\/\/www.jbt.hu\/wordpress\/gepkes\/wp-json\/wp\/v2\/pages\/130"}],"collection":[{"href":"http:\/\/www.jbt.hu\/wordpress\/gepkes\/wp-json\/wp\/v2\/pages"}],"about":[{"href":"http:\/\/www.jbt.hu\/wordpress\/gepkes\/wp-json\/wp\/v2\/types\/page"}],"author":[{"embeddable":true,"href":"http:\/\/www.jbt.hu\/wordpress\/gepkes\/wp-json\/wp\/v2\/users\/1"}],"replies":[{"embeddable":true,"href":"http:\/\/www.jbt.hu\/wordpress\/gepkes\/wp-json\/wp\/v2\/comments?post=130"}],"version-history":[{"count":5,"href":"http:\/\/www.jbt.hu\/wordpress\/gepkes\/wp-json\/wp\/v2\/pages\/130\/revisions"}],"predecessor-version":[{"id":646,"href":"http:\/\/www.jbt.hu\/wordpress\/gepkes\/wp-json\/wp\/v2\/pages\/130\/revisions\/646"}],"wp:attachment":[{"href":"http:\/\/www.jbt.hu\/wordpress\/gepkes\/wp-json\/wp\/v2\/media?parent=130"}],"curies":[{"name":"wp","href":"https:\/\/api.w.org\/{rel}","templated":true}]}}