{"id":105,"date":"2019-07-28T15:33:35","date_gmt":"2019-07-28T15:33:35","guid":{"rendered":"http:\/\/www.jbt.hu\/wordpress\/gepkes\/?page_id=105"},"modified":"2019-07-28T15:44:44","modified_gmt":"2019-07-28T15:44:44","slug":"szalagfureszlapok-es-vagoszalagok","status":"publish","type":"page","link":"http:\/\/www.jbt.hu\/wordpress\/gepkes\/szalagfureszlapok-es-vagoszalagok\/","title":{"rendered":"Szalagf\u0171r\u00e9szlapok \u00e9s v\u00e1g\u00f3szalagok"},"content":{"rendered":"\n<p>\n\nAz \u00e1ltalunk k\u00e9pviselt n\u00e9met c\u00e9g s\u00fct\u0151ipari term\u00e9kekhez haszn\u00e1latos fogazott v\u00e1g\u00f3szalagok gy\u00e1rt\u00f3ja.<br>Minden hosszm\u00e9retben \u00e9s t\u00f6bbf\u00e9le vastags\u00e1ggal is sz\u00e1ll\u00edtani tudjuk a szalagf\u0171r\u00e9szlapokat.\n\n<\/p>\n\n\n\n<div class=\"wp-block-image\"><figure class=\"alignleft\"><img decoding=\"async\" loading=\"lazy\" width=\"161\" height=\"41\" src=\"http:\/\/www.jbt.hu\/wordpress\/gepkes\/wp-content\/uploads\/sites\/4\/2019\/07\/fogvagsut.jpg\" alt=\"\" class=\"wp-image-106\"\/><figcaption><strong>Fogazott v\u00e1g\u00f3szalagok s\u00fct\u0151ipari term\u00e9kekhez <\/strong><\/figcaption><\/figure><\/div>\n\n\n\n<div class=\"wp-block-image\"><figure class=\"alignleft\"><img decoding=\"async\" loading=\"lazy\" width=\"161\" height=\"124\" src=\"http:\/\/www.jbt.hu\/wordpress\/gepkes\/wp-content\/uploads\/sites\/4\/2019\/07\/szalfurhusfel.jpg\" alt=\"\" class=\"wp-image-112\"\/><figcaption><strong> Szalagf\u0171r\u00e9szlapok h\u00fasfeldolgoz\u00e1shoz<\/strong> <\/figcaption><\/figure><\/div>\n\n\n\n<div class=\"wp-block-image\"><figure class=\"alignleft\"><img decoding=\"async\" loading=\"lazy\" width=\"161\" height=\"78\" src=\"http:\/\/www.jbt.hu\/wordpress\/gepkes\/wp-content\/uploads\/sites\/4\/2019\/07\/vagsajtterm.jpg\" alt=\"\" class=\"wp-image-115\"\/><figcaption> <strong>V\u00e1g\u00f3szalagok sajt term\u00e9kekhez <\/strong><\/figcaption><\/figure><\/div>\n\n\n\n<hr class=\"wp-block-separator\"\/>\n\n\n\n<h6> Szalagf\u0171r\u00e9szlapok, friss \u00e9s fagyasztott vagy csontos h\u00fasokhoz: <\/h6>\n\n\n\n<figure class=\"wp-block-image\"><img decoding=\"async\" loading=\"lazy\" width=\"348\" height=\"93\" src=\"http:\/\/www.jbt.hu\/wordpress\/gepkes\/wp-content\/uploads\/sites\/4\/2019\/07\/szalfurhusvaltnelk.jpg\" alt=\"\" class=\"wp-image-120\" srcset=\"http:\/\/www.jbt.hu\/wordpress\/gepkes\/wp-content\/uploads\/sites\/4\/2019\/07\/szalfurhusvaltnelk.jpg 348w, http:\/\/www.jbt.hu\/wordpress\/gepkes\/wp-content\/uploads\/sites\/4\/2019\/07\/szalfurhusvaltnelk-300x80.jpg 300w\" sizes=\"(max-width: 348px) 100vw, 348px\" \/><figcaption><strong> Szalagf\u0171r\u00e9szlap, v\u00e1ltakoz\u00f3 fogaz\u00e1s n\u00e9lk\u00fcl, edzett ac\u00e9lb\u00f3l, friss, fagyasztott \u00e9s csontos h\u00fasokhoz. X = fogt\u00e1vols\u00e1g Z = sz\u00e9less\u00e9g<\/strong><\/figcaption><\/figure>\n\n\n\n<figure class=\"wp-block-image\"><img decoding=\"async\" loading=\"lazy\" width=\"338\" height=\"80\" src=\"http:\/\/www.jbt.hu\/wordpress\/gepkes\/wp-content\/uploads\/sites\/4\/2019\/07\/szalfurhusvalt.jpg\" alt=\"\" class=\"wp-image-121\" srcset=\"http:\/\/www.jbt.hu\/wordpress\/gepkes\/wp-content\/uploads\/sites\/4\/2019\/07\/szalfurhusvalt.jpg 338w, http:\/\/www.jbt.hu\/wordpress\/gepkes\/wp-content\/uploads\/sites\/4\/2019\/07\/szalfurhusvalt-300x71.jpg 300w\" sizes=\"(max-width: 338px) 100vw, 338px\" \/><figcaption><strong> Szalagf\u0171r\u00e9szlap, v\u00e1ltakoz\u00f3 fogaz\u00e1ssal, edzett ac\u00e9lb\u00f3l, darabol\u00e1shoz. X = fogt\u00e1vols\u00e1g Z = sz\u00e9less\u00e9g <\/strong><\/figcaption><\/figure>\n\n\n\n<hr class=\"wp-block-separator\"\/>\n\n\n\n<div class=\"wp-block-image\"><figure class=\"aligncenter\"><img decoding=\"async\" loading=\"lazy\" width=\"523\" height=\"331\" src=\"http:\/\/www.jbt.hu\/wordpress\/gepkes\/wp-content\/uploads\/sites\/4\/2019\/07\/szalfurhusvalttabl.jpg\" alt=\"\" class=\"wp-image-126\" srcset=\"http:\/\/www.jbt.hu\/wordpress\/gepkes\/wp-content\/uploads\/sites\/4\/2019\/07\/szalfurhusvalttabl.jpg 523w, http:\/\/www.jbt.hu\/wordpress\/gepkes\/wp-content\/uploads\/sites\/4\/2019\/07\/szalfurhusvalttabl-300x190.jpg 300w\" sizes=\"(max-width: 523px) 100vw, 523px\" \/><figcaption> <strong>B\u00e1rmilyen szalagf\u0171r\u00e9szg\u00e9phez, mint pl. EFA, Freund, Jarvis, Reich, Bizerba, Bertram&amp;Graf, Mainka, Selecta, Mado, Kolbe, Best&amp;Donovan, Kentmaster \u2026 stb\u2026. <\/strong><\/figcaption><\/figure><\/div>\n","protected":false},"excerpt":{"rendered":"<p>Az \u00e1ltalunk k\u00e9pviselt n\u00e9met c\u00e9g s\u00fct\u0151ipari term\u00e9kekhez haszn\u00e1latos fogazott v\u00e1g\u00f3szalagok gy\u00e1rt\u00f3ja.Minden hosszm\u00e9retben \u00e9s t\u00f6bbf\u00e9le vastags\u00e1ggal is sz\u00e1ll\u00edtani tudjuk a szalagf\u0171r\u00e9szlapokat. Szalagf\u0171r\u00e9szlapok, friss \u00e9s fagyasztott vagy csontos h\u00fasokhoz:<\/p>\n","protected":false},"author":1,"featured_media":0,"parent":0,"menu_order":0,"comment_status":"closed","ping_status":"closed","template":"","meta":[],"aioseo_notices":[],"_links":{"self":[{"href":"http:\/\/www.jbt.hu\/wordpress\/gepkes\/wp-json\/wp\/v2\/pages\/105"}],"collection":[{"href":"http:\/\/www.jbt.hu\/wordpress\/gepkes\/wp-json\/wp\/v2\/pages"}],"about":[{"href":"http:\/\/www.jbt.hu\/wordpress\/gepkes\/wp-json\/wp\/v2\/types\/page"}],"author":[{"embeddable":true,"href":"http:\/\/www.jbt.hu\/wordpress\/gepkes\/wp-json\/wp\/v2\/users\/1"}],"replies":[{"embeddable":true,"href":"http:\/\/www.jbt.hu\/wordpress\/gepkes\/wp-json\/wp\/v2\/comments?post=105"}],"version-history":[{"count":10,"href":"http:\/\/www.jbt.hu\/wordpress\/gepkes\/wp-json\/wp\/v2\/pages\/105\/revisions"}],"predecessor-version":[{"id":128,"href":"http:\/\/www.jbt.hu\/wordpress\/gepkes\/wp-json\/wp\/v2\/pages\/105\/revisions\/128"}],"wp:attachment":[{"href":"http:\/\/www.jbt.hu\/wordpress\/gepkes\/wp-json\/wp\/v2\/media?parent=105"}],"curies":[{"name":"wp","href":"https:\/\/api.w.org\/{rel}","templated":true}]}}