{"id":101,"date":"2019-07-28T15:30:29","date_gmt":"2019-07-28T15:30:29","guid":{"rendered":"http:\/\/www.jbt.hu\/wordpress\/gepkes\/?page_id=101"},"modified":"2019-11-25T13:04:12","modified_gmt":"2019-11-25T13:04:12","slug":"pactuk","status":"publish","type":"page","link":"http:\/\/www.jbt.hu\/wordpress\/gepkes\/pactuk\/","title":{"rendered":"P\u00e1ct\u0171k"},"content":{"rendered":"\t\t<div data-elementor-type=\"wp-page\" data-elementor-id=\"101\" class=\"elementor elementor-101\">\n\t\t\t\t\t\t<div class=\"elementor-inner\">\n\t\t\t\t<div class=\"elementor-section-wrap\">\n\t\t\t\t\t\t\t\t\t<section class=\"elementor-section elementor-top-section elementor-element elementor-element-65fa535 elementor-section-boxed elementor-section-height-default elementor-section-height-default\" data-id=\"65fa535\" data-element_type=\"section\">\n\t\t\t\t\t\t<div class=\"elementor-container elementor-column-gap-default\">\n\t\t\t\t\t\t\t<div class=\"elementor-row\">\n\t\t\t\t\t<div class=\"elementor-column elementor-col-50 elementor-top-column elementor-element elementor-element-ce4a6c0\" data-id=\"ce4a6c0\" data-element_type=\"column\">\n\t\t\t<div class=\"elementor-column-wrap elementor-element-populated\">\n\t\t\t\t\t\t\t<div class=\"elementor-widget-wrap\">\n\t\t\t\t\t\t<div class=\"elementor-element elementor-element-e093d84 elementor-widget elementor-widget-image\" data-id=\"e093d84\" data-element_type=\"widget\" data-widget_type=\"image.default\">\n\t\t\t\t<div class=\"elementor-widget-container\">\n\t\t\t\t\t\t\t\t<div class=\"elementor-image\">\n\t\t\t\t\t\t\t\t\t\t\t\t<img decoding=\"async\" width=\"320\" height=\"240\" src=\"http:\/\/www.jbt.hu\/wordpress\/gepkes\/wp-content\/uploads\/sites\/4\/2019\/11\/Injektor_1.png\" class=\"attachment-large size-large\" alt=\"\" loading=\"lazy\" srcset=\"http:\/\/www.jbt.hu\/wordpress\/gepkes\/wp-content\/uploads\/sites\/4\/2019\/11\/Injektor_1.png 320w, http:\/\/www.jbt.hu\/wordpress\/gepkes\/wp-content\/uploads\/sites\/4\/2019\/11\/Injektor_1-300x225.png 300w\" sizes=\"(max-width: 320px) 100vw, 320px\" \/>\t\t\t\t\t\t\t\t\t\t\t\t\t\t<\/div>\n\t\t\t\t\t\t<\/div>\n\t\t\t\t<\/div>\n\t\t\t\t\t\t<\/div>\n\t\t\t\t\t<\/div>\n\t\t<\/div>\n\t\t\t\t<div class=\"elementor-column elementor-col-50 elementor-top-column elementor-element elementor-element-268ab72a\" data-id=\"268ab72a\" data-element_type=\"column\">\n\t\t\t<div class=\"elementor-column-wrap elementor-element-populated\">\n\t\t\t\t\t\t\t<div class=\"elementor-widget-wrap\">\n\t\t\t\t\t\t<div class=\"elementor-element elementor-element-7fba9f3a elementor-widget elementor-widget-text-editor\" data-id=\"7fba9f3a\" data-element_type=\"widget\" data-widget_type=\"text-editor.default\">\n\t\t\t\t<div class=\"elementor-widget-container\">\n\t\t\t\t\t\t\t\t<div class=\"elementor-text-editor elementor-clearfix\">\n\t\t\t\t<p><!-- wp:image {\"align\":\"left\",\"id\":615,\"sizeSlug\":\"large\"} --><\/p>\n<div class=\"wp-block-image\">\u00a0<\/div>\n<p><!-- \/wp:image --><!-- wp:paragraph --><\/p>\n<p>A legk\u00fcl\u00f6nb\u00f6z\u0151bb kivitelekben, cs\u0151\u00e1tm\u00e9r\u0151kkel \u00e9s t\u0171cs\u00facs kialak\u00edt\u00e1ssal, P\u00e1cl\u00e9 be &#8211; \u00e9s kivezet\u0151 furatokkal tov\u00e1bb\u00e1 csatlakoz\u00f3 k\u00f6zdarabokkal.<\/p>\n<p><!-- \/wp:paragraph --><!-- wp:paragraph --><\/p>\n<p>\u00a0<\/p>\n<p><!-- \/wp:paragraph --><\/p>\t\t\t\t\t<\/div>\n\t\t\t\t\t\t<\/div>\n\t\t\t\t<\/div>\n\t\t\t\t\t\t<\/div>\n\t\t\t\t\t<\/div>\n\t\t<\/div>\n\t\t\t\t\t\t\t\t<\/div>\n\t\t\t\t\t<\/div>\n\t\t<\/section>\n\t\t\t\t<section class=\"elementor-section elementor-top-section elementor-element elementor-element-1a963c0 elementor-section-boxed elementor-section-height-default elementor-section-height-default\" data-id=\"1a963c0\" data-element_type=\"section\">\n\t\t\t\t\t\t<div class=\"elementor-container elementor-column-gap-default\">\n\t\t\t\t\t\t\t<div class=\"elementor-row\">\n\t\t\t\t\t<div class=\"elementor-column elementor-col-100 elementor-top-column elementor-element elementor-element-31a9814\" data-id=\"31a9814\" data-element_type=\"column\">\n\t\t\t<div class=\"elementor-column-wrap elementor-element-populated\">\n\t\t\t\t\t\t\t<div class=\"elementor-widget-wrap\">\n\t\t\t\t\t\t<div class=\"elementor-element elementor-element-307aca1 elementor-widget elementor-widget-text-editor\" data-id=\"307aca1\" data-element_type=\"widget\" data-widget_type=\"text-editor.default\">\n\t\t\t\t<div class=\"elementor-widget-container\">\n\t\t\t\t\t\t\t\t<div class=\"elementor-text-editor elementor-clearfix\">\n\t\t\t\t<p>P\u00e1ct\u0171k pl. olyan ismert p\u00e1col\u00f3g\u00e9p t\u00edpusokhoz, mint:<\/p>\n<ul>\n<li>ANCO,<\/li>\n<li>BELAM,<\/li>\n<li>DORIT,<\/li>\n<li>FOMACO,<\/li>\n<li>GAROS,<\/li>\n<li>GLOBUS \/ INJECTSTAR,<\/li>\n<li>G\u00dcNTHER,<\/li>\n<li>KAUFLER,<\/li>\n<li>KOCH<\/li>\n<li>KSI,<\/li>\n<li>LUTETIA,<\/li>\n<li>LYNGGAARD,<\/li>\n<li>MEPSCO,<\/li>\n<li>METALQUIMA,<\/li>\n<li>P\u00d6KOMAT,<\/li>\n<li>PROTECON,<\/li>\n<li>R\u00dcHLE,<\/li>\n<li>SCHR\u00d6DER,<\/li>\n<li>SUHNER,<\/li>\n<li>TOWNSEND<\/li>\n<\/ul>\n<p>\u00e9pp\u00fagy sz\u00e1ll\u00edthat\u00f3k, mint az \u00fcgyf\u00e9l k\u00edv\u00e1ns\u00e1ga szerinti k\u00fcl\u00f6nleges kivitelek.<\/p>\t\t\t\t\t<\/div>\n\t\t\t\t\t\t<\/div>\n\t\t\t\t<\/div>\n\t\t\t\t\t\t<\/div>\n\t\t\t\t\t<\/div>\n\t\t<\/div>\n\t\t\t\t\t\t\t\t<\/div>\n\t\t\t\t\t<\/div>\n\t\t<\/section>\n\t\t\t\t\t\t\t\t\t<\/div>\n\t\t\t<\/div>\n\t\t\t\t\t<\/div>\n\t\t","protected":false},"excerpt":{"rendered":"<p>A legk\u00fcl\u00f6nb\u00f6z\u0151bb kivitelekben, cs\u0151\u00e1tm\u00e9r\u0151kkel \u00e9s t\u0171cs\u00facs kialak\u00edt\u00e1ssal, P\u00e1cl\u00e9 be &#8211; \u00e9s kivezet\u0151 furatokkal tov\u00e1bb\u00e1 csatlakoz\u00f3 k\u00f6zdarabokkal. \u00a0 P\u00e1ct\u0171k pl. olyan ismert p\u00e1col\u00f3g\u00e9p t\u00edpusokhoz, mint: ANCO, BELAM, DORIT, FOMACO, GAROS, GLOBUS \/ INJECTSTAR, G\u00dcNTHER, KAUFLER, KOCH KSI, LUTETIA, LYNGGAARD, MEPSCO, METALQUIMA, P\u00d6KOMAT, PROTECON, R\u00dcHLE, SCHR\u00d6DER, SUHNER, TOWNSEND \u00e9pp\u00fagy sz\u00e1ll\u00edthat\u00f3k, mint az <a href=\"http:\/\/www.jbt.hu\/wordpress\/gepkes\/pactuk\/\" class=\"more-link\">Read More<\/a><\/p>\n","protected":false},"author":1,"featured_media":0,"parent":0,"menu_order":0,"comment_status":"closed","ping_status":"closed","template":"","meta":[],"aioseo_notices":[],"_links":{"self":[{"href":"http:\/\/www.jbt.hu\/wordpress\/gepkes\/wp-json\/wp\/v2\/pages\/101"}],"collection":[{"href":"http:\/\/www.jbt.hu\/wordpress\/gepkes\/wp-json\/wp\/v2\/pages"}],"about":[{"href":"http:\/\/www.jbt.hu\/wordpress\/gepkes\/wp-json\/wp\/v2\/types\/page"}],"author":[{"embeddable":true,"href":"http:\/\/www.jbt.hu\/wordpress\/gepkes\/wp-json\/wp\/v2\/users\/1"}],"replies":[{"embeddable":true,"href":"http:\/\/www.jbt.hu\/wordpress\/gepkes\/wp-json\/wp\/v2\/comments?post=101"}],"version-history":[{"count":8,"href":"http:\/\/www.jbt.hu\/wordpress\/gepkes\/wp-json\/wp\/v2\/pages\/101\/revisions"}],"predecessor-version":[{"id":647,"href":"http:\/\/www.jbt.hu\/wordpress\/gepkes\/wp-json\/wp\/v2\/pages\/101\/revisions\/647"}],"wp:attachment":[{"href":"http:\/\/www.jbt.hu\/wordpress\/gepkes\/wp-json\/wp\/v2\/media?parent=101"}],"curies":[{"name":"wp","href":"https:\/\/api.w.org\/{rel}","templated":true}]}}