{"id":799,"date":"2019-09-20T13:51:34","date_gmt":"2019-09-20T13:51:34","guid":{"rendered":"http:\/\/www.jbt.hu\/wordpress\/foliahegesztok\/?page_id=799"},"modified":"2020-05-17T10:42:09","modified_gmt":"2020-05-17T10:42:09","slug":"elektromagneses-vertikalis-asztali-foliahegeszto-elektronikus-vezerlessel","status":"publish","type":"page","link":"http:\/\/www.jbt.hu\/wordpress\/foliahegesztok\/elektromagneses-vertikalis-asztali-foliahegeszto-elektronikus-vezerlessel\/","title":{"rendered":"Elektrom\u00e1gneses vertik\u00e1lis asztali f\u00f3liahegeszt\u0151 digit\u00e1lis vez\u00e9rl\u00e9ssel"},"content":{"rendered":"\t\t<div data-elementor-type=\"wp-page\" data-elementor-id=\"799\" class=\"elementor elementor-799\">\n\t\t\t\t\t\t<div class=\"elementor-inner\">\n\t\t\t\t<div class=\"elementor-section-wrap\">\n\t\t\t\t\t\t\t\t\t<section class=\"elementor-section elementor-top-section elementor-element elementor-element-0de47d3 elementor-section-boxed elementor-section-height-default elementor-section-height-default\" data-id=\"0de47d3\" data-element_type=\"section\">\n\t\t\t\t\t\t<div class=\"elementor-container elementor-column-gap-default\">\n\t\t\t\t\t\t\t<div class=\"elementor-row\">\n\t\t\t\t\t<div class=\"elementor-column elementor-col-50 elementor-top-column elementor-element elementor-element-dee8f2c\" data-id=\"dee8f2c\" data-element_type=\"column\">\n\t\t\t<div class=\"elementor-column-wrap elementor-element-populated\">\n\t\t\t\t\t\t\t<div class=\"elementor-widget-wrap\">\n\t\t\t\t\t\t<div class=\"elementor-element elementor-element-6d6a17e elementor-widget elementor-widget-text-editor\" data-id=\"6d6a17e\" data-element_type=\"widget\" data-widget_type=\"text-editor.default\">\n\t\t\t\t<div class=\"elementor-widget-container\">\n\t\t\t\t\t\t\t\t<div class=\"elementor-text-editor elementor-clearfix\">\n\t\t\t\t<p>Intelligens hegeszt\u00e9s a polystar\u00ae elektronik\u00e1val<\/p><p>Egy j\u00f3l bev\u00e1lt koncepci\u00f3, k\u00f6vetkezetesen fejleszve: a h\u0151impulzusos elj\u00e1r\u00e1st elektronikus polystar\u00ae h\u0151m\u00e9rs\u00e9kletszab\u00e1lyoz\u00f3val kombin\u00e1lt\u00e1k. Fel\u00fcgyelt hegeszt\u00e9si folyamatok \u00e9s \u00e1lland\u00f3 varratmin\u0151s\u00e9g az els\u0151t\u0151l az utols\u00f3 hegeszt\u00e9sig.<\/p><p style=\"text-align: center;\"><strong>\u00a0<\/strong><\/p>\t\t\t\t\t<\/div>\n\t\t\t\t\t\t<\/div>\n\t\t\t\t<\/div>\n\t\t\t\t\t\t<\/div>\n\t\t\t\t\t<\/div>\n\t\t<\/div>\n\t\t\t\t<div class=\"elementor-column elementor-col-50 elementor-top-column elementor-element elementor-element-0ef082d\" data-id=\"0ef082d\" data-element_type=\"column\">\n\t\t\t<div class=\"elementor-column-wrap elementor-element-populated\">\n\t\t\t\t\t\t\t<div class=\"elementor-widget-wrap\">\n\t\t\t\t\t\t<div class=\"elementor-element elementor-element-4c919dd elementor-aspect-ratio-169 elementor-widget elementor-widget-video\" data-id=\"4c919dd\" data-element_type=\"widget\" data-settings=\"{&quot;youtube_url&quot;:&quot;https:\\\/\\\/youtu.be\\\/2pLgQ10PgO0&quot;,&quot;autoplay&quot;:&quot;yes&quot;,&quot;mute&quot;:&quot;yes&quot;,&quot;loop&quot;:&quot;yes&quot;,&quot;video_type&quot;:&quot;youtube&quot;,&quot;controls&quot;:&quot;yes&quot;,&quot;aspect_ratio&quot;:&quot;169&quot;}\" data-widget_type=\"video.default\">\n\t\t\t\t<div class=\"elementor-widget-container\">\n\t\t\t\t\t<div class=\"elementor-wrapper elementor-fit-aspect-ratio elementor-open-inline\">\n\t\t\t<div class=\"elementor-video\"><\/div>\t\t<\/div>\n\t\t\t\t<\/div>\n\t\t\t\t<\/div>\n\t\t\t\t\t\t<\/div>\n\t\t\t\t\t<\/div>\n\t\t<\/div>\n\t\t\t\t\t\t\t\t<\/div>\n\t\t\t\t\t<\/div>\n\t\t<\/section>\n\t\t\t\t<section class=\"elementor-section elementor-top-section elementor-element elementor-element-cd4af06 elementor-section-boxed elementor-section-height-default elementor-section-height-default\" data-id=\"cd4af06\" data-element_type=\"section\">\n\t\t\t\t\t\t<div class=\"elementor-container elementor-column-gap-default\">\n\t\t\t\t\t\t\t<div class=\"elementor-row\">\n\t\t\t\t\t<div class=\"elementor-column elementor-col-100 elementor-top-column elementor-element elementor-element-605b157\" data-id=\"605b157\" data-element_type=\"column\">\n\t\t\t<div class=\"elementor-column-wrap elementor-element-populated\">\n\t\t\t\t\t\t\t<div class=\"elementor-widget-wrap\">\n\t\t\t\t\t\t<div class=\"elementor-element elementor-element-df040d7 elementor-widget elementor-widget-text-editor\" data-id=\"df040d7\" data-element_type=\"widget\" data-widget_type=\"text-editor.default\">\n\t\t\t\t<div class=\"elementor-widget-container\">\n\t\t\t\t\t\t\t\t<div class=\"elementor-text-editor elementor-clearfix\">\n\t\t\t\t<p>A polystar\u00ae m\u00e1gneses asztali f\u00f3liahegeszt\u0151 g\u00e9pek a h\u0151impulzusos m\u00f3dszer szerint m\u0171k\u00f6dnek, azonnal haszn\u00e1latra k\u00e9szek. A lehet\u0151 legegyszer\u0171bb m\u0171velettel betan\u00edt\u00e1si id\u0151 n\u00e9lk\u00fcl hegeszthet. Egyszer\u0171en \u00e1ll\u00edtsa be a h\u0151m\u00e9rs\u00e9klet, a hegeszt\u00e9s \u00e9s a h\u0171t\u00e9si id\u0151 hegeszt\u00e9si param\u00e9tereit a membr\u00e1n billenty\u0171zet seg\u00edts\u00e9g\u00e9vel. Az elektronikus h\u0151m\u00e9rs\u00e9klet szab\u00e1lyoz\u00e1s marad\u00e9k h\u0151\u00e9rz\u00e9kel\u00e9ssel \u00e9s a tizedm\u00e1sodperc pontoss\u00e1g\u00fa hegeszt\u00e9si \u00e9s h\u0171t\u00e9si id\u0151 garant\u00e1lja az optim\u00e1lis hegeszt\u00e9si eredm\u00e9nyeket.<\/p>\t\t\t\t\t<\/div>\n\t\t\t\t\t\t<\/div>\n\t\t\t\t<\/div>\n\t\t\t\t\t\t<\/div>\n\t\t\t\t\t<\/div>\n\t\t<\/div>\n\t\t\t\t\t\t\t\t<\/div>\n\t\t\t\t\t<\/div>\n\t\t<\/section>\n\t\t\t\t<section class=\"elementor-section elementor-top-section elementor-element elementor-element-3f9c82f elementor-section-boxed elementor-section-height-default elementor-section-height-default\" data-id=\"3f9c82f\" data-element_type=\"section\">\n\t\t\t\t\t\t<div class=\"elementor-container elementor-column-gap-default\">\n\t\t\t\t\t\t\t<div class=\"elementor-row\">\n\t\t\t\t\t<div class=\"elementor-column elementor-col-50 elementor-top-column elementor-element elementor-element-709ce35\" data-id=\"709ce35\" data-element_type=\"column\">\n\t\t\t<div class=\"elementor-column-wrap elementor-element-populated\">\n\t\t\t\t\t\t\t<div class=\"elementor-widget-wrap\">\n\t\t\t\t\t\t<div class=\"elementor-element elementor-element-991f1ae elementor-widget elementor-widget-text-editor\" data-id=\"991f1ae\" data-element_type=\"widget\" data-widget_type=\"text-editor.default\">\n\t\t\t\t<div class=\"elementor-widget-container\">\n\t\t\t\t\t\t\t\t<div class=\"elementor-text-editor elementor-clearfix\">\n\t\t\t\t<p><strong>M \u00e9s HM sorozatunk m\u0171szaki tov\u00e1bbfejleszt\u00e9s\u00e9t az elektronika ter\u00fclet\u00e9n hajtottuk v\u00e9gre:<\/strong><\/p><ul><li>K\u00f6nny\u0171 kezelhet\u0151s\u00e9g f\u00f3lia billenty\u0171zettel<\/li><li>V\u00e1lassza ki a h\u0151m\u00e9rs\u00e9kletet a k\u00edv\u00e1nt m\u00e9rt\u00e9kben<\/li><li>A hegeszt\u00e9si \u00e9s h\u0171t\u00e9si id\u0151 tizedm\u00e1sodperc pontoss\u00e1ggal be\u00e1ll\u00edthat\u00f3<\/li><li>Automatikus maradv\u00e1nyh\u0151 \u00e9rz\u00e9kel\u00e9s<\/li><li>Be\u00e9p\u00edtett darabsz\u00e1ml\u00e1l\u00f3, mem\u00f3riafunkci\u00f3 max. 12 k\u00fcl\u00f6nb\u00f6z\u0151 f\u00f3li\u00e1hoz<\/li><li>Kezel\u0151i k\u00f3d<\/li><li>Stop \u00e9s hiba funkci\u00f3<\/li><\/ul>\t\t\t\t\t<\/div>\n\t\t\t\t\t\t<\/div>\n\t\t\t\t<\/div>\n\t\t\t\t\t\t<\/div>\n\t\t\t\t\t<\/div>\n\t\t<\/div>\n\t\t\t\t<div class=\"elementor-column elementor-col-50 elementor-top-column elementor-element elementor-element-3887ac5\" data-id=\"3887ac5\" data-element_type=\"column\">\n\t\t\t<div class=\"elementor-column-wrap elementor-element-populated\">\n\t\t\t\t\t\t\t<div class=\"elementor-widget-wrap\">\n\t\t\t\t\t\t<div class=\"elementor-element elementor-element-7d52688 elementor-arrows-position-inside elementor-pagination-position-outside elementor-widget elementor-widget-image-carousel\" data-id=\"7d52688\" data-element_type=\"widget\" data-settings=\"{&quot;slides_to_show&quot;:&quot;1&quot;,&quot;navigation&quot;:&quot;both&quot;,&quot;autoplay&quot;:&quot;yes&quot;,&quot;pause_on_hover&quot;:&quot;yes&quot;,&quot;pause_on_interaction&quot;:&quot;yes&quot;,&quot;autoplay_speed&quot;:5000,&quot;infinite&quot;:&quot;yes&quot;,&quot;effect&quot;:&quot;slide&quot;,&quot;speed&quot;:500}\" data-widget_type=\"image-carousel.default\">\n\t\t\t\t<div class=\"elementor-widget-container\">\n\t\t\t\t\t<div class=\"elementor-image-carousel-wrapper swiper-container\" dir=\"ltr\">\n\t\t\t<div class=\"elementor-image-carousel swiper-wrapper\">\n\t\t\t\t\t\t\t\t<div class=\"swiper-slide\"><a data-elementor-open-lightbox=\"yes\" data-elementor-lightbox-slideshow=\"7d52688\" data-elementor-lightbox-title=\"413M\" e-action-hash=\"#elementor-action%3Aaction%3Dlightbox%26settings%3DeyJpZCI6MTI1NSwidXJsIjoiaHR0cDpcL1wvd3d3LmpidC5odVwvd29yZHByZXNzXC9mb2xpYWhlZ2VzenRva1wvd3AtY29udGVudFwvdXBsb2Fkc1wvc2l0ZXNcLzEwXC8yMDIwXC8wMlwvNDEzTS5qcGciLCJzbGlkZXNob3ciOiI3ZDUyNjg4In0%3D\" href=\"http:\/\/www.jbt.hu\/wordpress\/foliahegesztok\/wp-content\/uploads\/sites\/10\/2020\/02\/413M.jpg\"><figure class=\"swiper-slide-inner\"><img decoding=\"async\" class=\"swiper-slide-image\" src=\"http:\/\/www.jbt.hu\/wordpress\/foliahegesztok\/wp-content\/uploads\/sites\/10\/2020\/02\/413M-300x225.jpg\" alt=\"Polystar 413 M\" \/><figcaption class=\"elementor-image-carousel-caption\">Polystar 413 M<\/figcaption><\/figure><\/a><\/div><div class=\"swiper-slide\"><a data-elementor-open-lightbox=\"yes\" data-elementor-lightbox-slideshow=\"7d52688\" data-elementor-lightbox-title=\"413M-AT-Abr\" e-action-hash=\"#elementor-action%3Aaction%3Dlightbox%26settings%3DeyJpZCI6MTI1NiwidXJsIjoiaHR0cDpcL1wvd3d3LmpidC5odVwvd29yZHByZXNzXC9mb2xpYWhlZ2VzenRva1wvd3AtY29udGVudFwvdXBsb2Fkc1wvc2l0ZXNcLzEwXC8yMDIwXC8wMlwvNDEzTS1BVC1BYnIuanBnIiwic2xpZGVzaG93IjoiN2Q1MjY4OCJ9\" href=\"http:\/\/www.jbt.hu\/wordpress\/foliahegesztok\/wp-content\/uploads\/sites\/10\/2020\/02\/413M-AT-Abr.jpg\"><figure class=\"swiper-slide-inner\"><img decoding=\"async\" class=\"swiper-slide-image\" src=\"http:\/\/www.jbt.hu\/wordpress\/foliahegesztok\/wp-content\/uploads\/sites\/10\/2020\/02\/413M-AT-Abr-300x225.jpg\" alt=\"Polystar 413 M\" \/><figcaption class=\"elementor-image-carousel-caption\">Polystar 413 M<\/figcaption><\/figure><\/a><\/div><div class=\"swiper-slide\"><a data-elementor-open-lightbox=\"yes\" data-elementor-lightbox-slideshow=\"7d52688\" data-elementor-lightbox-title=\"413M-Mag\" e-action-hash=\"#elementor-action%3Aaction%3Dlightbox%26settings%3DeyJpZCI6MTI1NywidXJsIjoiaHR0cDpcL1wvd3d3LmpidC5odVwvd29yZHByZXNzXC9mb2xpYWhlZ2VzenRva1wvd3AtY29udGVudFwvdXBsb2Fkc1wvc2l0ZXNcLzEwXC8yMDIwXC8wMlwvNDEzTS1NYWcuanBnIiwic2xpZGVzaG93IjoiN2Q1MjY4OCJ9\" href=\"http:\/\/www.jbt.hu\/wordpress\/foliahegesztok\/wp-content\/uploads\/sites\/10\/2020\/02\/413M-Mag.jpg\"><figure class=\"swiper-slide-inner\"><img decoding=\"async\" class=\"swiper-slide-image\" src=\"http:\/\/www.jbt.hu\/wordpress\/foliahegesztok\/wp-content\/uploads\/sites\/10\/2020\/02\/413M-Mag-300x225.jpg\" alt=\"Polystar 413 M\" \/><figcaption class=\"elementor-image-carousel-caption\">Polystar 413 M<\/figcaption><\/figure><\/a><\/div><div class=\"swiper-slide\"><a data-elementor-open-lightbox=\"yes\" data-elementor-lightbox-slideshow=\"7d52688\" data-elementor-lightbox-title=\"613M\" e-action-hash=\"#elementor-action%3Aaction%3Dlightbox%26settings%3DeyJpZCI6MTI1OCwidXJsIjoiaHR0cDpcL1wvd3d3LmpidC5odVwvd29yZHByZXNzXC9mb2xpYWhlZ2VzenRva1wvd3AtY29udGVudFwvdXBsb2Fkc1wvc2l0ZXNcLzEwXC8yMDIwXC8wMlwvNjEzTS5qcGciLCJzbGlkZXNob3ciOiI3ZDUyNjg4In0%3D\" href=\"http:\/\/www.jbt.hu\/wordpress\/foliahegesztok\/wp-content\/uploads\/sites\/10\/2020\/02\/613M.jpg\"><figure class=\"swiper-slide-inner\"><img decoding=\"async\" class=\"swiper-slide-image\" src=\"http:\/\/www.jbt.hu\/wordpress\/foliahegesztok\/wp-content\/uploads\/sites\/10\/2020\/02\/613M-300x225.jpg\" alt=\"Polystar 613 M\" \/><figcaption class=\"elementor-image-carousel-caption\">Polystar 613 M<\/figcaption><\/figure><\/a><\/div><div class=\"swiper-slide\"><a data-elementor-open-lightbox=\"yes\" data-elementor-lightbox-slideshow=\"7d52688\" data-elementor-lightbox-title=\"410M-Display\" e-action-hash=\"#elementor-action%3Aaction%3Dlightbox%26settings%3DeyJpZCI6MTI1NCwidXJsIjoiaHR0cDpcL1wvd3d3LmpidC5odVwvd29yZHByZXNzXC9mb2xpYWhlZ2VzenRva1wvd3AtY29udGVudFwvdXBsb2Fkc1wvc2l0ZXNcLzEwXC8yMDIwXC8wMlwvNDEwTS1EaXNwbGF5LmpwZyIsInNsaWRlc2hvdyI6IjdkNTI2ODgifQ%3D%3D\" href=\"http:\/\/www.jbt.hu\/wordpress\/foliahegesztok\/wp-content\/uploads\/sites\/10\/2020\/02\/410M-Display.jpg\"><figure class=\"swiper-slide-inner\"><img decoding=\"async\" class=\"swiper-slide-image\" src=\"http:\/\/www.jbt.hu\/wordpress\/foliahegesztok\/wp-content\/uploads\/sites\/10\/2020\/02\/410M-Display-300x225.jpg\" alt=\"Elektronikus vez\u00e9rl\u00e9s\" \/><figcaption class=\"elementor-image-carousel-caption\">Elektronikus vez\u00e9rl\u00e9s<\/figcaption><\/figure><\/a><\/div>\t\t\t<\/div>\n\t\t\t\t\t\t\t\t\t\t\t\t<div class=\"swiper-pagination\"><\/div>\n\t\t\t\t\t\t\t\t\t\t\t\t\t<div class=\"elementor-swiper-button elementor-swiper-button-prev\">\n\t\t\t\t\t\t<i aria-hidden=\"true\" class=\"eicon-chevron-left\"><\/i>\t\t\t\t\t\t<span class=\"elementor-screen-only\">El\u0151z\u0151<\/span>\n\t\t\t\t\t<\/div>\n\t\t\t\t\t<div class=\"elementor-swiper-button elementor-swiper-button-next\">\n\t\t\t\t\t\t<i aria-hidden=\"true\" class=\"eicon-chevron-right\"><\/i>\t\t\t\t\t\t<span class=\"elementor-screen-only\">K\u00f6vetkez\u0151<\/span>\n\t\t\t\t\t<\/div>\n\t\t\t\t\t\t\t\t\t<\/div>\n\t\t\t\t<\/div>\n\t\t\t\t<\/div>\n\t\t\t\t\t\t<\/div>\n\t\t\t\t\t<\/div>\n\t\t<\/div>\n\t\t\t\t\t\t\t\t<\/div>\n\t\t\t\t\t<\/div>\n\t\t<\/section>\n\t\t\t\t<section class=\"elementor-section elementor-top-section elementor-element elementor-element-20351ad elementor-section-boxed elementor-section-height-default elementor-section-height-default\" data-id=\"20351ad\" data-element_type=\"section\">\n\t\t\t\t\t\t<div class=\"elementor-container elementor-column-gap-default\">\n\t\t\t\t\t\t\t<div class=\"elementor-row\">\n\t\t\t\t\t<div class=\"elementor-column elementor-col-100 elementor-top-column elementor-element elementor-element-e1e016b\" data-id=\"e1e016b\" data-element_type=\"column\">\n\t\t\t<div class=\"elementor-column-wrap elementor-element-populated\">\n\t\t\t\t\t\t\t<div class=\"elementor-widget-wrap\">\n\t\t\t\t\t\t<div class=\"elementor-element elementor-element-11d943b elementor-widget elementor-widget-heading\" data-id=\"11d943b\" data-element_type=\"widget\" data-widget_type=\"heading.default\">\n\t\t\t\t<div class=\"elementor-widget-container\">\n\t\t\t<h5 class=\"elementor-heading-title elementor-size-default\">M\u0171szaki adatok:<\/h5>\t\t<\/div>\n\t\t\t\t<\/div>\n\t\t\t\t\t\t<\/div>\n\t\t\t\t\t<\/div>\n\t\t<\/div>\n\t\t\t\t\t\t\t\t<\/div>\n\t\t\t\t\t<\/div>\n\t\t<\/section>\n\t\t\t\t<section class=\"elementor-section elementor-top-section elementor-element elementor-element-6ccfb13 elementor-section-boxed elementor-section-height-default elementor-section-height-default\" data-id=\"6ccfb13\" data-element_type=\"section\">\n\t\t\t\t\t\t<div class=\"elementor-container elementor-column-gap-default\">\n\t\t\t\t\t\t\t<div class=\"elementor-row\">\n\t\t\t\t\t<div class=\"elementor-column elementor-col-100 elementor-top-column elementor-element elementor-element-85c904d\" data-id=\"85c904d\" data-element_type=\"column\">\n\t\t\t<div class=\"elementor-column-wrap elementor-element-populated\">\n\t\t\t\t\t\t\t<div class=\"elementor-widget-wrap\">\n\t\t\t\t\t\t<div class=\"elementor-element elementor-element-73dc2e0 elementor-widget elementor-widget-shortcode\" data-id=\"73dc2e0\" data-element_type=\"widget\" data-widget_type=\"shortcode.default\">\n\t\t\t\t<div class=\"elementor-widget-container\">\n\t\t\t\t\t<div class=\"elementor-shortcode\">\n<table id=\"tablepress-20\" class=\"tablepress tablepress-id-20\">\n<thead>\n<tr class=\"row-1 odd\">\n\t<th class=\"column-1\">&nbsp;<\/th><th class=\"column-2\">413 M<\/th><th class=\"column-3\">613 M<\/th>\n<\/tr>\n<\/thead>\n<tbody class=\"row-hover\">\n<tr class=\"row-2 even\">\n\t<td class=\"column-1\">Hegeszt\u00e9si hossz (max.)<\/td><td class=\"column-2\">400 mm<\/td><td class=\"column-3\">600 mm<\/td>\n<\/tr>\n<tr class=\"row-3 odd\">\n\t<td class=\"column-1\">Hegeszt\u00e9si sz\u00e9less\u00e9g<\/td><td class=\"column-2\">3,0 mm<\/td><td class=\"column-3\">3,0 mm<\/td>\n<\/tr>\n<tr class=\"row-4 even\">\n\t<td class=\"column-1\">F\u00f3lia \u00e1tenged\u00e9si sz\u00e9less\u00e9g<\/td><td class=\"column-2\">330 mm<\/td><td class=\"column-3\">525 mm<\/td>\n<\/tr>\n<tr class=\"row-5 odd\">\n\t<td class=\"column-1\">Hegeszt\u0151pofa ny\u00edl\u00e1s<\/td><td class=\"column-2\">15 mm<\/td><td class=\"column-3\">15 mm<\/td>\n<\/tr>\n<tr class=\"row-6 even\">\n\t<td class=\"column-1\">\u00c1ramfelv\u00e9tel<\/td><td class=\"column-2\">3,0 A<\/td><td class=\"column-3\">7,0 A<\/td>\n<\/tr>\n<tr class=\"row-7 odd\">\n\t<td class=\"column-1\">M\u00e9retek<\/td><td class=\"column-2\">565 x 310 x 160 mm<\/td><td class=\"column-3\">765 x 310 x 160 mm<\/td>\n<\/tr>\n<tr class=\"row-8 even\">\n\t<td class=\"column-1\">Nett\u00f3 s\u00faly<\/td><td class=\"column-2\">13,7 kg<\/td><td class=\"column-3\">20,5 kg<\/td>\n<\/tr>\n<tr class=\"row-9 odd\">\n\t<td class=\"column-1\">Elektromos bet\u00e1pl\u00e1l\u00e1s<\/td><td class=\"column-2\">230 V\/50 Hz<\/td><td class=\"column-3\">230 V\/50 Hz \t<\/td>\n<\/tr>\n<\/tbody>\n<\/table>\n<!-- #tablepress-20 from cache --><\/div>\n\t\t\t\t<\/div>\n\t\t\t\t<\/div>\n\t\t\t\t\t\t<\/div>\n\t\t\t\t\t<\/div>\n\t\t<\/div>\n\t\t\t\t\t\t\t\t<\/div>\n\t\t\t\t\t<\/div>\n\t\t<\/section>\n\t\t\t\t<section class=\"elementor-section elementor-top-section elementor-element elementor-element-9b22eb0 elementor-section-boxed elementor-section-height-default elementor-section-height-default\" data-id=\"9b22eb0\" data-element_type=\"section\">\n\t\t\t\t\t\t<div class=\"elementor-container elementor-column-gap-default\">\n\t\t\t\t\t\t\t<div class=\"elementor-row\">\n\t\t\t\t\t<div class=\"elementor-column elementor-col-100 elementor-top-column elementor-element elementor-element-3d6ad90\" data-id=\"3d6ad90\" data-element_type=\"column\">\n\t\t\t<div class=\"elementor-column-wrap elementor-element-populated\">\n\t\t\t\t\t\t\t<div class=\"elementor-widget-wrap\">\n\t\t\t\t\t\t<div class=\"elementor-element elementor-element-9f2cb37 elementor-widget elementor-widget-text-editor\" data-id=\"9f2cb37\" data-element_type=\"widget\" data-widget_type=\"text-editor.default\">\n\t\t\t\t<div class=\"elementor-widget-container\">\n\t\t\t\t\t\t\t\t<div class=\"elementor-text-editor elementor-clearfix\">\n\t\t\t\t<p><span class=\"tlid-translation translation\" lang=\"hu\"><span title=\"\">Minden eszk\u00f6z 3 m-es csatlakoz\u00f3k\u00e1bellel ker\u00fcl sz\u00e1ll\u00edt\u00e1sra, a berendez\u00e9s m\u00e9retei \u00e9s s\u00falyai hozz\u00e1vet\u0151legesek.<\/span><br \/><span class=\"\" title=\"\">A m\u0171szaki adat v\u00e1ltoztat\u00e1sok joga fenntartva!<\/span><\/span><\/p>\t\t\t\t\t<\/div>\n\t\t\t\t\t\t<\/div>\n\t\t\t\t<\/div>\n\t\t\t\t\t\t<\/div>\n\t\t\t\t\t<\/div>\n\t\t<\/div>\n\t\t\t\t\t\t\t\t<\/div>\n\t\t\t\t\t<\/div>\n\t\t<\/section>\n\t\t\t\t<section class=\"elementor-section elementor-top-section elementor-element elementor-element-99f7bc8 elementor-section-boxed elementor-section-height-default elementor-section-height-default\" data-id=\"99f7bc8\" data-element_type=\"section\">\n\t\t\t\t\t\t<div class=\"elementor-container elementor-column-gap-default\">\n\t\t\t\t\t\t\t<div class=\"elementor-row\">\n\t\t\t\t\t<div class=\"elementor-column elementor-col-100 elementor-top-column elementor-element elementor-element-9839bed\" data-id=\"9839bed\" data-element_type=\"column\">\n\t\t\t<div class=\"elementor-column-wrap elementor-element-populated\">\n\t\t\t\t\t\t\t<div class=\"elementor-widget-wrap\">\n\t\t\t\t\t\t<div class=\"elementor-element elementor-element-bc46d98 elementor-widget elementor-widget-button\" data-id=\"bc46d98\" data-element_type=\"widget\" data-widget_type=\"button.default\">\n\t\t\t\t<div class=\"elementor-widget-container\">\n\t\t\t\t\t<div class=\"elementor-button-wrapper\">\n\t\t\t<a href=\"http:\/\/www.jbt.hu\/wordpress\/foliahegesztok\/wp-content\/uploads\/sites\/10\/2019\/11\/413-M.pdf\" target=\"_blank\" class=\"elementor-button-link elementor-button elementor-size-sm\" role=\"button\">\n\t\t\t\t\t\t<span class=\"elementor-button-content-wrapper\">\n\t\t\t\t\t\t\t<span class=\"elementor-button-icon elementor-align-icon-left\">\n\t\t\t\t<i aria-hidden=\"true\" class=\"fas fa-file-download\"><\/i>\t\t\t<\/span>\n\t\t\t\t\t\t<span class=\"elementor-button-text\">Let\u00f6lthet\u0151 inf\u00f3 lap<\/span>\n\t\t<\/span>\n\t\t\t\t\t<\/a>\n\t\t<\/div>\n\t\t\t\t<\/div>\n\t\t\t\t<\/div>\n\t\t\t\t\t\t<\/div>\n\t\t\t\t\t<\/div>\n\t\t<\/div>\n\t\t\t\t\t\t\t\t<\/div>\n\t\t\t\t\t<\/div>\n\t\t<\/section>\n\t\t\t\t<section class=\"elementor-section elementor-top-section elementor-element elementor-element-4256f2d elementor-section-boxed elementor-section-height-default elementor-section-height-default\" data-id=\"4256f2d\" data-element_type=\"section\">\n\t\t\t\t\t\t<div class=\"elementor-container elementor-column-gap-default\">\n\t\t\t\t\t\t\t<div class=\"elementor-row\">\n\t\t\t\t\t<div class=\"elementor-column elementor-col-100 elementor-top-column elementor-element elementor-element-588a6ed\" data-id=\"588a6ed\" data-element_type=\"column\">\n\t\t\t<div class=\"elementor-column-wrap elementor-element-populated\">\n\t\t\t\t\t\t\t<div class=\"elementor-widget-wrap\">\n\t\t\t\t\t\t<div class=\"elementor-element elementor-element-7693545 elementor-widget elementor-widget-heading\" data-id=\"7693545\" data-element_type=\"widget\" data-widget_type=\"heading.default\">\n\t\t\t\t<div class=\"elementor-widget-container\">\n\t\t\t<h4 class=\"elementor-heading-title elementor-size-default\"><a href=\"http:\/\/www.jbt.hu\/wordpress\/foliahegesztok\/kapcsolat\/\">Tov\u00e1bbi inform\u00e1ci\u00f3k\u00e9rt l\u00e9pjen kapcsolatba vel\u00fcnk!<\/a><\/h4>\t\t<\/div>\n\t\t\t\t<\/div>\n\t\t\t\t\t\t<\/div>\n\t\t\t\t\t<\/div>\n\t\t<\/div>\n\t\t\t\t\t\t\t\t<\/div>\n\t\t\t\t\t<\/div>\n\t\t<\/section>\n\t\t\t\t<section class=\"elementor-section elementor-top-section elementor-element elementor-element-f87f444 elementor-section-boxed elementor-section-height-default elementor-section-height-default\" data-id=\"f87f444\" data-element_type=\"section\">\n\t\t\t\t\t\t<div class=\"elementor-container elementor-column-gap-default\">\n\t\t\t\t\t\t\t<div class=\"elementor-row\">\n\t\t\t\t\t<div class=\"elementor-column elementor-col-100 elementor-top-column elementor-element elementor-element-14c1c38\" data-id=\"14c1c38\" data-element_type=\"column\">\n\t\t\t<div class=\"elementor-column-wrap\">\n\t\t\t\t\t\t\t<div class=\"elementor-widget-wrap\">\n\t\t\t\t\t\t\t\t<\/div>\n\t\t\t\t\t<\/div>\n\t\t<\/div>\n\t\t\t\t\t\t\t\t<\/div>\n\t\t\t\t\t<\/div>\n\t\t<\/section>\n\t\t\t\t\t\t\t\t\t<\/div>\n\t\t\t<\/div>\n\t\t\t\t\t<\/div>\n\t\t","protected":false},"excerpt":{"rendered":"<p>Intelligens hegeszt\u00e9s a polystar\u00ae elektronik\u00e1val Egy j\u00f3l bev\u00e1lt koncepci\u00f3, k\u00f6vetkezetesen fejleszve: a h\u0151impulzusos elj\u00e1r\u00e1st elektronikus polystar\u00ae h\u0151m\u00e9rs\u00e9kletszab\u00e1lyoz\u00f3val kombin\u00e1lt\u00e1k. Fel\u00fcgyelt hegeszt\u00e9si folyamatok \u00e9s \u00e1lland\u00f3 varratmin\u0151s\u00e9g az els\u0151t\u0151l az utols\u00f3 hegeszt\u00e9sig. \u00a0 https:\/\/youtu.be\/2pLgQ10PgO0 A polystar\u00ae m\u00e1gneses asztali f\u00f3liahegeszt\u0151 g\u00e9pek a h\u0151impulzusos m\u00f3dszer szerint m\u0171k\u00f6dnek, azonnal haszn\u00e1latra k\u00e9szek. A lehet\u0151 legegyszer\u0171bb m\u0171velettel betan\u00edt\u00e1si&#8230;<\/p>\n<p> <a class=\"continue-reading-link\" href=\"http:\/\/www.jbt.hu\/wordpress\/foliahegesztok\/elektromagneses-vertikalis-asztali-foliahegeszto-elektronikus-vezerlessel\/\"><span>Tov\u00e1bb<\/span><i class=\"crycon-right-dir\"><\/i><\/a> <\/p>\n","protected":false},"author":1,"featured_media":0,"parent":0,"menu_order":0,"comment_status":"closed","ping_status":"closed","template":"","meta":[],"aioseo_notices":[],"_links":{"self":[{"href":"http:\/\/www.jbt.hu\/wordpress\/foliahegesztok\/wp-json\/wp\/v2\/pages\/799"}],"collection":[{"href":"http:\/\/www.jbt.hu\/wordpress\/foliahegesztok\/wp-json\/wp\/v2\/pages"}],"about":[{"href":"http:\/\/www.jbt.hu\/wordpress\/foliahegesztok\/wp-json\/wp\/v2\/types\/page"}],"author":[{"embeddable":true,"href":"http:\/\/www.jbt.hu\/wordpress\/foliahegesztok\/wp-json\/wp\/v2\/users\/1"}],"replies":[{"embeddable":true,"href":"http:\/\/www.jbt.hu\/wordpress\/foliahegesztok\/wp-json\/wp\/v2\/comments?post=799"}],"version-history":[{"count":44,"href":"http:\/\/www.jbt.hu\/wordpress\/foliahegesztok\/wp-json\/wp\/v2\/pages\/799\/revisions"}],"predecessor-version":[{"id":1340,"href":"http:\/\/www.jbt.hu\/wordpress\/foliahegesztok\/wp-json\/wp\/v2\/pages\/799\/revisions\/1340"}],"wp:attachment":[{"href":"http:\/\/www.jbt.hu\/wordpress\/foliahegesztok\/wp-json\/wp\/v2\/media?parent=799"}],"curies":[{"name":"wp","href":"https:\/\/api.w.org\/{rel}","templated":true}]}}