{"id":40,"date":"2019-08-13T12:33:28","date_gmt":"2019-08-13T12:33:28","guid":{"rendered":"http:\/\/www.jbt.hu\/wordpress\/foliahegesztok\/?page_id=40"},"modified":"2020-02-24T09:13:47","modified_gmt":"2020-02-24T09:13:47","slug":"hoimpulzusos-foliahegesztok","status":"publish","type":"page","link":"http:\/\/www.jbt.hu\/wordpress\/foliahegesztok\/hoimpulzusos-foliahegesztok\/","title":{"rendered":"H\u0151impulzusos f\u00f3liahegeszt\u0151k"},"content":{"rendered":"\t\t<div data-elementor-type=\"wp-post\" data-elementor-id=\"40\" class=\"elementor elementor-40\">\n\t\t\t\t\t\t<div class=\"elementor-inner\">\n\t\t\t\t<div class=\"elementor-section-wrap\">\n\t\t\t\t\t\t\t\t\t<section class=\"elementor-section elementor-top-section elementor-element elementor-element-9470fd3 elementor-section-boxed elementor-section-height-default elementor-section-height-default\" data-id=\"9470fd3\" data-element_type=\"section\">\n\t\t\t\t\t\t<div class=\"elementor-container elementor-column-gap-default\">\n\t\t\t\t\t\t\t<div class=\"elementor-row\">\n\t\t\t\t\t<div class=\"elementor-column elementor-col-100 elementor-top-column elementor-element elementor-element-f528fbd\" data-id=\"f528fbd\" data-element_type=\"column\">\n\t\t\t<div class=\"elementor-column-wrap elementor-element-populated\">\n\t\t\t\t\t\t\t<div class=\"elementor-widget-wrap\">\n\t\t\t\t\t\t<div class=\"elementor-element elementor-element-891d9dd elementor-widget elementor-widget-text-editor\" data-id=\"891d9dd\" data-element_type=\"widget\" data-widget_type=\"text-editor.default\">\n\t\t\t\t<div class=\"elementor-widget-container\">\n\t\t\t\t\t\t\t\t<div class=\"elementor-text-editor elementor-clearfix\">\n\t\t\t\t<p><b>Fog\u00f3 form\u00e1j\u00fa impulzusf\u00f3liahegeszt\u0151 k\u00e9sz\u00fcl\u00e9kek.<\/b><\/p><p>Lehet vastag vagy v\u00e9kony, r\u00f6vid vagy v\u00e9gtelen hossz\u00fa&#8230;<br \/>A mobil Polystar\u00ae hegeszt\u0151fog\u00f3k minden nagy \u00e9s kicsi alkot\u00f3r\u00e9szt \u00f6sszehegesztenek, a kezelhet\u0151s\u00e9g\u00fck rendk\u00edv\u00fcl k\u00f6nny\u0171 \u00e9s flexibilis. M\u00e9g a nagyon hossz\u00fa szakaszok is k\u00f6nnyed\u00e9n \u00f6sszehegeszthet\u0151k, &#8216;varrat varrat ut\u00e1n&#8217; hegeszt\u00e9si m\u00f3dszerrel. Polietil\u00e9n f\u00f3li\u00e1k eset\u00e9ben 2 x 0,3 mm vastags\u00e1gig alkalmas ez a modell.<\/p>\t\t\t\t\t<\/div>\n\t\t\t\t\t\t<\/div>\n\t\t\t\t<\/div>\n\t\t\t\t\t\t<\/div>\n\t\t\t\t\t<\/div>\n\t\t<\/div>\n\t\t\t\t\t\t\t\t<\/div>\n\t\t\t\t\t<\/div>\n\t\t<\/section>\n\t\t\t\t<section class=\"elementor-section elementor-top-section elementor-element elementor-element-fe507d6 elementor-section-boxed elementor-section-height-default elementor-section-height-default\" data-id=\"fe507d6\" data-element_type=\"section\">\n\t\t\t\t\t\t<div class=\"elementor-container elementor-column-gap-default\">\n\t\t\t\t\t\t\t<div class=\"elementor-row\">\n\t\t\t\t\t<div class=\"elementor-column elementor-col-100 elementor-top-column elementor-element elementor-element-159d6f8\" data-id=\"159d6f8\" data-element_type=\"column\">\n\t\t\t<div class=\"elementor-column-wrap elementor-element-populated\">\n\t\t\t\t\t\t\t<div class=\"elementor-widget-wrap\">\n\t\t\t\t\t\t<div class=\"elementor-element elementor-element-269b8b9 elementor-widget elementor-widget-text-editor\" data-id=\"269b8b9\" data-element_type=\"widget\" data-widget_type=\"text-editor.default\">\n\t\t\t\t<div class=\"elementor-widget-container\">\n\t\t\t\t\t\t\t\t<div class=\"elementor-text-editor elementor-clearfix\">\n\t\t\t\t<p style=\"text-align: center;\"><strong>Mobil &#8211; k\u00f6nny\u0171 &#8211; k\u00e9zre\u00e1ll\u00f3<\/strong><br \/><strong>Mindenhol boldogul vele!<\/strong><\/p><p>Minden Polystar\u00ae hegeszt\u0151fog\u00f3 tartalmaz egy speci\u00e1lis nyom\u00e1skapcsol\u00f3t a hegeszt\u00e9si impulzus kiold\u00e1s\u00e1ra, valamint egy vil\u00e1g\u00edt\u00f3 di\u00f3d\u00e1t a munkaciklus optikai ellen\u0151rz\u00e9s\u00e9hez.<\/p>\t\t\t\t\t<\/div>\n\t\t\t\t\t\t<\/div>\n\t\t\t\t<\/div>\n\t\t\t\t\t\t<\/div>\n\t\t\t\t\t<\/div>\n\t\t<\/div>\n\t\t\t\t\t\t\t\t<\/div>\n\t\t\t\t\t<\/div>\n\t\t<\/section>\n\t\t\t\t<section class=\"elementor-section elementor-top-section elementor-element elementor-element-ee416f3 elementor-section-boxed elementor-section-height-default elementor-section-height-default\" data-id=\"ee416f3\" data-element_type=\"section\">\n\t\t\t\t\t\t<div class=\"elementor-container elementor-column-gap-default\">\n\t\t\t\t\t\t\t<div class=\"elementor-row\">\n\t\t\t\t\t<div class=\"elementor-column elementor-col-50 elementor-top-column elementor-element elementor-element-fac2bc0\" data-id=\"fac2bc0\" data-element_type=\"column\">\n\t\t\t<div class=\"elementor-column-wrap elementor-element-populated\">\n\t\t\t\t\t\t\t<div class=\"elementor-widget-wrap\">\n\t\t\t\t\t\t<div class=\"elementor-element elementor-element-7503067 elementor-aspect-ratio-169 elementor-widget elementor-widget-video\" data-id=\"7503067\" data-element_type=\"widget\" data-settings=\"{&quot;youtube_url&quot;:&quot;https:\\\/\\\/youtu.be\\\/O6SFbC8blo4&quot;,&quot;video_type&quot;:&quot;youtube&quot;,&quot;controls&quot;:&quot;yes&quot;,&quot;aspect_ratio&quot;:&quot;169&quot;}\" data-widget_type=\"video.default\">\n\t\t\t\t<div class=\"elementor-widget-container\">\n\t\t\t\t\t<div class=\"elementor-wrapper elementor-fit-aspect-ratio elementor-open-inline\">\n\t\t\t<div class=\"elementor-video\"><\/div>\t\t<\/div>\n\t\t\t\t<\/div>\n\t\t\t\t<\/div>\n\t\t\t\t\t\t<\/div>\n\t\t\t\t\t<\/div>\n\t\t<\/div>\n\t\t\t\t<div class=\"elementor-column elementor-col-50 elementor-top-column elementor-element elementor-element-b2b8ef4\" data-id=\"b2b8ef4\" data-element_type=\"column\">\n\t\t\t<div class=\"elementor-column-wrap elementor-element-populated\">\n\t\t\t\t\t\t\t<div class=\"elementor-widget-wrap\">\n\t\t\t\t\t\t<div class=\"elementor-element elementor-element-efb0932 elementor-arrows-position-inside elementor-pagination-position-outside elementor-widget elementor-widget-image-carousel\" data-id=\"efb0932\" data-element_type=\"widget\" data-settings=\"{&quot;slides_to_show&quot;:&quot;1&quot;,&quot;navigation&quot;:&quot;both&quot;,&quot;autoplay&quot;:&quot;yes&quot;,&quot;pause_on_hover&quot;:&quot;yes&quot;,&quot;pause_on_interaction&quot;:&quot;yes&quot;,&quot;autoplay_speed&quot;:5000,&quot;infinite&quot;:&quot;yes&quot;,&quot;effect&quot;:&quot;slide&quot;,&quot;speed&quot;:500}\" data-widget_type=\"image-carousel.default\">\n\t\t\t\t<div class=\"elementor-widget-container\">\n\t\t\t\t\t<div class=\"elementor-image-carousel-wrapper swiper-container\" dir=\"ltr\">\n\t\t\t<div class=\"elementor-image-carousel swiper-wrapper\">\n\t\t\t\t\t\t\t\t<div class=\"swiper-slide\"><a data-elementor-open-lightbox=\"yes\" data-elementor-lightbox-slideshow=\"efb0932\" data-elementor-lightbox-title=\"120GE\" e-action-hash=\"#elementor-action%3Aaction%3Dlightbox%26settings%3DeyJpZCI6MTIyNywidXJsIjoiaHR0cDpcL1wvd3d3LmpidC5odVwvd29yZHByZXNzXC9mb2xpYWhlZ2VzenRva1wvd3AtY29udGVudFwvdXBsb2Fkc1wvc2l0ZXNcLzEwXC8yMDIwXC8wMlwvMTIwR0UuanBnIiwic2xpZGVzaG93IjoiZWZiMDkzMiJ9\" href=\"http:\/\/www.jbt.hu\/wordpress\/foliahegesztok\/wp-content\/uploads\/sites\/10\/2020\/02\/120GE.jpg\"><figure class=\"swiper-slide-inner\"><img decoding=\"async\" class=\"swiper-slide-image\" src=\"http:\/\/www.jbt.hu\/wordpress\/foliahegesztok\/wp-content\/uploads\/sites\/10\/2020\/02\/120GE-300x225.jpg\" alt=\"Polystar\u00ae 120 GE + 300 D\" \/><figcaption class=\"elementor-image-carousel-caption\">Polystar\u00ae 120 GE + 300 D<\/figcaption><\/figure><\/a><\/div><div class=\"swiper-slide\"><a data-elementor-open-lightbox=\"yes\" data-elementor-lightbox-slideshow=\"efb0932\" data-elementor-lightbox-title=\"Standardzange_from_120GE_Logo\" e-action-hash=\"#elementor-action%3Aaction%3Dlightbox%26settings%3DeyJpZCI6MTIzMSwidXJsIjoiaHR0cDpcL1wvd3d3LmpidC5odVwvd29yZHByZXNzXC9mb2xpYWhlZ2VzenRva1wvd3AtY29udGVudFwvdXBsb2Fkc1wvc2l0ZXNcLzEwXC8yMDIwXC8wMlwvU3RhbmRhcmR6YW5nZV9mcm9tXzEyMEdFX0xvZ28uanBnIiwic2xpZGVzaG93IjoiZWZiMDkzMiJ9\" href=\"http:\/\/www.jbt.hu\/wordpress\/foliahegesztok\/wp-content\/uploads\/sites\/10\/2020\/02\/Standardzange_from_120GE_Logo.jpg\"><figure class=\"swiper-slide-inner\"><img decoding=\"async\" class=\"swiper-slide-image\" src=\"http:\/\/www.jbt.hu\/wordpress\/foliahegesztok\/wp-content\/uploads\/sites\/10\/2020\/02\/Standardzange_from_120GE_Logo-300x225.jpg\" alt=\"Polystar\u00ae 300 D\" \/><figcaption class=\"elementor-image-carousel-caption\">Polystar\u00ae 300 D<\/figcaption><\/figure><\/a><\/div><div class=\"swiper-slide\"><a data-elementor-open-lightbox=\"yes\" data-elementor-lightbox-slideshow=\"efb0932\" data-elementor-lightbox-title=\"Schnabelzange_from_120GE_Logo\" e-action-hash=\"#elementor-action%3Aaction%3Dlightbox%26settings%3DeyJpZCI6MTIzMCwidXJsIjoiaHR0cDpcL1wvd3d3LmpidC5odVwvd29yZHByZXNzXC9mb2xpYWhlZ2VzenRva1wvd3AtY29udGVudFwvdXBsb2Fkc1wvc2l0ZXNcLzEwXC8yMDIwXC8wMlwvU2NobmFiZWx6YW5nZV9mcm9tXzEyMEdFX0xvZ28uanBnIiwic2xpZGVzaG93IjoiZWZiMDkzMiJ9\" href=\"http:\/\/www.jbt.hu\/wordpress\/foliahegesztok\/wp-content\/uploads\/sites\/10\/2020\/02\/Schnabelzange_from_120GE_Logo.jpg\"><figure class=\"swiper-slide-inner\"><img decoding=\"async\" class=\"swiper-slide-image\" src=\"http:\/\/www.jbt.hu\/wordpress\/foliahegesztok\/wp-content\/uploads\/sites\/10\/2020\/02\/Schnabelzange_from_120GE_Logo-300x225.jpg\" alt=\"Polystar\u00ae 150 DS + 250 DS\" \/><figcaption class=\"elementor-image-carousel-caption\">Polystar\u00ae 150 DS + 250 DS<\/figcaption><\/figure><\/a><\/div><div class=\"swiper-slide\"><a data-elementor-open-lightbox=\"yes\" data-elementor-lightbox-slideshow=\"efb0932\" data-elementor-lightbox-title=\"hoimpfolheg3\" e-action-hash=\"#elementor-action%3Aaction%3Dlightbox%26settings%3DeyJpZCI6NTAsInVybCI6Imh0dHA6XC9cL3d3dy5qYnQuaHVcL3dvcmRwcmVzc1wvZm9saWFoZWdlc3p0b2tcL3dwLWNvbnRlbnRcL3VwbG9hZHNcL3NpdGVzXC8xMFwvMjAxOVwvMDhcL2hvaW1wZm9saGVnMy5qcGciLCJzbGlkZXNob3ciOiJlZmIwOTMyIn0%3D\" href=\"http:\/\/www.jbt.hu\/wordpress\/foliahegesztok\/wp-content\/uploads\/sites\/10\/2019\/08\/hoimpfolheg3.jpg\"><figure class=\"swiper-slide-inner\"><img decoding=\"async\" class=\"swiper-slide-image\" src=\"http:\/\/www.jbt.hu\/wordpress\/foliahegesztok\/wp-content\/uploads\/sites\/10\/2019\/08\/hoimpfolheg3-300x249.jpg\" alt=\"Polystar\u00ae 300 SFZ \u00e9s Polystar 400 SFZ\" \/><figcaption class=\"elementor-image-carousel-caption\">Polystar\u00ae 300 SFZ \u00e9s Polystar 400 SFZ<\/figcaption><\/figure><\/a><\/div><div class=\"swiper-slide\"><a data-elementor-open-lightbox=\"yes\" data-elementor-lightbox-slideshow=\"efb0932\" data-elementor-lightbox-title=\"Schnabelformzange_from_120GE_Logo\" e-action-hash=\"#elementor-action%3Aaction%3Dlightbox%26settings%3DeyJpZCI6MTIyOSwidXJsIjoiaHR0cDpcL1wvd3d3LmpidC5odVwvd29yZHByZXNzXC9mb2xpYWhlZ2VzenRva1wvd3AtY29udGVudFwvdXBsb2Fkc1wvc2l0ZXNcLzEwXC8yMDIwXC8wMlwvU2NobmFiZWxmb3JtemFuZ2VfZnJvbV8xMjBHRV9Mb2dvLmpwZyIsInNsaWRlc2hvdyI6ImVmYjA5MzIifQ%3D%3D\" href=\"http:\/\/www.jbt.hu\/wordpress\/foliahegesztok\/wp-content\/uploads\/sites\/10\/2020\/02\/Schnabelformzange_from_120GE_Logo.jpg\"><figure class=\"swiper-slide-inner\"><img decoding=\"async\" class=\"swiper-slide-image\" src=\"http:\/\/www.jbt.hu\/wordpress\/foliahegesztok\/wp-content\/uploads\/sites\/10\/2020\/02\/Schnabelformzange_from_120GE_Logo-300x225.jpg\" alt=\"Polystar\u00ae 300 SFZ \u00e9s Polystar 400 SFZ\" \/><figcaption class=\"elementor-image-carousel-caption\">Polystar\u00ae 300 SFZ \u00e9s Polystar 400 SFZ<\/figcaption><\/figure><\/a><\/div><div class=\"swiper-slide\"><a data-elementor-open-lightbox=\"yes\" data-elementor-lightbox-slideshow=\"efb0932\" data-elementor-lightbox-title=\"hoimpfolheg4\" e-action-hash=\"#elementor-action%3Aaction%3Dlightbox%26settings%3DeyJpZCI6NTEsInVybCI6Imh0dHA6XC9cL3d3dy5qYnQuaHVcL3dvcmRwcmVzc1wvZm9saWFoZWdlc3p0b2tcL3dwLWNvbnRlbnRcL3VwbG9hZHNcL3NpdGVzXC8xMFwvMjAxOVwvMDhcL2hvaW1wZm9saGVnNC5qcGciLCJzbGlkZXNob3ciOiJlZmIwOTMyIn0%3D\" href=\"http:\/\/www.jbt.hu\/wordpress\/foliahegesztok\/wp-content\/uploads\/sites\/10\/2019\/08\/hoimpfolheg4.jpg\"><figure class=\"swiper-slide-inner\"><img decoding=\"async\" class=\"swiper-slide-image\" src=\"http:\/\/www.jbt.hu\/wordpress\/foliahegesztok\/wp-content\/uploads\/sites\/10\/2019\/08\/hoimpfolheg4-300x239.jpg\" alt=\"Polystar\u00ae asztali fog\u00f3 (asztalra r\u00f6gz\u00edt\u0151 talppal) l\u00e1nccal + l\u00e1bped\u00e1llal\" \/><figcaption class=\"elementor-image-carousel-caption\">Polystar\u00ae asztali fog\u00f3 (asztalra r\u00f6gz\u00edt\u0151 talppal) l\u00e1nccal + l\u00e1bped\u00e1llal<\/figcaption><\/figure><\/a><\/div><div class=\"swiper-slide\"><a data-elementor-open-lightbox=\"yes\" data-elementor-lightbox-slideshow=\"efb0932\" data-elementor-lightbox-title=\"hoimpfolheg5\" e-action-hash=\"#elementor-action%3Aaction%3Dlightbox%26settings%3DeyJpZCI6NTIsInVybCI6Imh0dHA6XC9cL3d3dy5qYnQuaHVcL3dvcmRwcmVzc1wvZm9saWFoZWdlc3p0b2tcL3dwLWNvbnRlbnRcL3VwbG9hZHNcL3NpdGVzXC8xMFwvMjAxOVwvMDhcL2hvaW1wZm9saGVnNS5qcGciLCJzbGlkZXNob3ciOiJlZmIwOTMyIn0%3D\" href=\"http:\/\/www.jbt.hu\/wordpress\/foliahegesztok\/wp-content\/uploads\/sites\/10\/2019\/08\/hoimpfolheg5.jpg\"><figure class=\"swiper-slide-inner\"><img decoding=\"async\" class=\"swiper-slide-image\" src=\"http:\/\/www.jbt.hu\/wordpress\/foliahegesztok\/wp-content\/uploads\/sites\/10\/2019\/08\/hoimpfolheg5-300x234.jpg\" alt=\"Polystar\u00ae 300 A 12V-os aut\u00f3 akkumul\u00e1torhoz\" \/><figcaption class=\"elementor-image-carousel-caption\">Polystar\u00ae 300 A 12V-os aut\u00f3 akkumul\u00e1torhoz<\/figcaption><\/figure><\/a><\/div>\t\t\t<\/div>\n\t\t\t\t\t\t\t\t\t\t\t\t<div class=\"swiper-pagination\"><\/div>\n\t\t\t\t\t\t\t\t\t\t\t\t\t<div class=\"elementor-swiper-button elementor-swiper-button-prev\">\n\t\t\t\t\t\t<i aria-hidden=\"true\" class=\"eicon-chevron-left\"><\/i>\t\t\t\t\t\t<span class=\"elementor-screen-only\">El\u0151z\u0151<\/span>\n\t\t\t\t\t<\/div>\n\t\t\t\t\t<div class=\"elementor-swiper-button elementor-swiper-button-next\">\n\t\t\t\t\t\t<i aria-hidden=\"true\" class=\"eicon-chevron-right\"><\/i>\t\t\t\t\t\t<span class=\"elementor-screen-only\">K\u00f6vetkez\u0151<\/span>\n\t\t\t\t\t<\/div>\n\t\t\t\t\t\t\t\t\t<\/div>\n\t\t\t\t<\/div>\n\t\t\t\t<\/div>\n\t\t\t\t\t\t<\/div>\n\t\t\t\t\t<\/div>\n\t\t<\/div>\n\t\t\t\t\t\t\t\t<\/div>\n\t\t\t\t\t<\/div>\n\t\t<\/section>\n\t\t\t\t<section class=\"elementor-section elementor-top-section elementor-element elementor-element-8bbd0e6 elementor-section-boxed elementor-section-height-default elementor-section-height-default\" data-id=\"8bbd0e6\" data-element_type=\"section\">\n\t\t\t\t\t\t<div class=\"elementor-container elementor-column-gap-default\">\n\t\t\t\t\t\t\t<div class=\"elementor-row\">\n\t\t\t\t\t<div class=\"elementor-column elementor-col-100 elementor-top-column elementor-element elementor-element-d812d75\" data-id=\"d812d75\" data-element_type=\"column\">\n\t\t\t<div class=\"elementor-column-wrap elementor-element-populated\">\n\t\t\t\t\t\t\t<div class=\"elementor-widget-wrap\">\n\t\t\t\t\t\t<div class=\"elementor-element elementor-element-ba799dd elementor-widget elementor-widget-heading\" data-id=\"ba799dd\" data-element_type=\"widget\" data-widget_type=\"heading.default\">\n\t\t\t\t<div class=\"elementor-widget-container\">\n\t\t\t<h5 class=\"elementor-heading-title elementor-size-default\">M\u0171szaki adatok<\/h5>\t\t<\/div>\n\t\t\t\t<\/div>\n\t\t\t\t\t\t<\/div>\n\t\t\t\t\t<\/div>\n\t\t<\/div>\n\t\t\t\t\t\t\t\t<\/div>\n\t\t\t\t\t<\/div>\n\t\t<\/section>\n\t\t\t\t<section class=\"elementor-section elementor-top-section elementor-element elementor-element-8f750c7 elementor-section-boxed elementor-section-height-default elementor-section-height-default\" data-id=\"8f750c7\" data-element_type=\"section\">\n\t\t\t\t\t\t<div class=\"elementor-container elementor-column-gap-default\">\n\t\t\t\t\t\t\t<div class=\"elementor-row\">\n\t\t\t\t\t<div class=\"elementor-column elementor-col-100 elementor-top-column elementor-element elementor-element-6088ee0\" data-id=\"6088ee0\" data-element_type=\"column\">\n\t\t\t<div class=\"elementor-column-wrap elementor-element-populated\">\n\t\t\t\t\t\t\t<div class=\"elementor-widget-wrap\">\n\t\t\t\t\t\t<div class=\"elementor-element elementor-element-0b87f7a elementor-widget elementor-widget-shortcode\" data-id=\"0b87f7a\" data-element_type=\"widget\" data-widget_type=\"shortcode.default\">\n\t\t\t\t<div class=\"elementor-widget-container\">\n\t\t\t\t\t<div class=\"elementor-shortcode\">\n<table id=\"tablepress-1\" class=\"tablepress tablepress-id-1\">\n<thead>\n<tr class=\"row-1 odd\">\n\t<th class=\"column-1\">Standard t\u00edpusok<\/th><th class=\"column-2\">Hegeszt\u00e9si hossz<\/th><th class=\"column-3\">S\u00faly<\/th>\n<\/tr>\n<\/thead>\n<tbody class=\"row-hover\">\n<tr class=\"row-2 even\">\n\t<td class=\"column-1\">Model 150 D<\/td><td class=\"column-2\">max. 150 mm<\/td><td class=\"column-3\">0,70 kg<\/td>\n<\/tr>\n<tr class=\"row-3 odd\">\n\t<td class=\"column-1\">Model 200 D<\/td><td class=\"column-2\">max. 200 mm<\/td><td class=\"column-3\">0,75 kg<\/td>\n<\/tr>\n<tr class=\"row-4 even\">\n\t<td class=\"column-1\">Model 300 D<\/td><td class=\"column-2\">max. 300 mm<\/td><td class=\"column-3\">0,80 kg<\/td>\n<\/tr>\n<tr class=\"row-5 odd\">\n\t<td class=\"column-1\">Model 400 D<\/td><td class=\"column-2\">max. 400 mm<\/td><td class=\"column-3\">0,85 kg<\/td>\n<\/tr>\n<tr class=\"row-6 even\">\n\t<td class=\"column-1\">Model 600 D<\/td><td class=\"column-2\">max. 600 mm<\/td><td class=\"column-3\">1.00 kg<\/td>\n<\/tr>\n<\/tbody>\n<\/table>\n<!-- #tablepress-1 from cache -->\n<table id=\"tablepress-2\" class=\"tablepress tablepress-id-2\">\n<thead>\n<tr class=\"row-1 odd\">\n\t<th class=\"column-1\">Cs\u0151r\u00f6s fog\u00f3k<\/th><th class=\"column-2\">Hegeszt\u00e9si hossz<\/th><th class=\"column-3\">S\u00faly<\/th>\n<\/tr>\n<\/thead>\n<tbody class=\"row-hover\">\n<tr class=\"row-2 even\">\n\t<td class=\"column-1\">Model 150 DS<\/td><td class=\"column-2\">max. 150 mm<\/td><td class=\"column-3\">0,80 kg<\/td>\n<\/tr>\n<tr class=\"row-3 odd\">\n\t<td class=\"column-1\">Model 300 DS<\/td><td class=\"column-2\">max. 300 mm<\/td><td class=\"column-3\">1,00 kg<\/td>\n<\/tr>\n<\/tbody>\n<\/table>\n<!-- #tablepress-2 from cache --> \n<table id=\"tablepress-3\" class=\"tablepress tablepress-id-3\">\n<thead>\n<tr class=\"row-1 odd\">\n\t<th class=\"column-1\">Cs\u0151r alak\u00fa t\u00edpusok<\/th><th class=\"column-2\">Hegeszt\u00e9si hossz<\/th><th class=\"column-3\">S\u00faly<\/th>\n<\/tr>\n<\/thead>\n<tbody class=\"row-hover\">\n<tr class=\"row-2 even\">\n\t<td class=\"column-1\">Model 300 SFZ<\/td><td class=\"column-2\">max. 300 mm <\/td><td class=\"column-3\">0,80 kg<\/td>\n<\/tr>\n<tr class=\"row-3 odd\">\n\t<td class=\"column-1\">Model 400 SFZ<\/td><td class=\"column-2\">max. 400 mm <\/td><td class=\"column-3\">0,85 kg<\/td>\n<\/tr>\n<tr class=\"row-4 even\">\n\t<td class=\"column-1\">Model 600 SFZ<\/td><td class=\"column-2\">max. 600 mm <\/td><td class=\"column-3\">1,00 kg<\/td>\n<\/tr>\n<\/tbody>\n<\/table>\n<!-- #tablepress-3 from cache --><\/div>\n\t\t\t\t<\/div>\n\t\t\t\t<\/div>\n\t\t\t\t\t\t<\/div>\n\t\t\t\t\t<\/div>\n\t\t<\/div>\n\t\t\t\t\t\t\t\t<\/div>\n\t\t\t\t\t<\/div>\n\t\t<\/section>\n\t\t\t\t<section class=\"elementor-section elementor-top-section elementor-element elementor-element-a894977 elementor-section-boxed elementor-section-height-default elementor-section-height-default\" data-id=\"a894977\" data-element_type=\"section\">\n\t\t\t\t\t\t<div class=\"elementor-container elementor-column-gap-default\">\n\t\t\t\t\t\t\t<div class=\"elementor-row\">\n\t\t\t\t\t<div class=\"elementor-column elementor-col-100 elementor-top-column elementor-element elementor-element-a27c8c6\" data-id=\"a27c8c6\" data-element_type=\"column\">\n\t\t\t<div class=\"elementor-column-wrap elementor-element-populated\">\n\t\t\t\t\t\t\t<div class=\"elementor-widget-wrap\">\n\t\t\t\t\t\t<div class=\"elementor-element elementor-element-3914146 elementor-widget elementor-widget-text-editor\" data-id=\"3914146\" data-element_type=\"widget\" data-widget_type=\"text-editor.default\">\n\t\t\t\t<div class=\"elementor-widget-container\">\n\t\t\t\t\t\t\t\t<div class=\"elementor-text-editor elementor-clearfix\">\n\t\t\t\t<p>Minden hegeszt\u0151fog\u00f3 3 mm vastag hegeszt\u00e9si varratot k\u00e9sz\u00edt.<br \/>Minden k\u00e9sz\u00fcl\u00e9k 3 m hossz\u00fa csatlakoz\u00f3vezet\u00e9kkel ell\u00e1tott.<br \/>A m\u00e9ret- \u00e9s s\u00falyadatok k\u00f6r\u00fclbel\u00fcli \u00e9rt\u00e9kek.<\/p><p><b>Sz\u00fcks\u00e9ges impulzus ad\u00f3: Polystar<\/b><b>\u00ae 120 GE<\/b><br \/>\u00e1ramfelv\u00e9tel: max. 3,7 A<br \/>\u00e1ramsz\u00fcks\u00e9glet: kb. 0,86 kWh<br \/>m\u00e9ret: 246 x 195 x 140 mm<br \/>h\u00e1l\u00f3zati csatlakoz\u00e1s: 230V\/50Hz<\/p><p>A m\u0171szaki v\u00e1ltoztat\u00e1sok jog\u00e1t fenntartjuk, el\u0151zetes \u00e9rtes\u00edt\u00e9s n\u00e9lk\u00fcl!<\/p><p>\u00a0<\/p>\t\t\t\t\t<\/div>\n\t\t\t\t\t\t<\/div>\n\t\t\t\t<\/div>\n\t\t\t\t<div class=\"elementor-element elementor-element-c76f77f elementor-widget elementor-widget-button\" data-id=\"c76f77f\" data-element_type=\"widget\" data-widget_type=\"button.default\">\n\t\t\t\t<div class=\"elementor-widget-container\">\n\t\t\t\t\t<div class=\"elementor-button-wrapper\">\n\t\t\t<a href=\"http:\/\/www.jbt.hu\/wordpress\/foliahegesztok\/wp-content\/uploads\/sites\/10\/2019\/11\/120GE.pdf\" target=\"_blank\" class=\"elementor-button-link elementor-button elementor-size-sm\" role=\"button\">\n\t\t\t\t\t\t<span class=\"elementor-button-content-wrapper\">\n\t\t\t\t\t\t\t<span class=\"elementor-button-icon elementor-align-icon-left\">\n\t\t\t\t<i aria-hidden=\"true\" class=\"fas fa-file-download\"><\/i>\t\t\t<\/span>\n\t\t\t\t\t\t<span class=\"elementor-button-text\">Let\u00f6lthet\u0151 inf\u00f3 lap<\/span>\n\t\t<\/span>\n\t\t\t\t\t<\/a>\n\t\t<\/div>\n\t\t\t\t<\/div>\n\t\t\t\t<\/div>\n\t\t\t\t\t\t<\/div>\n\t\t\t\t\t<\/div>\n\t\t<\/div>\n\t\t\t\t\t\t\t\t<\/div>\n\t\t\t\t\t<\/div>\n\t\t<\/section>\n\t\t\t\t<section class=\"elementor-section elementor-top-section elementor-element elementor-element-eaf79d9 elementor-section-boxed elementor-section-height-default elementor-section-height-default\" data-id=\"eaf79d9\" data-element_type=\"section\">\n\t\t\t\t\t\t<div class=\"elementor-container elementor-column-gap-default\">\n\t\t\t\t\t\t\t<div class=\"elementor-row\">\n\t\t\t\t\t<div class=\"elementor-column elementor-col-100 elementor-top-column elementor-element elementor-element-b875aea\" data-id=\"b875aea\" data-element_type=\"column\">\n\t\t\t<div class=\"elementor-column-wrap elementor-element-populated\">\n\t\t\t\t\t\t\t<div class=\"elementor-widget-wrap\">\n\t\t\t\t\t\t<div class=\"elementor-element elementor-element-bec593d elementor-widget elementor-widget-heading\" data-id=\"bec593d\" data-element_type=\"widget\" data-widget_type=\"heading.default\">\n\t\t\t\t<div class=\"elementor-widget-container\">\n\t\t\t<h5 class=\"elementor-heading-title elementor-size-default\"><a href=\"http:\/\/www.jbt.hu\/wordpress\/foliahegesztok\/kapcsolat\/\">Tov\u00e1bbi inform\u00e1ci\u00f3k\u00e9rt k\u00e9rj\u00fck l\u00e9pjen kapcsolatba vel\u00fcnk!<\/a><\/h5>\t\t<\/div>\n\t\t\t\t<\/div>\n\t\t\t\t\t\t<\/div>\n\t\t\t\t\t<\/div>\n\t\t<\/div>\n\t\t\t\t\t\t\t\t<\/div>\n\t\t\t\t\t<\/div>\n\t\t<\/section>\n\t\t\t\t\t\t\t\t\t<\/div>\n\t\t\t<\/div>\n\t\t\t\t\t<\/div>\n\t\t","protected":false},"excerpt":{"rendered":"<p>Fog\u00f3 form\u00e1j\u00fa impulzusf\u00f3liahegeszt\u0151 k\u00e9sz\u00fcl\u00e9kek. Lehet vastag vagy v\u00e9kony, r\u00f6vid vagy v\u00e9gtelen hossz\u00fa&#8230;A mobil Polystar\u00ae hegeszt\u0151fog\u00f3k minden nagy \u00e9s kicsi alkot\u00f3r\u00e9szt \u00f6sszehegesztenek, a kezelhet\u0151s\u00e9g\u00fck rendk\u00edv\u00fcl k\u00f6nny\u0171 \u00e9s flexibilis. M\u00e9g a nagyon hossz\u00fa szakaszok is k\u00f6nnyed\u00e9n \u00f6sszehegeszthet\u0151k, &#8216;varrat varrat ut\u00e1n&#8217; hegeszt\u00e9si m\u00f3dszerrel. Polietil\u00e9n f\u00f3li\u00e1k eset\u00e9ben 2 x 0,3 mm vastags\u00e1gig alkalmas ez&#8230;<\/p>\n<p> <a class=\"continue-reading-link\" href=\"http:\/\/www.jbt.hu\/wordpress\/foliahegesztok\/hoimpulzusos-foliahegesztok\/\"><span>Tov\u00e1bb<\/span><i class=\"crycon-right-dir\"><\/i><\/a> <\/p>\n","protected":false},"author":1,"featured_media":0,"parent":0,"menu_order":0,"comment_status":"closed","ping_status":"closed","template":"","meta":[],"aioseo_notices":[],"_links":{"self":[{"href":"http:\/\/www.jbt.hu\/wordpress\/foliahegesztok\/wp-json\/wp\/v2\/pages\/40"}],"collection":[{"href":"http:\/\/www.jbt.hu\/wordpress\/foliahegesztok\/wp-json\/wp\/v2\/pages"}],"about":[{"href":"http:\/\/www.jbt.hu\/wordpress\/foliahegesztok\/wp-json\/wp\/v2\/types\/page"}],"author":[{"embeddable":true,"href":"http:\/\/www.jbt.hu\/wordpress\/foliahegesztok\/wp-json\/wp\/v2\/users\/1"}],"replies":[{"embeddable":true,"href":"http:\/\/www.jbt.hu\/wordpress\/foliahegesztok\/wp-json\/wp\/v2\/comments?post=40"}],"version-history":[{"count":45,"href":"http:\/\/www.jbt.hu\/wordpress\/foliahegesztok\/wp-json\/wp\/v2\/pages\/40\/revisions"}],"predecessor-version":[{"id":1238,"href":"http:\/\/www.jbt.hu\/wordpress\/foliahegesztok\/wp-json\/wp\/v2\/pages\/40\/revisions\/1238"}],"wp:attachment":[{"href":"http:\/\/www.jbt.hu\/wordpress\/foliahegesztok\/wp-json\/wp\/v2\/media?parent=40"}],"curies":[{"name":"wp","href":"https:\/\/api.w.org\/{rel}","templated":true}]}}