{"id":371,"date":"2019-08-15T13:06:12","date_gmt":"2019-08-15T13:06:12","guid":{"rendered":"http:\/\/www.jbt.hu\/wordpress\/foliahegesztok\/?page_id=371"},"modified":"2020-02-24T09:50:18","modified_gmt":"2020-02-24T09:50:18","slug":"validalhato-usb-s-pc-kompatibilis-univerzalisan-felhasznalhato-asztali-foliahegeszto","status":"publish","type":"page","link":"http:\/\/www.jbt.hu\/wordpress\/foliahegesztok\/validalhato-usb-s-pc-kompatibilis-univerzalisan-felhasznalhato-asztali-foliahegeszto\/","title":{"rendered":"VALID\u00c1LHAT\u00d3, USB-S PC KOMPATIBILIS, UNIVERZ\u00c1LISAN felhaszn\u00e1lhat\u00f3 asztali f\u00f3liahegeszt\u0151"},"content":{"rendered":"\t\t<div data-elementor-type=\"wp-post\" data-elementor-id=\"371\" class=\"elementor elementor-371\">\n\t\t\t\t\t\t<div class=\"elementor-inner\">\n\t\t\t\t<div class=\"elementor-section-wrap\">\n\t\t\t\t\t\t\t\t\t<section class=\"elementor-section elementor-top-section elementor-element elementor-element-4d2962a elementor-section-boxed elementor-section-height-default elementor-section-height-default\" data-id=\"4d2962a\" data-element_type=\"section\">\n\t\t\t\t\t\t<div class=\"elementor-container elementor-column-gap-default\">\n\t\t\t\t\t\t\t<div class=\"elementor-row\">\n\t\t\t\t\t<div class=\"elementor-column elementor-col-100 elementor-top-column elementor-element elementor-element-681af39\" data-id=\"681af39\" data-element_type=\"column\">\n\t\t\t<div class=\"elementor-column-wrap elementor-element-populated\">\n\t\t\t\t\t\t\t<div class=\"elementor-widget-wrap\">\n\t\t\t\t\t\t<div class=\"elementor-element elementor-element-8b1c355 elementor-widget elementor-widget-heading\" data-id=\"8b1c355\" data-element_type=\"widget\" data-widget_type=\"heading.default\">\n\t\t\t\t<div class=\"elementor-widget-container\">\n\t\t\t<h3 class=\"elementor-heading-title elementor-size-default\">Asztali f\u00f3liahegeszt\u0151 vertik\u00e1lis hegeszt\u0151s\u00ednekkel, kompatibilis: polietil\u00e9n, - kombin\u00e1lt - t\u00f6bbr\u00e9teg\u0171 alu-pap\u00edr-polietil\u00e9n - \u00e9s steril csomagol\u00e1sokhoz<\/h3>\t\t<\/div>\n\t\t\t\t<\/div>\n\t\t\t\t\t\t<\/div>\n\t\t\t\t\t<\/div>\n\t\t<\/div>\n\t\t\t\t\t\t\t\t<\/div>\n\t\t\t\t\t<\/div>\n\t\t<\/section>\n\t\t\t\t<section class=\"elementor-section elementor-top-section elementor-element elementor-element-b700c62 elementor-section-boxed elementor-section-height-default elementor-section-height-default\" data-id=\"b700c62\" data-element_type=\"section\">\n\t\t\t\t\t\t<div class=\"elementor-container elementor-column-gap-default\">\n\t\t\t\t\t\t\t<div class=\"elementor-row\">\n\t\t\t\t\t<div class=\"elementor-column elementor-col-50 elementor-top-column elementor-element elementor-element-559553a\" data-id=\"559553a\" data-element_type=\"column\">\n\t\t\t<div class=\"elementor-column-wrap elementor-element-populated\">\n\t\t\t\t\t\t\t<div class=\"elementor-widget-wrap\">\n\t\t\t\t\t\t<div class=\"elementor-element elementor-element-aa75e3a elementor-widget elementor-widget-text-editor\" data-id=\"aa75e3a\" data-element_type=\"widget\" data-widget_type=\"text-editor.default\">\n\t\t\t\t<div class=\"elementor-widget-container\">\n\t\t\t\t\t\t\t\t<div class=\"elementor-text-editor elementor-clearfix\">\n\t\t\t\t<h4>Alkalmaz\u00e1si ter\u00fcletek:<\/h4><p>A polystar\u00ae 438 M asztali f\u00f3liahegeszt\u0151 k\u00e9sz\u00fcl\u00e9k vertik\u00e1lis hegeszt\u0151 s\u00ednei k\u00f6z\u00f6tt vezethet\u0151 \u00e1t a hegesztend\u0151 f\u00f3lia. A k\u00e9toldali impulzus hev\u00edt\u00e9s nemcsak polietil\u00e9n, hanem alum\u00ednium \u00e9s pap\u00edrral kombin\u00e1lt t\u00f6bbr\u00e9teg\u0171, valamint steril f\u00f3lia alapanyagok is megb\u00edzhat\u00f3an \u00e9s biztons\u00e1gosan lehegeszthet\u0151k. A k\u00e9sz\u00fcl\u00e9k V2A rozsdamentes ac\u00e9l h\u00e1za k\u00f6nny\u0171 tiszt\u00edt\u00e1st tesz lehet\u0151v\u00e9.<\/p><p>A fontos hegeszt\u00e9si param\u00e9terek egy Pendrive-ra elt\u00e1rolhat\u00f3k \u00e9s asztali sz\u00e1m\u00edt\u00f3g\u00e9pre \u00e1tm\u00e1solhat\u00f3k.<\/p><h5>Ilyen egyszer\u0171en \u00e9s prec\u00edzen kell hegeszteni.<\/h5>\t\t\t\t\t<\/div>\n\t\t\t\t\t\t<\/div>\n\t\t\t\t<\/div>\n\t\t\t\t\t\t<\/div>\n\t\t\t\t\t<\/div>\n\t\t<\/div>\n\t\t\t\t<div class=\"elementor-column elementor-col-50 elementor-top-column elementor-element elementor-element-f06d772\" data-id=\"f06d772\" data-element_type=\"column\">\n\t\t\t<div class=\"elementor-column-wrap elementor-element-populated\">\n\t\t\t\t\t\t\t<div class=\"elementor-widget-wrap\">\n\t\t\t\t\t\t<div class=\"elementor-element elementor-element-916e60e elementor-arrows-position-inside elementor-pagination-position-outside elementor-widget elementor-widget-image-carousel\" data-id=\"916e60e\" data-element_type=\"widget\" data-settings=\"{&quot;slides_to_show&quot;:&quot;1&quot;,&quot;navigation&quot;:&quot;both&quot;,&quot;autoplay&quot;:&quot;yes&quot;,&quot;pause_on_hover&quot;:&quot;yes&quot;,&quot;pause_on_interaction&quot;:&quot;yes&quot;,&quot;autoplay_speed&quot;:5000,&quot;infinite&quot;:&quot;yes&quot;,&quot;effect&quot;:&quot;slide&quot;,&quot;speed&quot;:500}\" data-widget_type=\"image-carousel.default\">\n\t\t\t\t<div class=\"elementor-widget-container\">\n\t\t\t\t\t<div class=\"elementor-image-carousel-wrapper swiper-container\" dir=\"ltr\">\n\t\t\t<div class=\"elementor-image-carousel swiper-wrapper\">\n\t\t\t\t\t\t\t\t<div class=\"swiper-slide\"><figure class=\"swiper-slide-inner\"><img decoding=\"async\" class=\"swiper-slide-image\" src=\"http:\/\/www.jbt.hu\/wordpress\/foliahegesztok\/wp-content\/uploads\/sites\/10\/2020\/02\/438M-300x225.jpg\" alt=\"438M\" \/><\/figure><\/div><div class=\"swiper-slide\"><figure class=\"swiper-slide-inner\"><img decoding=\"async\" class=\"swiper-slide-image\" src=\"http:\/\/www.jbt.hu\/wordpress\/foliahegesztok\/wp-content\/uploads\/sites\/10\/2020\/02\/438M_USB-300x225.jpg\" alt=\"438M USB\" \/><\/figure><\/div><div class=\"swiper-slide\"><figure class=\"swiper-slide-inner\"><img decoding=\"async\" class=\"swiper-slide-image\" src=\"http:\/\/www.jbt.hu\/wordpress\/foliahegesztok\/wp-content\/uploads\/sites\/10\/2019\/08\/ujdonsag2-1-300x249.jpg\" alt=\"438M munkaasztallal \u00e9s  f\u00f3liatart\u00f3val\" \/><\/figure><\/div>\t\t\t<\/div>\n\t\t\t\t\t\t\t\t\t\t\t\t<div class=\"swiper-pagination\"><\/div>\n\t\t\t\t\t\t\t\t\t\t\t\t\t<div class=\"elementor-swiper-button elementor-swiper-button-prev\">\n\t\t\t\t\t\t<i aria-hidden=\"true\" class=\"eicon-chevron-left\"><\/i>\t\t\t\t\t\t<span class=\"elementor-screen-only\">El\u0151z\u0151<\/span>\n\t\t\t\t\t<\/div>\n\t\t\t\t\t<div class=\"elementor-swiper-button elementor-swiper-button-next\">\n\t\t\t\t\t\t<i aria-hidden=\"true\" class=\"eicon-chevron-right\"><\/i>\t\t\t\t\t\t<span class=\"elementor-screen-only\">K\u00f6vetkez\u0151<\/span>\n\t\t\t\t\t<\/div>\n\t\t\t\t\t\t\t\t\t<\/div>\n\t\t\t\t<\/div>\n\t\t\t\t<\/div>\n\t\t\t\t\t\t<\/div>\n\t\t\t\t\t<\/div>\n\t\t<\/div>\n\t\t\t\t\t\t\t\t<\/div>\n\t\t\t\t\t<\/div>\n\t\t<\/section>\n\t\t\t\t<section class=\"elementor-section elementor-top-section elementor-element elementor-element-0a0a9a6 elementor-section-boxed elementor-section-height-default elementor-section-height-default\" data-id=\"0a0a9a6\" data-element_type=\"section\">\n\t\t\t\t\t\t<div class=\"elementor-container elementor-column-gap-default\">\n\t\t\t\t\t\t\t<div class=\"elementor-row\">\n\t\t\t\t\t<div class=\"elementor-column elementor-col-50 elementor-top-column elementor-element elementor-element-33c834d\" data-id=\"33c834d\" data-element_type=\"column\">\n\t\t\t<div class=\"elementor-column-wrap elementor-element-populated\">\n\t\t\t\t\t\t\t<div class=\"elementor-widget-wrap\">\n\t\t\t\t\t\t<div class=\"elementor-element elementor-element-05cafa0 elementor-aspect-ratio-169 elementor-widget elementor-widget-video\" data-id=\"05cafa0\" data-element_type=\"widget\" data-settings=\"{&quot;youtube_url&quot;:&quot;https:\\\/\\\/youtu.be\\\/z4IJTnXUjEM&quot;,&quot;video_type&quot;:&quot;youtube&quot;,&quot;controls&quot;:&quot;yes&quot;,&quot;aspect_ratio&quot;:&quot;169&quot;}\" data-widget_type=\"video.default\">\n\t\t\t\t<div class=\"elementor-widget-container\">\n\t\t\t\t\t<div class=\"elementor-wrapper elementor-fit-aspect-ratio elementor-open-inline\">\n\t\t\t<div class=\"elementor-video\"><\/div>\t\t<\/div>\n\t\t\t\t<\/div>\n\t\t\t\t<\/div>\n\t\t\t\t\t\t<\/div>\n\t\t\t\t\t<\/div>\n\t\t<\/div>\n\t\t\t\t<div class=\"elementor-column elementor-col-50 elementor-top-column elementor-element elementor-element-0cca202\" data-id=\"0cca202\" data-element_type=\"column\">\n\t\t\t<div class=\"elementor-column-wrap elementor-element-populated\">\n\t\t\t\t\t\t\t<div class=\"elementor-widget-wrap\">\n\t\t\t\t\t\t<div class=\"elementor-element elementor-element-0ab8121 elementor-widget elementor-widget-text-editor\" data-id=\"0ab8121\" data-element_type=\"widget\" data-widget_type=\"text-editor.default\">\n\t\t\t\t<div class=\"elementor-widget-container\">\n\t\t\t\t\t\t\t\t<div class=\"elementor-text-editor elementor-clearfix\">\n\t\t\t\t<h4>A k\u00e9sz\u00fcl\u00e9k kezel\u00e9se:<\/h4><p>A polystar\u00ae 438 M asztali f\u00f3liahegeszt\u0151 k\u00e9sz\u00fcl\u00e9k h\u0151impulzusos elj\u00e1r\u00e1ssal dolgozik, azonnal haszn\u00e1latra k\u00e9sz. A param\u00e9terek, mint hegeszt\u00e9si h\u0151m\u00e9rs\u00e9klet, hegeszt\u00e9si id\u0151tartam, hegeszt\u00e9si nyom\u00e1s \u00e9rint\u0151k\u00e9perny\u0151n t\u00f6rt\u00e9n\u0151 be\u00e1ll\u00edt\u00e1sa rendk\u00edv\u00fcl egyszer\u0171. A be\u00e1ll\u00edt\u00e1sokat k\u00f6vet\u0151en behelyezheti a lehegesztend\u0151 anyagot a hegeszt\u0151s\u00ednek k\u00f6z\u00e9 \u00e9s l\u00e1bped\u00e1l kapcsol\u00f3val azonnal m\u0171k\u00f6d\u00e9sbe hozhatja a k\u00e9sz\u00fcl\u00e9ket. Az els\u0151 elk\u00e9sz\u00fclt hegeszt\u00e9sn\u00e9l ellen\u0151rizze a be\u00e1ll\u00edt\u00e1sokat \u00e9s a hegeszt\u00e9si min\u0151s\u00e9get. A munkafolyamatot a tov\u00e1bbiakban a k\u00e9sz\u00fcl\u00e9k vez\u00e9rli \u00e9s ellen\u0151rzi.<\/p>\t\t\t\t\t<\/div>\n\t\t\t\t\t\t<\/div>\n\t\t\t\t<\/div>\n\t\t\t\t\t\t<\/div>\n\t\t\t\t\t<\/div>\n\t\t<\/div>\n\t\t\t\t\t\t\t\t<\/div>\n\t\t\t\t\t<\/div>\n\t\t<\/section>\n\t\t\t\t<section class=\"elementor-section elementor-top-section elementor-element elementor-element-1f0c052 elementor-section-boxed elementor-section-height-default elementor-section-height-default\" data-id=\"1f0c052\" data-element_type=\"section\">\n\t\t\t\t\t\t<div class=\"elementor-container elementor-column-gap-default\">\n\t\t\t\t\t\t\t<div class=\"elementor-row\">\n\t\t\t\t\t<div class=\"elementor-column elementor-col-100 elementor-top-column elementor-element elementor-element-fb46947\" data-id=\"fb46947\" data-element_type=\"column\">\n\t\t\t<div class=\"elementor-column-wrap elementor-element-populated\">\n\t\t\t\t\t\t\t<div class=\"elementor-widget-wrap\">\n\t\t\t\t\t\t<div class=\"elementor-element elementor-element-ff8da1e elementor-widget elementor-widget-text-editor\" data-id=\"ff8da1e\" data-element_type=\"widget\" data-widget_type=\"text-editor.default\">\n\t\t\t\t<div class=\"elementor-widget-container\">\n\t\t\t\t\t\t\t\t<div class=\"elementor-text-editor elementor-clearfix\">\n\t\t\t\t<h5>K\u00fcl\u00f6nleges el\u0151ny\u00f6k:<\/h5><ul><li>Valid\u00e1lhat\u00f3 a k\u00e9sz\u00fcl\u00e9k DIN EN ISO 11607-2 szerint \u00e9s megfelel a DIN 58953-7 szabv\u00e1nynak<\/li><li>A param\u00e9terek \u00e9rint\u0151k\u00e9perny\u0151n be\u00e1ll\u00edthat\u00f3k<\/li><li>Pontos h\u0151m\u00e9rs\u00e9klet vez\u00e9rl\u00e9s \u00e9s max. +\/- 5\u00b0C elt\u00e9r\u00e9ssel t\u00f6rt\u00e9n\u0151 szab\u00e1lyoz\u00e1s<\/li><li>Hegeszt\u00e9si \u00e9s h\u0171l\u00e9si id\u0151 pillanatok alatt be\u00e1ll\u00edthat\u00f3<\/li><li>Hegeszt\u00e9s a be\u00e1ll\u00edtott h\u0151m\u00e9rs\u00e9klet el\u00e9r\u00e9sekor kezd\u0151dik meg<\/li><li>K\u00fcl\u00f6n be\u00e1ll\u00edthat\u00f3 a jobb \u00e9s a bal oldali hegeszt\u00e9si nyom\u00e1s \u00e9s ennek a hegeszt\u00e9si ciklus alatti prec\u00edz ellen\u0151rz\u00e9se is folyamatos<\/li><li>Integr\u00e1lt darabsz\u00e1ml\u00e1l\u00f3<\/li><li>Olyan kieg\u00e9sz\u00edt\u0151 inform\u00e1ci\u00f3k, mint pl. adagsz\u00e1m, kezel\u0151 neve a mem\u00f3ri\u00e1ba ber\u00f6gz\u00edthet\u0151k<\/li><li>A param\u00e9tereket \u00e9s kieg\u00e9sz\u00edt\u0151 inform\u00e1ci\u00f3kat a k\u00e9sz\u00fcl\u00e9kb\u0151l USB Pendrive-ra kim\u00e1solhatja<\/li><li>Hibajelz\u00e9sek<\/li><li>Max. 16 k\u00fcl\u00f6nf\u00e9le param\u00e9ter \u00e9s hegeszt\u00e9si param\u00e9ter t\u00e1rolhat\u00f3<\/li><\/ul>\t\t\t\t\t<\/div>\n\t\t\t\t\t\t<\/div>\n\t\t\t\t<\/div>\n\t\t\t\t\t\t<\/div>\n\t\t\t\t\t<\/div>\n\t\t<\/div>\n\t\t\t\t\t\t\t\t<\/div>\n\t\t\t\t\t<\/div>\n\t\t<\/section>\n\t\t\t\t<section class=\"elementor-section elementor-top-section elementor-element elementor-element-9330193 elementor-section-boxed elementor-section-height-default elementor-section-height-default\" data-id=\"9330193\" data-element_type=\"section\">\n\t\t\t\t\t\t<div class=\"elementor-container elementor-column-gap-default\">\n\t\t\t\t\t\t\t<div class=\"elementor-row\">\n\t\t\t\t\t<div class=\"elementor-column elementor-col-50 elementor-top-column elementor-element elementor-element-8ca318b\" data-id=\"8ca318b\" data-element_type=\"column\">\n\t\t\t<div class=\"elementor-column-wrap elementor-element-populated\">\n\t\t\t\t\t\t\t<div class=\"elementor-widget-wrap\">\n\t\t\t\t\t\t<div class=\"elementor-element elementor-element-8b61812 elementor-widget elementor-widget-text-editor\" data-id=\"8b61812\" data-element_type=\"widget\" data-widget_type=\"text-editor.default\">\n\t\t\t\t<div class=\"elementor-widget-container\">\n\t\t\t\t\t\t\t\t<div class=\"elementor-text-editor elementor-clearfix\">\n\t\t\t\t<h5>F\u00f3liav\u00e1g\u00f3 berendez\u00e9s:<\/h5>\n\nA polystar\u00ae 438 M f\u00f3liav\u00e1g\u00f3val is felszerelhet\u0151. A f\u00f3liav\u00e1g\u00f3 penge a hegeszt\u00e9si folyamat k\u00f6zben, manu\u00e1lisan m\u0171k\u00f6dtethet\u0151.\t\t\t\t\t<\/div>\n\t\t\t\t\t\t<\/div>\n\t\t\t\t<\/div>\n\t\t\t\t\t\t<\/div>\n\t\t\t\t\t<\/div>\n\t\t<\/div>\n\t\t\t\t<div class=\"elementor-column elementor-col-50 elementor-top-column elementor-element elementor-element-8784c9f\" data-id=\"8784c9f\" data-element_type=\"column\">\n\t\t\t<div class=\"elementor-column-wrap elementor-element-populated\">\n\t\t\t\t\t\t\t<div class=\"elementor-widget-wrap\">\n\t\t\t\t\t\t<div class=\"elementor-element elementor-element-c99ce21 elementor-widget elementor-widget-text-editor\" data-id=\"c99ce21\" data-element_type=\"widget\" data-widget_type=\"text-editor.default\">\n\t\t\t\t<div class=\"elementor-widget-container\">\n\t\t\t\t\t\t\t\t<div class=\"elementor-text-editor elementor-clearfix\">\n\t\t\t\t<h5>K\u00fcl\u00f6nleges kivitel:<\/h5>\n\nA k\u00e9sz\u00fcl\u00e9k kieg\u00e9sz\u00edthet\u0151 f\u00f3liag\u00f6rg\u0151 tart\u00f3val, ac\u00e9llemezb\u0151l k\u00e9sz\u00edtett munkaasztallal, melyek a polystar\u00ae asztali hegeszt\u0151 k\u00e9sz\u00fcl\u00e9khez illesztve a k\u00e9sz\u00fcl\u00e9k haszn\u00e1l\u00f3j\u00e1nak n\u00e9lk\u00fcl\u00f6zhetetlen seg\u00edt\u0151t\u00e1rsaiv\u00e1 v\u00e1lhatnak.\t\t\t\t\t<\/div>\n\t\t\t\t\t\t<\/div>\n\t\t\t\t<\/div>\n\t\t\t\t\t\t<\/div>\n\t\t\t\t\t<\/div>\n\t\t<\/div>\n\t\t\t\t\t\t\t\t<\/div>\n\t\t\t\t\t<\/div>\n\t\t<\/section>\n\t\t\t\t<section class=\"elementor-section elementor-top-section elementor-element elementor-element-7e458c2 elementor-section-boxed elementor-section-height-default elementor-section-height-default\" data-id=\"7e458c2\" data-element_type=\"section\">\n\t\t\t\t\t\t<div class=\"elementor-container elementor-column-gap-default\">\n\t\t\t\t\t\t\t<div class=\"elementor-row\">\n\t\t\t\t\t<div class=\"elementor-column elementor-col-100 elementor-top-column elementor-element elementor-element-72cf1f2\" data-id=\"72cf1f2\" data-element_type=\"column\">\n\t\t\t<div class=\"elementor-column-wrap elementor-element-populated\">\n\t\t\t\t\t\t\t<div class=\"elementor-widget-wrap\">\n\t\t\t\t\t\t<div class=\"elementor-element elementor-element-3877ac6 elementor-widget elementor-widget-heading\" data-id=\"3877ac6\" data-element_type=\"widget\" data-widget_type=\"heading.default\">\n\t\t\t\t<div class=\"elementor-widget-container\">\n\t\t\t<h4 class=\"elementor-heading-title elementor-size-default\">M\u0171szaki adatok<\/h4>\t\t<\/div>\n\t\t\t\t<\/div>\n\t\t\t\t\t\t<\/div>\n\t\t\t\t\t<\/div>\n\t\t<\/div>\n\t\t\t\t\t\t\t\t<\/div>\n\t\t\t\t\t<\/div>\n\t\t<\/section>\n\t\t\t\t<section class=\"elementor-section elementor-top-section elementor-element elementor-element-0a65cb3 elementor-section-boxed elementor-section-height-default elementor-section-height-default\" data-id=\"0a65cb3\" data-element_type=\"section\">\n\t\t\t\t\t\t<div class=\"elementor-container elementor-column-gap-default\">\n\t\t\t\t\t\t\t<div class=\"elementor-row\">\n\t\t\t\t\t<div class=\"elementor-column elementor-col-100 elementor-top-column elementor-element elementor-element-63427ce\" data-id=\"63427ce\" data-element_type=\"column\">\n\t\t\t<div class=\"elementor-column-wrap elementor-element-populated\">\n\t\t\t\t\t\t\t<div class=\"elementor-widget-wrap\">\n\t\t\t\t\t\t<div class=\"elementor-element elementor-element-305798b elementor-widget elementor-widget-shortcode\" data-id=\"305798b\" data-element_type=\"widget\" data-widget_type=\"shortcode.default\">\n\t\t\t\t<div class=\"elementor-widget-container\">\n\t\t\t\t\t<div class=\"elementor-shortcode\">\n<table id=\"tablepress-14\" class=\"tablepress tablepress-id-14\">\n<thead>\n<tr class=\"row-1 odd\">\n\t<th class=\"column-1\">&nbsp;<\/th><th class=\"column-2\">438 M<\/th><th class=\"column-3\">638 M<\/th>\n<\/tr>\n<\/thead>\n<tbody class=\"row-hover\">\n<tr class=\"row-2 even\">\n\t<td class=\"column-1\">Hegeszt\u00e9si hossz (max.)<\/td><td class=\"column-2\">400 mm<\/td><td class=\"column-3\">600 mm<\/td>\n<\/tr>\n<tr class=\"row-3 odd\">\n\t<td class=\"column-1\">Hegeszt\u00e9si varrat sz\u00e9less\u00e9g<\/td><td class=\"column-2\">8 mm<\/td><td class=\"column-3\">8 mm<\/td>\n<\/tr>\n<tr class=\"row-4 even\">\n\t<td class=\"column-1\">F\u00f3lia \u00e1tenged\u0151 sz\u00e9less\u00e9g<\/td><td class=\"column-2\">350 mm<\/td><td class=\"column-3\">350 mm<\/td>\n<\/tr>\n<tr class=\"row-5 odd\">\n\t<td class=\"column-1\">Hegeszt\u0151pofa ny\u00edl\u00e1s<\/td><td class=\"column-2\">25 mm<\/td><td class=\"column-3\">25 mm<\/td>\n<\/tr>\n<tr class=\"row-6 even\">\n\t<td class=\"column-1\">\u00c1ramfelv\u00e9tel<\/td><td class=\"column-2\">3,0 A<\/td><td class=\"column-3\"><\/td>\n<\/tr>\n<tr class=\"row-7 odd\">\n\t<td class=\"column-1\">Teljes\u00edtm\u00e9ny sz\u00fcks\u00e9glet<\/td><td class=\"column-2\">0,6 kW\/h<\/td><td class=\"column-3\"><\/td>\n<\/tr>\n<tr class=\"row-8 even\">\n\t<td class=\"column-1\">M\u00e9retek<\/td><td class=\"column-2\">570 x 360 x 220 mm<\/td><td class=\"column-3\"><\/td>\n<\/tr>\n<tr class=\"row-9 odd\">\n\t<td class=\"column-1\">Nett\u00f3 s\u00faly<\/td><td class=\"column-2\">22,0 kg<\/td><td class=\"column-3\"><\/td>\n<\/tr>\n<tr class=\"row-10 even\">\n\t<td class=\"column-1\">H\u00e1l\u00f3zati csatlakoz\u00e1s<\/td><td class=\"column-2\">230 V\/50 Hz<\/td><td class=\"column-3\">230 V\/ 50 Hz<\/td>\n<\/tr>\n<\/tbody>\n<\/table>\n<!-- #tablepress-14 from cache --><\/div>\n\t\t\t\t<\/div>\n\t\t\t\t<\/div>\n\t\t\t\t\t\t<\/div>\n\t\t\t\t\t<\/div>\n\t\t<\/div>\n\t\t\t\t\t\t\t\t<\/div>\n\t\t\t\t\t<\/div>\n\t\t<\/section>\n\t\t\t\t<section class=\"elementor-section elementor-top-section elementor-element elementor-element-abb4592 elementor-section-boxed elementor-section-height-default elementor-section-height-default\" data-id=\"abb4592\" data-element_type=\"section\">\n\t\t\t\t\t\t<div class=\"elementor-container elementor-column-gap-default\">\n\t\t\t\t\t\t\t<div class=\"elementor-row\">\n\t\t\t\t\t<div class=\"elementor-column elementor-col-100 elementor-top-column elementor-element elementor-element-5537599\" data-id=\"5537599\" data-element_type=\"column\">\n\t\t\t<div class=\"elementor-column-wrap elementor-element-populated\">\n\t\t\t\t\t\t\t<div class=\"elementor-widget-wrap\">\n\t\t\t\t\t\t<div class=\"elementor-element elementor-element-ef6eac2 elementor-widget elementor-widget-text-editor\" data-id=\"ef6eac2\" data-element_type=\"widget\" data-widget_type=\"text-editor.default\">\n\t\t\t\t<div class=\"elementor-widget-container\">\n\t\t\t\t\t\t\t\t<div class=\"elementor-text-editor elementor-clearfix\">\n\t\t\t\t<p>A k\u00e9sz\u00fcl\u00e9keket 1,5 m-es csatlakoz\u00f3 vezet\u00e9kkel sz\u00e1ll\u00edtjuk.<br \/>A m\u0171szaki v\u00e1ltoztat\u00e1sok jog\u00e1t fenntartjuk!<\/p>\t\t\t\t\t<\/div>\n\t\t\t\t\t\t<\/div>\n\t\t\t\t<\/div>\n\t\t\t\t<div class=\"elementor-element elementor-element-ca58699 elementor-widget elementor-widget-button\" data-id=\"ca58699\" data-element_type=\"widget\" data-widget_type=\"button.default\">\n\t\t\t\t<div class=\"elementor-widget-container\">\n\t\t\t\t\t<div class=\"elementor-button-wrapper\">\n\t\t\t<a href=\"http:\/\/www.jbt.hu\/wordpress\/foliahegesztok\/wp-content\/uploads\/sites\/10\/2019\/11\/438M.pdf\" target=\"_blank\" class=\"elementor-button-link elementor-button elementor-size-sm\" role=\"button\">\n\t\t\t\t\t\t<span class=\"elementor-button-content-wrapper\">\n\t\t\t\t\t\t\t<span class=\"elementor-button-icon elementor-align-icon-left\">\n\t\t\t\t<i aria-hidden=\"true\" class=\"fas fa-file-download\"><\/i>\t\t\t<\/span>\n\t\t\t\t\t\t<span class=\"elementor-button-text\">Let\u00f6lthet\u0151 inf\u00f3 lap<\/span>\n\t\t<\/span>\n\t\t\t\t\t<\/a>\n\t\t<\/div>\n\t\t\t\t<\/div>\n\t\t\t\t<\/div>\n\t\t\t\t\t\t<\/div>\n\t\t\t\t\t<\/div>\n\t\t<\/div>\n\t\t\t\t\t\t\t\t<\/div>\n\t\t\t\t\t<\/div>\n\t\t<\/section>\n\t\t\t\t<section class=\"elementor-section elementor-top-section elementor-element elementor-element-3d0cb5f elementor-section-boxed elementor-section-height-default elementor-section-height-default\" data-id=\"3d0cb5f\" data-element_type=\"section\">\n\t\t\t\t\t\t<div class=\"elementor-container elementor-column-gap-default\">\n\t\t\t\t\t\t\t<div class=\"elementor-row\">\n\t\t\t\t\t<div class=\"elementor-column elementor-col-100 elementor-top-column elementor-element elementor-element-a808aa6\" data-id=\"a808aa6\" data-element_type=\"column\">\n\t\t\t<div class=\"elementor-column-wrap elementor-element-populated\">\n\t\t\t\t\t\t\t<div class=\"elementor-widget-wrap\">\n\t\t\t\t\t\t<div class=\"elementor-element elementor-element-8257698 elementor-widget elementor-widget-heading\" data-id=\"8257698\" data-element_type=\"widget\" data-widget_type=\"heading.default\">\n\t\t\t\t<div class=\"elementor-widget-container\">\n\t\t\t<h4 class=\"elementor-heading-title elementor-size-default\"><a href=\"http:\/\/www.jbt.hu\/wordpress\/foliahegesztok\/kapcsolat\/\">Tov\u00e1bbi inform\u00e1ci\u00f3k\u00e9rt l\u00e9pjen kapcsolatba vel\u00fcnk!<\/a><\/h4>\t\t<\/div>\n\t\t\t\t<\/div>\n\t\t\t\t\t\t<\/div>\n\t\t\t\t\t<\/div>\n\t\t<\/div>\n\t\t\t\t\t\t\t\t<\/div>\n\t\t\t\t\t<\/div>\n\t\t<\/section>\n\t\t\t\t\t\t\t\t\t<\/div>\n\t\t\t<\/div>\n\t\t\t\t\t<\/div>\n\t\t","protected":false},"excerpt":{"rendered":"<p>Asztali f\u00f3liahegeszt\u0151 vertik\u00e1lis hegeszt\u0151s\u00ednekkel, kompatibilis: polietil\u00e9n, &#8211; kombin\u00e1lt &#8211; t\u00f6bbr\u00e9teg\u0171 alu-pap\u00edr-polietil\u00e9n &#8211; \u00e9s steril csomagol\u00e1sokhoz Alkalmaz\u00e1si ter\u00fcletek: A polystar\u00ae 438 M asztali f\u00f3liahegeszt\u0151 k\u00e9sz\u00fcl\u00e9k vertik\u00e1lis hegeszt\u0151 s\u00ednei k\u00f6z\u00f6tt vezethet\u0151 \u00e1t a hegesztend\u0151 f\u00f3lia. A k\u00e9toldali impulzus hev\u00edt\u00e9s nemcsak polietil\u00e9n, hanem alum\u00ednium \u00e9s pap\u00edrral kombin\u00e1lt t\u00f6bbr\u00e9teg\u0171, valamint steril f\u00f3lia alapanyagok is&#8230;<\/p>\n<p> <a class=\"continue-reading-link\" href=\"http:\/\/www.jbt.hu\/wordpress\/foliahegesztok\/validalhato-usb-s-pc-kompatibilis-univerzalisan-felhasznalhato-asztali-foliahegeszto\/\"><span>Tov\u00e1bb<\/span><i class=\"crycon-right-dir\"><\/i><\/a> <\/p>\n","protected":false},"author":1,"featured_media":0,"parent":0,"menu_order":0,"comment_status":"closed","ping_status":"closed","template":"","meta":[],"aioseo_notices":[],"_links":{"self":[{"href":"http:\/\/www.jbt.hu\/wordpress\/foliahegesztok\/wp-json\/wp\/v2\/pages\/371"}],"collection":[{"href":"http:\/\/www.jbt.hu\/wordpress\/foliahegesztok\/wp-json\/wp\/v2\/pages"}],"about":[{"href":"http:\/\/www.jbt.hu\/wordpress\/foliahegesztok\/wp-json\/wp\/v2\/types\/page"}],"author":[{"embeddable":true,"href":"http:\/\/www.jbt.hu\/wordpress\/foliahegesztok\/wp-json\/wp\/v2\/users\/1"}],"replies":[{"embeddable":true,"href":"http:\/\/www.jbt.hu\/wordpress\/foliahegesztok\/wp-json\/wp\/v2\/comments?post=371"}],"version-history":[{"count":33,"href":"http:\/\/www.jbt.hu\/wordpress\/foliahegesztok\/wp-json\/wp\/v2\/pages\/371\/revisions"}],"predecessor-version":[{"id":1266,"href":"http:\/\/www.jbt.hu\/wordpress\/foliahegesztok\/wp-json\/wp\/v2\/pages\/371\/revisions\/1266"}],"wp:attachment":[{"href":"http:\/\/www.jbt.hu\/wordpress\/foliahegesztok\/wp-json\/wp\/v2\/media?parent=371"}],"curies":[{"name":"wp","href":"https:\/\/api.w.org\/{rel}","templated":true}]}}