{"id":37,"date":"2019-08-13T12:15:19","date_gmt":"2019-08-13T12:15:19","guid":{"rendered":"http:\/\/www.jbt.hu\/wordpress\/foliahegesztok\/?page_id=37"},"modified":"2020-03-05T13:44:11","modified_gmt":"2020-03-05T13:44:11","slug":"specialis-foliahegesztok","status":"publish","type":"page","link":"http:\/\/www.jbt.hu\/wordpress\/foliahegesztok\/specialis-foliahegesztok\/","title":{"rendered":"Speci\u00e1lis f\u00f3liahegeszt\u0151k"},"content":{"rendered":"\t\t<div data-elementor-type=\"wp-post\" data-elementor-id=\"37\" class=\"elementor elementor-37\">\n\t\t\t\t\t\t<div class=\"elementor-inner\">\n\t\t\t\t<div class=\"elementor-section-wrap\">\n\t\t\t\t\t\t\t\t\t<section class=\"elementor-section elementor-top-section elementor-element elementor-element-56d29f4 elementor-section-boxed elementor-section-height-default elementor-section-height-default\" data-id=\"56d29f4\" data-element_type=\"section\">\n\t\t\t\t\t\t<div class=\"elementor-container elementor-column-gap-default\">\n\t\t\t\t\t\t\t<div class=\"elementor-row\">\n\t\t\t\t\t<div class=\"elementor-column elementor-col-33 elementor-top-column elementor-element elementor-element-c1fa42b\" data-id=\"c1fa42b\" data-element_type=\"column\">\n\t\t\t<div class=\"elementor-column-wrap elementor-element-populated\">\n\t\t\t\t\t\t\t<div class=\"elementor-widget-wrap\">\n\t\t\t\t\t\t<div class=\"elementor-element elementor-element-85c46b6 elementor-position-top elementor-vertical-align-top elementor-widget elementor-widget-image-box\" data-id=\"85c46b6\" data-element_type=\"widget\" data-widget_type=\"image-box.default\">\n\t\t\t\t<div class=\"elementor-widget-container\">\n\t\t\t<div class=\"elementor-image-box-wrapper\"><figure class=\"elementor-image-box-img\"><a href=\"http:\/\/www.jbt.hu\/wordpress\/foliahegesztok\/vakuumozo-asztali-foliahegeszto-keszulek-kulonallo-vakuumszivattyuval\/\"><img decoding=\"async\" width=\"300\" height=\"220\" src=\"http:\/\/www.jbt.hu\/wordpress\/foliahegesztok\/wp-content\/uploads\/sites\/10\/2019\/08\/vakuumozo_asztali_1.jpg\" class=\"attachment-full size-full\" alt=\"\" loading=\"lazy\" \/><\/a><\/figure><div class=\"elementor-image-box-content\"><h4 class=\"elementor-image-box-title\"><a href=\"http:\/\/www.jbt.hu\/wordpress\/foliahegesztok\/vakuumozo-asztali-foliahegeszto-keszulek-kulonallo-vakuumszivattyuval\/\">V\u00e1kuumoz\u00f3 asztali f\u00f3liahegeszt\u0151 k\u00e9sz\u00fcl\u00e9k k\u00fcl\u00f6n\u00e1ll\u00f3 v\u00e1kuumszivatty\u00faval<\/a><\/h4><\/div><\/div>\t\t<\/div>\n\t\t\t\t<\/div>\n\t\t\t\t\t\t<\/div>\n\t\t\t\t\t<\/div>\n\t\t<\/div>\n\t\t\t\t<div class=\"elementor-column elementor-col-33 elementor-top-column elementor-element elementor-element-95c68d9\" data-id=\"95c68d9\" data-element_type=\"column\">\n\t\t\t<div class=\"elementor-column-wrap elementor-element-populated\">\n\t\t\t\t\t\t\t<div class=\"elementor-widget-wrap\">\n\t\t\t\t\t\t<div class=\"elementor-element elementor-element-5fdcf51 elementor-position-top elementor-vertical-align-top elementor-widget elementor-widget-image-box\" data-id=\"5fdcf51\" data-element_type=\"widget\" data-widget_type=\"image-box.default\">\n\t\t\t\t<div class=\"elementor-widget-container\">\n\t\t\t<div class=\"elementor-image-box-wrapper\"><figure class=\"elementor-image-box-img\"><a href=\"http:\/\/www.jbt.hu\/wordpress\/foliahegesztok\/kompakt-zacsko-keszito-automata-foliatomlohoz\/\"><img decoding=\"async\" width=\"300\" height=\"238\" src=\"http:\/\/www.jbt.hu\/wordpress\/foliahegesztok\/wp-content\/uploads\/sites\/10\/2019\/08\/kompakt_zacskos_1.jpg\" class=\"attachment-full size-full\" alt=\"\" loading=\"lazy\" \/><\/a><\/figure><div class=\"elementor-image-box-content\"><h4 class=\"elementor-image-box-title\"><a href=\"http:\/\/www.jbt.hu\/wordpress\/foliahegesztok\/kompakt-zacsko-keszito-automata-foliatomlohoz\/\">Kompakt zacsk\u00f3 k\u00e9sz\u00edt\u0151 automata f\u00f3liat\u00f6ml\u0151h\u00f6z<\/a><\/h4><\/div><\/div>\t\t<\/div>\n\t\t\t\t<\/div>\n\t\t\t\t\t\t<\/div>\n\t\t\t\t\t<\/div>\n\t\t<\/div>\n\t\t\t\t<div class=\"elementor-column elementor-col-33 elementor-top-column elementor-element elementor-element-630a446\" data-id=\"630a446\" data-element_type=\"column\">\n\t\t\t<div class=\"elementor-column-wrap elementor-element-populated\">\n\t\t\t\t\t\t\t<div class=\"elementor-widget-wrap\">\n\t\t\t\t\t\t<div class=\"elementor-element elementor-element-6cf8376 elementor-position-top elementor-vertical-align-top elementor-widget elementor-widget-image-box\" data-id=\"6cf8376\" data-element_type=\"widget\" data-widget_type=\"image-box.default\">\n\t\t\t\t<div class=\"elementor-widget-container\">\n\t\t\t<div class=\"elementor-image-box-wrapper\"><figure class=\"elementor-image-box-img\"><a href=\"http:\/\/www.jbt.hu\/wordpress\/foliahegesztok\/2-d-termekcsomagolasok-foliahegesztoje\/\"><img decoding=\"async\" width=\"300\" height=\"276\" src=\"http:\/\/www.jbt.hu\/wordpress\/foliahegesztok\/wp-content\/uploads\/sites\/10\/2019\/08\/ketdimenzios.jpg\" class=\"attachment-full size-full\" alt=\"\" loading=\"lazy\" \/><\/a><\/figure><div class=\"elementor-image-box-content\"><h4 class=\"elementor-image-box-title\"><a href=\"http:\/\/www.jbt.hu\/wordpress\/foliahegesztok\/2-d-termekcsomagolasok-foliahegesztoje\/\">2-D term\u00e9kcsomagol\u00e1sok f\u00f3liahegeszt\u0151je<\/a><\/h4><\/div><\/div>\t\t<\/div>\n\t\t\t\t<\/div>\n\t\t\t\t\t\t<\/div>\n\t\t\t\t\t<\/div>\n\t\t<\/div>\n\t\t\t\t\t\t\t\t<\/div>\n\t\t\t\t\t<\/div>\n\t\t<\/section>\n\t\t\t\t<section class=\"elementor-section elementor-top-section elementor-element elementor-element-3818794 elementor-section-boxed elementor-section-height-default elementor-section-height-default\" data-id=\"3818794\" data-element_type=\"section\">\n\t\t\t\t\t\t<div class=\"elementor-container elementor-column-gap-default\">\n\t\t\t\t\t\t\t<div class=\"elementor-row\">\n\t\t\t\t\t<div class=\"elementor-column elementor-col-33 elementor-top-column elementor-element elementor-element-2a216f2\" data-id=\"2a216f2\" data-element_type=\"column\">\n\t\t\t<div class=\"elementor-column-wrap elementor-element-populated\">\n\t\t\t\t\t\t\t<div class=\"elementor-widget-wrap\">\n\t\t\t\t\t\t<div class=\"elementor-element elementor-element-55888ec elementor-position-top elementor-vertical-align-top elementor-widget elementor-widget-image-box\" data-id=\"55888ec\" data-element_type=\"widget\" data-widget_type=\"image-box.default\">\n\t\t\t\t<div class=\"elementor-widget-container\">\n\t\t\t<div class=\"elementor-image-box-wrapper\"><figure class=\"elementor-image-box-img\"><a href=\"http:\/\/www.jbt.hu\/wordpress\/foliahegesztok\/egy-oldalrol-hozzaferheto-folia-hegesztesekhez\/\"><img decoding=\"async\" width=\"1500\" height=\"674\" src=\"http:\/\/www.jbt.hu\/wordpress\/foliahegesztok\/wp-content\/uploads\/sites\/10\/2019\/08\/resize_img.png\" class=\"attachment-full size-full\" alt=\"\" loading=\"lazy\" \/><\/a><\/figure><div class=\"elementor-image-box-content\"><h4 class=\"elementor-image-box-title\"><a href=\"http:\/\/www.jbt.hu\/wordpress\/foliahegesztok\/egy-oldalrol-hozzaferheto-folia-hegesztesekhez\/\">Egy oldalr\u00f3l hozz\u00e1f\u00e9rhet\u0151 f\u00f3lia hegeszt\u00e9sekhez<\/a><\/h4><\/div><\/div>\t\t<\/div>\n\t\t\t\t<\/div>\n\t\t\t\t\t\t<\/div>\n\t\t\t\t\t<\/div>\n\t\t<\/div>\n\t\t\t\t<div class=\"elementor-column elementor-col-33 elementor-top-column elementor-element elementor-element-d657dd9\" data-id=\"d657dd9\" data-element_type=\"column\">\n\t\t\t<div class=\"elementor-column-wrap elementor-element-populated\">\n\t\t\t\t\t\t\t<div class=\"elementor-widget-wrap\">\n\t\t\t\t\t\t<div class=\"elementor-element elementor-element-799f668 elementor-position-top elementor-vertical-align-top elementor-widget elementor-widget-image-box\" data-id=\"799f668\" data-element_type=\"widget\" data-widget_type=\"image-box.default\">\n\t\t\t\t<div class=\"elementor-widget-container\">\n\t\t\t<div class=\"elementor-image-box-wrapper\"><figure class=\"elementor-image-box-img\"><a href=\"http:\/\/www.jbt.hu\/wordpress\/foliahegesztok\/folyamatos-futesu-hegesztofogo-alu-laminalt-papir-es-kombinalt-foliak-hegesztesere\/\"><img decoding=\"async\" width=\"1171\" height=\"812\" src=\"http:\/\/www.jbt.hu\/wordpress\/foliahegesztok\/wp-content\/uploads\/sites\/10\/2019\/08\/HZH_300_400.png\" class=\"attachment-full size-full\" alt=\"\" loading=\"lazy\" \/><\/a><\/figure><div class=\"elementor-image-box-content\"><h4 class=\"elementor-image-box-title\"><a href=\"http:\/\/www.jbt.hu\/wordpress\/foliahegesztok\/folyamatos-futesu-hegesztofogo-alu-laminalt-papir-es-kombinalt-foliak-hegesztesere\/\">Folyamatos f\u0171t\u00e9s\u0171 hegeszt\u0151fog\u00f3 Alu, lamin\u00e1lt, pap\u00edr \u00e9s kombin\u00e1lt f\u00f3li\u00e1k hegeszt\u00e9s\u00e9re<\/a><\/h4><\/div><\/div>\t\t<\/div>\n\t\t\t\t<\/div>\n\t\t\t\t\t\t<\/div>\n\t\t\t\t\t<\/div>\n\t\t<\/div>\n\t\t\t\t<div class=\"elementor-column elementor-col-33 elementor-top-column elementor-element elementor-element-49f9476\" data-id=\"49f9476\" data-element_type=\"column\">\n\t\t\t<div class=\"elementor-column-wrap elementor-element-populated\">\n\t\t\t\t\t\t\t<div class=\"elementor-widget-wrap\">\n\t\t\t\t\t\t<div class=\"elementor-element elementor-element-26165a1 elementor-position-top elementor-vertical-align-top elementor-widget elementor-widget-image-box\" data-id=\"26165a1\" data-element_type=\"widget\" data-widget_type=\"image-box.default\">\n\t\t\t\t<div class=\"elementor-widget-container\">\n\t\t\t<div class=\"elementor-image-box-wrapper\"><figure class=\"elementor-image-box-img\"><a href=\"http:\/\/www.jbt.hu\/wordpress\/foliahegesztok\/biztonsagi-folyamatos-futesu-hegesztofogo-alu-laminalt-papir-es-kombinalt-foliak-hegesztesere\/\"><img decoding=\"async\" width=\"2048\" height=\"1536\" src=\"http:\/\/www.jbt.hu\/wordpress\/foliahegesztok\/wp-content\/uploads\/sites\/10\/2020\/02\/400SZ_Logo4.jpg\" class=\"attachment-full size-full\" alt=\"\" loading=\"lazy\" \/><\/a><\/figure><div class=\"elementor-image-box-content\"><h4 class=\"elementor-image-box-title\"><a href=\"http:\/\/www.jbt.hu\/wordpress\/foliahegesztok\/biztonsagi-folyamatos-futesu-hegesztofogo-alu-laminalt-papir-es-kombinalt-foliak-hegesztesere\/\">Biztons\u00e1gi folyamatos f\u0171t\u00e9s\u0171 hegeszt\u0151fog\u00f3 Alu, lamin\u00e1lt, pap\u00edr \u00e9s kombin\u00e1lt f\u00f3li\u00e1k hegeszt\u00e9s\u00e9re<\/a><\/h4><\/div><\/div>\t\t<\/div>\n\t\t\t\t<\/div>\n\t\t\t\t\t\t<\/div>\n\t\t\t\t\t<\/div>\n\t\t<\/div>\n\t\t\t\t\t\t\t\t<\/div>\n\t\t\t\t\t<\/div>\n\t\t<\/section>\n\t\t\t\t\t\t\t\t\t<\/div>\n\t\t\t<\/div>\n\t\t\t\t\t<\/div>\n\t\t","protected":false},"excerpt":{"rendered":"<p>V\u00e1kuumoz\u00f3 asztali f\u00f3liahegeszt\u0151 k\u00e9sz\u00fcl\u00e9k k\u00fcl\u00f6n\u00e1ll\u00f3 v\u00e1kuumszivatty\u00faval Kompakt zacsk\u00f3 k\u00e9sz\u00edt\u0151 automata f\u00f3liat\u00f6ml\u0151h\u00f6z 2-D term\u00e9kcsomagol\u00e1sok f\u00f3liahegeszt\u0151je Egy oldalr\u00f3l hozz\u00e1f\u00e9rhet\u0151 f\u00f3lia hegeszt\u00e9sekhez Folyamatos f\u0171t\u00e9s\u0171 hegeszt\u0151fog\u00f3 Alu, lamin\u00e1lt, pap\u00edr \u00e9s kombin\u00e1lt f\u00f3li\u00e1k hegeszt\u00e9s\u00e9re Biztons\u00e1gi folyamatos f\u0171t\u00e9s\u0171 hegeszt\u0151fog\u00f3 Alu, lamin\u00e1lt, pap\u00edr \u00e9s kombin\u00e1lt f\u00f3li\u00e1k hegeszt\u00e9s\u00e9re<\/p>\n<p> <a class=\"continue-reading-link\" href=\"http:\/\/www.jbt.hu\/wordpress\/foliahegesztok\/specialis-foliahegesztok\/\"><span>Tov\u00e1bb<\/span><i class=\"crycon-right-dir\"><\/i><\/a> <\/p>\n","protected":false},"author":1,"featured_media":0,"parent":0,"menu_order":0,"comment_status":"closed","ping_status":"closed","template":"","meta":[],"aioseo_notices":[],"_links":{"self":[{"href":"http:\/\/www.jbt.hu\/wordpress\/foliahegesztok\/wp-json\/wp\/v2\/pages\/37"}],"collection":[{"href":"http:\/\/www.jbt.hu\/wordpress\/foliahegesztok\/wp-json\/wp\/v2\/pages"}],"about":[{"href":"http:\/\/www.jbt.hu\/wordpress\/foliahegesztok\/wp-json\/wp\/v2\/types\/page"}],"author":[{"embeddable":true,"href":"http:\/\/www.jbt.hu\/wordpress\/foliahegesztok\/wp-json\/wp\/v2\/users\/1"}],"replies":[{"embeddable":true,"href":"http:\/\/www.jbt.hu\/wordpress\/foliahegesztok\/wp-json\/wp\/v2\/comments?post=37"}],"version-history":[{"count":21,"href":"http:\/\/www.jbt.hu\/wordpress\/foliahegesztok\/wp-json\/wp\/v2\/pages\/37\/revisions"}],"predecessor-version":[{"id":1322,"href":"http:\/\/www.jbt.hu\/wordpress\/foliahegesztok\/wp-json\/wp\/v2\/pages\/37\/revisions\/1322"}],"wp:attachment":[{"href":"http:\/\/www.jbt.hu\/wordpress\/foliahegesztok\/wp-json\/wp\/v2\/media?parent=37"}],"curies":[{"name":"wp","href":"https:\/\/api.w.org\/{rel}","templated":true}]}}