{"id":360,"date":"2019-08-15T12:30:10","date_gmt":"2019-08-15T12:30:10","guid":{"rendered":"http:\/\/www.jbt.hu\/wordpress\/foliahegesztok\/?page_id=360"},"modified":"2019-11-22T10:56:28","modified_gmt":"2019-11-22T10:56:28","slug":"folyamatos-futesu-hegesztofogo-alu-laminalt-papir-es-kombinalt-foliak-hegesztesere","status":"publish","type":"page","link":"http:\/\/www.jbt.hu\/wordpress\/foliahegesztok\/folyamatos-futesu-hegesztofogo-alu-laminalt-papir-es-kombinalt-foliak-hegesztesere\/","title":{"rendered":"Folyamatos f\u0171t\u00e9s\u0171 hegeszt\u0151fog\u00f3 Alu, lamin\u00e1lt, pap\u00edr \u00e9s kombin\u00e1lt f\u00f3li\u00e1k hegeszt\u00e9s\u00e9re"},"content":{"rendered":"\t\t<div data-elementor-type=\"wp-post\" data-elementor-id=\"360\" class=\"elementor elementor-360\">\n\t\t\t\t\t\t<div class=\"elementor-inner\">\n\t\t\t\t<div class=\"elementor-section-wrap\">\n\t\t\t\t\t\t\t\t\t<section class=\"elementor-section elementor-top-section elementor-element elementor-element-17bc76b elementor-section-boxed elementor-section-height-default elementor-section-height-default\" data-id=\"17bc76b\" data-element_type=\"section\">\n\t\t\t\t\t\t<div class=\"elementor-container elementor-column-gap-default\">\n\t\t\t\t\t\t\t<div class=\"elementor-row\">\n\t\t\t\t\t<div class=\"elementor-column elementor-col-100 elementor-top-column elementor-element elementor-element-0e42f5e\" data-id=\"0e42f5e\" data-element_type=\"column\">\n\t\t\t<div class=\"elementor-column-wrap\">\n\t\t\t\t\t\t\t<div class=\"elementor-widget-wrap\">\n\t\t\t\t\t\t\t\t<\/div>\n\t\t\t\t\t<\/div>\n\t\t<\/div>\n\t\t\t\t\t\t\t\t<\/div>\n\t\t\t\t\t<\/div>\n\t\t<\/section>\n\t\t\t\t<section class=\"elementor-section elementor-top-section elementor-element elementor-element-d8a06a4 elementor-section-boxed elementor-section-height-default elementor-section-height-default\" data-id=\"d8a06a4\" data-element_type=\"section\">\n\t\t\t\t\t\t<div class=\"elementor-container elementor-column-gap-default\">\n\t\t\t\t\t\t\t<div class=\"elementor-row\">\n\t\t\t\t\t<div class=\"elementor-column elementor-col-50 elementor-top-column elementor-element elementor-element-cf1f8da\" data-id=\"cf1f8da\" data-element_type=\"column\">\n\t\t\t<div class=\"elementor-column-wrap elementor-element-populated\">\n\t\t\t\t\t\t\t<div class=\"elementor-widget-wrap\">\n\t\t\t\t\t\t<div class=\"elementor-element elementor-element-f63881c elementor-widget elementor-widget-image\" data-id=\"f63881c\" data-element_type=\"widget\" data-widget_type=\"image.default\">\n\t\t\t\t<div class=\"elementor-widget-container\">\n\t\t\t\t\t\t\t\t<div class=\"elementor-image\">\n\t\t\t\t\t\t\t\t\t\t\t\t<img decoding=\"async\" width=\"900\" height=\"624\" src=\"http:\/\/www.jbt.hu\/wordpress\/foliahegesztok\/wp-content\/uploads\/sites\/10\/2019\/08\/HZH_300_400-1024x710.png\" class=\"attachment-large size-large\" alt=\"\" loading=\"lazy\" srcset=\"http:\/\/www.jbt.hu\/wordpress\/foliahegesztok\/wp-content\/uploads\/sites\/10\/2019\/08\/HZH_300_400-1024x710.png 1024w, http:\/\/www.jbt.hu\/wordpress\/foliahegesztok\/wp-content\/uploads\/sites\/10\/2019\/08\/HZH_300_400-300x208.png 300w, http:\/\/www.jbt.hu\/wordpress\/foliahegesztok\/wp-content\/uploads\/sites\/10\/2019\/08\/HZH_300_400-768x533.png 768w, http:\/\/www.jbt.hu\/wordpress\/foliahegesztok\/wp-content\/uploads\/sites\/10\/2019\/08\/HZH_300_400-150x104.png 150w, http:\/\/www.jbt.hu\/wordpress\/foliahegesztok\/wp-content\/uploads\/sites\/10\/2019\/08\/HZH_300_400.png 1171w\" sizes=\"(max-width: 900px) 100vw, 900px\" \/>\t\t\t\t\t\t\t\t\t\t\t\t\t\t<\/div>\n\t\t\t\t\t\t<\/div>\n\t\t\t\t<\/div>\n\t\t\t\t\t\t<\/div>\n\t\t\t\t\t<\/div>\n\t\t<\/div>\n\t\t\t\t<div class=\"elementor-column elementor-col-50 elementor-top-column elementor-element elementor-element-3037a1d\" data-id=\"3037a1d\" data-element_type=\"column\">\n\t\t\t<div class=\"elementor-column-wrap elementor-element-populated\">\n\t\t\t\t\t\t\t<div class=\"elementor-widget-wrap\">\n\t\t\t\t\t\t<div class=\"elementor-element elementor-element-87062eb elementor-widget elementor-widget-text-editor\" data-id=\"87062eb\" data-element_type=\"widget\" data-widget_type=\"text-editor.default\">\n\t\t\t\t<div class=\"elementor-widget-container\">\n\t\t\t\t\t\t\t\t<div class=\"elementor-text-editor elementor-clearfix\">\n\t\t\t\t<p>Ez a folyamatos f\u0171t\u00e9s\u0171,\u00a0 k\u00e9nyelmes, k\u00f6nnyen kezelhet\u0151 hegeszt\u0151fog\u00f3 f\u00f3li\u00e1hoz \u00e9s kombin\u00e1lt, alu lamin\u00e1lt, m\u0171anyag, pap\u00edranyagokhoz haszn\u00e1lhat\u00f3 kivitelekben is k\u00e9sz\u00fcl.<\/p><h5>Term\u00e9k inform\u00e1ci\u00f3:<\/h5><p>A legk\u00fcl\u00f6nf\u00e9l\u00e9bb felhaszn\u00e1l\u00e1si c\u00e9lokra alkalmazhat\u00f3. 4,5 m hossz\u00fa csatlakoz\u00f3 vezet\u00e9khossz a nagy ter\u00fcleten t\u00f6rt\u00e9n\u0151 haszn\u00e1lat\u00e1t teszi lehet\u0151v\u00e9. Speci\u00e1lis szigetel\u0151 anyaga megg\u00e1tolja, hogy a foganty\u00fan\u00e1l kellemetlen\u00fcl meleg h\u0151m\u00e9rs\u00e9klet jelentkezhessen. M\u00e9g 250 \u00b0C h\u0151m\u00e9rs\u00e9klet eset\u00e9n is kellemes kezelhet\u0151s\u00e9gi komfortot tud biztos\u00edtani. Ez a hegeszt\u0151fog\u00f3 mindenf\u00e9le pap\u00edr, lamin\u00e1lt aluminium \u00e9s m\u00e1s anyagokhoz alkalmas. A hegesztend\u0151 anyagt\u00f3l \u00e9s vastags\u00e1g\u00e1t\u00f3l f\u00fcgg\u0151en 60\u00b0C-250\u00b0C k\u00f6z\u00f6tt fokozatmentesen be\u00e1ll\u00edthat\u00f3.<\/p>\t\t\t\t\t<\/div>\n\t\t\t\t\t\t<\/div>\n\t\t\t\t<\/div>\n\t\t\t\t\t\t<\/div>\n\t\t\t\t\t<\/div>\n\t\t<\/div>\n\t\t\t\t\t\t\t\t<\/div>\n\t\t\t\t\t<\/div>\n\t\t<\/section>\n\t\t\t\t<section class=\"elementor-section elementor-top-section elementor-element elementor-element-9226ed3 elementor-section-boxed elementor-section-height-default elementor-section-height-default\" data-id=\"9226ed3\" data-element_type=\"section\">\n\t\t\t\t\t\t<div class=\"elementor-container elementor-column-gap-default\">\n\t\t\t\t\t\t\t<div class=\"elementor-row\">\n\t\t\t\t\t<div class=\"elementor-column elementor-col-50 elementor-top-column elementor-element elementor-element-4056455\" data-id=\"4056455\" data-element_type=\"column\">\n\t\t\t<div class=\"elementor-column-wrap elementor-element-populated\">\n\t\t\t\t\t\t\t<div class=\"elementor-widget-wrap\">\n\t\t\t\t\t\t<div class=\"elementor-element elementor-element-dd1e2c6 elementor-widget elementor-widget-text-editor\" data-id=\"dd1e2c6\" data-element_type=\"widget\" data-widget_type=\"text-editor.default\">\n\t\t\t\t<div class=\"elementor-widget-container\">\n\t\t\t\t\t\t\t\t<div class=\"elementor-text-editor elementor-clearfix\">\n\t\t\t\t<h5>Felhaszn\u00e1l\u00e1si p\u00e9ld\u00e1k:<\/h5>\n<ul>\n<li>szelepzs\u00e1kok lehegeszt\u00e9se<\/li>\n<li>tengerent\u00fali sz\u00e1ll\u00edt\u00e1sokhoz alkalmas alu \u00e9s kombin\u00e1lt f\u00f3li\u00e1k lehegeszt\u00e9se<\/li>\n<li>nagy term\u00e9kcsomagok mobil lehegeszt\u00e9se<\/li>\n<li>kinyitott &#8211; s\u00e9r\u00fclt f\u00f3lia zs\u00e1kok, csomagol\u00e1sok \u00fajra lehegeszt\u00e9se<\/li>\n<\/ul>\t\t\t\t\t<\/div>\n\t\t\t\t\t\t<\/div>\n\t\t\t\t<\/div>\n\t\t\t\t\t\t<\/div>\n\t\t\t\t\t<\/div>\n\t\t<\/div>\n\t\t\t\t<div class=\"elementor-column elementor-col-50 elementor-top-column elementor-element elementor-element-4d0935a\" data-id=\"4d0935a\" data-element_type=\"column\">\n\t\t\t<div class=\"elementor-column-wrap elementor-element-populated\">\n\t\t\t\t\t\t\t<div class=\"elementor-widget-wrap\">\n\t\t\t\t\t\t<div class=\"elementor-element elementor-element-54cf049 elementor-widget elementor-widget-image\" data-id=\"54cf049\" data-element_type=\"widget\" data-widget_type=\"image.default\">\n\t\t\t\t<div class=\"elementor-widget-container\">\n\t\t\t\t\t\t\t\t<div class=\"elementor-image\">\n\t\t\t\t\t\t\t\t\t\t\t\t<img decoding=\"async\" width=\"900\" height=\"661\" src=\"http:\/\/www.jbt.hu\/wordpress\/foliahegesztok\/wp-content\/uploads\/sites\/10\/2019\/08\/HZH_300_400_1-1024x752.jpg\" class=\"attachment-large size-large\" alt=\"\" loading=\"lazy\" srcset=\"http:\/\/www.jbt.hu\/wordpress\/foliahegesztok\/wp-content\/uploads\/sites\/10\/2019\/08\/HZH_300_400_1-1024x752.jpg 1024w, http:\/\/www.jbt.hu\/wordpress\/foliahegesztok\/wp-content\/uploads\/sites\/10\/2019\/08\/HZH_300_400_1-300x220.jpg 300w, http:\/\/www.jbt.hu\/wordpress\/foliahegesztok\/wp-content\/uploads\/sites\/10\/2019\/08\/HZH_300_400_1-768x564.jpg 768w, http:\/\/www.jbt.hu\/wordpress\/foliahegesztok\/wp-content\/uploads\/sites\/10\/2019\/08\/HZH_300_400_1-150x110.jpg 150w, http:\/\/www.jbt.hu\/wordpress\/foliahegesztok\/wp-content\/uploads\/sites\/10\/2019\/08\/HZH_300_400_1.jpg 1165w\" sizes=\"(max-width: 900px) 100vw, 900px\" \/>\t\t\t\t\t\t\t\t\t\t\t\t\t\t<\/div>\n\t\t\t\t\t\t<\/div>\n\t\t\t\t<\/div>\n\t\t\t\t\t\t<\/div>\n\t\t\t\t\t<\/div>\n\t\t<\/div>\n\t\t\t\t\t\t\t\t<\/div>\n\t\t\t\t\t<\/div>\n\t\t<\/section>\n\t\t\t\t<section class=\"elementor-section elementor-top-section elementor-element elementor-element-4bb144e elementor-section-boxed elementor-section-height-default elementor-section-height-default\" data-id=\"4bb144e\" data-element_type=\"section\">\n\t\t\t\t\t\t<div class=\"elementor-container elementor-column-gap-default\">\n\t\t\t\t\t\t\t<div class=\"elementor-row\">\n\t\t\t\t\t<div class=\"elementor-column elementor-col-50 elementor-top-column elementor-element elementor-element-ae5f044\" data-id=\"ae5f044\" data-element_type=\"column\">\n\t\t\t<div class=\"elementor-column-wrap elementor-element-populated\">\n\t\t\t\t\t\t\t<div class=\"elementor-widget-wrap\">\n\t\t\t\t\t\t<div class=\"elementor-element elementor-element-c78c1a3 elementor-widget elementor-widget-image\" data-id=\"c78c1a3\" data-element_type=\"widget\" data-widget_type=\"image.default\">\n\t\t\t\t<div class=\"elementor-widget-container\">\n\t\t\t\t\t\t\t\t<div class=\"elementor-image\">\n\t\t\t\t\t\t\t\t\t\t\t\t<img decoding=\"async\" width=\"900\" height=\"599\" src=\"http:\/\/www.jbt.hu\/wordpress\/foliahegesztok\/wp-content\/uploads\/sites\/10\/2019\/08\/300_400_HZH-1024x682.jpg\" class=\"attachment-large size-large\" alt=\"\" loading=\"lazy\" srcset=\"http:\/\/www.jbt.hu\/wordpress\/foliahegesztok\/wp-content\/uploads\/sites\/10\/2019\/08\/300_400_HZH-1024x682.jpg 1024w, http:\/\/www.jbt.hu\/wordpress\/foliahegesztok\/wp-content\/uploads\/sites\/10\/2019\/08\/300_400_HZH-300x200.jpg 300w, http:\/\/www.jbt.hu\/wordpress\/foliahegesztok\/wp-content\/uploads\/sites\/10\/2019\/08\/300_400_HZH-768x511.jpg 768w, http:\/\/www.jbt.hu\/wordpress\/foliahegesztok\/wp-content\/uploads\/sites\/10\/2019\/08\/300_400_HZH-150x100.jpg 150w, http:\/\/www.jbt.hu\/wordpress\/foliahegesztok\/wp-content\/uploads\/sites\/10\/2019\/08\/300_400_HZH.jpg 1170w\" sizes=\"(max-width: 900px) 100vw, 900px\" \/>\t\t\t\t\t\t\t\t\t\t\t\t\t\t<\/div>\n\t\t\t\t\t\t<\/div>\n\t\t\t\t<\/div>\n\t\t\t\t\t\t<\/div>\n\t\t\t\t\t<\/div>\n\t\t<\/div>\n\t\t\t\t<div class=\"elementor-column elementor-col-50 elementor-top-column elementor-element elementor-element-903342d\" data-id=\"903342d\" data-element_type=\"column\">\n\t\t\t<div class=\"elementor-column-wrap elementor-element-populated\">\n\t\t\t\t\t\t\t<div class=\"elementor-widget-wrap\">\n\t\t\t\t\t\t<div class=\"elementor-element elementor-element-9390c83 elementor-widget elementor-widget-text-editor\" data-id=\"9390c83\" data-element_type=\"widget\" data-widget_type=\"text-editor.default\">\n\t\t\t\t<div class=\"elementor-widget-container\">\n\t\t\t\t\t\t\t\t<div class=\"elementor-text-editor elementor-clearfix\">\n\t\t\t\t<h5>Vessen egy pillant\u00e1st az el\u0151ny\u00f6kre:<\/h5>\n<ul>\n<li>a csek\u00e9ly s\u00faly k\u00e9nyelmes, k\u00f6nny\u0171 kezelhet\u0151s\u00e9get tesz lehet\u0151v\u00e9 hosszabb id\u0151tartamra<\/li>\n<li>a hegeszt\u00e9si h\u0151m\u00e9rs\u00e9klet fokozatmentesen be\u00e1ll\u00edthat\u00f3<\/li>\n<li>alkalmazhat\u00f3 alu-, pap\u00edr \u00e9s kombin\u00e1ltf\u00f3li\u00e1khoz is<\/li>\n<li>PTFE-bevonata megg\u00e1tolja a tapad\u00e1st\u00e9s a f\u00f3li\u00e1k megs\u00e9r\u00fcl\u00e9s\u00e9t<\/li>\n<li>ide\u00e1lis mobil haszn\u00e1latra<\/li>\n<\/ul>\t\t\t\t\t<\/div>\n\t\t\t\t\t\t<\/div>\n\t\t\t\t<\/div>\n\t\t\t\t\t\t<\/div>\n\t\t\t\t\t<\/div>\n\t\t<\/div>\n\t\t\t\t\t\t\t\t<\/div>\n\t\t\t\t\t<\/div>\n\t\t<\/section>\n\t\t\t\t<section class=\"elementor-section elementor-top-section elementor-element elementor-element-431c643 elementor-section-boxed elementor-section-height-default elementor-section-height-default\" data-id=\"431c643\" data-element_type=\"section\">\n\t\t\t\t\t\t<div class=\"elementor-container elementor-column-gap-default\">\n\t\t\t\t\t\t\t<div class=\"elementor-row\">\n\t\t\t\t\t<div class=\"elementor-column elementor-col-100 elementor-top-column elementor-element elementor-element-a1432c3\" data-id=\"a1432c3\" data-element_type=\"column\">\n\t\t\t<div class=\"elementor-column-wrap elementor-element-populated\">\n\t\t\t\t\t\t\t<div class=\"elementor-widget-wrap\">\n\t\t\t\t\t\t<div class=\"elementor-element elementor-element-aa99949 elementor-widget elementor-widget-heading\" data-id=\"aa99949\" data-element_type=\"widget\" data-widget_type=\"heading.default\">\n\t\t\t\t<div class=\"elementor-widget-container\">\n\t\t\t<h4 class=\"elementor-heading-title elementor-size-default\">M\u0171szaki adatok<\/h4>\t\t<\/div>\n\t\t\t\t<\/div>\n\t\t\t\t\t\t<\/div>\n\t\t\t\t\t<\/div>\n\t\t<\/div>\n\t\t\t\t\t\t\t\t<\/div>\n\t\t\t\t\t<\/div>\n\t\t<\/section>\n\t\t\t\t<section class=\"elementor-section elementor-top-section elementor-element elementor-element-4b3d640 elementor-section-boxed elementor-section-height-default elementor-section-height-default\" data-id=\"4b3d640\" data-element_type=\"section\">\n\t\t\t\t\t\t<div class=\"elementor-container elementor-column-gap-default\">\n\t\t\t\t\t\t\t<div class=\"elementor-row\">\n\t\t\t\t\t<div class=\"elementor-column elementor-col-100 elementor-top-column elementor-element elementor-element-46ab572\" data-id=\"46ab572\" data-element_type=\"column\">\n\t\t\t<div class=\"elementor-column-wrap elementor-element-populated\">\n\t\t\t\t\t\t\t<div class=\"elementor-widget-wrap\">\n\t\t\t\t\t\t<div class=\"elementor-element elementor-element-3234e67 elementor-widget elementor-widget-shortcode\" data-id=\"3234e67\" data-element_type=\"widget\" data-widget_type=\"shortcode.default\">\n\t\t\t\t<div class=\"elementor-widget-container\">\n\t\t\t\t\t<div class=\"elementor-shortcode\">\n<table id=\"tablepress-16\" class=\"tablepress tablepress-id-16\">\n<thead>\n<tr class=\"row-1 odd\">\n\t<th class=\"column-1\">&nbsp;<\/th><th class=\"column-2\">HZH 300<\/th><th class=\"column-3\">HZH 400<\/th>\n<\/tr>\n<\/thead>\n<tbody class=\"row-hover\">\n<tr class=\"row-2 even\">\n\t<td class=\"column-1\">Rendel\u00e9si sz\u00e1m<\/td><td class=\"column-2\">2023342<\/td><td class=\"column-3\">2023343<\/td>\n<\/tr>\n<tr class=\"row-3 odd\">\n\t<td class=\"column-1\">Hegeszt\u00e9si hossz<\/td><td class=\"column-2\">300 mm<\/td><td class=\"column-3\">400 mm<\/td>\n<\/tr>\n<tr class=\"row-4 even\">\n\t<td class=\"column-1\">Hegeszt\u00e9si varrat sz\u00e9less\u00e9g<\/td><td class=\"column-2\">12 mm<\/td><td class=\"column-3\">12 mm<\/td>\n<\/tr>\n<tr class=\"row-5 odd\">\n\t<td class=\"column-1\">Befog\u00f3 sz\u00e9less\u00e9g<\/td><td class=\"column-2\">50 mm<\/td><td class=\"column-3\">50 mm<\/td>\n<\/tr>\n<tr class=\"row-6 even\">\n\t<td class=\"column-1\">Kezel\u00e9se:<\/td><td class=\"column-2\">Manu\u00e1lis<\/td><td class=\"column-3\">Manu\u00e1lis<\/td>\n<\/tr>\n<tr class=\"row-7 odd\">\n\t<td class=\"column-1\">Be\u00e1ll\u00edthat\u00f3 h\u0151fok<\/td><td class=\"column-2\">50-250 \u00b0C<\/td><td class=\"column-3\">50-250 \u00b0C<\/td>\n<\/tr>\n<tr class=\"row-8 even\">\n\t<td class=\"column-1\">Teljes\u00edtm\u00e9ny<\/td><td class=\"column-2\">350 W<\/td><td class=\"column-3\">350 W<\/td>\n<\/tr>\n<tr class=\"row-9 odd\">\n\t<td class=\"column-1\">Csatlakoz\u00e1s<\/td><td class=\"column-2\">230 V, 50\/60 Hz<\/td><td class=\"column-3\">230 V, 50\/60 Hz<\/td>\n<\/tr>\n<tr class=\"row-10 even\">\n\t<td class=\"column-1\">M\u00e9retek<\/td><td class=\"column-2\">300 x 110 x 325 mm<\/td><td class=\"column-3\">300 x 110 x 325 mm<\/td>\n<\/tr>\n<tr class=\"row-11 odd\">\n\t<td class=\"column-1\">Csatlakoz\u00f3 k\u00e1bel hossza<\/td><td class=\"column-2\">4,5 m<\/td><td class=\"column-3\">4,5 m<\/td>\n<\/tr>\n<tr class=\"row-12 even\">\n\t<td class=\"column-1\">Nett\u00f3 s\u00faly<\/td><td class=\"column-2\">1,5 kg<\/td><td class=\"column-3\">1,5 kg<\/td>\n<\/tr>\n<\/tbody>\n<\/table>\n<!-- #tablepress-16 from cache --><\/div>\n\t\t\t\t<\/div>\n\t\t\t\t<\/div>\n\t\t\t\t\t\t<\/div>\n\t\t\t\t\t<\/div>\n\t\t<\/div>\n\t\t\t\t\t\t\t\t<\/div>\n\t\t\t\t\t<\/div>\n\t\t<\/section>\n\t\t\t\t<section class=\"elementor-section elementor-top-section elementor-element elementor-element-74a9c0b elementor-section-boxed elementor-section-height-default elementor-section-height-default\" data-id=\"74a9c0b\" data-element_type=\"section\">\n\t\t\t\t\t\t<div class=\"elementor-container elementor-column-gap-default\">\n\t\t\t\t\t\t\t<div class=\"elementor-row\">\n\t\t\t\t\t<div class=\"elementor-column elementor-col-100 elementor-top-column elementor-element elementor-element-b7335e3\" data-id=\"b7335e3\" data-element_type=\"column\">\n\t\t\t<div class=\"elementor-column-wrap elementor-element-populated\">\n\t\t\t\t\t\t\t<div class=\"elementor-widget-wrap\">\n\t\t\t\t\t\t<div class=\"elementor-element elementor-element-944afaa elementor-widget elementor-widget-heading\" data-id=\"944afaa\" data-element_type=\"widget\" data-widget_type=\"heading.default\">\n\t\t\t\t<div class=\"elementor-widget-container\">\n\t\t\t<h4 class=\"elementor-heading-title elementor-size-default\">Kaphat\u00f3 tartoz\u00e9kok<\/h4>\t\t<\/div>\n\t\t\t\t<\/div>\n\t\t\t\t\t\t<\/div>\n\t\t\t\t\t<\/div>\n\t\t<\/div>\n\t\t\t\t\t\t\t\t<\/div>\n\t\t\t\t\t<\/div>\n\t\t<\/section>\n\t\t\t\t<section class=\"elementor-section elementor-top-section elementor-element elementor-element-12ca019 elementor-section-boxed elementor-section-height-default elementor-section-height-default\" data-id=\"12ca019\" data-element_type=\"section\">\n\t\t\t\t\t\t<div class=\"elementor-container elementor-column-gap-default\">\n\t\t\t\t\t\t\t<div class=\"elementor-row\">\n\t\t\t\t\t<div class=\"elementor-column elementor-col-50 elementor-top-column elementor-element elementor-element-1300653\" data-id=\"1300653\" data-element_type=\"column\">\n\t\t\t<div class=\"elementor-column-wrap elementor-element-populated\">\n\t\t\t\t\t\t\t<div class=\"elementor-widget-wrap\">\n\t\t\t\t\t\t<div class=\"elementor-element elementor-element-4289c48 elementor-widget elementor-widget-text-editor\" data-id=\"4289c48\" data-element_type=\"widget\" data-widget_type=\"text-editor.default\">\n\t\t\t\t<div class=\"elementor-widget-container\">\n\t\t\t\t\t\t\t\t<div class=\"elementor-text-editor elementor-clearfix\">\n\t\t\t\t<p><img decoding=\"async\" loading=\"lazy\" class=\"alignleft wp-image-459 size-full\" src=\"http:\/\/www.jbt.hu\/wordpress\/foliahegesztok\/wp-content\/uploads\/sites\/10\/2019\/08\/folyfuthegalu3.jpg\" alt=\"\" width=\"150\" height=\"179\" srcset=\"http:\/\/www.jbt.hu\/wordpress\/foliahegesztok\/wp-content\/uploads\/sites\/10\/2019\/08\/folyfuthegalu3.jpg 150w, http:\/\/www.jbt.hu\/wordpress\/foliahegesztok\/wp-content\/uploads\/sites\/10\/2019\/08\/folyfuthegalu3-126x150.jpg 126w\" sizes=\"(max-width: 150px) 100vw, 150px\" \/>Leveg\u0151 sz\u00edv\u00f3val felszerelt \u00e1llv\u00e1ny,<br \/>Rendel\u00e9si sz\u00e1ma: 2 014 242<\/p><p style=\"text-align: center;\">\u00a0<\/p>\t\t\t\t\t<\/div>\n\t\t\t\t\t\t<\/div>\n\t\t\t\t<\/div>\n\t\t\t\t\t\t<\/div>\n\t\t\t\t\t<\/div>\n\t\t<\/div>\n\t\t\t\t<div class=\"elementor-column elementor-col-50 elementor-top-column elementor-element elementor-element-de6acd8\" data-id=\"de6acd8\" data-element_type=\"column\">\n\t\t\t<div class=\"elementor-column-wrap elementor-element-populated\">\n\t\t\t\t\t\t\t<div class=\"elementor-widget-wrap\">\n\t\t\t\t\t\t<div class=\"elementor-element elementor-element-5170d9e elementor-widget elementor-widget-text-editor\" data-id=\"5170d9e\" data-element_type=\"widget\" data-widget_type=\"text-editor.default\">\n\t\t\t\t<div class=\"elementor-widget-container\">\n\t\t\t\t\t\t\t\t<div class=\"elementor-text-editor elementor-clearfix\">\n\t\t\t\t<p><img decoding=\"async\" loading=\"lazy\" class=\"alignleft wp-image-460 size-full\" src=\"http:\/\/www.jbt.hu\/wordpress\/foliahegesztok\/wp-content\/uploads\/sites\/10\/2019\/08\/folyfuthegalu4.jpg\" alt=\"\" width=\"150\" height=\"179\" srcset=\"http:\/\/www.jbt.hu\/wordpress\/foliahegesztok\/wp-content\/uploads\/sites\/10\/2019\/08\/folyfuthegalu4.jpg 150w, http:\/\/www.jbt.hu\/wordpress\/foliahegesztok\/wp-content\/uploads\/sites\/10\/2019\/08\/folyfuthegalu4-126x150.jpg 126w\" sizes=\"(max-width: 150px) 100vw, 150px\" \/>Leveg\u0151 sz\u00edv\u00f3 n\u00e9lk\u00fcli eltolhat\u00f3 \u00e1llv\u00e1ny,<br \/>Rendel\u00e9si sz\u00e1ma: 2 013 603<\/p><p style=\"text-align: center;\">\u00a0<\/p>\t\t\t\t\t<\/div>\n\t\t\t\t\t\t<\/div>\n\t\t\t\t<\/div>\n\t\t\t\t\t\t<\/div>\n\t\t\t\t\t<\/div>\n\t\t<\/div>\n\t\t\t\t\t\t\t\t<\/div>\n\t\t\t\t\t<\/div>\n\t\t<\/section>\n\t\t\t\t<section class=\"elementor-section elementor-top-section elementor-element elementor-element-c5ae97f elementor-section-boxed elementor-section-height-default elementor-section-height-default\" data-id=\"c5ae97f\" data-element_type=\"section\">\n\t\t\t\t\t\t<div class=\"elementor-container elementor-column-gap-default\">\n\t\t\t\t\t\t\t<div class=\"elementor-row\">\n\t\t\t\t\t<div class=\"elementor-column elementor-col-100 elementor-top-column elementor-element elementor-element-69c7767\" data-id=\"69c7767\" data-element_type=\"column\">\n\t\t\t<div class=\"elementor-column-wrap elementor-element-populated\">\n\t\t\t\t\t\t\t<div class=\"elementor-widget-wrap\">\n\t\t\t\t\t\t<div class=\"elementor-element elementor-element-c7fc78d elementor-widget elementor-widget-text-editor\" data-id=\"c7fc78d\" data-element_type=\"widget\" data-widget_type=\"text-editor.default\">\n\t\t\t\t<div class=\"elementor-widget-container\">\n\t\t\t\t\t\t\t\t<div class=\"elementor-text-editor elementor-clearfix\">\n\t\t\t\t<p style=\"text-align: center;\"><b>A m\u0171szaki v\u00e1ltoztat\u00e1sok jog\u00e1t fenntartjuk!<\/b><\/p>\t\t\t\t\t<\/div>\n\t\t\t\t\t\t<\/div>\n\t\t\t\t<\/div>\n\t\t\t\t\t\t<\/div>\n\t\t\t\t\t<\/div>\n\t\t<\/div>\n\t\t\t\t\t\t\t\t<\/div>\n\t\t\t\t\t<\/div>\n\t\t<\/section>\n\t\t\t\t\t\t\t\t\t<\/div>\n\t\t\t<\/div>\n\t\t\t\t\t<\/div>\n\t\t","protected":false},"excerpt":{"rendered":"<p>Ez a folyamatos f\u0171t\u00e9s\u0171,\u00a0 k\u00e9nyelmes, k\u00f6nnyen kezelhet\u0151 hegeszt\u0151fog\u00f3 f\u00f3li\u00e1hoz \u00e9s kombin\u00e1lt, alu lamin\u00e1lt, m\u0171anyag, pap\u00edranyagokhoz haszn\u00e1lhat\u00f3 kivitelekben is k\u00e9sz\u00fcl. Term\u00e9k inform\u00e1ci\u00f3: A legk\u00fcl\u00f6nf\u00e9l\u00e9bb felhaszn\u00e1l\u00e1si c\u00e9lokra alkalmazhat\u00f3. 4,5 m hossz\u00fa csatlakoz\u00f3 vezet\u00e9khossz a nagy ter\u00fcleten t\u00f6rt\u00e9n\u0151 haszn\u00e1lat\u00e1t teszi lehet\u0151v\u00e9. Speci\u00e1lis szigetel\u0151 anyaga megg\u00e1tolja, hogy a foganty\u00fan\u00e1l kellemetlen\u00fcl meleg h\u0151m\u00e9rs\u00e9klet jelentkezhessen. M\u00e9g&#8230;<\/p>\n<p> <a class=\"continue-reading-link\" href=\"http:\/\/www.jbt.hu\/wordpress\/foliahegesztok\/folyamatos-futesu-hegesztofogo-alu-laminalt-papir-es-kombinalt-foliak-hegesztesere\/\"><span>Tov\u00e1bb<\/span><i class=\"crycon-right-dir\"><\/i><\/a> <\/p>\n","protected":false},"author":1,"featured_media":0,"parent":0,"menu_order":0,"comment_status":"closed","ping_status":"closed","template":"","meta":[],"aioseo_notices":[],"_links":{"self":[{"href":"http:\/\/www.jbt.hu\/wordpress\/foliahegesztok\/wp-json\/wp\/v2\/pages\/360"}],"collection":[{"href":"http:\/\/www.jbt.hu\/wordpress\/foliahegesztok\/wp-json\/wp\/v2\/pages"}],"about":[{"href":"http:\/\/www.jbt.hu\/wordpress\/foliahegesztok\/wp-json\/wp\/v2\/types\/page"}],"author":[{"embeddable":true,"href":"http:\/\/www.jbt.hu\/wordpress\/foliahegesztok\/wp-json\/wp\/v2\/users\/1"}],"replies":[{"embeddable":true,"href":"http:\/\/www.jbt.hu\/wordpress\/foliahegesztok\/wp-json\/wp\/v2\/comments?post=360"}],"version-history":[{"count":18,"href":"http:\/\/www.jbt.hu\/wordpress\/foliahegesztok\/wp-json\/wp\/v2\/pages\/360\/revisions"}],"predecessor-version":[{"id":1086,"href":"http:\/\/www.jbt.hu\/wordpress\/foliahegesztok\/wp-json\/wp\/v2\/pages\/360\/revisions\/1086"}],"wp:attachment":[{"href":"http:\/\/www.jbt.hu\/wordpress\/foliahegesztok\/wp-json\/wp\/v2\/media?parent=360"}],"curies":[{"name":"wp","href":"https:\/\/api.w.org\/{rel}","templated":true}]}}