{"id":356,"date":"2019-08-15T12:28:55","date_gmt":"2019-08-15T12:28:55","guid":{"rendered":"http:\/\/www.jbt.hu\/wordpress\/foliahegesztok\/?page_id=356"},"modified":"2019-08-16T08:17:31","modified_gmt":"2019-08-16T08:17:31","slug":"egy-oldalrol-hozzaferheto-folia-hegesztesekhez","status":"publish","type":"page","link":"http:\/\/www.jbt.hu\/wordpress\/foliahegesztok\/egy-oldalrol-hozzaferheto-folia-hegesztesekhez\/","title":{"rendered":"Egy oldalr\u00f3l hozz\u00e1f\u00e9rhet\u0151 f\u00f3lia hegeszt\u00e9sekhez"},"content":{"rendered":"\t\t<div data-elementor-type=\"wp-post\" data-elementor-id=\"356\" class=\"elementor elementor-356\">\n\t\t\t\t\t\t<div class=\"elementor-inner\">\n\t\t\t\t<div class=\"elementor-section-wrap\">\n\t\t\t\t\t\t\t\t\t<section class=\"elementor-section elementor-top-section elementor-element elementor-element-04a11e6 elementor-section-boxed elementor-section-height-default elementor-section-height-default\" data-id=\"04a11e6\" data-element_type=\"section\">\n\t\t\t\t\t\t<div class=\"elementor-container elementor-column-gap-default\">\n\t\t\t\t\t\t\t<div class=\"elementor-row\">\n\t\t\t\t\t<div class=\"elementor-column elementor-col-100 elementor-top-column elementor-element elementor-element-f4702fa\" data-id=\"f4702fa\" data-element_type=\"column\">\n\t\t\t<div class=\"elementor-column-wrap elementor-element-populated\">\n\t\t\t\t\t\t\t<div class=\"elementor-widget-wrap\">\n\t\t\t\t\t\t<div class=\"elementor-element elementor-element-3cc82f9 elementor-widget elementor-widget-heading\" data-id=\"3cc82f9\" data-element_type=\"widget\" data-widget_type=\"heading.default\">\n\t\t\t\t<div class=\"elementor-widget-container\">\n\t\t\t<h3 class=\"elementor-heading-title elementor-size-default\">280-580 mm k\u00f6z\u00f6tt horizont\u00e1lis hegeszt\u00e9szhez<\/h3>\t\t<\/div>\n\t\t\t\t<\/div>\n\t\t\t\t\t\t<\/div>\n\t\t\t\t\t<\/div>\n\t\t<\/div>\n\t\t\t\t\t\t\t\t<\/div>\n\t\t\t\t\t<\/div>\n\t\t<\/section>\n\t\t\t\t<section class=\"elementor-section elementor-top-section elementor-element elementor-element-14237fa elementor-section-boxed elementor-section-height-default elementor-section-height-default\" data-id=\"14237fa\" data-element_type=\"section\">\n\t\t\t\t\t\t<div class=\"elementor-container elementor-column-gap-default\">\n\t\t\t\t\t\t\t<div class=\"elementor-row\">\n\t\t\t\t\t<div class=\"elementor-column elementor-col-50 elementor-top-column elementor-element elementor-element-972e3fc\" data-id=\"972e3fc\" data-element_type=\"column\">\n\t\t\t<div class=\"elementor-column-wrap elementor-element-populated\">\n\t\t\t\t\t\t\t<div class=\"elementor-widget-wrap\">\n\t\t\t\t\t\t<div class=\"elementor-element elementor-element-3e6c68f elementor-widget elementor-widget-image\" data-id=\"3e6c68f\" data-element_type=\"widget\" data-widget_type=\"image.default\">\n\t\t\t\t<div class=\"elementor-widget-container\">\n\t\t\t\t\t\t\t\t<div class=\"elementor-image\">\n\t\t\t\t\t\t\t\t\t\t\t\t\t<a href=\"http:\/\/www.jbt.hu\/wordpress\/foliahegesztok\/wp-content\/uploads\/sites\/10\/2019\/08\/resize_img.png\" data-elementor-open-lightbox=\"yes\" data-elementor-lightbox-title=\"resize_img\" e-action-hash=\"#elementor-action%3Aaction%3Dlightbox%26settings%3DeyJpZCI6NTE4LCJ1cmwiOiJodHRwOlwvXC93d3cuamJ0Lmh1XC93b3JkcHJlc3NcL2ZvbGlhaGVnZXN6dG9rXC93cC1jb250ZW50XC91cGxvYWRzXC9zaXRlc1wvMTBcLzIwMTlcLzA4XC9yZXNpemVfaW1nLnBuZyJ9\">\n\t\t\t\t\t\t\t<img decoding=\"async\" width=\"900\" height=\"404\" src=\"http:\/\/www.jbt.hu\/wordpress\/foliahegesztok\/wp-content\/uploads\/sites\/10\/2019\/08\/resize_img-1024x460.png\" class=\"attachment-large size-large\" alt=\"\" loading=\"lazy\" srcset=\"http:\/\/www.jbt.hu\/wordpress\/foliahegesztok\/wp-content\/uploads\/sites\/10\/2019\/08\/resize_img-1024x460.png 1024w, http:\/\/www.jbt.hu\/wordpress\/foliahegesztok\/wp-content\/uploads\/sites\/10\/2019\/08\/resize_img-300x135.png 300w, http:\/\/www.jbt.hu\/wordpress\/foliahegesztok\/wp-content\/uploads\/sites\/10\/2019\/08\/resize_img-768x345.png 768w, http:\/\/www.jbt.hu\/wordpress\/foliahegesztok\/wp-content\/uploads\/sites\/10\/2019\/08\/resize_img-150x67.png 150w, http:\/\/www.jbt.hu\/wordpress\/foliahegesztok\/wp-content\/uploads\/sites\/10\/2019\/08\/resize_img.png 1500w\" sizes=\"(max-width: 900px) 100vw, 900px\" \/>\t\t\t\t\t\t\t\t<\/a>\n\t\t\t\t\t\t\t\t\t\t\t\t\t\t<\/div>\n\t\t\t\t\t\t<\/div>\n\t\t\t\t<\/div>\n\t\t\t\t\t\t<\/div>\n\t\t\t\t\t<\/div>\n\t\t<\/div>\n\t\t\t\t<div class=\"elementor-column elementor-col-50 elementor-top-column elementor-element elementor-element-50051b4\" data-id=\"50051b4\" data-element_type=\"column\">\n\t\t\t<div class=\"elementor-column-wrap elementor-element-populated\">\n\t\t\t\t\t\t\t<div class=\"elementor-widget-wrap\">\n\t\t\t\t\t\t<div class=\"elementor-element elementor-element-999bc76 elementor-widget elementor-widget-text-editor\" data-id=\"999bc76\" data-element_type=\"widget\" data-widget_type=\"text-editor.default\">\n\t\t\t\t<div class=\"elementor-widget-container\">\n\t\t\t\t\t\t\t\t<div class=\"elementor-text-editor elementor-clearfix\">\n\t\t\t\t<p>Ezek a k\u00e9sz\u00fcl\u00e9kek a csak egy oldalr\u00f3l hozz\u00e1f\u00e9rhet\u0151 termoplasztikus f\u00f3li\u00e1k hegeszt\u00e9s\u00e9hez alkalmazhat\u00f3k. Nagyobb m\u00e9ret\u0171 f\u00f3li\u00e1k, pl. kerti t\u00f3 f\u00f3li\u00e1k, nagy m\u00e9ret\u0171 term\u00e9kcsomagol\u00e1sok, f\u00f3liah\u00e1zak, \u00fasz\u00f3medence bor\u00edt\u00e1sok es hasonl\u00f3k lehegeszt\u00e9s\u00e9re. Jav\u00edt\u00e1sokhoz is kit\u0171n\u0151en alkalmazhat\u00f3.<\/p>\n\n<p>Fontos tudnival\u00f3, hogy ezekhez a k\u00e9sz\u00fcl\u00e9kekhez hegeszt\u00e9si impulzusad\u00f3 berendez\u00e9s is sz\u00fcks\u00e9ges, melyek teljes\u00edtm\u00e9nye az alkalmazott hegeszt\u0151 f\u0171t\u0151szalagt\u00f3l f\u00fcgg\u0151.<\/p>\n\n<h5>Felhaszn\u00e1l\u00e1si p\u00e9ld\u00e1k:<\/h5>\n<ul>\n<li>kert \u00e9s usz\u00f3medence bor\u00edt\u00e1sok<\/li>\n<li>erd\u00e9szet, fafeldolgoz\u00e1s, n\u00f6v\u00e9nytermeszt\u00e9s nagy m\u00e9ret\u0171 term\u00e9kcsomagol\u00e1sok<\/li>\n<li>l\u00e9gi sz\u00e1ll\u00edt\u00e1s<\/li>\n<\/ul>\t\t\t\t\t<\/div>\n\t\t\t\t\t\t<\/div>\n\t\t\t\t<\/div>\n\t\t\t\t\t\t<\/div>\n\t\t\t\t\t<\/div>\n\t\t<\/div>\n\t\t\t\t\t\t\t\t<\/div>\n\t\t\t\t\t<\/div>\n\t\t<\/section>\n\t\t\t\t<section class=\"elementor-section elementor-top-section elementor-element elementor-element-89d3302 elementor-section-boxed elementor-section-height-default elementor-section-height-default\" data-id=\"89d3302\" data-element_type=\"section\">\n\t\t\t\t\t\t<div class=\"elementor-container elementor-column-gap-default\">\n\t\t\t\t\t\t\t<div class=\"elementor-row\">\n\t\t\t\t\t<div class=\"elementor-column elementor-col-100 elementor-top-column elementor-element elementor-element-56f5805\" data-id=\"56f5805\" data-element_type=\"column\">\n\t\t\t<div class=\"elementor-column-wrap elementor-element-populated\">\n\t\t\t\t\t\t\t<div class=\"elementor-widget-wrap\">\n\t\t\t\t\t\t<div class=\"elementor-element elementor-element-ad5eaae elementor-widget elementor-widget-text-editor\" data-id=\"ad5eaae\" data-element_type=\"widget\" data-widget_type=\"text-editor.default\">\n\t\t\t\t<div class=\"elementor-widget-container\">\n\t\t\t\t\t\t\t\t<div class=\"elementor-text-editor elementor-clearfix\">\n\t\t\t\t<h5>A k\u00e9sz\u00fcl\u00e9k el\u0151ny\u00f6s tulajdons\u00e1gai:<\/h5>\n<ul>\n<li>ide\u00e1lisan alkalmazhat\u00f3 olyan helyeken, ahol a hegesztend\u0151 f\u00f3lia csak egy oldalr\u00f3l hozz\u00e1f\u00e9rhet\u0151<\/li>\n<li>mobil, hordozhat\u00f3, b\u00e1rhol univerz\u00e1lisan alkalmazhat\u00f3<\/li>\n<li>egyszer\u0171en kezelhet\u0151<\/li>\n<\/ul>\t\t\t\t\t<\/div>\n\t\t\t\t\t\t<\/div>\n\t\t\t\t<\/div>\n\t\t\t\t\t\t<\/div>\n\t\t\t\t\t<\/div>\n\t\t<\/div>\n\t\t\t\t\t\t\t\t<\/div>\n\t\t\t\t\t<\/div>\n\t\t<\/section>\n\t\t\t\t<section class=\"elementor-section elementor-top-section elementor-element elementor-element-1c33f12 elementor-section-boxed elementor-section-height-default elementor-section-height-default\" data-id=\"1c33f12\" data-element_type=\"section\">\n\t\t\t\t\t\t<div class=\"elementor-container elementor-column-gap-default\">\n\t\t\t\t\t\t\t<div class=\"elementor-row\">\n\t\t\t\t\t<div class=\"elementor-column elementor-col-50 elementor-top-column elementor-element elementor-element-24cb57f\" data-id=\"24cb57f\" data-element_type=\"column\">\n\t\t\t<div class=\"elementor-column-wrap elementor-element-populated\">\n\t\t\t\t\t\t\t<div class=\"elementor-widget-wrap\">\n\t\t\t\t\t\t<div class=\"elementor-element elementor-element-6cb967b elementor-position-top elementor-vertical-align-top elementor-widget elementor-widget-image-box\" data-id=\"6cb967b\" data-element_type=\"widget\" data-widget_type=\"image-box.default\">\n\t\t\t\t<div class=\"elementor-widget-container\">\n\t\t\t<div class=\"elementor-image-box-wrapper\"><figure class=\"elementor-image-box-img\"><img decoding=\"async\" width=\"150\" height=\"112\" src=\"http:\/\/www.jbt.hu\/wordpress\/foliahegesztok\/wp-content\/uploads\/sites\/10\/2019\/08\/oldalrol_6.jpg\" class=\"attachment-full size-full\" alt=\"\" loading=\"lazy\" \/><\/figure><div class=\"elementor-image-box-content\"><p class=\"elementor-image-box-description\">A hegeszt\u0151s\u00edn kit\u00e1maszt\u00f3, megakad\u00e1lyozza a hegeszt\u0151s\u00ednnek a hegeszt\u00e9s k\u00f6zbeni elbillen\u00e9s\u00e9t\n<\/p><\/div><\/div>\t\t<\/div>\n\t\t\t\t<\/div>\n\t\t\t\t\t\t<\/div>\n\t\t\t\t\t<\/div>\n\t\t<\/div>\n\t\t\t\t<div class=\"elementor-column elementor-col-50 elementor-top-column elementor-element elementor-element-ab2128c\" data-id=\"ab2128c\" data-element_type=\"column\">\n\t\t\t<div class=\"elementor-column-wrap elementor-element-populated\">\n\t\t\t\t\t\t\t<div class=\"elementor-widget-wrap\">\n\t\t\t\t\t\t<div class=\"elementor-element elementor-element-b108dd8 elementor-position-top elementor-vertical-align-top elementor-widget elementor-widget-image-box\" data-id=\"b108dd8\" data-element_type=\"widget\" data-widget_type=\"image-box.default\">\n\t\t\t\t<div class=\"elementor-widget-container\">\n\t\t\t<div class=\"elementor-image-box-wrapper\"><figure class=\"elementor-image-box-img\"><img decoding=\"async\" width=\"150\" height=\"112\" src=\"http:\/\/www.jbt.hu\/wordpress\/foliahegesztok\/wp-content\/uploads\/sites\/10\/2019\/08\/oldalrol_4.jpg\" class=\"attachment-full size-full\" alt=\"\" loading=\"lazy\" \/><\/figure><div class=\"elementor-image-box-content\"><p class=\"elementor-image-box-description\">A k\u00e9zi hegeszt\u0151 k\u00e9sz\u00fcl\u00e9khez impulzusad\u00f3 berendez\u00e9s sz\u00fcks\u00e9ges. A hegeszt\u00e9si id\u0151 fokozatmentesen be\u00e1ll\u00edthat\u00f3. A k\u00e9sz\u00fcl\u00e9ket helyezze egyszer\u0171en a hegesztend\u0151 f\u00f3li\u00e1ra, majd kapcsolja be a hegeszt\u00e9si impulzust. A k\u00e9sz\u00fcl\u00e9ket az impulzusad\u00f3val 3 m-es vezet\u00e9k k\u00f6ti \u00f6ssze. T\u00f6k\u00e9letesen t\u00f6m\u00edt\u0151 hegeszt\u00e9si fel\u00fclet l\u00e9trehoz\u00e1s\u00e1hoz sima al\u00e1t\u00e9t fel\u00fclet sz\u00fcks\u00e9ges.\n<\/p><\/div><\/div>\t\t<\/div>\n\t\t\t\t<\/div>\n\t\t\t\t\t\t<\/div>\n\t\t\t\t\t<\/div>\n\t\t<\/div>\n\t\t\t\t\t\t\t\t<\/div>\n\t\t\t\t\t<\/div>\n\t\t<\/section>\n\t\t\t\t<section class=\"elementor-section elementor-top-section elementor-element elementor-element-5c07df5 elementor-section-boxed elementor-section-height-default elementor-section-height-default\" data-id=\"5c07df5\" data-element_type=\"section\">\n\t\t\t\t\t\t<div class=\"elementor-container elementor-column-gap-default\">\n\t\t\t\t\t\t\t<div class=\"elementor-row\">\n\t\t\t\t\t<div class=\"elementor-column elementor-col-100 elementor-top-column elementor-element elementor-element-07002b8\" data-id=\"07002b8\" data-element_type=\"column\">\n\t\t\t<div class=\"elementor-column-wrap elementor-element-populated\">\n\t\t\t\t\t\t\t<div class=\"elementor-widget-wrap\">\n\t\t\t\t\t\t<div class=\"elementor-element elementor-element-78695b6 elementor-widget elementor-widget-heading\" data-id=\"78695b6\" data-element_type=\"widget\" data-widget_type=\"heading.default\">\n\t\t\t\t<div class=\"elementor-widget-container\">\n\t\t\t<h4 class=\"elementor-heading-title elementor-size-default\">M\u0171szaki adatok<\/h4>\t\t<\/div>\n\t\t\t\t<\/div>\n\t\t\t\t\t\t<\/div>\n\t\t\t\t\t<\/div>\n\t\t<\/div>\n\t\t\t\t\t\t\t\t<\/div>\n\t\t\t\t\t<\/div>\n\t\t<\/section>\n\t\t\t\t<section class=\"elementor-section elementor-top-section elementor-element elementor-element-bf2289d elementor-section-boxed elementor-section-height-default elementor-section-height-default\" data-id=\"bf2289d\" data-element_type=\"section\">\n\t\t\t\t\t\t<div class=\"elementor-container elementor-column-gap-default\">\n\t\t\t\t\t\t\t<div class=\"elementor-row\">\n\t\t\t\t\t<div class=\"elementor-column elementor-col-100 elementor-top-column elementor-element elementor-element-0e9f9ca\" data-id=\"0e9f9ca\" data-element_type=\"column\">\n\t\t\t<div class=\"elementor-column-wrap elementor-element-populated\">\n\t\t\t\t\t\t\t<div class=\"elementor-widget-wrap\">\n\t\t\t\t\t\t<div class=\"elementor-element elementor-element-d734088 elementor-widget elementor-widget-shortcode\" data-id=\"d734088\" data-element_type=\"widget\" data-widget_type=\"shortcode.default\">\n\t\t\t\t<div class=\"elementor-widget-container\">\n\t\t\t\t\t<div class=\"elementor-shortcode\">\n<table id=\"tablepress-17\" class=\"tablepress tablepress-id-17\">\n<thead>\n<tr class=\"row-1 odd\">\n\t<th class=\"column-1\">&nbsp;<\/th><th class=\"column-2\">H 280 N<\/th><th class=\"column-3\">H 380 N<\/th><th class=\"column-4\">H 580 N<\/th>\n<\/tr>\n<\/thead>\n<tbody class=\"row-hover\">\n<tr class=\"row-2 even\">\n\t<td class=\"column-1\">Rendel\u00e9si sz\u00e1m<\/td><td class=\"column-2\">2041342<\/td><td class=\"column-3\">2039697<\/td><td class=\"column-4\">2041663<\/td>\n<\/tr>\n<tr class=\"row-3 odd\">\n\t<td class=\"column-1\">Hegeszt\u00e9si hossz<\/td><td class=\"column-2\">280 mm<\/td><td class=\"column-3\">380 mm<\/td><td class=\"column-4\">580 mm<\/td>\n<\/tr>\n<tr class=\"row-4 even\">\n\t<td class=\"column-1\">Hegeszt\u00e9si varrat sz\u00e9less\u00e9g<\/td><td class=\"column-2\">4 mm<\/td><td class=\"column-3\">4 mm<\/td><td class=\"column-4\">4 mm<\/td>\n<\/tr>\n<tr class=\"row-5 odd\">\n\t<td class=\"column-1\">Hegeszthet\u0151 (max.)<\/td><td colspan=\"3\" class=\"column-2\"><center>2 x 0,25 mm PE-F\u00f3lia<\/center><\/td>\n<\/tr>\n<tr class=\"row-6 even\">\n\t<td class=\"column-1\">M\u00e9retek<\/td><td class=\"column-2\">30 x 120 x 400 mm<\/td><td class=\"column-3\">30 x 120 x 500 mm<\/td><td class=\"column-4\">30 x 120 x 700 mm<\/td>\n<\/tr>\n<tr class=\"row-7 odd\">\n\t<td class=\"column-1\">S\u00faly<\/td><td class=\"column-2\">4 kg<\/td><td class=\"column-3\">4 kg<\/td><td class=\"column-4\">4 kg<\/td>\n<\/tr>\n<tr class=\"row-8 even\">\n\t<td class=\"column-1\">Sz\u00fcks\u00e9ges impulzusad\u00f3<\/td><td class=\"column-2\">GT 100<\/td><td class=\"column-3\">GT 100<\/td><td class=\"column-4\">GT 200<\/td>\n<\/tr>\n<tr class=\"row-9 odd\">\n\t<td class=\"column-1\">Rendel\u00e9si sz\u00e1m<\/td><td class=\"column-2\">2 023 350<\/td><td class=\"column-3\">2 023 350<\/td><td class=\"column-4\">2 023 351<\/td>\n<\/tr>\n<tr class=\"row-10 even\">\n\t<td class=\"column-1\">hegeszt\u00e9si impulzus id\u0151<\/td><td class=\"column-2\">fokozat mentesen \u00e1ll\u00edthat\u00f3<\/td><td class=\"column-3\">fokozat mentesen \u00e1ll\u00edthat\u00f3<\/td><td class=\"column-4\">fokozat mentesen \u00e1ll\u00edthat\u00f3<\/td>\n<\/tr>\n<tr class=\"row-11 odd\">\n\t<td class=\"column-1\">Csatlakoz\u00e1s<\/td><td class=\"column-2\">230 V, 50-60 Hz<\/td><td class=\"column-3\">230 V, 50-60 Hz<\/td><td class=\"column-4\">230 V, 50-60 Hz<\/td>\n<\/tr>\n<tr class=\"row-12 even\">\n\t<td class=\"column-1\">v\u00e9detts\u00e9g<\/td><td class=\"column-2\">IP 20<\/td><td class=\"column-3\">IP 20<\/td><td class=\"column-4\">IP 20<\/td>\n<\/tr>\n<tr class=\"row-13 odd\">\n\t<td class=\"column-1\">Biztos\u00edt\u00e9k<\/td><td class=\"column-2\">16 A lomha<\/td><td class=\"column-3\">16 A lomha<\/td><td class=\"column-4\">16 A lomha<\/td>\n<\/tr>\n<tr class=\"row-14 even\">\n\t<td class=\"column-1\">M\u00e9retek<\/td><td class=\"column-2\">195 x 160 x 320 mm<\/td><td class=\"column-3\">195 x 160 x 320 mm<\/td><td class=\"column-4\">195 x 190 x 370 mm<\/td>\n<\/tr>\n<tr class=\"row-15 odd\">\n\t<td class=\"column-1\">Impulzusad\u00f3 s\u00falya<\/td><td class=\"column-2\">kb. 7 kg<\/td><td class=\"column-3\">kb. 7 kg<\/td><td class=\"column-4\">kb. 12 kg<\/td>\n<\/tr>\n<\/tbody>\n<\/table>\n<!-- #tablepress-17 from cache --><\/div>\n\t\t\t\t<\/div>\n\t\t\t\t<\/div>\n\t\t\t\t\t\t<\/div>\n\t\t\t\t\t<\/div>\n\t\t<\/div>\n\t\t\t\t\t\t\t\t<\/div>\n\t\t\t\t\t<\/div>\n\t\t<\/section>\n\t\t\t\t<section class=\"elementor-section elementor-top-section elementor-element elementor-element-46fbaae elementor-section-boxed elementor-section-height-default elementor-section-height-default\" data-id=\"46fbaae\" data-element_type=\"section\">\n\t\t\t\t\t\t<div class=\"elementor-container elementor-column-gap-default\">\n\t\t\t\t\t\t\t<div class=\"elementor-row\">\n\t\t\t\t\t<div class=\"elementor-column elementor-col-100 elementor-top-column elementor-element elementor-element-899f1a7\" data-id=\"899f1a7\" data-element_type=\"column\">\n\t\t\t<div class=\"elementor-column-wrap elementor-element-populated\">\n\t\t\t\t\t\t\t<div class=\"elementor-widget-wrap\">\n\t\t\t\t\t\t<div class=\"elementor-element elementor-element-eece9da elementor-widget elementor-widget-text-editor\" data-id=\"eece9da\" data-element_type=\"widget\" data-widget_type=\"text-editor.default\">\n\t\t\t\t<div class=\"elementor-widget-container\">\n\t\t\t\t\t\t\t\t<div class=\"elementor-text-editor elementor-clearfix\">\n\t\t\t\t<p style=\"text-align: center;\"><b>A m\u0171szaki v\u00e1ltoztat\u00e1sok jog\u00e1t fenntartjuk!<\/b><\/p>\t\t\t\t\t<\/div>\n\t\t\t\t\t\t<\/div>\n\t\t\t\t<\/div>\n\t\t\t\t\t\t<\/div>\n\t\t\t\t\t<\/div>\n\t\t<\/div>\n\t\t\t\t\t\t\t\t<\/div>\n\t\t\t\t\t<\/div>\n\t\t<\/section>\n\t\t\t\t\t\t\t\t\t<\/div>\n\t\t\t<\/div>\n\t\t\t\t\t<\/div>\n\t\t","protected":false},"excerpt":{"rendered":"<p>280-580 mm k\u00f6z\u00f6tt horizont\u00e1lis hegeszt\u00e9szhez Ezek a k\u00e9sz\u00fcl\u00e9kek a csak egy oldalr\u00f3l hozz\u00e1f\u00e9rhet\u0151 termoplasztikus f\u00f3li\u00e1k hegeszt\u00e9s\u00e9hez alkalmazhat\u00f3k. Nagyobb m\u00e9ret\u0171 f\u00f3li\u00e1k, pl. kerti t\u00f3 f\u00f3li\u00e1k, nagy m\u00e9ret\u0171 term\u00e9kcsomagol\u00e1sok, f\u00f3liah\u00e1zak, \u00fasz\u00f3medence bor\u00edt\u00e1sok es hasonl\u00f3k lehegeszt\u00e9s\u00e9re. Jav\u00edt\u00e1sokhoz is kit\u0171n\u0151en alkalmazhat\u00f3. Fontos tudnival\u00f3, hogy ezekhez a k\u00e9sz\u00fcl\u00e9kekhez hegeszt\u00e9si impulzusad\u00f3 berendez\u00e9s is sz\u00fcks\u00e9ges, melyek teljes\u00edtm\u00e9nye&#8230;<\/p>\n<p> <a class=\"continue-reading-link\" href=\"http:\/\/www.jbt.hu\/wordpress\/foliahegesztok\/egy-oldalrol-hozzaferheto-folia-hegesztesekhez\/\"><span>Tov\u00e1bb<\/span><i class=\"crycon-right-dir\"><\/i><\/a> <\/p>\n","protected":false},"author":1,"featured_media":0,"parent":0,"menu_order":0,"comment_status":"closed","ping_status":"closed","template":"","meta":[],"aioseo_notices":[],"_links":{"self":[{"href":"http:\/\/www.jbt.hu\/wordpress\/foliahegesztok\/wp-json\/wp\/v2\/pages\/356"}],"collection":[{"href":"http:\/\/www.jbt.hu\/wordpress\/foliahegesztok\/wp-json\/wp\/v2\/pages"}],"about":[{"href":"http:\/\/www.jbt.hu\/wordpress\/foliahegesztok\/wp-json\/wp\/v2\/types\/page"}],"author":[{"embeddable":true,"href":"http:\/\/www.jbt.hu\/wordpress\/foliahegesztok\/wp-json\/wp\/v2\/users\/1"}],"replies":[{"embeddable":true,"href":"http:\/\/www.jbt.hu\/wordpress\/foliahegesztok\/wp-json\/wp\/v2\/comments?post=356"}],"version-history":[{"count":15,"href":"http:\/\/www.jbt.hu\/wordpress\/foliahegesztok\/wp-json\/wp\/v2\/pages\/356\/revisions"}],"predecessor-version":[{"id":523,"href":"http:\/\/www.jbt.hu\/wordpress\/foliahegesztok\/wp-json\/wp\/v2\/pages\/356\/revisions\/523"}],"wp:attachment":[{"href":"http:\/\/www.jbt.hu\/wordpress\/foliahegesztok\/wp-json\/wp\/v2\/media?parent=356"}],"curies":[{"name":"wp","href":"https:\/\/api.w.org\/{rel}","templated":true}]}}