{"id":354,"date":"2019-08-15T12:28:10","date_gmt":"2019-08-15T12:28:10","guid":{"rendered":"http:\/\/www.jbt.hu\/wordpress\/foliahegesztok\/?page_id=354"},"modified":"2019-11-25T09:49:56","modified_gmt":"2019-11-25T09:49:56","slug":"vakuumozo-asztali-foliahegeszto-keszulek-kulonallo-vakuumszivattyuval","status":"publish","type":"page","link":"http:\/\/www.jbt.hu\/wordpress\/foliahegesztok\/vakuumozo-asztali-foliahegeszto-keszulek-kulonallo-vakuumszivattyuval\/","title":{"rendered":"V\u00e1kuumoz\u00f3 asztali f\u00f3liahegeszt\u0151 k\u00e9sz\u00fcl\u00e9k k\u00fcl\u00f6n\u00e1ll\u00f3 v\u00e1kuumszivatty\u00faval"},"content":{"rendered":"\t\t<div data-elementor-type=\"wp-post\" data-elementor-id=\"354\" class=\"elementor elementor-354\">\n\t\t\t\t\t\t<div class=\"elementor-inner\">\n\t\t\t\t<div class=\"elementor-section-wrap\">\n\t\t\t\t\t\t\t\t\t<section class=\"elementor-section elementor-top-section elementor-element elementor-element-1c6dd7b elementor-section-boxed elementor-section-height-default elementor-section-height-default\" data-id=\"1c6dd7b\" data-element_type=\"section\">\n\t\t\t\t\t\t<div class=\"elementor-container elementor-column-gap-default\">\n\t\t\t\t\t\t\t<div class=\"elementor-row\">\n\t\t\t\t\t<div class=\"elementor-column elementor-col-50 elementor-top-column elementor-element elementor-element-6e85ee8\" data-id=\"6e85ee8\" data-element_type=\"column\">\n\t\t\t<div class=\"elementor-column-wrap elementor-element-populated\">\n\t\t\t\t\t\t\t<div class=\"elementor-widget-wrap\">\n\t\t\t\t\t\t<div class=\"elementor-element elementor-element-14a1acb elementor-widget elementor-widget-image\" data-id=\"14a1acb\" data-element_type=\"widget\" data-widget_type=\"image.default\">\n\t\t\t\t<div class=\"elementor-widget-container\">\n\t\t\t\t\t\t\t\t<div class=\"elementor-image\">\n\t\t\t\t\t\t\t\t\t\t\t\t<img decoding=\"async\" width=\"300\" height=\"220\" src=\"http:\/\/www.jbt.hu\/wordpress\/foliahegesztok\/wp-content\/uploads\/sites\/10\/2019\/08\/vakuumozo_asztali_1.jpg\" class=\"attachment-large size-large\" alt=\"\" loading=\"lazy\" srcset=\"http:\/\/www.jbt.hu\/wordpress\/foliahegesztok\/wp-content\/uploads\/sites\/10\/2019\/08\/vakuumozo_asztali_1.jpg 300w, http:\/\/www.jbt.hu\/wordpress\/foliahegesztok\/wp-content\/uploads\/sites\/10\/2019\/08\/vakuumozo_asztali_1-150x110.jpg 150w\" sizes=\"(max-width: 300px) 100vw, 300px\" \/>\t\t\t\t\t\t\t\t\t\t\t\t\t\t<\/div>\n\t\t\t\t\t\t<\/div>\n\t\t\t\t<\/div>\n\t\t\t\t\t\t<\/div>\n\t\t\t\t\t<\/div>\n\t\t<\/div>\n\t\t\t\t<div class=\"elementor-column elementor-col-50 elementor-top-column elementor-element elementor-element-aefe0f6\" data-id=\"aefe0f6\" data-element_type=\"column\">\n\t\t\t<div class=\"elementor-column-wrap elementor-element-populated\">\n\t\t\t\t\t\t\t<div class=\"elementor-widget-wrap\">\n\t\t\t\t\t\t<div class=\"elementor-element elementor-element-7f5820e elementor-widget elementor-widget-text-editor\" data-id=\"7f5820e\" data-element_type=\"widget\" data-widget_type=\"text-editor.default\">\n\t\t\t\t<div class=\"elementor-widget-container\">\n\t\t\t\t\t\t\t\t<div class=\"elementor-text-editor elementor-clearfix\">\n\t\t\t\t<p><b>Ezeket a k\u00e9sz\u00fcl\u00e9keket a csomagolt term\u00e9k t\u00e9rfogat\u00e1nak cs\u00f6kkent\u00e9s\u00e9re alkalmazz\u00e1k.<\/b><\/p><p>A k\u00e9sz\u00fcl\u00e9k kezel\u00e9se rendk\u00edv\u00fcl egyszer\u0171. A haszn\u00e1lt f\u00f3lia alapanyagnak megfelel\u0151 impulzus hev\u00edt\u00e9si \u00e9s a hegeszt\u00e9st k\u00f6vet\u0151 f\u00f3liavisszah\u0171l\u00e9si id\u0151k be\u00e1ll\u00edt\u00e1s\u00e1t k\u00f6vet\u0151en helyezze a zacsk\u00f3t a hegeszt\u0151 s\u00ednek k\u00f6z\u00e9. A leveg\u0151 zacsk\u00f3b\u00f3l t\u00f6rt\u00e9n\u0151 kisz\u00edv\u00e1s\u00e1nak megkezd\u00e9s\u00e9t\u0151l egy kapocsl\u00e9c megg\u00e1tolja a leveg\u0151 bejut\u00e1s\u00e1t. Mindk\u00e9t k\u00e9z szabadon marad a f\u00f3lia zacsk\u00f3 tart\u00e1s\u00e1hoz &#8211; igaz\u00edt\u00e1s\u00e1hoz, \u00edgy lehet\u0151s\u00e9g van arra, hogy ak\u00e1r nagym\u00e9ret\u0171 zacsk\u00f3kat is tiszt\u00e1n \u00e9s biztons\u00e1gosan lez\u00e1rjon.<\/p><p><b>A leveg\u0151 kisz\u00edv\u00e1sa t\u00e9rfogat cs\u00f6kken\u00e9ssel j\u00e1r.<\/b><\/p><p>A v\u00e1kuumoz\u00e1ssal az \u00f6mlesztett \u00e9s darab\u00e1ruk, elektromos \u00e9s mechanikus alkatr\u00e9szek a nemk\u00edv\u00e1natos r\u00e1zk\u00f3d\u00f3 mozg\u00e1sokt\u00f3l is meg\u00f3vhat\u00f3k.<\/p>\t\t\t\t\t<\/div>\n\t\t\t\t\t\t<\/div>\n\t\t\t\t<\/div>\n\t\t\t\t\t\t<\/div>\n\t\t\t\t\t<\/div>\n\t\t<\/div>\n\t\t\t\t\t\t\t\t<\/div>\n\t\t\t\t\t<\/div>\n\t\t<\/section>\n\t\t\t\t<section class=\"elementor-section elementor-top-section elementor-element elementor-element-7efd138 elementor-section-boxed elementor-section-height-default elementor-section-height-default\" data-id=\"7efd138\" data-element_type=\"section\">\n\t\t\t\t\t\t<div class=\"elementor-container elementor-column-gap-default\">\n\t\t\t\t\t\t\t<div class=\"elementor-row\">\n\t\t\t\t\t<div class=\"elementor-column elementor-col-50 elementor-top-column elementor-element elementor-element-b5d8ac0\" data-id=\"b5d8ac0\" data-element_type=\"column\">\n\t\t\t<div class=\"elementor-column-wrap elementor-element-populated\">\n\t\t\t\t\t\t\t<div class=\"elementor-widget-wrap\">\n\t\t\t\t\t\t<div class=\"elementor-element elementor-element-bd3499e elementor-widget elementor-widget-text-editor\" data-id=\"bd3499e\" data-element_type=\"widget\" data-widget_type=\"text-editor.default\">\n\t\t\t\t<div class=\"elementor-widget-container\">\n\t\t\t\t\t\t\t\t<div class=\"elementor-text-editor elementor-clearfix\">\n\t\t\t\t<b>Felhaszn\u00e1l\u00e1si p\u00e9ld\u00e1k:<\/b>\n<ul>\n<li>orvosi eszk\u00f6z\u00f6k csomagol\u00e1sa<\/li>\n<li>fr\u00f6ccs\u00f6nt\u00f6tt term\u00e9kek csomagol\u00e1sa<\/li>\n<li>fontos dokumentumok hosszan tart\u00f3biztons\u00e1gos t\u00e1rol\u00e1s\u00e1ra, pl. k\u00f6nyv, m\u0171t\u00e1rgy, m\u00fazeumi t\u00e1rgy<\/li>\n<li>elektronikai alaplapok \u00e9s hasonl\u00f3k meg\u00f3v\u00e1sa, v\u00e9delme pl. oxid\u00e1ci\u00f3t\u00f3l<\/li>\n<\/ul>\t\t\t\t\t<\/div>\n\t\t\t\t\t\t<\/div>\n\t\t\t\t<\/div>\n\t\t\t\t\t\t<\/div>\n\t\t\t\t\t<\/div>\n\t\t<\/div>\n\t\t\t\t<div class=\"elementor-column elementor-col-50 elementor-top-column elementor-element elementor-element-0d49114\" data-id=\"0d49114\" data-element_type=\"column\">\n\t\t\t<div class=\"elementor-column-wrap elementor-element-populated\">\n\t\t\t\t\t\t\t<div class=\"elementor-widget-wrap\">\n\t\t\t\t\t\t<div class=\"elementor-element elementor-element-9f0895d elementor-widget elementor-widget-image\" data-id=\"9f0895d\" data-element_type=\"widget\" data-widget_type=\"image.default\">\n\t\t\t\t<div class=\"elementor-widget-container\">\n\t\t\t\t\t\t\t\t<div class=\"elementor-image\">\n\t\t\t\t\t\t\t\t\t\t\t\t<img decoding=\"async\" width=\"300\" height=\"212\" src=\"http:\/\/www.jbt.hu\/wordpress\/foliahegesztok\/wp-content\/uploads\/sites\/10\/2019\/08\/vakuumozo_asztali_2.jpg\" class=\"attachment-large size-large\" alt=\"\" loading=\"lazy\" srcset=\"http:\/\/www.jbt.hu\/wordpress\/foliahegesztok\/wp-content\/uploads\/sites\/10\/2019\/08\/vakuumozo_asztali_2.jpg 300w, http:\/\/www.jbt.hu\/wordpress\/foliahegesztok\/wp-content\/uploads\/sites\/10\/2019\/08\/vakuumozo_asztali_2-150x106.jpg 150w\" sizes=\"(max-width: 300px) 100vw, 300px\" \/>\t\t\t\t\t\t\t\t\t\t\t\t\t\t<\/div>\n\t\t\t\t\t\t<\/div>\n\t\t\t\t<\/div>\n\t\t\t\t\t\t<\/div>\n\t\t\t\t\t<\/div>\n\t\t<\/div>\n\t\t\t\t\t\t\t\t<\/div>\n\t\t\t\t\t<\/div>\n\t\t<\/section>\n\t\t\t\t<section class=\"elementor-section elementor-top-section elementor-element elementor-element-e546077 elementor-section-boxed elementor-section-height-default elementor-section-height-default\" data-id=\"e546077\" data-element_type=\"section\">\n\t\t\t\t\t\t<div class=\"elementor-container elementor-column-gap-default\">\n\t\t\t\t\t\t\t<div class=\"elementor-row\">\n\t\t\t\t\t<div class=\"elementor-column elementor-col-100 elementor-top-column elementor-element elementor-element-5a262ba\" data-id=\"5a262ba\" data-element_type=\"column\">\n\t\t\t<div class=\"elementor-column-wrap elementor-element-populated\">\n\t\t\t\t\t\t\t<div class=\"elementor-widget-wrap\">\n\t\t\t\t\t\t<div class=\"elementor-element elementor-element-e13512c elementor-widget elementor-widget-heading\" data-id=\"e13512c\" data-element_type=\"widget\" data-widget_type=\"heading.default\">\n\t\t\t\t<div class=\"elementor-widget-container\">\n\t\t\t<h5 class=\"elementor-heading-title elementor-size-default\">M\u0171szaki adatok<\/h5>\t\t<\/div>\n\t\t\t\t<\/div>\n\t\t\t\t<div class=\"elementor-element elementor-element-6049443 elementor-widget elementor-widget-shortcode\" data-id=\"6049443\" data-element_type=\"widget\" data-widget_type=\"shortcode.default\">\n\t\t\t\t<div class=\"elementor-widget-container\">\n\t\t\t\t\t<div class=\"elementor-shortcode\">\n<table id=\"tablepress-23\" class=\"tablepress tablepress-id-23\">\n<thead>\n<tr class=\"row-1 odd\">\n\t<th class=\"column-1\">&nbsp;<\/th><th class=\"column-2\">40 NC-LH<\/th><th class=\"column-3\">60 NC-LH<\/th>\n<\/tr>\n<\/thead>\n<tbody class=\"row-hover\">\n<tr class=\"row-2 even\">\n\t<td class=\"column-1\">Rendel\u00e9si sz\u00e1m:<\/td><td class=\"column-2\">2018243<\/td><td class=\"column-3\">2018242<\/td>\n<\/tr>\n<tr class=\"row-3 odd\">\n\t<td class=\"column-1\">Hegeszt\u00e9si varrat sz\u00e9less\u00e9g<\/td><td class=\"column-2\">4 mm<\/td><td class=\"column-3\">4 mm<\/td>\n<\/tr>\n<tr class=\"row-4 even\">\n\t<td class=\"column-1\">F\u00f3lia sz\u00e9less\u00e9g (max.)<\/td><td class=\"column-2\">400 mm<\/td><td class=\"column-3\">600 mm<\/td>\n<\/tr>\n<tr class=\"row-5 odd\">\n\t<td class=\"column-1\">Hegeszt\u0151s\u00edn ny\u00edl\u00e1sm\u00e9ret<\/td><td class=\"column-2\">25 mm<\/td><td class=\"column-3\">25 mm<\/td>\n<\/tr>\n<tr class=\"row-6 even\">\n\t<td class=\"column-1\">Maxim\u00e1lis f\u00f3lia vastags\u00e1g<\/td><td class=\"column-2\">2 x 0,4 mm PE-Folie<\/td><td class=\"column-3\">2 x 0,4 mm PE-Folie<\/td>\n<\/tr>\n<tr class=\"row-7 odd\">\n\t<td class=\"column-1\">F\u0171t\u00e9si id\u0151<\/td><td class=\"column-2\">fokozatmentesen digit\u00e1lisan be\u00e1ll\u00edthat\u00f3<\/td><td class=\"column-3\">fokozatmentesen digit\u00e1lisan be\u00e1ll\u00edthat\u00f3<\/td>\n<\/tr>\n<tr class=\"row-8 even\">\n\t<td class=\"column-1\">H\u0171l\u00e9si id\u0151<\/td><td class=\"column-2\">fokozatmentesen digit\u00e1lisan be\u00e1ll\u00edthat\u00f3<\/td><td class=\"column-3\">fokozatmentesen digit\u00e1lisan be\u00e1ll\u00edthat\u00f3<\/td>\n<\/tr>\n<tr class=\"row-9 odd\">\n\t<td class=\"column-1\">\u00dczemeltet\u00e9s<\/td><td class=\"column-2\">Ped\u00e1l \u00e9s foganty\u00fa<\/td><td class=\"column-3\">Ped\u00e1l \u00e9s foganty\u00fa<\/td>\n<\/tr>\n<tr class=\"row-10 even\">\n\t<td class=\"column-1\">V\u00e9delem<\/td><td class=\"column-2\">230V, 50\/60 Hz<\/td><td class=\"column-3\">230V, 50\/60 Hz<\/td>\n<\/tr>\n<tr class=\"row-11 odd\">\n\t<td class=\"column-1\">M\u00e9retek<\/td><td class=\"column-2\">700 x 330 x 220 mm<\/td><td class=\"column-3\">900 x 330 x 220 mm<\/td>\n<\/tr>\n<tr class=\"row-12 even\">\n\t<td class=\"column-1\">S\u00faly<\/td><td class=\"column-2\">45 kg<\/td><td class=\"column-3\">69 kg<\/td>\n<\/tr>\n<tr class=\"row-13 odd\">\n\t<td class=\"column-1\">Csatlakoz\u00e1s<\/td><td class=\"column-2\">230V, 50\/60 Hz<\/td><td class=\"column-3\">230V, 50\/60 Hz<\/td>\n<\/tr>\n<\/tbody>\n<\/table>\n<!-- #tablepress-23 from cache --><\/div>\n\t\t\t\t<\/div>\n\t\t\t\t<\/div>\n\t\t\t\t\t\t<\/div>\n\t\t\t\t\t<\/div>\n\t\t<\/div>\n\t\t\t\t\t\t\t\t<\/div>\n\t\t\t\t\t<\/div>\n\t\t<\/section>\n\t\t\t\t\t\t\t\t\t<\/div>\n\t\t\t<\/div>\n\t\t\t\t\t<\/div>\n\t\t","protected":false},"excerpt":{"rendered":"<p>Ezeket a k\u00e9sz\u00fcl\u00e9keket a csomagolt term\u00e9k t\u00e9rfogat\u00e1nak cs\u00f6kkent\u00e9s\u00e9re alkalmazz\u00e1k. A k\u00e9sz\u00fcl\u00e9k kezel\u00e9se rendk\u00edv\u00fcl egyszer\u0171. A haszn\u00e1lt f\u00f3lia alapanyagnak megfelel\u0151 impulzus hev\u00edt\u00e9si \u00e9s a hegeszt\u00e9st k\u00f6vet\u0151 f\u00f3liavisszah\u0171l\u00e9si id\u0151k be\u00e1ll\u00edt\u00e1s\u00e1t k\u00f6vet\u0151en helyezze a zacsk\u00f3t a hegeszt\u0151 s\u00ednek k\u00f6z\u00e9. A leveg\u0151 zacsk\u00f3b\u00f3l t\u00f6rt\u00e9n\u0151 kisz\u00edv\u00e1s\u00e1nak megkezd\u00e9s\u00e9t\u0151l egy kapocsl\u00e9c megg\u00e1tolja a leveg\u0151 bejut\u00e1s\u00e1t. Mindk\u00e9t k\u00e9z&#8230;<\/p>\n<p> <a class=\"continue-reading-link\" href=\"http:\/\/www.jbt.hu\/wordpress\/foliahegesztok\/vakuumozo-asztali-foliahegeszto-keszulek-kulonallo-vakuumszivattyuval\/\"><span>Tov\u00e1bb<\/span><i class=\"crycon-right-dir\"><\/i><\/a> <\/p>\n","protected":false},"author":1,"featured_media":0,"parent":0,"menu_order":0,"comment_status":"closed","ping_status":"closed","template":"","meta":[],"aioseo_notices":[],"_links":{"self":[{"href":"http:\/\/www.jbt.hu\/wordpress\/foliahegesztok\/wp-json\/wp\/v2\/pages\/354"}],"collection":[{"href":"http:\/\/www.jbt.hu\/wordpress\/foliahegesztok\/wp-json\/wp\/v2\/pages"}],"about":[{"href":"http:\/\/www.jbt.hu\/wordpress\/foliahegesztok\/wp-json\/wp\/v2\/types\/page"}],"author":[{"embeddable":true,"href":"http:\/\/www.jbt.hu\/wordpress\/foliahegesztok\/wp-json\/wp\/v2\/users\/1"}],"replies":[{"embeddable":true,"href":"http:\/\/www.jbt.hu\/wordpress\/foliahegesztok\/wp-json\/wp\/v2\/comments?post=354"}],"version-history":[{"count":9,"href":"http:\/\/www.jbt.hu\/wordpress\/foliahegesztok\/wp-json\/wp\/v2\/pages\/354\/revisions"}],"predecessor-version":[{"id":1167,"href":"http:\/\/www.jbt.hu\/wordpress\/foliahegesztok\/wp-json\/wp\/v2\/pages\/354\/revisions\/1167"}],"wp:attachment":[{"href":"http:\/\/www.jbt.hu\/wordpress\/foliahegesztok\/wp-json\/wp\/v2\/media?parent=354"}],"curies":[{"name":"wp","href":"https:\/\/api.w.org\/{rel}","templated":true}]}}