{"id":293,"date":"2019-08-15T10:17:23","date_gmt":"2019-08-15T10:17:23","guid":{"rendered":"http:\/\/www.jbt.hu\/wordpress\/foliahegesztok\/?page_id=293"},"modified":"2020-05-17T10:37:48","modified_gmt":"2020-05-17T10:37:48","slug":"validalhato-digitalis-folyamatos-hegesztokeszulekek-papir-muanyag-steril-csomagokhoz","status":"publish","type":"page","link":"http:\/\/www.jbt.hu\/wordpress\/foliahegesztok\/validalhato-digitalis-folyamatos-hegesztokeszulekek-papir-muanyag-steril-csomagokhoz\/","title":{"rendered":"Valid\u00e1lhat\u00f3, digit\u00e1lis folyamatos hegeszt\u0151k\u00e9sz\u00fcl\u00e9kek pap\u00edr\/m\u0171anyag steril csomagokhoz"},"content":{"rendered":"\t\t<div data-elementor-type=\"wp-post\" data-elementor-id=\"293\" class=\"elementor elementor-293\">\n\t\t\t\t\t\t<div class=\"elementor-inner\">\n\t\t\t\t<div class=\"elementor-section-wrap\">\n\t\t\t\t\t\t\t\t\t<section class=\"elementor-section elementor-top-section elementor-element elementor-element-ea93e8e elementor-section-boxed elementor-section-height-default elementor-section-height-default\" data-id=\"ea93e8e\" data-element_type=\"section\">\n\t\t\t\t\t\t<div class=\"elementor-container elementor-column-gap-default\">\n\t\t\t\t\t\t\t<div class=\"elementor-row\">\n\t\t\t\t\t<div class=\"elementor-column elementor-col-50 elementor-top-column elementor-element elementor-element-2012a37\" data-id=\"2012a37\" data-element_type=\"column\">\n\t\t\t<div class=\"elementor-column-wrap elementor-element-populated\">\n\t\t\t\t\t\t\t<div class=\"elementor-widget-wrap\">\n\t\t\t\t\t\t<div class=\"elementor-element elementor-element-e47407e elementor-arrows-position-inside elementor-pagination-position-outside elementor-widget elementor-widget-image-carousel\" data-id=\"e47407e\" data-element_type=\"widget\" data-settings=\"{&quot;slides_to_show&quot;:&quot;1&quot;,&quot;navigation&quot;:&quot;both&quot;,&quot;autoplay&quot;:&quot;yes&quot;,&quot;pause_on_hover&quot;:&quot;yes&quot;,&quot;pause_on_interaction&quot;:&quot;yes&quot;,&quot;autoplay_speed&quot;:5000,&quot;infinite&quot;:&quot;yes&quot;,&quot;effect&quot;:&quot;slide&quot;,&quot;speed&quot;:500}\" data-widget_type=\"image-carousel.default\">\n\t\t\t\t<div class=\"elementor-widget-container\">\n\t\t\t\t\t<div class=\"elementor-image-carousel-wrapper swiper-container\" dir=\"ltr\">\n\t\t\t<div class=\"elementor-image-carousel swiper-wrapper\">\n\t\t\t\t\t\t\t\t<div class=\"swiper-slide\"><a data-elementor-open-lightbox=\"yes\" data-elementor-lightbox-slideshow=\"e47407e\" data-elementor-lightbox-title=\"981 DSM\" e-action-hash=\"#elementor-action%3Aaction%3Dlightbox%26settings%3DeyJpZCI6MTMxMSwidXJsIjoiaHR0cDpcL1wvd3d3LmpidC5odVwvd29yZHByZXNzXC9mb2xpYWhlZ2VzenRva1wvd3AtY29udGVudFwvdXBsb2Fkc1wvc2l0ZXNcLzEwXC8yMDIwXC8wMlwvOTgxLURTTS5qcGciLCJzbGlkZXNob3ciOiJlNDc0MDdlIn0%3D\" href=\"http:\/\/www.jbt.hu\/wordpress\/foliahegesztok\/wp-content\/uploads\/sites\/10\/2020\/02\/981-DSM.jpg\"><figure class=\"swiper-slide-inner\"><img decoding=\"async\" class=\"swiper-slide-image\" src=\"http:\/\/www.jbt.hu\/wordpress\/foliahegesztok\/wp-content\/uploads\/sites\/10\/2020\/02\/981-DSM-300x225.jpg\" alt=\"981 DSM\" \/><\/figure><\/a><\/div><div class=\"swiper-slide\"><a data-elementor-open-lightbox=\"yes\" data-elementor-lightbox-slideshow=\"e47407e\" data-elementor-lightbox-title=\"981 DSM g\u00f6rg\u0151s paddal\" e-action-hash=\"#elementor-action%3Aaction%3Dlightbox%26settings%3DeyJpZCI6MTMxMiwidXJsIjoiaHR0cDpcL1wvd3d3LmpidC5odVwvd29yZHByZXNzXC9mb2xpYWhlZ2VzenRva1wvd3AtY29udGVudFwvdXBsb2Fkc1wvc2l0ZXNcLzEwXC8yMDIwXC8wMlwvOTgxLURTTVJCLmpwZyIsInNsaWRlc2hvdyI6ImU0NzQwN2UifQ%3D%3D\" href=\"http:\/\/www.jbt.hu\/wordpress\/foliahegesztok\/wp-content\/uploads\/sites\/10\/2020\/02\/981-DSMRB.jpg\"><figure class=\"swiper-slide-inner\"><img decoding=\"async\" class=\"swiper-slide-image\" src=\"http:\/\/www.jbt.hu\/wordpress\/foliahegesztok\/wp-content\/uploads\/sites\/10\/2020\/02\/981-DSMRB-300x225.jpg\" alt=\"981 DSM g\u00f6rg\u00f6spad\" \/><\/figure><\/a><\/div><div class=\"swiper-slide\"><a data-elementor-open-lightbox=\"yes\" data-elementor-lightbox-slideshow=\"e47407e\" data-elementor-lightbox-title=\"981 DSM munkaasztallal\" e-action-hash=\"#elementor-action%3Aaction%3Dlightbox%26settings%3DeyJpZCI6MTMxMywidXJsIjoiaHR0cDpcL1wvd3d3LmpidC5odVwvd29yZHByZXNzXC9mb2xpYWhlZ2VzenRva1wvd3AtY29udGVudFwvdXBsb2Fkc1wvc2l0ZXNcLzEwXC8yMDIwXC8wMlwvOTgxLURTTVRpc2NoLmpwZyIsInNsaWRlc2hvdyI6ImU0NzQwN2UifQ%3D%3D\" href=\"http:\/\/www.jbt.hu\/wordpress\/foliahegesztok\/wp-content\/uploads\/sites\/10\/2020\/02\/981-DSMTisch.jpg\"><figure class=\"swiper-slide-inner\"><img decoding=\"async\" class=\"swiper-slide-image\" src=\"http:\/\/www.jbt.hu\/wordpress\/foliahegesztok\/wp-content\/uploads\/sites\/10\/2020\/02\/981-DSMTisch-300x225.jpg\" alt=\"981 DSM munka aszatallal\" \/><\/figure><\/a><\/div>\t\t\t<\/div>\n\t\t\t\t\t\t\t\t\t\t\t\t<div class=\"swiper-pagination\"><\/div>\n\t\t\t\t\t\t\t\t\t\t\t\t\t<div class=\"elementor-swiper-button elementor-swiper-button-prev\">\n\t\t\t\t\t\t<i aria-hidden=\"true\" class=\"eicon-chevron-left\"><\/i>\t\t\t\t\t\t<span class=\"elementor-screen-only\">El\u0151z\u0151<\/span>\n\t\t\t\t\t<\/div>\n\t\t\t\t\t<div class=\"elementor-swiper-button elementor-swiper-button-next\">\n\t\t\t\t\t\t<i aria-hidden=\"true\" class=\"eicon-chevron-right\"><\/i>\t\t\t\t\t\t<span class=\"elementor-screen-only\">K\u00f6vetkez\u0151<\/span>\n\t\t\t\t\t<\/div>\n\t\t\t\t\t\t\t\t\t<\/div>\n\t\t\t\t<\/div>\n\t\t\t\t<\/div>\n\t\t\t\t\t\t<\/div>\n\t\t\t\t\t<\/div>\n\t\t<\/div>\n\t\t\t\t<div class=\"elementor-column elementor-col-50 elementor-top-column elementor-element elementor-element-7da752b\" data-id=\"7da752b\" data-element_type=\"column\">\n\t\t\t<div class=\"elementor-column-wrap elementor-element-populated\">\n\t\t\t\t\t\t\t<div class=\"elementor-widget-wrap\">\n\t\t\t\t\t\t<div class=\"elementor-element elementor-element-dcda009 elementor-widget elementor-widget-text-editor\" data-id=\"dcda009\" data-element_type=\"widget\" data-widget_type=\"text-editor.default\">\n\t\t\t\t<div class=\"elementor-widget-container\">\n\t\t\t\t\t\t\t\t<div class=\"elementor-text-editor elementor-clearfix\">\n\t\t\t\t<p>Most hegeszthet \u00e9s nyomtathat egyszerre, a Polystar\u00ae 981 DSM valid\u00e1lhat\u00f3 f\u00f3liahegeszt\u0151 k\u00e9sz\u00fcl\u00e9k ig\u00e9ny eset\u00e9n el\u00e9rhet\u0151 integr\u00e1lt pont m\u00e1trix nyomtat\u00f3val is. Egy m\u0171velettel a steril csomag \u00f6sszehegeszthet\u0151 \u00e9s a csomagol\u00e1si d\u00e1tum, a lej\u00e1rat ideje \u00e9s a h\u00e1romjegy\u0171 k\u00f3dsz\u00e1m kinyomtathat\u00f3. A hegeszt\u00e9si varrat 15 mm(!) sz\u00e9les, ez\u00e1ltal t\u00f6k\u00e9letesen biztos.<\/p>\t\t\t\t\t<\/div>\n\t\t\t\t\t\t<\/div>\n\t\t\t\t<\/div>\n\t\t\t\t\t\t<\/div>\n\t\t\t\t\t<\/div>\n\t\t<\/div>\n\t\t\t\t\t\t\t\t<\/div>\n\t\t\t\t\t<\/div>\n\t\t<\/section>\n\t\t\t\t<section class=\"elementor-section elementor-top-section elementor-element elementor-element-f90fdcf elementor-section-boxed elementor-section-height-default elementor-section-height-default\" data-id=\"f90fdcf\" data-element_type=\"section\">\n\t\t\t\t\t\t<div class=\"elementor-container elementor-column-gap-default\">\n\t\t\t\t\t\t\t<div class=\"elementor-row\">\n\t\t\t\t\t<div class=\"elementor-column elementor-col-100 elementor-top-column elementor-element elementor-element-0c69ec1\" data-id=\"0c69ec1\" data-element_type=\"column\">\n\t\t\t<div class=\"elementor-column-wrap elementor-element-populated\">\n\t\t\t\t\t\t\t<div class=\"elementor-widget-wrap\">\n\t\t\t\t\t\t<div class=\"elementor-element elementor-element-ce2e647 elementor-widget elementor-widget-heading\" data-id=\"ce2e647\" data-element_type=\"widget\" data-widget_type=\"heading.default\">\n\t\t\t\t<div class=\"elementor-widget-container\">\n\t\t\t<h4 class=\"elementor-heading-title elementor-size-large\">Feket\u00e9n-feh\u00e9ren: garant\u00e1lt steriliz\u00e1l\u00e1s!<\/h4>\t\t<\/div>\n\t\t\t\t<\/div>\n\t\t\t\t\t\t<\/div>\n\t\t\t\t\t<\/div>\n\t\t<\/div>\n\t\t\t\t\t\t\t\t<\/div>\n\t\t\t\t\t<\/div>\n\t\t<\/section>\n\t\t\t\t<section class=\"elementor-section elementor-top-section elementor-element elementor-element-2160767 elementor-section-boxed elementor-section-height-default elementor-section-height-default\" data-id=\"2160767\" data-element_type=\"section\">\n\t\t\t\t\t\t<div class=\"elementor-container elementor-column-gap-default\">\n\t\t\t\t\t\t\t<div class=\"elementor-row\">\n\t\t\t\t\t<div class=\"elementor-column elementor-col-50 elementor-top-column elementor-element elementor-element-8a97be0\" data-id=\"8a97be0\" data-element_type=\"column\">\n\t\t\t<div class=\"elementor-column-wrap elementor-element-populated\">\n\t\t\t\t\t\t\t<div class=\"elementor-widget-wrap\">\n\t\t\t\t\t\t<div class=\"elementor-element elementor-element-fe022b5 elementor-widget elementor-widget-text-editor\" data-id=\"fe022b5\" data-element_type=\"widget\" data-widget_type=\"text-editor.default\">\n\t\t\t\t<div class=\"elementor-widget-container\">\n\t\t\t\t\t\t\t\t<div class=\"elementor-text-editor elementor-clearfix\">\n\t\t\t\t<h5><span style=\"text-decoration: underline;\">A 981 DSM-T speci\u00e1lis verzi\u00f3 TYVEK f\u00f3li\u00e1hoz alkalmas.<\/span><\/h5><p><span lang=\"hu\">A lez\u00e1r\u00e1s, a dokument\u00e1l\u00e1s \u00e9s az opcion\u00e1lis nyomtat\u00e1s k\u00f6nnyebb, mint valaha.<\/span> Csomagol\u00f3anyag behelyez\u00e9sekor a sz\u00e1ll\u00edt\u00f3szalag automatikusan bekapcsol, majd ha nem ker\u00fcl t\u00f6bb f\u00f3lia behelyez\u00e9sre, automatikusan kikapcsolja mag\u00e1t. Az el\u0151re be\u00e1ll\u00edtott hegeszt\u00e9si h\u0151m\u00e9rs\u00e9klet mindig \u00e1lland\u00f3 marad, \u00edgy tov\u00e1bbi steril csomagok b\u00e1rmikor\u00a0 lehegeszthet\u0151k. A tart\u00f3s hev\u00edt\u0151 rendszer, ak\u00e1rcsak a robusztus rozsdamentes ac\u00e9l szerkezet b\u00e1rmikor k\u00f6nny\u0171, probl\u00e9mamentes alkalmaz\u00e1st tesz lehet\u0151v\u00e9.<\/p>\t\t\t\t\t<\/div>\n\t\t\t\t\t\t<\/div>\n\t\t\t\t<\/div>\n\t\t\t\t\t\t<\/div>\n\t\t\t\t\t<\/div>\n\t\t<\/div>\n\t\t\t\t<div class=\"elementor-column elementor-col-50 elementor-top-column elementor-element elementor-element-943ea49\" data-id=\"943ea49\" data-element_type=\"column\">\n\t\t\t<div class=\"elementor-column-wrap elementor-element-populated\">\n\t\t\t\t\t\t\t<div class=\"elementor-widget-wrap\">\n\t\t\t\t\t\t<div class=\"elementor-element elementor-element-891bc07 elementor-aspect-ratio-169 elementor-widget elementor-widget-video\" data-id=\"891bc07\" data-element_type=\"widget\" data-settings=\"{&quot;youtube_url&quot;:&quot;https:\\\/\\\/youtu.be\\\/BJDcv2RoUL4&quot;,&quot;video_type&quot;:&quot;youtube&quot;,&quot;controls&quot;:&quot;yes&quot;,&quot;aspect_ratio&quot;:&quot;169&quot;}\" data-widget_type=\"video.default\">\n\t\t\t\t<div class=\"elementor-widget-container\">\n\t\t\t\t\t<div class=\"elementor-wrapper elementor-fit-aspect-ratio elementor-open-inline\">\n\t\t\t<div class=\"elementor-video\"><\/div>\t\t<\/div>\n\t\t\t\t<\/div>\n\t\t\t\t<\/div>\n\t\t\t\t\t\t<\/div>\n\t\t\t\t\t<\/div>\n\t\t<\/div>\n\t\t\t\t\t\t\t\t<\/div>\n\t\t\t\t\t<\/div>\n\t\t<\/section>\n\t\t\t\t<section class=\"elementor-section elementor-top-section elementor-element elementor-element-11f8a47 elementor-section-boxed elementor-section-height-default elementor-section-height-default\" data-id=\"11f8a47\" data-element_type=\"section\">\n\t\t\t\t\t\t<div class=\"elementor-container elementor-column-gap-default\">\n\t\t\t\t\t\t\t<div class=\"elementor-row\">\n\t\t\t\t\t<div class=\"elementor-column elementor-col-100 elementor-top-column elementor-element elementor-element-6441e1c\" data-id=\"6441e1c\" data-element_type=\"column\">\n\t\t\t<div class=\"elementor-column-wrap elementor-element-populated\">\n\t\t\t\t\t\t\t<div class=\"elementor-widget-wrap\">\n\t\t\t\t\t\t<div class=\"elementor-element elementor-element-380e889 elementor-widget elementor-widget-shortcode\" data-id=\"380e889\" data-element_type=\"widget\" data-widget_type=\"shortcode.default\">\n\t\t\t\t<div class=\"elementor-widget-container\">\n\t\t\t\t\t<div class=\"elementor-shortcode\">\n<table id=\"tablepress-13\" class=\"tablepress tablepress-id-13\">\n<thead>\n<tr class=\"row-1 odd\">\n\t<th class=\"column-1\">&nbsp;<\/th><th class=\"column-2\">981 DSM<\/th><th class=\"column-3\">981 DSM-P<\/th><th class=\"column-4\">G\u00f6rg\u0151s term\u00e9ktov\u00e1bb\u00edt\u00f3<\/th>\n<\/tr>\n<\/thead>\n<tbody class=\"row-hover\">\n<tr class=\"row-2 even\">\n\t<td class=\"column-1\">\u00c1thalad\u00e1si sebess\u00e9g<\/td><td class=\"column-2\">8,5 m\/min<\/td><td class=\"column-3\">8,5 m\/min<\/td><td class=\"column-4\"><\/td>\n<\/tr>\n<tr class=\"row-3 odd\">\n\t<td class=\"column-1\">Hegeszt\u00e9si varrat sz\u00e9less\u00e9g<\/td><td class=\"column-2\">15 mm<\/td><td class=\"column-3\">15 mm<\/td><td class=\"column-4\"><\/td>\n<\/tr>\n<tr class=\"row-4 even\">\n\t<td class=\"column-1\">Hegeszt\u00e9si h\u0151m\u00e9rs\u00e9klet<\/td><td class=\"column-2\">50-199\u00b0C<\/td><td class=\"column-3\">50-199\u00b0C<\/td><td class=\"column-4\"><\/td>\n<\/tr>\n<tr class=\"row-5 odd\">\n\t<td class=\"column-1\">\u00c1ramfelv\u00e9tel<\/td><td class=\"column-2\">2,2 A<\/td><td class=\"column-3\">2,2 A<\/td><td class=\"column-4\"><\/td>\n<\/tr>\n<tr class=\"row-6 even\">\n\t<td class=\"column-1\">\u00c1ram sz\u00fcks\u00e9glet<\/td><td class=\"column-2\">0,4 kW\/h<\/td><td class=\"column-3\">0,4 kW\/h<\/td><td class=\"column-4\"><\/td>\n<\/tr>\n<tr class=\"row-7 odd\">\n\t<td class=\"column-1\">M\u00e9retek (felrak\u00f3 asztal n\u00e9lk\u00fcl)<\/td><td class=\"column-2\">550 x 320 x 210 mm <\/td><td class=\"column-3\">550 x 320 x 210 mm<\/td><td class=\"column-4\">755 x 290 x 76 mm <\/td>\n<\/tr>\n<tr class=\"row-8 even\">\n\t<td class=\"column-1\">Nett\u00f3 s\u00faly<\/td><td class=\"column-2\">17,7 kg<\/td><td class=\"column-3\">18.2 kg<\/td><td class=\"column-4\">7,5 kg<\/td>\n<\/tr>\n<tr class=\"row-9 odd\">\n\t<td class=\"column-1\">H\u00e1l\u00f3zati csatlakoz\u00e1s<\/td><td class=\"column-2\">230 V \/ 50 Hz<\/td><td class=\"column-3\">230 V \/ 50 Hz<\/td><td class=\"column-4\"><\/td>\n<\/tr>\n<\/tbody>\n<\/table>\n<!-- #tablepress-13 from cache --><\/div>\n\t\t\t\t<\/div>\n\t\t\t\t<\/div>\n\t\t\t\t\t\t<\/div>\n\t\t\t\t\t<\/div>\n\t\t<\/div>\n\t\t\t\t\t\t\t\t<\/div>\n\t\t\t\t\t<\/div>\n\t\t<\/section>\n\t\t\t\t<section class=\"elementor-section elementor-top-section elementor-element elementor-element-d603f3f elementor-section-boxed elementor-section-height-default elementor-section-height-default\" data-id=\"d603f3f\" data-element_type=\"section\">\n\t\t\t\t\t\t<div class=\"elementor-container elementor-column-gap-default\">\n\t\t\t\t\t\t\t<div class=\"elementor-row\">\n\t\t\t\t\t<div class=\"elementor-column elementor-col-100 elementor-top-column elementor-element elementor-element-03b81bd\" data-id=\"03b81bd\" data-element_type=\"column\">\n\t\t\t<div class=\"elementor-column-wrap elementor-element-populated\">\n\t\t\t\t\t\t\t<div class=\"elementor-widget-wrap\">\n\t\t\t\t\t\t<div class=\"elementor-element elementor-element-1703e38 elementor-widget elementor-widget-text-editor\" data-id=\"1703e38\" data-element_type=\"widget\" data-widget_type=\"text-editor.default\">\n\t\t\t\t<div class=\"elementor-widget-container\">\n\t\t\t\t\t\t\t\t<div class=\"elementor-text-editor elementor-clearfix\">\n\t\t\t\t<h5><span lang=\"hu\">Tov\u00e1bbi el\u0151ny\u00f6k:<br \/><\/span><\/h5><ul><li><span lang=\"hu\">15 mm dombornyom\u00e1s\u00fa <\/span><span lang=\"hu\"><span lang=\"hu\">hull\u00e1m varrat<\/span>varr\u00e1s<\/span><\/li><li><span lang=\"hu\">\u00c1lland\u00f3 szalagsebess\u00e9g: 8,5 m \/ perc. (\u00b1 5%)<\/span><\/li><li><span lang=\"hu\">\u00c1lland\u00f3 nyom\u00e1s: 100 N (\u00b1 5%)<\/span><\/li><li><span lang=\"hu\">V\u00e1laszthat\u00f3 nyom\u00e1stolerancia-tartom\u00e1ny: 90\u2013140 N<\/span><\/li><li><span lang=\"hu\">V\u00e1laszthat\u00f3 h\u0151m\u00e9rs\u00e9kleti tartom\u00e1ny: 50 \u00b0 &#8211; 199 \u00b0 C<\/span><\/li><li><span lang=\"hu\">H\u0151m\u00e9rs\u00e9kleti tolerancia: \u00b1 5 \u00b0 C<\/span><\/li><li><span lang=\"hu\">Akusztikus \u00e9s vizu\u00e1lis figyelmeztet\u00e9s a meghat\u00e1rozott t\u0171r\u00e9shat\u00e1rok t\u00fall\u00e9p\u00e9sekor<\/span><\/li><li><span lang=\"hu\">Digit\u00e1lis darabsz\u00e1ml\u00e1l\u00f3<\/span><\/li><\/ul><p>Valamennyi k\u00e9sz\u00fcl\u00e9ket 2,5 m csatlakoz\u00f3 vezet\u00e9kkel sz\u00e1ll\u00edtjuk.<\/p><p>Dokument\u00e1l\u00e1s USB Pendrive-ra, TXT form\u00e1tumban.<\/p><p>A m\u0171szaki v\u00e1ltoztat\u00e1sok jog\u00e1t fenntartjuk, el\u0151zetes \u00e9rtes\u00edt\u00e9s n\u00e9lk\u00fcl!<\/p>\t\t\t\t\t<\/div>\n\t\t\t\t\t\t<\/div>\n\t\t\t\t<\/div>\n\t\t\t\t<div class=\"elementor-element elementor-element-2dbab35 elementor-widget elementor-widget-button\" data-id=\"2dbab35\" data-element_type=\"widget\" data-widget_type=\"button.default\">\n\t\t\t\t<div class=\"elementor-widget-container\">\n\t\t\t\t\t<div class=\"elementor-button-wrapper\">\n\t\t\t<a href=\"http:\/\/www.jbt.hu\/wordpress\/foliahegesztok\/wp-content\/uploads\/sites\/10\/2019\/11\/981DSM.pdf\" target=\"_blank\" class=\"elementor-button-link elementor-button elementor-size-sm\" role=\"button\">\n\t\t\t\t\t\t<span class=\"elementor-button-content-wrapper\">\n\t\t\t\t\t\t\t<span class=\"elementor-button-icon elementor-align-icon-left\">\n\t\t\t\t<i aria-hidden=\"true\" class=\"fas fa-file-download\"><\/i>\t\t\t<\/span>\n\t\t\t\t\t\t<span class=\"elementor-button-text\">Let\u00f6lthet\u0151 inf\u00f3 lap<\/span>\n\t\t<\/span>\n\t\t\t\t\t<\/a>\n\t\t<\/div>\n\t\t\t\t<\/div>\n\t\t\t\t<\/div>\n\t\t\t\t<div class=\"elementor-element elementor-element-90a2012 elementor-widget elementor-widget-heading\" data-id=\"90a2012\" data-element_type=\"widget\" data-widget_type=\"heading.default\">\n\t\t\t\t<div class=\"elementor-widget-container\">\n\t\t\t<h4 class=\"elementor-heading-title elementor-size-default\"><a href=\"http:\/\/www.jbt.hu\/wordpress\/foliahegesztok\/kapcsolat\/\">Tov\u00e1bbi inform\u00e1ci\u00f3k\u00e9rt l\u00e9pjen kapcsolatba vel\u00fcnk!<\/a><\/h4>\t\t<\/div>\n\t\t\t\t<\/div>\n\t\t\t\t\t\t<\/div>\n\t\t\t\t\t<\/div>\n\t\t<\/div>\n\t\t\t\t\t\t\t\t<\/div>\n\t\t\t\t\t<\/div>\n\t\t<\/section>\n\t\t\t\t\t\t\t\t\t<\/div>\n\t\t\t<\/div>\n\t\t\t\t\t<\/div>\n\t\t","protected":false},"excerpt":{"rendered":"<p>El\u0151z\u0151 K\u00f6vetkez\u0151 Most hegeszthet \u00e9s nyomtathat egyszerre, a Polystar\u00ae 981 DSM valid\u00e1lhat\u00f3 f\u00f3liahegeszt\u0151 k\u00e9sz\u00fcl\u00e9k ig\u00e9ny eset\u00e9n el\u00e9rhet\u0151 integr\u00e1lt pont m\u00e1trix nyomtat\u00f3val is. Egy m\u0171velettel a steril csomag \u00f6sszehegeszthet\u0151 \u00e9s a csomagol\u00e1si d\u00e1tum, a lej\u00e1rat ideje \u00e9s a h\u00e1romjegy\u0171 k\u00f3dsz\u00e1m kinyomtathat\u00f3. A hegeszt\u00e9si varrat 15 mm(!) sz\u00e9les, ez\u00e1ltal t\u00f6k\u00e9letesen biztos. Feket\u00e9n-feh\u00e9ren:&#8230;<\/p>\n<p> <a class=\"continue-reading-link\" href=\"http:\/\/www.jbt.hu\/wordpress\/foliahegesztok\/validalhato-digitalis-folyamatos-hegesztokeszulekek-papir-muanyag-steril-csomagokhoz\/\"><span>Tov\u00e1bb<\/span><i class=\"crycon-right-dir\"><\/i><\/a> <\/p>\n","protected":false},"author":1,"featured_media":0,"parent":0,"menu_order":0,"comment_status":"closed","ping_status":"closed","template":"","meta":[],"aioseo_notices":[],"_links":{"self":[{"href":"http:\/\/www.jbt.hu\/wordpress\/foliahegesztok\/wp-json\/wp\/v2\/pages\/293"}],"collection":[{"href":"http:\/\/www.jbt.hu\/wordpress\/foliahegesztok\/wp-json\/wp\/v2\/pages"}],"about":[{"href":"http:\/\/www.jbt.hu\/wordpress\/foliahegesztok\/wp-json\/wp\/v2\/types\/page"}],"author":[{"embeddable":true,"href":"http:\/\/www.jbt.hu\/wordpress\/foliahegesztok\/wp-json\/wp\/v2\/users\/1"}],"replies":[{"embeddable":true,"href":"http:\/\/www.jbt.hu\/wordpress\/foliahegesztok\/wp-json\/wp\/v2\/comments?post=293"}],"version-history":[{"count":41,"href":"http:\/\/www.jbt.hu\/wordpress\/foliahegesztok\/wp-json\/wp\/v2\/pages\/293\/revisions"}],"predecessor-version":[{"id":1337,"href":"http:\/\/www.jbt.hu\/wordpress\/foliahegesztok\/wp-json\/wp\/v2\/pages\/293\/revisions\/1337"}],"wp:attachment":[{"href":"http:\/\/www.jbt.hu\/wordpress\/foliahegesztok\/wp-json\/wp\/v2\/media?parent=293"}],"curies":[{"name":"wp","href":"https:\/\/api.w.org\/{rel}","templated":true}]}}