{"id":287,"date":"2019-08-15T10:13:35","date_gmt":"2019-08-15T10:13:35","guid":{"rendered":"http:\/\/www.jbt.hu\/wordpress\/foliahegesztok\/?page_id=287"},"modified":"2020-02-24T10:36:16","modified_gmt":"2020-02-24T10:36:16","slug":"steril-foliakhoz-alkalmas-elektromagneses-asztali-hegesztokeszulekek","status":"publish","type":"page","link":"http:\/\/www.jbt.hu\/wordpress\/foliahegesztok\/steril-foliakhoz-alkalmas-elektromagneses-asztali-hegesztokeszulekek\/","title":{"rendered":"Steril f\u00f3li\u00e1khoz alkalmas elektrom\u00e1gneses asztali hegeszt\u0151k\u00e9sz\u00fcl\u00e9kek"},"content":{"rendered":"\t\t<div data-elementor-type=\"wp-post\" data-elementor-id=\"287\" class=\"elementor elementor-287\">\n\t\t\t\t\t\t<div class=\"elementor-inner\">\n\t\t\t\t<div class=\"elementor-section-wrap\">\n\t\t\t\t\t\t\t\t\t<section class=\"elementor-section elementor-top-section elementor-element elementor-element-6e6bce2 elementor-section-boxed elementor-section-height-default elementor-section-height-default\" data-id=\"6e6bce2\" data-element_type=\"section\">\n\t\t\t\t\t\t<div class=\"elementor-container elementor-column-gap-default\">\n\t\t\t\t\t\t\t<div class=\"elementor-row\">\n\t\t\t\t\t<div class=\"elementor-column elementor-col-100 elementor-top-column elementor-element elementor-element-7123252\" data-id=\"7123252\" data-element_type=\"column\">\n\t\t\t<div class=\"elementor-column-wrap elementor-element-populated\">\n\t\t\t\t\t\t\t<div class=\"elementor-widget-wrap\">\n\t\t\t\t\t\t<div class=\"elementor-element elementor-element-e2e9e5f elementor-widget elementor-widget-text-editor\" data-id=\"e2e9e5f\" data-element_type=\"widget\" data-widget_type=\"text-editor.default\">\n\t\t\t\t<div class=\"elementor-widget-container\">\n\t\t\t\t\t\t\t\t<div class=\"elementor-text-editor elementor-clearfix\">\n\t\t\t\t<p><strong>Rendel\u0151kben, k\u00f3rh\u00e1zakban egy\u00e9b steril k\u00f6rnyezetben t\u00f6rt\u00e9n\u0151 alkalmaz\u00e1sokra, magasabb term\u00e9kek csomagol\u00e1s\u00e1ra, 4 r\u00e9teg\u0171 pap\u00edr\/m\u0171anyag &#8222;red\u0151s&#8221; pl. Steriking Wipak vagy m\u00e1s steril csomagol\u00e1sok biztons\u00e1gos, k\u00e9t oldalr\u00f3l hev\u00edtett hegeszt\u0151sz\u00e1lakkal t\u00f6rt\u00e9n\u0151 lehegeszt\u00e9s\u00e9re.<\/strong><\/p>\t\t\t\t\t<\/div>\n\t\t\t\t\t\t<\/div>\n\t\t\t\t<\/div>\n\t\t\t\t\t\t<\/div>\n\t\t\t\t\t<\/div>\n\t\t<\/div>\n\t\t\t\t\t\t\t\t<\/div>\n\t\t\t\t\t<\/div>\n\t\t<\/section>\n\t\t\t\t<section class=\"elementor-section elementor-top-section elementor-element elementor-element-6fa45ce elementor-section-boxed elementor-section-height-default elementor-section-height-default\" data-id=\"6fa45ce\" data-element_type=\"section\">\n\t\t\t\t\t\t<div class=\"elementor-container elementor-column-gap-default\">\n\t\t\t\t\t\t\t<div class=\"elementor-row\">\n\t\t\t\t\t<div class=\"elementor-column elementor-col-50 elementor-top-column elementor-element elementor-element-f75f991\" data-id=\"f75f991\" data-element_type=\"column\">\n\t\t\t<div class=\"elementor-column-wrap elementor-element-populated\">\n\t\t\t\t\t\t\t<div class=\"elementor-widget-wrap\">\n\t\t\t\t\t\t<div class=\"elementor-element elementor-element-ac6d5d2 elementor-widget elementor-widget-text-editor\" data-id=\"ac6d5d2\" data-element_type=\"widget\" data-widget_type=\"text-editor.default\">\n\t\t\t\t<div class=\"elementor-widget-container\">\n\t\t\t\t\t\t\t\t<div class=\"elementor-text-editor elementor-clearfix\">\n\t\t\t\t<p>\u00d6n \u00f6ssze\u00e1ll\u00edthatja az egyedi sterilf\u00f3lia hegeszt\u0151 \u00e1llom\u00e1s\u00e1t. Ha a Polystar\u00ae 418 M-RPA m\u00e1gneses asztali hegeszt\u0151k\u00e9sz\u00fcl\u00e9ket veszi, a f\u00f3liav\u00e1g\u00f3 peng\u00e9vel, a munkaasztallal, \u00e9s a helytakar\u00e9kos f\u00f3liag\u00f6rg\u0151tart\u00f3 \u00e1llv\u00e1nnyal, akkor minden, amire \u00d6nnek sz\u00fcks\u00e9ge lehet, k\u00e9zn\u00e9l lesz.<\/p><p><strong>A kompakt megb\u00edzhat\u00f3s\u00e1g: minden egy k\u00e9zben!<\/strong><\/p><p>A Polystar\u00ae 418 M-RPA asztali m\u00e1gneses hegeszt\u0151k\u00e9sz\u00fcl\u00e9kek a h\u0151impulzusos elj\u00e1r\u00e1s alapj\u00e1n m\u0171k\u00f6dnek, hegeszt\u00e9si varrat biztons\u00e1g\u00e1r\u00f3l pedig elektrom\u00e1gneses pr\u00e9sel\u0151nyom\u00e1s gondoskodik. Az \u00faj Polystar\u00ae elektronika folyamatosan fel\u00fcgyeli, ellen\u0151rzi a hegeszt\u00e9si folyamatot \u00e9s az \u00e1lland\u00f3 hegeszt\u00e9si varrat min\u0151s\u00e9get.<\/p>\t\t\t\t\t<\/div>\n\t\t\t\t\t\t<\/div>\n\t\t\t\t<\/div>\n\t\t\t\t\t\t<\/div>\n\t\t\t\t\t<\/div>\n\t\t<\/div>\n\t\t\t\t<div class=\"elementor-column elementor-col-50 elementor-top-column elementor-element elementor-element-ca330f8\" data-id=\"ca330f8\" data-element_type=\"column\">\n\t\t\t<div class=\"elementor-column-wrap elementor-element-populated\">\n\t\t\t\t\t\t\t<div class=\"elementor-widget-wrap\">\n\t\t\t\t\t\t<div class=\"elementor-element elementor-element-b1c8611 elementor-aspect-ratio-169 elementor-widget elementor-widget-video\" data-id=\"b1c8611\" data-element_type=\"widget\" data-settings=\"{&quot;youtube_url&quot;:&quot;https:\\\/\\\/youtu.be\\\/YeUHYHWhPIY&quot;,&quot;video_type&quot;:&quot;youtube&quot;,&quot;controls&quot;:&quot;yes&quot;,&quot;aspect_ratio&quot;:&quot;169&quot;}\" data-widget_type=\"video.default\">\n\t\t\t\t<div class=\"elementor-widget-container\">\n\t\t\t\t\t<div class=\"elementor-wrapper elementor-fit-aspect-ratio elementor-open-inline\">\n\t\t\t<div class=\"elementor-video\"><\/div>\t\t<\/div>\n\t\t\t\t<\/div>\n\t\t\t\t<\/div>\n\t\t\t\t\t\t<\/div>\n\t\t\t\t\t<\/div>\n\t\t<\/div>\n\t\t\t\t\t\t\t\t<\/div>\n\t\t\t\t\t<\/div>\n\t\t<\/section>\n\t\t\t\t<section class=\"elementor-section elementor-top-section elementor-element elementor-element-6acbb9e elementor-section-boxed elementor-section-height-default elementor-section-height-default\" data-id=\"6acbb9e\" data-element_type=\"section\">\n\t\t\t\t\t\t<div class=\"elementor-container elementor-column-gap-default\">\n\t\t\t\t\t\t\t<div class=\"elementor-row\">\n\t\t\t\t\t<div class=\"elementor-column elementor-col-50 elementor-top-column elementor-element elementor-element-7f3f7f4\" data-id=\"7f3f7f4\" data-element_type=\"column\">\n\t\t\t<div class=\"elementor-column-wrap elementor-element-populated\">\n\t\t\t\t\t\t\t<div class=\"elementor-widget-wrap\">\n\t\t\t\t\t\t<div class=\"elementor-element elementor-element-a1fb25c elementor-arrows-position-inside elementor-widget elementor-widget-image-carousel\" data-id=\"a1fb25c\" data-element_type=\"widget\" data-settings=\"{&quot;navigation&quot;:&quot;arrows&quot;,&quot;slides_to_show&quot;:&quot;1&quot;,&quot;autoplay&quot;:&quot;yes&quot;,&quot;pause_on_hover&quot;:&quot;yes&quot;,&quot;pause_on_interaction&quot;:&quot;yes&quot;,&quot;autoplay_speed&quot;:5000,&quot;infinite&quot;:&quot;yes&quot;,&quot;effect&quot;:&quot;slide&quot;,&quot;speed&quot;:500}\" data-widget_type=\"image-carousel.default\">\n\t\t\t\t<div class=\"elementor-widget-container\">\n\t\t\t\t\t<div class=\"elementor-image-carousel-wrapper swiper-container\" dir=\"ltr\">\n\t\t\t<div class=\"elementor-image-carousel swiper-wrapper\">\n\t\t\t\t\t\t\t\t<div class=\"swiper-slide\"><a data-elementor-open-lightbox=\"yes\" data-elementor-lightbox-slideshow=\"a1fb25c\" data-elementor-lightbox-title=\"618 M-RPA\" e-action-hash=\"#elementor-action%3Aaction%3Dlightbox%26settings%3DeyJpZCI6MTMwNCwidXJsIjoiaHR0cDpcL1wvd3d3LmpidC5odVwvd29yZHByZXNzXC9mb2xpYWhlZ2VzenRva1wvd3AtY29udGVudFwvdXBsb2Fkc1wvc2l0ZXNcLzEwXC8yMDIwXC8wMlwvNjE4LU0tUlBBLmpwZyIsInNsaWRlc2hvdyI6ImExZmIyNWMifQ%3D%3D\" href=\"http:\/\/www.jbt.hu\/wordpress\/foliahegesztok\/wp-content\/uploads\/sites\/10\/2020\/02\/618-M-RPA.jpg\"><figure class=\"swiper-slide-inner\"><img decoding=\"async\" class=\"swiper-slide-image\" src=\"http:\/\/www.jbt.hu\/wordpress\/foliahegesztok\/wp-content\/uploads\/sites\/10\/2020\/02\/618-M-RPA-300x225.jpg\" alt=\"Polystar\u00ae 618 M-RPA\" \/><figcaption class=\"elementor-image-carousel-caption\">Polystar\u00ae 618 M-RPA<\/figcaption><\/figure><\/a><\/div><div class=\"swiper-slide\"><a data-elementor-open-lightbox=\"yes\" data-elementor-lightbox-slideshow=\"a1fb25c\" data-elementor-lightbox-title=\"418M-RPA+AT\" e-action-hash=\"#elementor-action%3Aaction%3Dlightbox%26settings%3DeyJpZCI6MTMwMywidXJsIjoiaHR0cDpcL1wvd3d3LmpidC5odVwvd29yZHByZXNzXC9mb2xpYWhlZ2VzenRva1wvd3AtY29udGVudFwvdXBsb2Fkc1wvc2l0ZXNcLzEwXC8yMDIwXC8wMlwvNDE4TS1SUEFBVC5qcGciLCJzbGlkZXNob3ciOiJhMWZiMjVjIn0%3D\" href=\"http:\/\/www.jbt.hu\/wordpress\/foliahegesztok\/wp-content\/uploads\/sites\/10\/2020\/02\/418M-RPAAT.jpg\"><figure class=\"swiper-slide-inner\"><img decoding=\"async\" class=\"swiper-slide-image\" src=\"http:\/\/www.jbt.hu\/wordpress\/foliahegesztok\/wp-content\/uploads\/sites\/10\/2020\/02\/418M-RPAAT-300x225.jpg\" alt=\"Polystar\u00ae 418 M-RPA munkaasztallal \u00e9s f\u00f3liatekercstart\u00f3 g\u00f6rg\u0151kkel\" \/><figcaption class=\"elementor-image-carousel-caption\">Polystar\u00ae 418 M-RPA munkaasztallal \u00e9s f\u00f3liatekercstart\u00f3 g\u00f6rg\u0151kkel<\/figcaption><\/figure><\/a><\/div><div class=\"swiper-slide\"><a data-elementor-open-lightbox=\"yes\" data-elementor-lightbox-slideshow=\"a1fb25c\" data-elementor-lightbox-title=\"418M-RP_AT+Magazin\" e-action-hash=\"#elementor-action%3Aaction%3Dlightbox%26settings%3DeyJpZCI6MTMwMSwidXJsIjoiaHR0cDpcL1wvd3d3LmpidC5odVwvd29yZHByZXNzXC9mb2xpYWhlZ2VzenRva1wvd3AtY29udGVudFwvdXBsb2Fkc1wvc2l0ZXNcLzEwXC8yMDIwXC8wMlwvNDE4TS1SUF9BVE1hZ2F6aW4uanBnIiwic2xpZGVzaG93IjoiYTFmYjI1YyJ9\" href=\"http:\/\/www.jbt.hu\/wordpress\/foliahegesztok\/wp-content\/uploads\/sites\/10\/2020\/02\/418M-RP_ATMagazin.jpg\"><figure class=\"swiper-slide-inner\"><img decoding=\"async\" class=\"swiper-slide-image\" src=\"http:\/\/www.jbt.hu\/wordpress\/foliahegesztok\/wp-content\/uploads\/sites\/10\/2020\/02\/418M-RP_ATMagazin-300x225.jpg\" alt=\"Polystar\u00ae 418 M-RPA munkaasztallal \u00e9s f\u00f3liatekercstart\u00f3 \u00e1llv\u00e1nnyal\" \/><figcaption class=\"elementor-image-carousel-caption\">Polystar\u00ae 418 M-RPA munkaasztallal \u00e9s f\u00f3liatekercstart\u00f3 \u00e1llv\u00e1nnyal<\/figcaption><\/figure><\/a><\/div><div class=\"swiper-slide\"><a data-elementor-open-lightbox=\"yes\" data-elementor-lightbox-slideshow=\"a1fb25c\" data-elementor-lightbox-title=\"418M-RPA_AT+Abr\" e-action-hash=\"#elementor-action%3Aaction%3Dlightbox%26settings%3DeyJpZCI6MTMwMiwidXJsIjoiaHR0cDpcL1wvd3d3LmpidC5odVwvd29yZHByZXNzXC9mb2xpYWhlZ2VzenRva1wvd3AtY29udGVudFwvdXBsb2Fkc1wvc2l0ZXNcLzEwXC8yMDIwXC8wMlwvNDE4TS1SUEFfQVRBYnIuanBnIiwic2xpZGVzaG93IjoiYTFmYjI1YyJ9\" href=\"http:\/\/www.jbt.hu\/wordpress\/foliahegesztok\/wp-content\/uploads\/sites\/10\/2020\/02\/418M-RPA_ATAbr.jpg\"><figure class=\"swiper-slide-inner\"><img decoding=\"async\" class=\"swiper-slide-image\" src=\"http:\/\/www.jbt.hu\/wordpress\/foliahegesztok\/wp-content\/uploads\/sites\/10\/2020\/02\/418M-RPA_ATAbr-300x225.jpg\" alt=\"Polystar\u00ae 418 M-RPA munkaasztallal \u00e9s f\u00f3liatekercstart\u00f3 g\u00f6rg\u0151kkel\" \/><figcaption class=\"elementor-image-carousel-caption\">Polystar\u00ae 418 M-RPA munkaasztallal \u00e9s f\u00f3liatekercstart\u00f3 g\u00f6rg\u0151kkel<\/figcaption><\/figure><\/a><\/div>\t\t\t<\/div>\n\t\t\t\t\t\t\t\t\t\t\t\t\t\t\t\t<div class=\"elementor-swiper-button elementor-swiper-button-prev\">\n\t\t\t\t\t\t<i aria-hidden=\"true\" class=\"eicon-chevron-left\"><\/i>\t\t\t\t\t\t<span class=\"elementor-screen-only\">El\u0151z\u0151<\/span>\n\t\t\t\t\t<\/div>\n\t\t\t\t\t<div class=\"elementor-swiper-button elementor-swiper-button-next\">\n\t\t\t\t\t\t<i aria-hidden=\"true\" class=\"eicon-chevron-right\"><\/i>\t\t\t\t\t\t<span class=\"elementor-screen-only\">K\u00f6vetkez\u0151<\/span>\n\t\t\t\t\t<\/div>\n\t\t\t\t\t\t\t\t\t<\/div>\n\t\t\t\t<\/div>\n\t\t\t\t<\/div>\n\t\t\t\t\t\t<\/div>\n\t\t\t\t\t<\/div>\n\t\t<\/div>\n\t\t\t\t<div class=\"elementor-column elementor-col-50 elementor-top-column elementor-element elementor-element-e59dfee\" data-id=\"e59dfee\" data-element_type=\"column\">\n\t\t\t<div class=\"elementor-column-wrap elementor-element-populated\">\n\t\t\t\t\t\t\t<div class=\"elementor-widget-wrap\">\n\t\t\t\t\t\t<div class=\"elementor-element elementor-element-25ee875 elementor-widget elementor-widget-text-editor\" data-id=\"25ee875\" data-element_type=\"widget\" data-widget_type=\"text-editor.default\">\n\t\t\t\t<div class=\"elementor-widget-container\">\n\t\t\t\t\t\t\t\t<div class=\"elementor-text-editor elementor-clearfix\">\n\t\t\t\t<h4>Az el\u0151nyei:<\/h4><ul><li>egyszer\u0171, f\u00f3lia tasztat\u00far\u00e1s kezelhet\u0151s\u00e9g<\/li><li>a hegeszt\u00e9si \u00e9s h\u0171l\u00e9si id\u0151 m\u00e1sodperc azonosan be\u00e1ll\u00edthat\u00f3<\/li><li>automatikus maradv\u00e1nyh\u0151 felismer\u00e9s<\/li><li>integr\u00e1lt darabsz\u00e1ml\u00e1l\u00f3,<\/li><li>mem\u00f3ria funkci\u00f3k max. 12 f\u00e9le f\u00f3li\u00e1hoz,<\/li><li>kezel\u0151i k\u00f3d,<\/li><li>stop \u00e9s hibafunkci\u00f3k.<\/li><\/ul>\t\t\t\t\t<\/div>\n\t\t\t\t\t\t<\/div>\n\t\t\t\t<\/div>\n\t\t\t\t\t\t<\/div>\n\t\t\t\t\t<\/div>\n\t\t<\/div>\n\t\t\t\t\t\t\t\t<\/div>\n\t\t\t\t\t<\/div>\n\t\t<\/section>\n\t\t\t\t<section class=\"elementor-section elementor-top-section elementor-element elementor-element-6553727 elementor-section-boxed elementor-section-height-default elementor-section-height-default\" data-id=\"6553727\" data-element_type=\"section\">\n\t\t\t\t\t\t<div class=\"elementor-container elementor-column-gap-default\">\n\t\t\t\t\t\t\t<div class=\"elementor-row\">\n\t\t\t\t\t<div class=\"elementor-column elementor-col-100 elementor-top-column elementor-element elementor-element-dc23a84\" data-id=\"dc23a84\" data-element_type=\"column\">\n\t\t\t<div class=\"elementor-column-wrap elementor-element-populated\">\n\t\t\t\t\t\t\t<div class=\"elementor-widget-wrap\">\n\t\t\t\t\t\t<div class=\"elementor-element elementor-element-40d3561 elementor-widget elementor-widget-heading\" data-id=\"40d3561\" data-element_type=\"widget\" data-widget_type=\"heading.default\">\n\t\t\t\t<div class=\"elementor-widget-container\">\n\t\t\t<h4 class=\"elementor-heading-title elementor-size-default\">M\u0171szaki adatok<\/h4>\t\t<\/div>\n\t\t\t\t<\/div>\n\t\t\t\t\t\t<\/div>\n\t\t\t\t\t<\/div>\n\t\t<\/div>\n\t\t\t\t\t\t\t\t<\/div>\n\t\t\t\t\t<\/div>\n\t\t<\/section>\n\t\t\t\t<section class=\"elementor-section elementor-top-section elementor-element elementor-element-3ea3f57 elementor-section-boxed elementor-section-height-default elementor-section-height-default\" data-id=\"3ea3f57\" data-element_type=\"section\">\n\t\t\t\t\t\t<div class=\"elementor-container elementor-column-gap-default\">\n\t\t\t\t\t\t\t<div class=\"elementor-row\">\n\t\t\t\t\t<div class=\"elementor-column elementor-col-100 elementor-top-column elementor-element elementor-element-3c935d8\" data-id=\"3c935d8\" data-element_type=\"column\">\n\t\t\t<div class=\"elementor-column-wrap elementor-element-populated\">\n\t\t\t\t\t\t\t<div class=\"elementor-widget-wrap\">\n\t\t\t\t\t\t<div class=\"elementor-element elementor-element-c512898 elementor-widget elementor-widget-shortcode\" data-id=\"c512898\" data-element_type=\"widget\" data-widget_type=\"shortcode.default\">\n\t\t\t\t<div class=\"elementor-widget-container\">\n\t\t\t\t\t<div class=\"elementor-shortcode\">\n<table id=\"tablepress-11\" class=\"tablepress tablepress-id-11\">\n<thead>\n<tr class=\"row-1 odd\">\n\t<th class=\"column-1\">&nbsp;<\/th><th class=\"column-2\">418 M-RPA<\/th><th class=\"column-3\">618 M-RPA<\/th>\n<\/tr>\n<\/thead>\n<tbody class=\"row-hover\">\n<tr class=\"row-2 even\">\n\t<td class=\"column-1\">Hegeszt\u00e9si varrathossz (max)<\/td><td class=\"column-2\">400 mm<\/td><td class=\"column-3\">600 mm<\/td>\n<\/tr>\n<tr class=\"row-3 odd\">\n\t<td class=\"column-1\">Hegeszt\u00e9si varrat sz\u00e9less\u00e9g<\/td><td class=\"column-2\">8 mm<\/td><td class=\"column-3\">8 mm<\/td>\n<\/tr>\n<tr class=\"row-4 even\">\n\t<td class=\"column-1\">\u00c1tenged\u0151 sz\u00e9less\u00e9g<\/td><td class=\"column-2\">330 mm<\/td><td class=\"column-3\">525 mm<\/td>\n<\/tr>\n<tr class=\"row-5 odd\">\n\t<td class=\"column-1\">Hegeszt\u0151huzaltart\u00f3 ny\u00edl\u00e1sm\u00e9ret<\/td><td class=\"column-2\">15 mm<\/td><td class=\"column-3\">15 mm<\/td>\n<\/tr>\n<tr class=\"row-6 even\">\n\t<td class=\"column-1\">\u00c1ramfelv\u00e9tel<\/td><td class=\"column-2\">2,4 A<\/td><td class=\"column-3\">9,0 A<\/td>\n<\/tr>\n<tr class=\"row-7 odd\">\n\t<td class=\"column-1\">M\u00e9retek<\/td><td class=\"column-2\">560 x 310 x 160 mm<\/td><td class=\"column-3\">765 x 310 x 160 mm<\/td>\n<\/tr>\n<tr class=\"row-8 even\">\n\t<td class=\"column-1\">Nett\u00f3 s\u00faly<\/td><td class=\"column-2\">19,2 kg<\/td><td class=\"column-3\">20,5 kg<\/td>\n<\/tr>\n<tr class=\"row-9 odd\">\n\t<td class=\"column-1\">H\u00e1l\u00f3zati \u00e1ram<\/td><td class=\"column-2\">230 V\/50 Hz<\/td><td class=\"column-3\">230 V\/50 Hz<\/td>\n<\/tr>\n<\/tbody>\n<\/table>\n<!-- #tablepress-11 from cache --><\/div>\n\t\t\t\t<\/div>\n\t\t\t\t<\/div>\n\t\t\t\t\t\t<\/div>\n\t\t\t\t\t<\/div>\n\t\t<\/div>\n\t\t\t\t\t\t\t\t<\/div>\n\t\t\t\t\t<\/div>\n\t\t<\/section>\n\t\t\t\t<section class=\"elementor-section elementor-top-section elementor-element elementor-element-f6495f8 elementor-section-boxed elementor-section-height-default elementor-section-height-default\" data-id=\"f6495f8\" data-element_type=\"section\">\n\t\t\t\t\t\t<div class=\"elementor-container elementor-column-gap-default\">\n\t\t\t\t\t\t\t<div class=\"elementor-row\">\n\t\t\t\t\t<div class=\"elementor-column elementor-col-100 elementor-top-column elementor-element elementor-element-b15267c\" data-id=\"b15267c\" data-element_type=\"column\">\n\t\t\t<div class=\"elementor-column-wrap elementor-element-populated\">\n\t\t\t\t\t\t\t<div class=\"elementor-widget-wrap\">\n\t\t\t\t\t\t<div class=\"elementor-element elementor-element-4266a40 elementor-widget elementor-widget-text-editor\" data-id=\"4266a40\" data-element_type=\"widget\" data-widget_type=\"text-editor.default\">\n\t\t\t\t<div class=\"elementor-widget-container\">\n\t\t\t\t\t\t\t\t<div class=\"elementor-text-editor elementor-clearfix\">\n\t\t\t\t<p>Minden k\u00e9sz\u00fcl\u00e9k 3 m hossz\u00fa csatlakoz\u00f3vezet\u00e9kkel felszerelt.<br \/>A m\u00e9ret- \u00e9s s\u00falyadatok k\u00f6r\u00fclbel\u00fcli \u00e9rt\u00e9kek.<\/p><p>A m\u0171szaki v\u00e1ltoztat\u00e1sok jog\u00e1t fenntartjuk, el\u0151zetes \u00e9rtes\u00edt\u00e9s n\u00e9lk\u00fcl!<\/p>\t\t\t\t\t<\/div>\n\t\t\t\t\t\t<\/div>\n\t\t\t\t<\/div>\n\t\t\t\t<div class=\"elementor-element elementor-element-1bfef05 elementor-widget elementor-widget-button\" data-id=\"1bfef05\" data-element_type=\"widget\" data-widget_type=\"button.default\">\n\t\t\t\t<div class=\"elementor-widget-container\">\n\t\t\t\t\t<div class=\"elementor-button-wrapper\">\n\t\t\t<a href=\"http:\/\/www.jbt.hu\/wordpress\/foliahegesztok\/wp-content\/uploads\/sites\/10\/2019\/11\/418.pdf\" target=\"_blank\" class=\"elementor-button-link elementor-button elementor-size-sm\" role=\"button\">\n\t\t\t\t\t\t<span class=\"elementor-button-content-wrapper\">\n\t\t\t\t\t\t\t<span class=\"elementor-button-icon elementor-align-icon-left\">\n\t\t\t\t<i aria-hidden=\"true\" class=\"fas fa-file-download\"><\/i>\t\t\t<\/span>\n\t\t\t\t\t\t<span class=\"elementor-button-text\">Let\u00f6lthet\u0151 inf\u00f3 lap<\/span>\n\t\t<\/span>\n\t\t\t\t\t<\/a>\n\t\t<\/div>\n\t\t\t\t<\/div>\n\t\t\t\t<\/div>\n\t\t\t\t\t\t<\/div>\n\t\t\t\t\t<\/div>\n\t\t<\/div>\n\t\t\t\t\t\t\t\t<\/div>\n\t\t\t\t\t<\/div>\n\t\t<\/section>\n\t\t\t\t<section class=\"elementor-section elementor-top-section elementor-element elementor-element-a45b6c7 elementor-section-boxed elementor-section-height-default elementor-section-height-default\" data-id=\"a45b6c7\" data-element_type=\"section\">\n\t\t\t\t\t\t<div class=\"elementor-container elementor-column-gap-default\">\n\t\t\t\t\t\t\t<div class=\"elementor-row\">\n\t\t\t\t\t<div class=\"elementor-column elementor-col-100 elementor-top-column elementor-element elementor-element-bd7436b\" data-id=\"bd7436b\" data-element_type=\"column\">\n\t\t\t<div class=\"elementor-column-wrap elementor-element-populated\">\n\t\t\t\t\t\t\t<div class=\"elementor-widget-wrap\">\n\t\t\t\t\t\t<div class=\"elementor-element elementor-element-7b11ecc elementor-widget elementor-widget-heading\" data-id=\"7b11ecc\" data-element_type=\"widget\" data-widget_type=\"heading.default\">\n\t\t\t\t<div class=\"elementor-widget-container\">\n\t\t\t<h4 class=\"elementor-heading-title elementor-size-default\"><a href=\"http:\/\/www.jbt.hu\/wordpress\/foliahegesztok\/kapcsolat\/\">Tov\u00e1bbi inform\u00e1ci\u00f3k\u00e9rt l\u00e9pjen kapcsolatba vel\u00fcnk!<\/a><\/h4>\t\t<\/div>\n\t\t\t\t<\/div>\n\t\t\t\t\t\t<\/div>\n\t\t\t\t\t<\/div>\n\t\t<\/div>\n\t\t\t\t\t\t\t\t<\/div>\n\t\t\t\t\t<\/div>\n\t\t<\/section>\n\t\t\t\t\t\t\t\t\t<\/div>\n\t\t\t<\/div>\n\t\t\t\t\t<\/div>\n\t\t","protected":false},"excerpt":{"rendered":"<p>Rendel\u0151kben, k\u00f3rh\u00e1zakban egy\u00e9b steril k\u00f6rnyezetben t\u00f6rt\u00e9n\u0151 alkalmaz\u00e1sokra, magasabb term\u00e9kek csomagol\u00e1s\u00e1ra, 4 r\u00e9teg\u0171 pap\u00edr\/m\u0171anyag &#8222;red\u0151s&#8221; pl. Steriking Wipak vagy m\u00e1s steril csomagol\u00e1sok biztons\u00e1gos, k\u00e9t oldalr\u00f3l hev\u00edtett hegeszt\u0151sz\u00e1lakkal t\u00f6rt\u00e9n\u0151 lehegeszt\u00e9s\u00e9re. \u00d6n \u00f6ssze\u00e1ll\u00edthatja az egyedi sterilf\u00f3lia hegeszt\u0151 \u00e1llom\u00e1s\u00e1t. Ha a Polystar\u00ae 418 M-RPA m\u00e1gneses asztali hegeszt\u0151k\u00e9sz\u00fcl\u00e9ket veszi, a f\u00f3liav\u00e1g\u00f3 peng\u00e9vel, a munkaasztallal, \u00e9s&#8230;<\/p>\n<p> <a class=\"continue-reading-link\" href=\"http:\/\/www.jbt.hu\/wordpress\/foliahegesztok\/steril-foliakhoz-alkalmas-elektromagneses-asztali-hegesztokeszulekek\/\"><span>Tov\u00e1bb<\/span><i class=\"crycon-right-dir\"><\/i><\/a> <\/p>\n","protected":false},"author":1,"featured_media":0,"parent":0,"menu_order":0,"comment_status":"closed","ping_status":"closed","template":"","meta":[],"aioseo_notices":[],"_links":{"self":[{"href":"http:\/\/www.jbt.hu\/wordpress\/foliahegesztok\/wp-json\/wp\/v2\/pages\/287"}],"collection":[{"href":"http:\/\/www.jbt.hu\/wordpress\/foliahegesztok\/wp-json\/wp\/v2\/pages"}],"about":[{"href":"http:\/\/www.jbt.hu\/wordpress\/foliahegesztok\/wp-json\/wp\/v2\/types\/page"}],"author":[{"embeddable":true,"href":"http:\/\/www.jbt.hu\/wordpress\/foliahegesztok\/wp-json\/wp\/v2\/users\/1"}],"replies":[{"embeddable":true,"href":"http:\/\/www.jbt.hu\/wordpress\/foliahegesztok\/wp-json\/wp\/v2\/comments?post=287"}],"version-history":[{"count":28,"href":"http:\/\/www.jbt.hu\/wordpress\/foliahegesztok\/wp-json\/wp\/v2\/pages\/287\/revisions"}],"predecessor-version":[{"id":1306,"href":"http:\/\/www.jbt.hu\/wordpress\/foliahegesztok\/wp-json\/wp\/v2\/pages\/287\/revisions\/1306"}],"wp:attachment":[{"href":"http:\/\/www.jbt.hu\/wordpress\/foliahegesztok\/wp-json\/wp\/v2\/media?parent=287"}],"curies":[{"name":"wp","href":"https:\/\/api.w.org\/{rel}","templated":true}]}}