{"id":254,"date":"2019-08-15T09:25:00","date_gmt":"2019-08-15T09:25:00","guid":{"rendered":"http:\/\/www.jbt.hu\/wordpress\/foliahegesztok\/?page_id=254"},"modified":"2019-11-22T08:15:37","modified_gmt":"2019-11-22T08:15:37","slug":"komplett-mero-tolto-lezaro-termelo-vonal","status":"publish","type":"page","link":"http:\/\/www.jbt.hu\/wordpress\/foliahegesztok\/komplett-mero-tolto-lezaro-termelo-vonal\/","title":{"rendered":"Komplett m\u00e9r\u0151-t\u00f6lt\u0151-lez\u00e1r\u00f3 termel\u0151 vonal"},"content":{"rendered":"\t\t<div data-elementor-type=\"wp-post\" data-elementor-id=\"254\" class=\"elementor elementor-254\">\n\t\t\t\t\t\t<div class=\"elementor-inner\">\n\t\t\t\t<div class=\"elementor-section-wrap\">\n\t\t\t\t\t\t\t\t\t<section class=\"elementor-section elementor-top-section elementor-element elementor-element-83e3309 elementor-section-boxed elementor-section-height-default elementor-section-height-default\" data-id=\"83e3309\" data-element_type=\"section\">\n\t\t\t\t\t\t<div class=\"elementor-container elementor-column-gap-default\">\n\t\t\t\t\t\t\t<div class=\"elementor-row\">\n\t\t\t\t\t<div class=\"elementor-column elementor-col-100 elementor-top-column elementor-element elementor-element-b477b9c\" data-id=\"b477b9c\" data-element_type=\"column\">\n\t\t\t<div class=\"elementor-column-wrap elementor-element-populated\">\n\t\t\t\t\t\t\t<div class=\"elementor-widget-wrap\">\n\t\t\t\t\t\t<div class=\"elementor-element elementor-element-7316a08 elementor-widget elementor-widget-text-editor\" data-id=\"7316a08\" data-element_type=\"widget\" data-widget_type=\"text-editor.default\">\n\t\t\t\t<div class=\"elementor-widget-container\">\n\t\t\t\t\t\t\t\t<div class=\"elementor-text-editor elementor-clearfix\">\n\t\t\t\t<p>A kompakt kialak\u00edt\u00e1snak k\u00f6sz\u00f6nhet\u0151en k\u00fcl\u00f6n\u00f6sen alkalmas kis helyeken val\u00f3 felhaszn\u00e1l\u00e1sra.<\/p><p>A m\u00e9r\u0151rendszer haszn\u00e1lhat\u00f3 k\u00e9zi vagy automatikus t\u00f6lt\u00e9ssel.<\/p>\t\t\t\t\t<\/div>\n\t\t\t\t\t\t<\/div>\n\t\t\t\t<\/div>\n\t\t\t\t\t\t<\/div>\n\t\t\t\t\t<\/div>\n\t\t<\/div>\n\t\t\t\t\t\t\t\t<\/div>\n\t\t\t\t\t<\/div>\n\t\t<\/section>\n\t\t\t\t<section class=\"elementor-section elementor-top-section elementor-element elementor-element-f7a88dc elementor-section-boxed elementor-section-height-default elementor-section-height-default\" data-id=\"f7a88dc\" data-element_type=\"section\">\n\t\t\t\t\t\t<div class=\"elementor-container elementor-column-gap-default\">\n\t\t\t\t\t\t\t<div class=\"elementor-row\">\n\t\t\t\t\t<div class=\"elementor-column elementor-col-50 elementor-top-column elementor-element elementor-element-f9d3ea0\" data-id=\"f9d3ea0\" data-element_type=\"column\">\n\t\t\t<div class=\"elementor-column-wrap elementor-element-populated\">\n\t\t\t\t\t\t\t<div class=\"elementor-widget-wrap\">\n\t\t\t\t\t\t<div class=\"elementor-element elementor-element-544cbb7 elementor-widget elementor-widget-text-editor\" data-id=\"544cbb7\" data-element_type=\"widget\" data-widget_type=\"text-editor.default\">\n\t\t\t\t<div class=\"elementor-widget-container\">\n\t\t\t\t\t\t\t\t<div class=\"elementor-text-editor elementor-clearfix\">\n\t\t\t\t<p>Ezzel a m\u00e9rleg \u00e9s f\u00f3liahegeszt\u0151 rendeszerrel manu\u00e1lisan vagy automatikusan adagolhatunk k\u00e1v\u00e9babot, granul\u00e1tumot, tablett\u00e1t, apr\u00f3 f\u00e9m \u00e9s m\u0171anyag alkatr\u00e9szeket, szabadon \u00e1raml\u00f3 term\u00e9keket, porokat zs\u00e1kokban vagy tasakokat \u00e9s z\u00e1rhatjuk le azokat.<\/p><p>Kiegyens\u00falyozottan csomagolva: Egyszer\u0171en egy gomb megnyom\u00e1s\u00e1val!<\/p>\t\t\t\t\t<\/div>\n\t\t\t\t\t\t<\/div>\n\t\t\t\t<\/div>\n\t\t\t\t\t\t<\/div>\n\t\t\t\t\t<\/div>\n\t\t<\/div>\n\t\t\t\t<div class=\"elementor-column elementor-col-50 elementor-top-column elementor-element elementor-element-0d31f20\" data-id=\"0d31f20\" data-element_type=\"column\">\n\t\t\t<div class=\"elementor-column-wrap elementor-element-populated\">\n\t\t\t\t\t\t\t<div class=\"elementor-widget-wrap\">\n\t\t\t\t\t\t<div class=\"elementor-element elementor-element-fb1f501 elementor-widget elementor-widget-image\" data-id=\"fb1f501\" data-element_type=\"widget\" data-widget_type=\"image.default\">\n\t\t\t\t<div class=\"elementor-widget-container\">\n\t\t\t\t\t\t\t\t<div class=\"elementor-image\">\n\t\t\t\t\t\t\t\t\t\t\t\t<img decoding=\"async\" width=\"300\" height=\"279\" src=\"http:\/\/www.jbt.hu\/wordpress\/foliahegesztok\/wp-content\/uploads\/sites\/10\/2019\/08\/komplett_mero_tolto_lezaro_termelo_vonal.jpg\" class=\"attachment-large size-large\" alt=\"\" loading=\"lazy\" srcset=\"http:\/\/www.jbt.hu\/wordpress\/foliahegesztok\/wp-content\/uploads\/sites\/10\/2019\/08\/komplett_mero_tolto_lezaro_termelo_vonal.jpg 300w, http:\/\/www.jbt.hu\/wordpress\/foliahegesztok\/wp-content\/uploads\/sites\/10\/2019\/08\/komplett_mero_tolto_lezaro_termelo_vonal-150x140.jpg 150w\" sizes=\"(max-width: 300px) 100vw, 300px\" \/>\t\t\t\t\t\t\t\t\t\t\t\t\t\t<\/div>\n\t\t\t\t\t\t<\/div>\n\t\t\t\t<\/div>\n\t\t\t\t\t\t<\/div>\n\t\t\t\t\t<\/div>\n\t\t<\/div>\n\t\t\t\t\t\t\t\t<\/div>\n\t\t\t\t\t<\/div>\n\t\t<\/section>\n\t\t\t\t<section class=\"elementor-section elementor-top-section elementor-element elementor-element-e6d4dac elementor-section-boxed elementor-section-height-default elementor-section-height-default\" data-id=\"e6d4dac\" data-element_type=\"section\">\n\t\t\t\t\t\t<div class=\"elementor-container elementor-column-gap-default\">\n\t\t\t\t\t\t\t<div class=\"elementor-row\">\n\t\t\t\t\t<div class=\"elementor-column elementor-col-50 elementor-top-column elementor-element elementor-element-936d1f3\" data-id=\"936d1f3\" data-element_type=\"column\">\n\t\t\t<div class=\"elementor-column-wrap elementor-element-populated\">\n\t\t\t\t\t\t\t<div class=\"elementor-widget-wrap\">\n\t\t\t\t\t\t<div class=\"elementor-element elementor-element-65dfc72 elementor-aspect-ratio-169 elementor-widget elementor-widget-video\" data-id=\"65dfc72\" data-element_type=\"widget\" data-settings=\"{&quot;youtube_url&quot;:&quot;https:\\\/\\\/youtu.be\\\/U-t8i8JacRI&quot;,&quot;video_type&quot;:&quot;youtube&quot;,&quot;controls&quot;:&quot;yes&quot;,&quot;aspect_ratio&quot;:&quot;169&quot;}\" data-widget_type=\"video.default\">\n\t\t\t\t<div class=\"elementor-widget-container\">\n\t\t\t\t\t<div class=\"elementor-wrapper elementor-fit-aspect-ratio elementor-open-inline\">\n\t\t\t<div class=\"elementor-video\"><\/div>\t\t<\/div>\n\t\t\t\t<\/div>\n\t\t\t\t<\/div>\n\t\t\t\t\t\t<\/div>\n\t\t\t\t\t<\/div>\n\t\t<\/div>\n\t\t\t\t<div class=\"elementor-column elementor-col-50 elementor-top-column elementor-element elementor-element-12792ce\" data-id=\"12792ce\" data-element_type=\"column\">\n\t\t\t<div class=\"elementor-column-wrap elementor-element-populated\">\n\t\t\t\t\t\t\t<div class=\"elementor-widget-wrap\">\n\t\t\t\t\t\t<div class=\"elementor-element elementor-element-0da6756 elementor-widget elementor-widget-text-editor\" data-id=\"0da6756\" data-element_type=\"widget\" data-widget_type=\"text-editor.default\">\n\t\t\t\t<div class=\"elementor-widget-container\">\n\t\t\t\t\t\t\t\t<div class=\"elementor-text-editor elementor-clearfix\">\n\t\t\t\t<h5>El\u0151ny\u00f6k:<\/h5>\n<ul>\n<li>kompakt egys\u00e9g, rozsdamentes ac\u00e9l<\/li>\n<li>k\u00f6nny\u0171 haszn\u00e1lat, takar\u00edt\u00e1s, karbantart\u00e1s<\/li>\n<li>digit\u00e1lis kijelz\u0151k<\/li>\n<li>k\u00fcl\u00f6nb\u00f6z\u0151 t\u00f6lt\u00e9si sebess\u00e9gek<\/li>\n<li>adagol\u00e1si egys\u00e9gek nyit\u00e1sa s\u0171r\u00edtett leveg\u0151vel<\/li>\n<\/ul>\n<h5>Opci\u00f3k:<\/h6>\n<ul>\n<li>pneumatikus adagol\u00f3 fed\u00e9l<\/li>\n<li>adagol\u00f3 fed\u00e9l nyit\u00e1sa elektrom\u00e1gnessel<\/li>\n<li>adapter az adagol\u00f3 t\u00f6lcs\u00e9rhez<\/li>\n<ul>\n<b>A m\u0171szaki v\u00e1ltoztat\u00e1sok jog\u00e1t fenntartjuk!<\/b>\t\t\t\t\t<\/div>\n\t\t\t\t\t\t<\/div>\n\t\t\t\t<\/div>\n\t\t\t\t\t\t<\/div>\n\t\t\t\t\t<\/div>\n\t\t<\/div>\n\t\t\t\t\t\t\t\t<\/div>\n\t\t\t\t\t<\/div>\n\t\t<\/section>\n\t\t\t\t<section class=\"elementor-section elementor-top-section elementor-element elementor-element-933f822 elementor-section-boxed elementor-section-height-default elementor-section-height-default\" data-id=\"933f822\" data-element_type=\"section\">\n\t\t\t\t\t\t<div class=\"elementor-container elementor-column-gap-default\">\n\t\t\t\t\t\t\t<div class=\"elementor-row\">\n\t\t\t\t\t<div class=\"elementor-column elementor-col-100 elementor-top-column elementor-element elementor-element-7f1e496\" data-id=\"7f1e496\" data-element_type=\"column\">\n\t\t\t<div class=\"elementor-column-wrap elementor-element-populated\">\n\t\t\t\t\t\t\t<div class=\"elementor-widget-wrap\">\n\t\t\t\t\t\t<div class=\"elementor-element elementor-element-de27306 elementor-widget elementor-widget-heading\" data-id=\"de27306\" data-element_type=\"widget\" data-widget_type=\"heading.default\">\n\t\t\t\t<div class=\"elementor-widget-container\">\n\t\t\t<h4 class=\"elementor-heading-title elementor-size-default\"><a href=\"http:\/\/www.jbt.hu\/wordpress\/foliahegesztok\/kapcsolat\/\">Tov\u00e1bbi inform\u00e1ci\u00f3k\u00e9rt l\u00e9pjen kapcsolatba vel\u00fcnk!<\/a><\/h4>\t\t<\/div>\n\t\t\t\t<\/div>\n\t\t\t\t\t\t<\/div>\n\t\t\t\t\t<\/div>\n\t\t<\/div>\n\t\t\t\t\t\t\t\t<\/div>\n\t\t\t\t\t<\/div>\n\t\t<\/section>\n\t\t\t\t\t\t\t\t\t<\/div>\n\t\t\t<\/div>\n\t\t\t\t\t<\/div>\n\t\t","protected":false},"excerpt":{"rendered":"<p>A kompakt kialak\u00edt\u00e1snak k\u00f6sz\u00f6nhet\u0151en k\u00fcl\u00f6n\u00f6sen alkalmas kis helyeken val\u00f3 felhaszn\u00e1l\u00e1sra. A m\u00e9r\u0151rendszer haszn\u00e1lhat\u00f3 k\u00e9zi vagy automatikus t\u00f6lt\u00e9ssel. Ezzel a m\u00e9rleg \u00e9s f\u00f3liahegeszt\u0151 rendeszerrel manu\u00e1lisan vagy automatikusan adagolhatunk k\u00e1v\u00e9babot, granul\u00e1tumot, tablett\u00e1t, apr\u00f3 f\u00e9m \u00e9s m\u0171anyag alkatr\u00e9szeket, szabadon \u00e1raml\u00f3 term\u00e9keket, porokat zs\u00e1kokban vagy tasakokat \u00e9s z\u00e1rhatjuk le azokat. Kiegyens\u00falyozottan csomagolva: Egyszer\u0171en egy&#8230;<\/p>\n<p> <a class=\"continue-reading-link\" href=\"http:\/\/www.jbt.hu\/wordpress\/foliahegesztok\/komplett-mero-tolto-lezaro-termelo-vonal\/\"><span>Tov\u00e1bb<\/span><i class=\"crycon-right-dir\"><\/i><\/a> <\/p>\n","protected":false},"author":1,"featured_media":0,"parent":0,"menu_order":0,"comment_status":"closed","ping_status":"closed","template":"","meta":[],"aioseo_notices":[],"_links":{"self":[{"href":"http:\/\/www.jbt.hu\/wordpress\/foliahegesztok\/wp-json\/wp\/v2\/pages\/254"}],"collection":[{"href":"http:\/\/www.jbt.hu\/wordpress\/foliahegesztok\/wp-json\/wp\/v2\/pages"}],"about":[{"href":"http:\/\/www.jbt.hu\/wordpress\/foliahegesztok\/wp-json\/wp\/v2\/types\/page"}],"author":[{"embeddable":true,"href":"http:\/\/www.jbt.hu\/wordpress\/foliahegesztok\/wp-json\/wp\/v2\/users\/1"}],"replies":[{"embeddable":true,"href":"http:\/\/www.jbt.hu\/wordpress\/foliahegesztok\/wp-json\/wp\/v2\/comments?post=254"}],"version-history":[{"count":9,"href":"http:\/\/www.jbt.hu\/wordpress\/foliahegesztok\/wp-json\/wp\/v2\/pages\/254\/revisions"}],"predecessor-version":[{"id":1013,"href":"http:\/\/www.jbt.hu\/wordpress\/foliahegesztok\/wp-json\/wp\/v2\/pages\/254\/revisions\/1013"}],"wp:attachment":[{"href":"http:\/\/www.jbt.hu\/wordpress\/foliahegesztok\/wp-json\/wp\/v2\/media?parent=254"}],"curies":[{"name":"wp","href":"https:\/\/api.w.org\/{rel}","templated":true}]}}