{"id":239,"date":"2019-08-15T09:04:00","date_gmt":"2019-08-15T09:04:00","guid":{"rendered":"http:\/\/www.jbt.hu\/wordpress\/foliahegesztok\/?page_id=239"},"modified":"2020-05-15T11:05:51","modified_gmt":"2020-05-15T11:05:51","slug":"folyamatos-foliahegeszto-keszulekek-kombinalt-foliakhoz","status":"publish","type":"page","link":"http:\/\/www.jbt.hu\/wordpress\/foliahegesztok\/folyamatos-foliahegeszto-keszulekek-kombinalt-foliakhoz\/","title":{"rendered":"Folyamatos f\u00f3liahegeszt\u0151 k\u00e9sz\u00fcl\u00e9kek kombin\u00e1lt f\u00f3li\u00e1khoz"},"content":{"rendered":"\t\t<div data-elementor-type=\"wp-post\" data-elementor-id=\"239\" class=\"elementor elementor-239\">\n\t\t\t\t\t\t<div class=\"elementor-inner\">\n\t\t\t\t<div class=\"elementor-section-wrap\">\n\t\t\t\t\t\t\t\t\t<section class=\"elementor-section elementor-top-section elementor-element elementor-element-31e0a21 elementor-section-boxed elementor-section-height-default elementor-section-height-default\" data-id=\"31e0a21\" data-element_type=\"section\">\n\t\t\t\t\t\t<div class=\"elementor-container elementor-column-gap-default\">\n\t\t\t\t\t\t\t<div class=\"elementor-row\">\n\t\t\t\t\t<div class=\"elementor-column elementor-col-50 elementor-top-column elementor-element elementor-element-f0e9398\" data-id=\"f0e9398\" data-element_type=\"column\">\n\t\t\t<div class=\"elementor-column-wrap elementor-element-populated\">\n\t\t\t\t\t\t\t<div class=\"elementor-widget-wrap\">\n\t\t\t\t\t\t<div class=\"elementor-element elementor-element-37cd5be elementor-widget elementor-widget-text-editor\" data-id=\"37cd5be\" data-element_type=\"widget\" data-widget_type=\"text-editor.default\">\n\t\t\t\t<div class=\"elementor-widget-container\">\n\t\t\t\t\t\t\t\t<div class=\"elementor-text-editor elementor-clearfix\">\n\t\t\t\t<p>A Polystar\u00ae a kombin\u00e1lt f\u00f3liaanyagok hegeszt\u00e9s\u00e9nek specialist\u00e1ja! Mindegy, hogy alum\u00ednium vagy pap\u00edr zacsk\u00f3ra hegesztett kombin\u00e1ci\u00f3: ezek a Polystar\u00ae folyamatos hegeszt\u0151 k\u00e9sz\u00fcl\u00e9kek minden kombin\u00e1lt anyagot leveg\u0151-, aroma- \u00e9s szennyez\u0151d\u00e9s ellen t\u00f6m\u00edtetten, tart\u00f3san \u00e9s biztons\u00e1gosan \u00f6sszehegesztenek.<\/p><h4>A sokoldal\u00fas\u00e1g az er\u0151ss\u00e9g\u00fcnk: Mi becsomagojuk!<\/h4><p>A tart\u00f3s, folyamatos hev\u00edt\u00e9s \u00e9s a Polystar\u00ae folyamatos hegeszt\u0151 k\u00e9sz\u00fcl\u00e9kek robusztus konstrukci\u00f3ja probl\u00e9mamentes, tart\u00f3s haszn\u00e1lhat\u00f3s\u00e1got tesz lehet\u0151v\u00e9. pl. V2A-kivitelben \u00e9lelmiszeripari ter\u00fcleten, aromaz\u00e1r\u00f3 csomagol\u00e1sokhoz, felt\u00e9t c\u00edmk\u00e9k \u00e9s hasonl\u00f3k felhegeszt\u00e9s\u00e9hez&#8230; bevont pap\u00edr- vagy alum\u00ednium zacsk\u00f3kon, max. kb. 0,8 mm teljes vastags\u00e1gig a sz\u00fcks\u00e9ges hegeszt\u00e9si varrat biztons\u00e1gosan hegeszthet\u0151 a rug\u00f3san csap\u00e1gyazott nyom\u00f3g\u00f6rg\u0151knek k\u00f6sz\u00f6nhet\u0151en.<\/p>\t\t\t\t\t<\/div>\n\t\t\t\t\t\t<\/div>\n\t\t\t\t<\/div>\n\t\t\t\t\t\t<\/div>\n\t\t\t\t\t<\/div>\n\t\t<\/div>\n\t\t\t\t<div class=\"elementor-column elementor-col-50 elementor-top-column elementor-element elementor-element-edfc5a5\" data-id=\"edfc5a5\" data-element_type=\"column\">\n\t\t\t<div class=\"elementor-column-wrap elementor-element-populated\">\n\t\t\t\t\t\t\t<div class=\"elementor-widget-wrap\">\n\t\t\t\t\t\t<div class=\"elementor-element elementor-element-0ef53d1 elementor-arrows-position-inside elementor-pagination-position-outside elementor-widget elementor-widget-image-carousel\" data-id=\"0ef53d1\" data-element_type=\"widget\" data-settings=\"{&quot;navigation&quot;:&quot;both&quot;,&quot;autoplay&quot;:&quot;yes&quot;,&quot;pause_on_hover&quot;:&quot;yes&quot;,&quot;pause_on_interaction&quot;:&quot;yes&quot;,&quot;autoplay_speed&quot;:5000,&quot;infinite&quot;:&quot;yes&quot;,&quot;speed&quot;:500}\" data-widget_type=\"image-carousel.default\">\n\t\t\t\t<div class=\"elementor-widget-container\">\n\t\t\t\t\t<div class=\"elementor-image-carousel-wrapper swiper-container\" dir=\"ltr\">\n\t\t\t<div class=\"elementor-image-carousel swiper-wrapper\">\n\t\t\t\t\t\t\t\t<div class=\"swiper-slide\"><a data-elementor-open-lightbox=\"yes\" data-elementor-lightbox-slideshow=\"0ef53d1\" data-elementor-lightbox-title=\"400dsm\" e-action-hash=\"#elementor-action%3Aaction%3Dlightbox%26settings%3DeyJpZCI6MTI4OSwidXJsIjoiaHR0cDpcL1wvd3d3LmpidC5odVwvd29yZHByZXNzXC9mb2xpYWhlZ2VzenRva1wvd3AtY29udGVudFwvdXBsb2Fkc1wvc2l0ZXNcLzEwXC8yMDIwXC8wMlwvNDAwZHNtLmpwZyIsInNsaWRlc2hvdyI6IjBlZjUzZDEifQ%3D%3D\" href=\"http:\/\/www.jbt.hu\/wordpress\/foliahegesztok\/wp-content\/uploads\/sites\/10\/2020\/02\/400dsm.jpg\"><figure class=\"swiper-slide-inner\"><img decoding=\"async\" class=\"swiper-slide-image\" src=\"http:\/\/www.jbt.hu\/wordpress\/foliahegesztok\/wp-content\/uploads\/sites\/10\/2020\/02\/400dsm-150x150.jpg\" alt=\"Polystar\u00ae 400 DSM asztali tart\u00f3\u00e1llv\u00e1nnyal\" \/><figcaption class=\"elementor-image-carousel-caption\">Polystar\u00ae 400 DSM asztali tart\u00f3\u00e1llv\u00e1nnyal<\/figcaption><\/figure><\/a><\/div><div class=\"swiper-slide\"><a data-elementor-open-lightbox=\"yes\" data-elementor-lightbox-slideshow=\"0ef53d1\" data-elementor-lightbox-title=\"400 DSM-H\" e-action-hash=\"#elementor-action%3Aaction%3Dlightbox%26settings%3DeyJpZCI6MTI4NiwidXJsIjoiaHR0cDpcL1wvd3d3LmpidC5odVwvd29yZHByZXNzXC9mb2xpYWhlZ2VzenRva1wvd3AtY29udGVudFwvdXBsb2Fkc1wvc2l0ZXNcLzEwXC8yMDIwXC8wMlwvNDAwLURTTS1ILmpwZyIsInNsaWRlc2hvdyI6IjBlZjUzZDEifQ%3D%3D\" href=\"http:\/\/www.jbt.hu\/wordpress\/foliahegesztok\/wp-content\/uploads\/sites\/10\/2020\/02\/400-DSM-H.jpg\"><figure class=\"swiper-slide-inner\"><img decoding=\"async\" class=\"swiper-slide-image\" src=\"http:\/\/www.jbt.hu\/wordpress\/foliahegesztok\/wp-content\/uploads\/sites\/10\/2020\/02\/400-DSM-H-150x150.jpg\" alt=\"Polystar\u00ae 400 DSM-H asztali tart\u00f3\u00e1llv\u00e1nnyal\" \/><figcaption class=\"elementor-image-carousel-caption\">Polystar\u00ae 400 DSM-H asztali tart\u00f3\u00e1llv\u00e1nnyal<\/figcaption><\/figure><\/a><\/div><div class=\"swiper-slide\"><a data-elementor-open-lightbox=\"yes\" data-elementor-lightbox-slideshow=\"0ef53d1\" data-elementor-lightbox-title=\"400 DSM-V+TB\" e-action-hash=\"#elementor-action%3Aaction%3Dlightbox%26settings%3DeyJpZCI6MTI4NywidXJsIjoiaHR0cDpcL1wvd3d3LmpidC5odVwvd29yZHByZXNzXC9mb2xpYWhlZ2VzenRva1wvd3AtY29udGVudFwvdXBsb2Fkc1wvc2l0ZXNcLzEwXC8yMDIwXC8wMlwvNDAwLURTTS1WVEIuanBnIiwic2xpZGVzaG93IjoiMGVmNTNkMSJ9\" href=\"http:\/\/www.jbt.hu\/wordpress\/foliahegesztok\/wp-content\/uploads\/sites\/10\/2020\/02\/400-DSM-VTB.jpg\"><figure class=\"swiper-slide-inner\"><img decoding=\"async\" class=\"swiper-slide-image\" src=\"http:\/\/www.jbt.hu\/wordpress\/foliahegesztok\/wp-content\/uploads\/sites\/10\/2020\/02\/400-DSM-VTB-150x150.jpg\" alt=\"Polystar\u00ae 400 DSM f\u00f6ld\u00f6n l\u00e9v\u0151, \u00e1ll\u00edthat\u00f3 magass\u00e1g\u00fa \u00e1llv\u00e1ny sz\u00e1ll\u00edt\u00f3szalaggal\" \/><figcaption class=\"elementor-image-carousel-caption\">Polystar\u00ae 400 DSM f\u00f6ld\u00f6n l\u00e9v\u0151, \u00e1ll\u00edthat\u00f3 magass\u00e1g\u00fa \u00e1llv\u00e1ny sz\u00e1ll\u00edt\u00f3szalaggal<\/figcaption><\/figure><\/a><\/div><div class=\"swiper-slide\"><a data-elementor-open-lightbox=\"yes\" data-elementor-lightbox-slideshow=\"0ef53d1\" data-elementor-lightbox-title=\"400 DSM-V+TB2\" e-action-hash=\"#elementor-action%3Aaction%3Dlightbox%26settings%3DeyJpZCI6MTI4OCwidXJsIjoiaHR0cDpcL1wvd3d3LmpidC5odVwvd29yZHByZXNzXC9mb2xpYWhlZ2VzenRva1wvd3AtY29udGVudFwvdXBsb2Fkc1wvc2l0ZXNcLzEwXC8yMDIwXC8wMlwvNDAwLURTTS1WVEIyLmpwZyIsInNsaWRlc2hvdyI6IjBlZjUzZDEifQ%3D%3D\" href=\"http:\/\/www.jbt.hu\/wordpress\/foliahegesztok\/wp-content\/uploads\/sites\/10\/2020\/02\/400-DSM-VTB2.jpg\"><figure class=\"swiper-slide-inner\"><img decoding=\"async\" class=\"swiper-slide-image\" src=\"http:\/\/www.jbt.hu\/wordpress\/foliahegesztok\/wp-content\/uploads\/sites\/10\/2020\/02\/400-DSM-VTB2-150x150.jpg\" alt=\"Polystar\u00ae 400 DSM f\u00f6ld\u00f6n l\u00e9v\u0151, \u00e1ll\u00edthat\u00f3 magass\u00e1g\u00fa \u00e1llv\u00e1ny sz\u00e1ll\u00edt\u00f3szalaggal k\u00f6zeli\" \/><figcaption class=\"elementor-image-carousel-caption\">Polystar\u00ae 400 DSM f\u00f6ld\u00f6n l\u00e9v\u0151, \u00e1ll\u00edthat\u00f3 magass\u00e1g\u00fa \u00e1llv\u00e1ny sz\u00e1ll\u00edt\u00f3szalaggal k\u00f6zeli<\/figcaption><\/figure><\/a><\/div><div class=\"swiper-slide\"><a data-elementor-open-lightbox=\"yes\" data-elementor-lightbox-slideshow=\"0ef53d1\" data-elementor-lightbox-title=\"620DSM\" e-action-hash=\"#elementor-action%3Aaction%3Dlightbox%26settings%3DeyJpZCI6MTI5MywidXJsIjoiaHR0cDpcL1wvd3d3LmpidC5odVwvd29yZHByZXNzXC9mb2xpYWhlZ2VzenRva1wvd3AtY29udGVudFwvdXBsb2Fkc1wvc2l0ZXNcLzEwXC8yMDIwXC8wMlwvNjIwRFNNLmpwZyIsInNsaWRlc2hvdyI6IjBlZjUzZDEifQ%3D%3D\" href=\"http:\/\/www.jbt.hu\/wordpress\/foliahegesztok\/wp-content\/uploads\/sites\/10\/2020\/02\/620DSM.jpg\"><figure class=\"swiper-slide-inner\"><img decoding=\"async\" class=\"swiper-slide-image\" src=\"http:\/\/www.jbt.hu\/wordpress\/foliahegesztok\/wp-content\/uploads\/sites\/10\/2020\/02\/620DSM-150x150.jpg\" alt=\"Polystar\u00ae 620 DSM\" \/><figcaption class=\"elementor-image-carousel-caption\">Polystar\u00ae 620 DSM<\/figcaption><\/figure><\/a><\/div><div class=\"swiper-slide\"><a data-elementor-open-lightbox=\"yes\" data-elementor-lightbox-slideshow=\"0ef53d1\" data-elementor-lightbox-title=\"620 DSM+TischTB\" e-action-hash=\"#elementor-action%3Aaction%3Dlightbox%26settings%3DeyJpZCI6MTI5MCwidXJsIjoiaHR0cDpcL1wvd3d3LmpidC5odVwvd29yZHByZXNzXC9mb2xpYWhlZ2VzenRva1wvd3AtY29udGVudFwvdXBsb2Fkc1wvc2l0ZXNcLzEwXC8yMDIwXC8wMlwvNjIwLURTTVRpc2NoVEIuanBnIiwic2xpZGVzaG93IjoiMGVmNTNkMSJ9\" href=\"http:\/\/www.jbt.hu\/wordpress\/foliahegesztok\/wp-content\/uploads\/sites\/10\/2020\/02\/620-DSMTischTB.jpg\"><figure class=\"swiper-slide-inner\"><img decoding=\"async\" class=\"swiper-slide-image\" src=\"http:\/\/www.jbt.hu\/wordpress\/foliahegesztok\/wp-content\/uploads\/sites\/10\/2020\/02\/620-DSMTischTB-150x150.jpg\" alt=\"Polystar\u00ae 620 DSM sz\u00e1ll\u00edt\u00f3szalaggal\" \/><figcaption class=\"elementor-image-carousel-caption\">Polystar\u00ae 620 DSM sz\u00e1ll\u00edt\u00f3szalaggal<\/figcaption><\/figure><\/a><\/div><div class=\"swiper-slide\"><a data-elementor-open-lightbox=\"yes\" data-elementor-lightbox-slideshow=\"0ef53d1\" data-elementor-lightbox-title=\"620 DSM-2\" e-action-hash=\"#elementor-action%3Aaction%3Dlightbox%26settings%3DeyJpZCI6MTI5MSwidXJsIjoiaHR0cDpcL1wvd3d3LmpidC5odVwvd29yZHByZXNzXC9mb2xpYWhlZ2VzenRva1wvd3AtY29udGVudFwvdXBsb2Fkc1wvc2l0ZXNcLzEwXC8yMDIwXC8wMlwvNjIwLURTTS0yLmpwZyIsInNsaWRlc2hvdyI6IjBlZjUzZDEifQ%3D%3D\" href=\"http:\/\/www.jbt.hu\/wordpress\/foliahegesztok\/wp-content\/uploads\/sites\/10\/2020\/02\/620-DSM-2.jpg\"><figure class=\"swiper-slide-inner\"><img decoding=\"async\" class=\"swiper-slide-image\" src=\"http:\/\/www.jbt.hu\/wordpress\/foliahegesztok\/wp-content\/uploads\/sites\/10\/2020\/02\/620-DSM-2-150x150.jpg\" alt=\"Polystar\u00ae 620 DSM\" \/><figcaption class=\"elementor-image-carousel-caption\">Polystar\u00ae 620 DSM<\/figcaption><\/figure><\/a><\/div><div class=\"swiper-slide\"><a data-elementor-open-lightbox=\"yes\" data-elementor-lightbox-slideshow=\"0ef53d1\" data-elementor-lightbox-title=\"620 DSM-HC\" e-action-hash=\"#elementor-action%3Aaction%3Dlightbox%26settings%3DeyJpZCI6MTI5MiwidXJsIjoiaHR0cDpcL1wvd3d3LmpidC5odVwvd29yZHByZXNzXC9mb2xpYWhlZ2VzenRva1wvd3AtY29udGVudFwvdXBsb2Fkc1wvc2l0ZXNcLzEwXC8yMDIwXC8wMlwvNjIwLURTTS1IQy5qcGciLCJzbGlkZXNob3ciOiIwZWY1M2QxIn0%3D\" href=\"http:\/\/www.jbt.hu\/wordpress\/foliahegesztok\/wp-content\/uploads\/sites\/10\/2020\/02\/620-DSM-HC.jpg\"><figure class=\"swiper-slide-inner\"><img decoding=\"async\" class=\"swiper-slide-image\" src=\"http:\/\/www.jbt.hu\/wordpress\/foliahegesztok\/wp-content\/uploads\/sites\/10\/2020\/02\/620-DSM-HC-150x150.jpg\" alt=\"Polystar\u00ae 620 DSM-HC zacsk\u00f3ra hegesztett felt\u00e9t c\u00edmk\u00e9khez\" \/><figcaption class=\"elementor-image-carousel-caption\">Polystar\u00ae 620 DSM-HC zacsk\u00f3ra hegesztett felt\u00e9t c\u00edmk\u00e9khez<\/figcaption><\/figure><\/a><\/div><div class=\"swiper-slide\"><a data-elementor-open-lightbox=\"yes\" data-elementor-lightbox-slideshow=\"0ef53d1\" data-elementor-lightbox-title=\"Display\" e-action-hash=\"#elementor-action%3Aaction%3Dlightbox%26settings%3DeyJpZCI6MTI5NCwidXJsIjoiaHR0cDpcL1wvd3d3LmpidC5odVwvd29yZHByZXNzXC9mb2xpYWhlZ2VzenRva1wvd3AtY29udGVudFwvdXBsb2Fkc1wvc2l0ZXNcLzEwXC8yMDIwXC8wMlwvRGlzcGxheS5qcGciLCJzbGlkZXNob3ciOiIwZWY1M2QxIn0%3D\" href=\"http:\/\/www.jbt.hu\/wordpress\/foliahegesztok\/wp-content\/uploads\/sites\/10\/2020\/02\/Display.jpg\"><figure class=\"swiper-slide-inner\"><img decoding=\"async\" class=\"swiper-slide-image\" src=\"http:\/\/www.jbt.hu\/wordpress\/foliahegesztok\/wp-content\/uploads\/sites\/10\/2020\/02\/Display-150x150.jpg\" alt=\"Kijelz\u0151\" \/><figcaption class=\"elementor-image-carousel-caption\">Kijelz\u0151<\/figcaption><\/figure><\/a><\/div>\t\t\t<\/div>\n\t\t\t\t\t\t\t\t\t\t\t\t<div class=\"swiper-pagination\"><\/div>\n\t\t\t\t\t\t\t\t\t\t\t\t\t<div class=\"elementor-swiper-button elementor-swiper-button-prev\">\n\t\t\t\t\t\t<i aria-hidden=\"true\" class=\"eicon-chevron-left\"><\/i>\t\t\t\t\t\t<span class=\"elementor-screen-only\">El\u0151z\u0151<\/span>\n\t\t\t\t\t<\/div>\n\t\t\t\t\t<div class=\"elementor-swiper-button elementor-swiper-button-next\">\n\t\t\t\t\t\t<i aria-hidden=\"true\" class=\"eicon-chevron-right\"><\/i>\t\t\t\t\t\t<span class=\"elementor-screen-only\">K\u00f6vetkez\u0151<\/span>\n\t\t\t\t\t<\/div>\n\t\t\t\t\t\t\t\t\t<\/div>\n\t\t\t\t<\/div>\n\t\t\t\t<\/div>\n\t\t\t\t\t\t<\/div>\n\t\t\t\t\t<\/div>\n\t\t<\/div>\n\t\t\t\t\t\t\t\t<\/div>\n\t\t\t\t\t<\/div>\n\t\t<\/section>\n\t\t\t\t<section class=\"elementor-section elementor-top-section elementor-element elementor-element-90c0848 elementor-section-boxed elementor-section-height-default elementor-section-height-default\" data-id=\"90c0848\" data-element_type=\"section\">\n\t\t\t\t\t\t<div class=\"elementor-container elementor-column-gap-default\">\n\t\t\t\t\t\t\t<div class=\"elementor-row\">\n\t\t\t\t\t<div class=\"elementor-column elementor-col-100 elementor-top-column elementor-element elementor-element-25de846\" data-id=\"25de846\" data-element_type=\"column\">\n\t\t\t<div class=\"elementor-column-wrap elementor-element-populated\">\n\t\t\t\t\t\t\t<div class=\"elementor-widget-wrap\">\n\t\t\t\t\t\t<div class=\"elementor-element elementor-element-5430ffc elementor-widget elementor-widget-text-editor\" data-id=\"5430ffc\" data-element_type=\"widget\" data-widget_type=\"text-editor.default\">\n\t\t\t\t<div class=\"elementor-widget-container\">\n\t\t\t\t\t\t\t\t<div class=\"elementor-text-editor elementor-clearfix\">\n\t\t\t\t<h5>Fontos: A Polystar\u00ae 400 DSM \u00e9s 620 DSM polietil\u00e9n tasakokhoz nem akalmas!<\/h5>\t\t\t\t\t<\/div>\n\t\t\t\t\t\t<\/div>\n\t\t\t\t<\/div>\n\t\t\t\t\t\t<\/div>\n\t\t\t\t\t<\/div>\n\t\t<\/div>\n\t\t\t\t\t\t\t\t<\/div>\n\t\t\t\t\t<\/div>\n\t\t<\/section>\n\t\t\t\t<section class=\"elementor-section elementor-top-section elementor-element elementor-element-7fdb89a elementor-section-boxed elementor-section-height-default elementor-section-height-default\" data-id=\"7fdb89a\" data-element_type=\"section\">\n\t\t\t\t\t\t<div class=\"elementor-container elementor-column-gap-default\">\n\t\t\t\t\t\t\t<div class=\"elementor-row\">\n\t\t\t\t\t<div class=\"elementor-column elementor-col-50 elementor-top-column elementor-element elementor-element-c159a65\" data-id=\"c159a65\" data-element_type=\"column\">\n\t\t\t<div class=\"elementor-column-wrap elementor-element-populated\">\n\t\t\t\t\t\t\t<div class=\"elementor-widget-wrap\">\n\t\t\t\t\t\t<div class=\"elementor-element elementor-element-6bf1eef elementor-aspect-ratio-169 elementor-widget elementor-widget-video\" data-id=\"6bf1eef\" data-element_type=\"widget\" data-settings=\"{&quot;youtube_url&quot;:&quot;https:\\\/\\\/youtu.be\\\/izjd6WUY6Fw&quot;,&quot;video_type&quot;:&quot;youtube&quot;,&quot;controls&quot;:&quot;yes&quot;,&quot;aspect_ratio&quot;:&quot;169&quot;}\" data-widget_type=\"video.default\">\n\t\t\t\t<div class=\"elementor-widget-container\">\n\t\t\t\t\t<div class=\"elementor-wrapper elementor-fit-aspect-ratio elementor-open-inline\">\n\t\t\t<div class=\"elementor-video\"><\/div>\t\t<\/div>\n\t\t\t\t<\/div>\n\t\t\t\t<\/div>\n\t\t\t\t\t\t<\/div>\n\t\t\t\t\t<\/div>\n\t\t<\/div>\n\t\t\t\t<div class=\"elementor-column elementor-col-50 elementor-top-column elementor-element elementor-element-69d93c5\" data-id=\"69d93c5\" data-element_type=\"column\">\n\t\t\t<div class=\"elementor-column-wrap elementor-element-populated\">\n\t\t\t\t\t\t\t<div class=\"elementor-widget-wrap\">\n\t\t\t\t\t\t<div class=\"elementor-element elementor-element-f325d1c elementor-aspect-ratio-169 elementor-widget elementor-widget-video\" data-id=\"f325d1c\" data-element_type=\"widget\" data-settings=\"{&quot;youtube_url&quot;:&quot;https:\\\/\\\/youtu.be\\\/C-65hl0SnGs&quot;,&quot;video_type&quot;:&quot;youtube&quot;,&quot;controls&quot;:&quot;yes&quot;,&quot;aspect_ratio&quot;:&quot;169&quot;}\" data-widget_type=\"video.default\">\n\t\t\t\t<div class=\"elementor-widget-container\">\n\t\t\t\t\t<div class=\"elementor-wrapper elementor-fit-aspect-ratio elementor-open-inline\">\n\t\t\t<div class=\"elementor-video\"><\/div>\t\t<\/div>\n\t\t\t\t<\/div>\n\t\t\t\t<\/div>\n\t\t\t\t\t\t<\/div>\n\t\t\t\t\t<\/div>\n\t\t<\/div>\n\t\t\t\t\t\t\t\t<\/div>\n\t\t\t\t\t<\/div>\n\t\t<\/section>\n\t\t\t\t<section class=\"elementor-section elementor-top-section elementor-element elementor-element-1820629 elementor-section-boxed elementor-section-height-default elementor-section-height-default\" data-id=\"1820629\" data-element_type=\"section\">\n\t\t\t\t\t\t<div class=\"elementor-container elementor-column-gap-default\">\n\t\t\t\t\t\t\t<div class=\"elementor-row\">\n\t\t\t\t\t<div class=\"elementor-column elementor-col-100 elementor-top-column elementor-element elementor-element-2cd008e\" data-id=\"2cd008e\" data-element_type=\"column\">\n\t\t\t<div class=\"elementor-column-wrap elementor-element-populated\">\n\t\t\t\t\t\t\t<div class=\"elementor-widget-wrap\">\n\t\t\t\t\t\t<div class=\"elementor-element elementor-element-26edc02 elementor-widget elementor-widget-heading\" data-id=\"26edc02\" data-element_type=\"widget\" data-widget_type=\"heading.default\">\n\t\t\t\t<div class=\"elementor-widget-container\">\n\t\t\t<h5 class=\"elementor-heading-title elementor-size-default\">M\u0171szaki adatok<\/h5>\t\t<\/div>\n\t\t\t\t<\/div>\n\t\t\t\t\t\t<\/div>\n\t\t\t\t\t<\/div>\n\t\t<\/div>\n\t\t\t\t\t\t\t\t<\/div>\n\t\t\t\t\t<\/div>\n\t\t<\/section>\n\t\t\t\t<section class=\"elementor-section elementor-top-section elementor-element elementor-element-0ada4a5 elementor-section-boxed elementor-section-height-default elementor-section-height-default\" data-id=\"0ada4a5\" data-element_type=\"section\">\n\t\t\t\t\t\t<div class=\"elementor-container elementor-column-gap-default\">\n\t\t\t\t\t\t\t<div class=\"elementor-row\">\n\t\t\t\t\t<div class=\"elementor-column elementor-col-100 elementor-top-column elementor-element elementor-element-06ec167\" data-id=\"06ec167\" data-element_type=\"column\">\n\t\t\t<div class=\"elementor-column-wrap elementor-element-populated\">\n\t\t\t\t\t\t\t<div class=\"elementor-widget-wrap\">\n\t\t\t\t\t\t<div class=\"elementor-element elementor-element-e95a3bc elementor-widget elementor-widget-shortcode\" data-id=\"e95a3bc\" data-element_type=\"widget\" data-widget_type=\"shortcode.default\">\n\t\t\t\t<div class=\"elementor-widget-container\">\n\t\t\t\t\t<div class=\"elementor-shortcode\">\n<table id=\"tablepress-9\" class=\"tablepress tablepress-id-9\">\n<thead>\n<tr class=\"row-1 odd\">\n\t<th class=\"column-1\">&nbsp;<\/th><th class=\"column-2\">400 DSM<\/th><th class=\"column-3\">620 DSM<\/th><th class=\"column-4\">620 DSM-HC<\/th>\n<\/tr>\n<\/thead>\n<tbody class=\"row-hover\">\n<tr class=\"row-2 even\">\n\t<td class=\"column-1\">Sebess\u00e9g<\/td><td class=\"column-2\">6,2 m\/min<\/td><td class=\"column-3\">6,2 m\/min<\/td><td class=\"column-4\">6,2 m\/min<\/td>\n<\/tr>\n<tr class=\"row-3 odd\">\n\t<td class=\"column-1\">\u00c1tenged\u00e9si magass\u00e1g<\/td><td class=\"column-2\">30 mm<\/td><td class=\"column-3\">30 mm<\/td><td class=\"column-4\">30 mm<\/td>\n<\/tr>\n<tr class=\"row-4 even\">\n\t<td class=\"column-1\">Hegeszt\u00e9si sz\u00e9less\u00e9g<\/td><td class=\"column-2\">12 mm<\/td><td class=\"column-3\">12 mm<\/td><td class=\"column-4\">12 mm<\/td>\n<\/tr>\n<tr class=\"row-5 odd\">\n\t<td class=\"column-1\">Hegeszt\u00e9si anyagvastags\u00e1g<\/td><td class=\"column-2\">0,8 mm<\/td><td class=\"column-3\">0,8 mm<\/td><td class=\"column-4\">0,8 mm<\/td>\n<\/tr>\n<tr class=\"row-6 even\">\n\t<td class=\"column-1\">\u00c1ramsz\u00fcks\u00e9glet<\/td><td class=\"column-2\">0,5 kW\/h<\/td><td class=\"column-3\">0,4 kW\/h<\/td><td class=\"column-4\">0,4 kW\/h<\/td>\n<\/tr>\n<tr class=\"row-7 odd\">\n\t<td class=\"column-1\">M\u00e9retek<\/td><td class=\"column-2\">610 x 160 x 210 mm<\/td><td class=\"column-3\">620 x 310 x 190 mm<\/td><td class=\"column-4\">610 x 210 x 190 mm<\/td>\n<\/tr>\n<tr class=\"row-8 even\">\n\t<td class=\"column-1\">Nett\u00f3 s\u00faly<\/td><td class=\"column-2\">12,0 kg<\/td><td class=\"column-3\">17,0 kg<\/td><td class=\"column-4\">15,0 kg<\/td>\n<\/tr>\n<tr class=\"row-9 odd\">\n\t<td class=\"column-1\">Elektromos bet\u00e1pl\u00e1l\u00e1s<\/td><td class=\"column-2\">230 V \/ 50 Hz<\/td><td class=\"column-3\">230 V \/ 50 Hz<\/td><td class=\"column-4\">230 V \/ 50 Hz<\/td>\n<\/tr>\n<\/tbody>\n<\/table>\n<!-- #tablepress-9 from cache --><\/div>\n\t\t\t\t<\/div>\n\t\t\t\t<\/div>\n\t\t\t\t\t\t<\/div>\n\t\t\t\t\t<\/div>\n\t\t<\/div>\n\t\t\t\t\t\t\t\t<\/div>\n\t\t\t\t\t<\/div>\n\t\t<\/section>\n\t\t\t\t<section class=\"elementor-section elementor-top-section elementor-element elementor-element-b35c78f elementor-section-boxed elementor-section-height-default elementor-section-height-default\" data-id=\"b35c78f\" data-element_type=\"section\">\n\t\t\t\t\t\t<div class=\"elementor-container elementor-column-gap-default\">\n\t\t\t\t\t\t\t<div class=\"elementor-row\">\n\t\t\t\t\t<div class=\"elementor-column elementor-col-100 elementor-top-column elementor-element elementor-element-74d407b\" data-id=\"74d407b\" data-element_type=\"column\">\n\t\t\t<div class=\"elementor-column-wrap elementor-element-populated\">\n\t\t\t\t\t\t\t<div class=\"elementor-widget-wrap\">\n\t\t\t\t\t\t<div class=\"elementor-element elementor-element-f060c46 elementor-widget elementor-widget-text-editor\" data-id=\"f060c46\" data-element_type=\"widget\" data-widget_type=\"text-editor.default\">\n\t\t\t\t<div class=\"elementor-widget-container\">\n\t\t\t\t\t\t\t\t<div class=\"elementor-text-editor elementor-clearfix\">\n\t\t\t\t<p>Minden k\u00e9sz\u00fcl\u00e9k 2,5 m hossz\u00fa csatlakoz\u00f3vezet\u00e9kkel felszerelt.<br \/>A m\u00e9ret- \u00e9s s\u00falyadatok k\u00f6r\u00fclbel\u00fcli \u00e9rt\u00e9kek.<br \/><br \/>A m\u0171szaki v\u00e1ltoztat\u00e1sok jog\u00e1t fenntartjuk, el\u0151zetes \u00e9rtes\u00edt\u00e9s n\u00e9lk\u00fcl!<\/p>\t\t\t\t\t<\/div>\n\t\t\t\t\t\t<\/div>\n\t\t\t\t<\/div>\n\t\t\t\t<div class=\"elementor-element elementor-element-f3d6526 elementor-widget elementor-widget-button\" data-id=\"f3d6526\" data-element_type=\"widget\" data-widget_type=\"button.default\">\n\t\t\t\t<div class=\"elementor-widget-container\">\n\t\t\t\t\t<div class=\"elementor-button-wrapper\">\n\t\t\t<a href=\"http:\/\/www.jbt.hu\/wordpress\/foliahegesztok\/wp-content\/uploads\/sites\/10\/2019\/11\/400-620-DSM.pdf\" target=\"_blank\" class=\"elementor-button-link elementor-button elementor-size-sm\" role=\"button\">\n\t\t\t\t\t\t<span class=\"elementor-button-content-wrapper\">\n\t\t\t\t\t\t\t<span class=\"elementor-button-icon elementor-align-icon-left\">\n\t\t\t\t<i aria-hidden=\"true\" class=\"fas fa-file-download\"><\/i>\t\t\t<\/span>\n\t\t\t\t\t\t<span class=\"elementor-button-text\">Let\u00f6lthet\u00f3 inf\u00f3 lap<\/span>\n\t\t<\/span>\n\t\t\t\t\t<\/a>\n\t\t<\/div>\n\t\t\t\t<\/div>\n\t\t\t\t<\/div>\n\t\t\t\t\t\t<\/div>\n\t\t\t\t\t<\/div>\n\t\t<\/div>\n\t\t\t\t\t\t\t\t<\/div>\n\t\t\t\t\t<\/div>\n\t\t<\/section>\n\t\t\t\t<section class=\"elementor-section elementor-top-section elementor-element elementor-element-10159cc elementor-section-boxed elementor-section-height-default elementor-section-height-default\" data-id=\"10159cc\" data-element_type=\"section\">\n\t\t\t\t\t\t<div class=\"elementor-container elementor-column-gap-default\">\n\t\t\t\t\t\t\t<div class=\"elementor-row\">\n\t\t\t\t\t<div class=\"elementor-column elementor-col-100 elementor-top-column elementor-element elementor-element-6e1d088\" data-id=\"6e1d088\" data-element_type=\"column\">\n\t\t\t<div class=\"elementor-column-wrap elementor-element-populated\">\n\t\t\t\t\t\t\t<div class=\"elementor-widget-wrap\">\n\t\t\t\t\t\t<div class=\"elementor-element elementor-element-ac158d9 elementor-widget elementor-widget-heading\" data-id=\"ac158d9\" data-element_type=\"widget\" data-widget_type=\"heading.default\">\n\t\t\t\t<div class=\"elementor-widget-container\">\n\t\t\t<h4 class=\"elementor-heading-title elementor-size-default\"><a href=\"http:\/\/www.jbt.hu\/wordpress\/foliahegesztok\/kapcsolat\/\">Tov\u00e1bbi inform\u00e1ci\u00f3k\u00e9rt l\u00e9pjen kapcsolatba vel\u00fcnk!<\/a><\/h4>\t\t<\/div>\n\t\t\t\t<\/div>\n\t\t\t\t\t\t<\/div>\n\t\t\t\t\t<\/div>\n\t\t<\/div>\n\t\t\t\t\t\t\t\t<\/div>\n\t\t\t\t\t<\/div>\n\t\t<\/section>\n\t\t\t\t\t\t\t\t\t<\/div>\n\t\t\t<\/div>\n\t\t\t\t\t<\/div>\n\t\t","protected":false},"excerpt":{"rendered":"<p>A Polystar\u00ae a kombin\u00e1lt f\u00f3liaanyagok hegeszt\u00e9s\u00e9nek specialist\u00e1ja! Mindegy, hogy alum\u00ednium vagy pap\u00edr zacsk\u00f3ra hegesztett kombin\u00e1ci\u00f3: ezek a Polystar\u00ae folyamatos hegeszt\u0151 k\u00e9sz\u00fcl\u00e9kek minden kombin\u00e1lt anyagot leveg\u0151-, aroma- \u00e9s szennyez\u0151d\u00e9s ellen t\u00f6m\u00edtetten, tart\u00f3san \u00e9s biztons\u00e1gosan \u00f6sszehegesztenek. A sokoldal\u00fas\u00e1g az er\u0151ss\u00e9g\u00fcnk: Mi becsomagojuk! A tart\u00f3s, folyamatos hev\u00edt\u00e9s \u00e9s a Polystar\u00ae folyamatos hegeszt\u0151 k\u00e9sz\u00fcl\u00e9kek&#8230;<\/p>\n<p> <a class=\"continue-reading-link\" href=\"http:\/\/www.jbt.hu\/wordpress\/foliahegesztok\/folyamatos-foliahegeszto-keszulekek-kombinalt-foliakhoz\/\"><span>Tov\u00e1bb<\/span><i class=\"crycon-right-dir\"><\/i><\/a> <\/p>\n","protected":false},"author":1,"featured_media":0,"parent":0,"menu_order":0,"comment_status":"closed","ping_status":"closed","template":"","meta":[],"aioseo_notices":[],"_links":{"self":[{"href":"http:\/\/www.jbt.hu\/wordpress\/foliahegesztok\/wp-json\/wp\/v2\/pages\/239"}],"collection":[{"href":"http:\/\/www.jbt.hu\/wordpress\/foliahegesztok\/wp-json\/wp\/v2\/pages"}],"about":[{"href":"http:\/\/www.jbt.hu\/wordpress\/foliahegesztok\/wp-json\/wp\/v2\/types\/page"}],"author":[{"embeddable":true,"href":"http:\/\/www.jbt.hu\/wordpress\/foliahegesztok\/wp-json\/wp\/v2\/users\/1"}],"replies":[{"embeddable":true,"href":"http:\/\/www.jbt.hu\/wordpress\/foliahegesztok\/wp-json\/wp\/v2\/comments?post=239"}],"version-history":[{"count":16,"href":"http:\/\/www.jbt.hu\/wordpress\/foliahegesztok\/wp-json\/wp\/v2\/pages\/239\/revisions"}],"predecessor-version":[{"id":1336,"href":"http:\/\/www.jbt.hu\/wordpress\/foliahegesztok\/wp-json\/wp\/v2\/pages\/239\/revisions\/1336"}],"wp:attachment":[{"href":"http:\/\/www.jbt.hu\/wordpress\/foliahegesztok\/wp-json\/wp\/v2\/media?parent=239"}],"curies":[{"name":"wp","href":"https:\/\/api.w.org\/{rel}","templated":true}]}}