{"id":156,"date":"2019-08-14T12:55:42","date_gmt":"2019-08-14T12:55:42","guid":{"rendered":"http:\/\/www.jbt.hu\/wordpress\/foliahegesztok\/?page_id=156"},"modified":"2020-05-17T10:42:52","modified_gmt":"2020-05-17T10:42:52","slug":"horizontalis-elektromagneses-asztali-foliahegesztok","status":"publish","type":"page","link":"http:\/\/www.jbt.hu\/wordpress\/foliahegesztok\/horizontalis-elektromagneses-asztali-foliahegesztok\/","title":{"rendered":"Horizont\u00e1lis elektrom\u00e1gneses asztali f\u00f3liahegeszt\u0151k"},"content":{"rendered":"\t\t<div data-elementor-type=\"wp-post\" data-elementor-id=\"156\" class=\"elementor elementor-156\">\n\t\t\t\t\t\t<div class=\"elementor-inner\">\n\t\t\t\t<div class=\"elementor-section-wrap\">\n\t\t\t\t\t\t\t\t\t<section class=\"elementor-section elementor-top-section elementor-element elementor-element-81880ae elementor-section-boxed elementor-section-height-default elementor-section-height-default\" data-id=\"81880ae\" data-element_type=\"section\">\n\t\t\t\t\t\t<div class=\"elementor-container elementor-column-gap-default\">\n\t\t\t\t\t\t\t<div class=\"elementor-row\">\n\t\t\t\t\t<div class=\"elementor-column elementor-col-100 elementor-top-column elementor-element elementor-element-1832192\" data-id=\"1832192\" data-element_type=\"column\">\n\t\t\t<div class=\"elementor-column-wrap elementor-element-populated\">\n\t\t\t\t\t\t\t<div class=\"elementor-widget-wrap\">\n\t\t\t\t\t\t<div class=\"elementor-element elementor-element-5d96ed8 elementor-widget elementor-widget-text-editor\" data-id=\"5d96ed8\" data-element_type=\"widget\" data-widget_type=\"text-editor.default\">\n\t\t\t\t<div class=\"elementor-widget-container\">\n\t\t\t\t\t\t\t\t<div class=\"elementor-text-editor elementor-clearfix\">\n\t\t\t\t<p>A kis apr\u00f3p\u00e9nz rollnikt\u00f3l a legnagyobb ipari zs\u00e1kokig: kombin\u00e1lva a megfelel\u0151 g\u00f6rg\u0151s tol\u00f3asztallal, a Polystar\u00ae elektrom\u00e1gneses hegeszt\u0151k\u00e9sz\u00fcl\u00e9kek garant\u00e1lj\u00e1k, hogy semmi sem marad nyitva.\u00a0<\/p><p><b>A m\u00e9ret nem sz\u00e1m\u00edt: Becsomagolunk mindent!<\/b><\/p><p>A Polystar\u00ae HM-sz\u00e9ria robusztus konstrukci\u00f3j\u00e1val \u00e9s horizont\u00e1lisan elhelyezked\u0151 hegeszt\u0151s\u00edneivel t\u0171nik ki. A speci\u00e1lis U-alak\u00fa tart\u00f3szerkezet, k\u00edv\u00e1ns\u00e1gra felfel\u00e9 is, elegend\u0151 szabad teret tesz lehet\u0151v\u00e9. A Polystar\u00ae elektrom\u00e1gneses hegeszt\u0151k\u00e9sz\u00fcl\u00e9kek h\u0151impulzus elj\u00e1r\u00e1s\u00e1nak megfelel\u0151 dupla hev\u00edt\u00e9s\u00e9vel a polietil\u00e9n zs\u00e1kok 2 x 0.4 mm vastags\u00e1gig hegeszthet\u0151k. Az elektronikus hegeszt\u00e9si \u00e9s h\u0171t\u00e9si id\u0151automatika fokozatmentesen be\u00e1ll\u00edthat\u00f3, \u00e9s m\u0171k\u00f6d\u00e9sbe l\u00e9p\u00e9s\u00fck egy elektronikus l\u00e1bped\u00e1l nyom\u00f3gomb m\u0171k\u00f6dtet\u00e9se \u00e1ltal v\u00e1lthat\u00f3 ki. Gy\u0151z\u0151dj\u00f6n meg az \u00e1lland\u00f3 hegeszt\u00e9si eredm\u00e9nyekr\u0151l.<\/p>\t\t\t\t\t<\/div>\n\t\t\t\t\t\t<\/div>\n\t\t\t\t<\/div>\n\t\t\t\t\t\t<\/div>\n\t\t\t\t\t<\/div>\n\t\t<\/div>\n\t\t\t\t\t\t\t\t<\/div>\n\t\t\t\t\t<\/div>\n\t\t<\/section>\n\t\t\t\t<section class=\"elementor-section elementor-top-section elementor-element elementor-element-36136bb elementor-section-boxed elementor-section-height-default elementor-section-height-default\" data-id=\"36136bb\" data-element_type=\"section\">\n\t\t\t\t\t\t<div class=\"elementor-container elementor-column-gap-default\">\n\t\t\t\t\t\t\t<div class=\"elementor-row\">\n\t\t\t\t\t<div class=\"elementor-column elementor-col-50 elementor-top-column elementor-element elementor-element-8ad90e0\" data-id=\"8ad90e0\" data-element_type=\"column\">\n\t\t\t<div class=\"elementor-column-wrap elementor-element-populated\">\n\t\t\t\t\t\t\t<div class=\"elementor-widget-wrap\">\n\t\t\t\t\t\t<div class=\"elementor-element elementor-element-64d351b elementor-aspect-ratio-169 elementor-widget elementor-widget-video\" data-id=\"64d351b\" data-element_type=\"widget\" data-settings=\"{&quot;youtube_url&quot;:&quot;https:\\\/\\\/youtu.be\\\/-5w0nEwmzlk&quot;,&quot;video_type&quot;:&quot;youtube&quot;,&quot;controls&quot;:&quot;yes&quot;,&quot;aspect_ratio&quot;:&quot;169&quot;}\" data-widget_type=\"video.default\">\n\t\t\t\t<div class=\"elementor-widget-container\">\n\t\t\t\t\t<div class=\"elementor-wrapper elementor-fit-aspect-ratio elementor-open-inline\">\n\t\t\t<div class=\"elementor-video\"><\/div>\t\t<\/div>\n\t\t\t\t<\/div>\n\t\t\t\t<\/div>\n\t\t\t\t\t\t<\/div>\n\t\t\t\t\t<\/div>\n\t\t<\/div>\n\t\t\t\t<div class=\"elementor-column elementor-col-50 elementor-top-column elementor-element elementor-element-ed3c0d5\" data-id=\"ed3c0d5\" data-element_type=\"column\">\n\t\t\t<div class=\"elementor-column-wrap elementor-element-populated\">\n\t\t\t\t\t\t\t<div class=\"elementor-widget-wrap\">\n\t\t\t\t\t\t<div class=\"elementor-element elementor-element-7b975be elementor-arrows-position-inside elementor-pagination-position-outside elementor-widget elementor-widget-image-carousel\" data-id=\"7b975be\" data-element_type=\"widget\" data-settings=\"{&quot;slides_to_show&quot;:&quot;1&quot;,&quot;navigation&quot;:&quot;both&quot;,&quot;autoplay&quot;:&quot;yes&quot;,&quot;pause_on_hover&quot;:&quot;yes&quot;,&quot;pause_on_interaction&quot;:&quot;yes&quot;,&quot;autoplay_speed&quot;:5000,&quot;infinite&quot;:&quot;yes&quot;,&quot;effect&quot;:&quot;slide&quot;,&quot;speed&quot;:500}\" data-widget_type=\"image-carousel.default\">\n\t\t\t\t<div class=\"elementor-widget-container\">\n\t\t\t\t\t<div class=\"elementor-image-carousel-wrapper swiper-container\" dir=\"ltr\">\n\t\t\t<div class=\"elementor-image-carousel swiper-wrapper\">\n\t\t\t\t\t\t\t\t<div class=\"swiper-slide\"><a data-elementor-open-lightbox=\"yes\" data-elementor-lightbox-slideshow=\"7b975be\" data-elementor-lightbox-title=\"maghor1\" e-action-hash=\"#elementor-action%3Aaction%3Dlightbox%26settings%3DeyJpZCI6NTQ4LCJ1cmwiOiJodHRwOlwvXC93d3cuamJ0Lmh1XC93b3JkcHJlc3NcL2ZvbGlhaGVnZXN6dG9rXC93cC1jb250ZW50XC91cGxvYWRzXC9zaXRlc1wvMTBcLzIwMTlcLzA4XC9tYWdob3IxLmpwZyIsInNsaWRlc2hvdyI6IjdiOTc1YmUifQ%3D%3D\" href=\"http:\/\/www.jbt.hu\/wordpress\/foliahegesztok\/wp-content\/uploads\/sites\/10\/2019\/08\/maghor1.jpg\"><figure class=\"swiper-slide-inner\"><img decoding=\"async\" class=\"swiper-slide-image\" src=\"http:\/\/www.jbt.hu\/wordpress\/foliahegesztok\/wp-content\/uploads\/sites\/10\/2019\/08\/maghor1-300x174.jpg\" alt=\"Polystar\u00ae 401 HM-U g\u00f6rg\u0151s tol\u00f3asztallal\" \/><figcaption class=\"elementor-image-carousel-caption\">Polystar\u00ae 401 HM-U g\u00f6rg\u0151s tol\u00f3asztallal<\/figcaption><\/figure><\/a><\/div><div class=\"swiper-slide\"><a data-elementor-open-lightbox=\"yes\" data-elementor-lightbox-slideshow=\"7b975be\" data-elementor-lightbox-title=\"401HM\" e-action-hash=\"#elementor-action%3Aaction%3Dlightbox%26settings%3DeyJpZCI6MTI1MSwidXJsIjoiaHR0cDpcL1wvd3d3LmpidC5odVwvd29yZHByZXNzXC9mb2xpYWhlZ2VzenRva1wvd3AtY29udGVudFwvdXBsb2Fkc1wvc2l0ZXNcLzEwXC8yMDIwXC8wMlwvNDAxSE0uanBnIiwic2xpZGVzaG93IjoiN2I5NzViZSJ9\" href=\"http:\/\/www.jbt.hu\/wordpress\/foliahegesztok\/wp-content\/uploads\/sites\/10\/2020\/02\/401HM.jpg\"><figure class=\"swiper-slide-inner\"><img decoding=\"async\" class=\"swiper-slide-image\" src=\"http:\/\/www.jbt.hu\/wordpress\/foliahegesztok\/wp-content\/uploads\/sites\/10\/2020\/02\/401HM-300x225.jpg\" alt=\"Polystar\u00ae 401 HM\" \/><figcaption class=\"elementor-image-carousel-caption\">Polystar\u00ae 401 HM<\/figcaption><\/figure><\/a><\/div><div class=\"swiper-slide\"><a data-elementor-open-lightbox=\"yes\" data-elementor-lightbox-slideshow=\"7b975be\" data-elementor-lightbox-title=\"601HM\" e-action-hash=\"#elementor-action%3Aaction%3Dlightbox%26settings%3DeyJpZCI6MTI0OCwidXJsIjoiaHR0cDpcL1wvd3d3LmpidC5odVwvd29yZHByZXNzXC9mb2xpYWhlZ2VzenRva1wvd3AtY29udGVudFwvdXBsb2Fkc1wvc2l0ZXNcLzEwXC8yMDIwXC8wMlwvNjAxSE0uanBnIiwic2xpZGVzaG93IjoiN2I5NzViZSJ9\" href=\"http:\/\/www.jbt.hu\/wordpress\/foliahegesztok\/wp-content\/uploads\/sites\/10\/2020\/02\/601HM.jpg\"><figure class=\"swiper-slide-inner\"><img decoding=\"async\" class=\"swiper-slide-image\" src=\"http:\/\/www.jbt.hu\/wordpress\/foliahegesztok\/wp-content\/uploads\/sites\/10\/2020\/02\/601HM-300x225.jpg\" alt=\"Polystar\u00ae 601 HM\" \/><figcaption class=\"elementor-image-carousel-caption\">Polystar\u00ae 601 HM<\/figcaption><\/figure><\/a><\/div><div class=\"swiper-slide\"><a data-elementor-open-lightbox=\"yes\" data-elementor-lightbox-slideshow=\"7b975be\" data-elementor-lightbox-title=\"maghor4\" e-action-hash=\"#elementor-action%3Aaction%3Dlightbox%26settings%3DeyJpZCI6NTUxLCJ1cmwiOiJodHRwOlwvXC93d3cuamJ0Lmh1XC93b3JkcHJlc3NcL2ZvbGlhaGVnZXN6dG9rXC93cC1jb250ZW50XC91cGxvYWRzXC9zaXRlc1wvMTBcLzIwMTlcLzA4XC9tYWdob3I0LmpwZyIsInNsaWRlc2hvdyI6IjdiOTc1YmUifQ%3D%3D\" href=\"http:\/\/www.jbt.hu\/wordpress\/foliahegesztok\/wp-content\/uploads\/sites\/10\/2019\/08\/maghor4.jpg\"><figure class=\"swiper-slide-inner\"><img decoding=\"async\" class=\"swiper-slide-image\" src=\"http:\/\/www.jbt.hu\/wordpress\/foliahegesztok\/wp-content\/uploads\/sites\/10\/2019\/08\/maghor4-300x150.jpg\" alt=\"Polystar\u00ae 801 HM\" \/><figcaption class=\"elementor-image-carousel-caption\">Polystar\u00ae 801 HM<\/figcaption><\/figure><\/a><\/div><div class=\"swiper-slide\"><a data-elementor-open-lightbox=\"yes\" data-elementor-lightbox-slideshow=\"7b975be\" data-elementor-lightbox-title=\"1001HM\" e-action-hash=\"#elementor-action%3Aaction%3Dlightbox%26settings%3DeyJpZCI6MTI1MCwidXJsIjoiaHR0cDpcL1wvd3d3LmpidC5odVwvd29yZHByZXNzXC9mb2xpYWhlZ2VzenRva1wvd3AtY29udGVudFwvdXBsb2Fkc1wvc2l0ZXNcLzEwXC8yMDIwXC8wMlwvMTAwMUhNLmpwZyIsInNsaWRlc2hvdyI6IjdiOTc1YmUifQ%3D%3D\" href=\"http:\/\/www.jbt.hu\/wordpress\/foliahegesztok\/wp-content\/uploads\/sites\/10\/2020\/02\/1001HM.jpg\"><figure class=\"swiper-slide-inner\"><img decoding=\"async\" class=\"swiper-slide-image\" src=\"http:\/\/www.jbt.hu\/wordpress\/foliahegesztok\/wp-content\/uploads\/sites\/10\/2020\/02\/1001HM-300x225.jpg\" alt=\"Polystar\u00ae 1001 HM\" \/><figcaption class=\"elementor-image-carousel-caption\">Polystar\u00ae 1001 HM<\/figcaption><\/figure><\/a><\/div><div class=\"swiper-slide\"><a data-elementor-open-lightbox=\"yes\" data-elementor-lightbox-slideshow=\"7b975be\" data-elementor-lightbox-title=\"601HM-lw\" e-action-hash=\"#elementor-action%3Aaction%3Dlightbox%26settings%3DeyJpZCI6MTI0OSwidXJsIjoiaHR0cDpcL1wvd3d3LmpidC5odVwvd29yZHByZXNzXC9mb2xpYWhlZ2VzenRva1wvd3AtY29udGVudFwvdXBsb2Fkc1wvc2l0ZXNcLzEwXC8yMDIwXC8wMlwvNjAxSE0tbHcuanBnIiwic2xpZGVzaG93IjoiN2I5NzViZSJ9\" href=\"http:\/\/www.jbt.hu\/wordpress\/foliahegesztok\/wp-content\/uploads\/sites\/10\/2020\/02\/601HM-lw.jpg\"><figure class=\"swiper-slide-inner\"><img decoding=\"async\" class=\"swiper-slide-image\" src=\"http:\/\/www.jbt.hu\/wordpress\/foliahegesztok\/wp-content\/uploads\/sites\/10\/2020\/02\/601HM-lw-300x225.jpg\" alt=\"Polystar\u00ae 601 HM g\u00f6rg\u0151s kocsival, magass\u00e1g\u00e1ban \u00e1ll\u00edthat\u00f3 \u00e1llv\u00e1nnyal\" \/><figcaption class=\"elementor-image-carousel-caption\">Polystar\u00ae 601 HM g\u00f6rg\u0151s kocsival, magass\u00e1g\u00e1ban \u00e1ll\u00edthat\u00f3 \u00e1llv\u00e1nnyal<\/figcaption><\/figure><\/a><\/div>\t\t\t<\/div>\n\t\t\t\t\t\t\t\t\t\t\t\t<div class=\"swiper-pagination\"><\/div>\n\t\t\t\t\t\t\t\t\t\t\t\t\t<div class=\"elementor-swiper-button elementor-swiper-button-prev\">\n\t\t\t\t\t\t<i aria-hidden=\"true\" class=\"eicon-chevron-left\"><\/i>\t\t\t\t\t\t<span class=\"elementor-screen-only\">El\u0151z\u0151<\/span>\n\t\t\t\t\t<\/div>\n\t\t\t\t\t<div class=\"elementor-swiper-button elementor-swiper-button-next\">\n\t\t\t\t\t\t<i aria-hidden=\"true\" class=\"eicon-chevron-right\"><\/i>\t\t\t\t\t\t<span class=\"elementor-screen-only\">K\u00f6vetkez\u0151<\/span>\n\t\t\t\t\t<\/div>\n\t\t\t\t\t\t\t\t\t<\/div>\n\t\t\t\t<\/div>\n\t\t\t\t<\/div>\n\t\t\t\t\t\t<\/div>\n\t\t\t\t\t<\/div>\n\t\t<\/div>\n\t\t\t\t\t\t\t\t<\/div>\n\t\t\t\t\t<\/div>\n\t\t<\/section>\n\t\t\t\t<section class=\"elementor-section elementor-top-section elementor-element elementor-element-d294546 elementor-section-boxed elementor-section-height-default elementor-section-height-default\" data-id=\"d294546\" data-element_type=\"section\">\n\t\t\t\t\t\t<div class=\"elementor-container elementor-column-gap-default\">\n\t\t\t\t\t\t\t<div class=\"elementor-row\">\n\t\t\t\t\t<div class=\"elementor-column elementor-col-100 elementor-top-column elementor-element elementor-element-aee66a3\" data-id=\"aee66a3\" data-element_type=\"column\">\n\t\t\t<div class=\"elementor-column-wrap elementor-element-populated\">\n\t\t\t\t\t\t\t<div class=\"elementor-widget-wrap\">\n\t\t\t\t\t\t<div class=\"elementor-element elementor-element-3f64988 elementor-widget elementor-widget-heading\" data-id=\"3f64988\" data-element_type=\"widget\" data-widget_type=\"heading.default\">\n\t\t\t\t<div class=\"elementor-widget-container\">\n\t\t\t<h4 class=\"elementor-heading-title elementor-size-default\">M\u0171szaki adatok<\/h4>\t\t<\/div>\n\t\t\t\t<\/div>\n\t\t\t\t\t\t<\/div>\n\t\t\t\t\t<\/div>\n\t\t<\/div>\n\t\t\t\t\t\t\t\t<\/div>\n\t\t\t\t\t<\/div>\n\t\t<\/section>\n\t\t\t\t<section class=\"elementor-section elementor-top-section elementor-element elementor-element-1671eaa elementor-section-boxed elementor-section-height-default elementor-section-height-default\" data-id=\"1671eaa\" data-element_type=\"section\">\n\t\t\t\t\t\t<div class=\"elementor-container elementor-column-gap-default\">\n\t\t\t\t\t\t\t<div class=\"elementor-row\">\n\t\t\t\t\t<div class=\"elementor-column elementor-col-100 elementor-top-column elementor-element elementor-element-790e972\" data-id=\"790e972\" data-element_type=\"column\">\n\t\t\t<div class=\"elementor-column-wrap elementor-element-populated\">\n\t\t\t\t\t\t\t<div class=\"elementor-widget-wrap\">\n\t\t\t\t\t\t<div class=\"elementor-element elementor-element-2b4a108 elementor-widget elementor-widget-shortcode\" data-id=\"2b4a108\" data-element_type=\"widget\" data-widget_type=\"shortcode.default\">\n\t\t\t\t<div class=\"elementor-widget-container\">\n\t\t\t\t\t<div class=\"elementor-shortcode\">\n<table id=\"tablepress-6\" class=\"tablepress tablepress-id-6\">\n<thead>\n<tr class=\"row-1 odd\">\n\t<th class=\"column-1\">&nbsp;<\/th><th class=\"column-2\">401 HM \/ HM- U<\/th><th class=\"column-3\">601 HM \/ HM-U<\/th><th class=\"column-4\">801 HM<\/th><th class=\"column-5\">1001 HM<\/th>\n<\/tr>\n<\/thead>\n<tbody class=\"row-hover\">\n<tr class=\"row-2 even\">\n\t<td class=\"column-1\">Hegeszt\u00e9si hossz (max)<\/td><td class=\"column-2\">400 mm<\/td><td class=\"column-3\">600 mm<\/td><td class=\"column-4\">800 mm<\/td><td class=\"column-5\">1000 mm<\/td>\n<\/tr>\n<tr class=\"row-3 odd\">\n\t<td class=\"column-1\">Hegeszt\u00e9si sz\u00e9less\u00e9g<\/td><td class=\"column-2\">3,0 mm<\/td><td class=\"column-3\">3,0 mm<\/td><td class=\"column-4\">3,0 mm<\/td><td class=\"column-5\">3,0 mm<\/td>\n<\/tr>\n<tr class=\"row-4 even\">\n\t<td class=\"column-1\">Hegeszt\u0151pofa ny\u00edl\u00e1s<\/td><td class=\"column-2\">15 mm<\/td><td class=\"column-3\">15 mm<\/td><td class=\"column-4\">15 mm<\/td><td class=\"column-5\">15 mm<\/td>\n<\/tr>\n<tr class=\"row-5 odd\">\n\t<td class=\"column-1\">\u00c1ramfelv\u00e9tel<\/td><td class=\"column-2\">3,0 A<\/td><td class=\"column-3\">7,0 A<\/td><td class=\"column-4\">6,0 A<\/td><td class=\"column-5\">5,0 A<\/td>\n<\/tr>\n<tr class=\"row-6 even\">\n\t<td class=\"column-1\">\u00c1ramsz\u00fcks\u00e9glet<\/td><td class=\"column-2\">0,8 kW\/h<\/td><td class=\"column-3\">1,5 kW\/h<\/td><td class=\"column-4\">1,3 kW\/h<\/td><td class=\"column-5\">1,1 kW\/h<\/td>\n<\/tr>\n<tr class=\"row-7 odd\">\n\t<td class=\"column-1\">M\u00e9retek<\/td><td class=\"column-2\">570 x 455 x 155 mm<\/td><td class=\"column-3\">570 x 455 x 155 mm<\/td><td class=\"column-4\">1070 x 520 x 160 mm<\/td><td class=\"column-5\">1070 x 520 x 160 mm<\/td>\n<\/tr>\n<tr class=\"row-8 even\">\n\t<td class=\"column-1\">Nett\u00f3 s\u00faly<\/td><td class=\"column-2\">14,0 \/ 19,0 kg<\/td><td class=\"column-3\">22,0 \/ 25,0 kg<\/td><td class=\"column-4\">42,0 kg<\/td><td class=\"column-5\">45,0 kg<\/td>\n<\/tr>\n<tr class=\"row-9 odd\">\n\t<td class=\"column-1\">Elektromos bet\u00e1pl\u00e1l\u00e1s<\/td><td class=\"column-2\">230 V \/50 Hz<\/td><td class=\"column-3\">230 V \/50 Hz<\/td><td class=\"column-4\">230 V \/50 Hz<\/td><td class=\"column-5\">230 V \/50 Hz<\/td>\n<\/tr>\n<\/tbody>\n<\/table>\n<\/div>\n\t\t\t\t<\/div>\n\t\t\t\t<\/div>\n\t\t\t\t\t\t<\/div>\n\t\t\t\t\t<\/div>\n\t\t<\/div>\n\t\t\t\t\t\t\t\t<\/div>\n\t\t\t\t\t<\/div>\n\t\t<\/section>\n\t\t\t\t<section class=\"elementor-section elementor-top-section elementor-element elementor-element-23bbad8 elementor-section-boxed elementor-section-height-default elementor-section-height-default\" data-id=\"23bbad8\" data-element_type=\"section\">\n\t\t\t\t\t\t<div class=\"elementor-container elementor-column-gap-default\">\n\t\t\t\t\t\t\t<div class=\"elementor-row\">\n\t\t\t\t\t<div class=\"elementor-column elementor-col-100 elementor-top-column elementor-element elementor-element-ca2a55e\" data-id=\"ca2a55e\" data-element_type=\"column\">\n\t\t\t<div class=\"elementor-column-wrap elementor-element-populated\">\n\t\t\t\t\t\t\t<div class=\"elementor-widget-wrap\">\n\t\t\t\t\t\t<div class=\"elementor-element elementor-element-8b913ac elementor-widget elementor-widget-text-editor\" data-id=\"8b913ac\" data-element_type=\"widget\" data-widget_type=\"text-editor.default\">\n\t\t\t\t<div class=\"elementor-widget-container\">\n\t\t\t\t\t\t\t\t<div class=\"elementor-text-editor elementor-clearfix\">\n\t\t\t\t<p>Minden k\u00e9sz\u00fcl\u00e9k 3 m hossz\u00fa csatlakoz\u00f3vezet\u00e9kkel felszerelt.<br \/>A m\u00e9ret- \u00e9s s\u00falyadatok k\u00f6r\u00fclbel\u00fcli \u00e9rt\u00e9kek.<\/p><p>A m\u0171szaki v\u00e1ltoztat\u00e1sok jog\u00e1t fenntartjuk, el\u0151zetes \u00e9rtes\u00edt\u00e9s n\u00e9lk\u00fcl!\u00a0<\/p>\t\t\t\t\t<\/div>\n\t\t\t\t\t\t<\/div>\n\t\t\t\t<\/div>\n\t\t\t\t<div class=\"elementor-element elementor-element-eebe54d elementor-widget elementor-widget-button\" data-id=\"eebe54d\" data-element_type=\"widget\" data-widget_type=\"button.default\">\n\t\t\t\t<div class=\"elementor-widget-container\">\n\t\t\t\t\t<div class=\"elementor-button-wrapper\">\n\t\t\t<a href=\"http:\/\/www.jbt.hu\/wordpress\/foliahegesztok\/wp-content\/uploads\/sites\/10\/2019\/11\/401HM.pdf\" target=\"_blank\" class=\"elementor-button-link elementor-button elementor-size-sm\" role=\"button\">\n\t\t\t\t\t\t<span class=\"elementor-button-content-wrapper\">\n\t\t\t\t\t\t\t<span class=\"elementor-button-icon elementor-align-icon-left\">\n\t\t\t\t<i aria-hidden=\"true\" class=\"fas fa-file-download\"><\/i>\t\t\t<\/span>\n\t\t\t\t\t\t<span class=\"elementor-button-text\">Let\u00f6lthet\u0151 inf\u00f3 lap<\/span>\n\t\t<\/span>\n\t\t\t\t\t<\/a>\n\t\t<\/div>\n\t\t\t\t<\/div>\n\t\t\t\t<\/div>\n\t\t\t\t\t\t<\/div>\n\t\t\t\t\t<\/div>\n\t\t<\/div>\n\t\t\t\t\t\t\t\t<\/div>\n\t\t\t\t\t<\/div>\n\t\t<\/section>\n\t\t\t\t<section class=\"elementor-section elementor-top-section elementor-element elementor-element-4b7b69c elementor-section-boxed elementor-section-height-default elementor-section-height-default\" data-id=\"4b7b69c\" data-element_type=\"section\">\n\t\t\t\t\t\t<div class=\"elementor-container elementor-column-gap-default\">\n\t\t\t\t\t\t\t<div class=\"elementor-row\">\n\t\t\t\t\t<div class=\"elementor-column elementor-col-100 elementor-top-column elementor-element elementor-element-0e37c67\" data-id=\"0e37c67\" data-element_type=\"column\">\n\t\t\t<div class=\"elementor-column-wrap elementor-element-populated\">\n\t\t\t\t\t\t\t<div class=\"elementor-widget-wrap\">\n\t\t\t\t\t\t<div class=\"elementor-element elementor-element-89d0319 elementor-widget elementor-widget-heading\" data-id=\"89d0319\" data-element_type=\"widget\" data-widget_type=\"heading.default\">\n\t\t\t\t<div class=\"elementor-widget-container\">\n\t\t\t<h4 class=\"elementor-heading-title elementor-size-default\"><a href=\"http:\/\/www.jbt.hu\/wordpress\/foliahegesztok\/kapcsolat\/\">Tov\u00e1bbi inform\u00e1ci\u00f3k\u00e9rt k\u00e9rj\u00fck l\u00e9pjen kapcsolatba vel\u00fcnk!<\/a><\/h4>\t\t<\/div>\n\t\t\t\t<\/div>\n\t\t\t\t\t\t<\/div>\n\t\t\t\t\t<\/div>\n\t\t<\/div>\n\t\t\t\t\t\t\t\t<\/div>\n\t\t\t\t\t<\/div>\n\t\t<\/section>\n\t\t\t\t<section class=\"elementor-section elementor-top-section elementor-element elementor-element-08e5fb8 elementor-section-boxed elementor-section-height-default elementor-section-height-default\" data-id=\"08e5fb8\" data-element_type=\"section\">\n\t\t\t\t\t\t<div class=\"elementor-container elementor-column-gap-default\">\n\t\t\t\t\t\t\t<div class=\"elementor-row\">\n\t\t\t\t\t<div class=\"elementor-column elementor-col-100 elementor-top-column elementor-element elementor-element-66d842a\" data-id=\"66d842a\" data-element_type=\"column\">\n\t\t\t<div class=\"elementor-column-wrap\">\n\t\t\t\t\t\t\t<div class=\"elementor-widget-wrap\">\n\t\t\t\t\t\t\t\t<\/div>\n\t\t\t\t\t<\/div>\n\t\t<\/div>\n\t\t\t\t\t\t\t\t<\/div>\n\t\t\t\t\t<\/div>\n\t\t<\/section>\n\t\t\t\t\t\t\t\t\t<\/div>\n\t\t\t<\/div>\n\t\t\t\t\t<\/div>\n\t\t","protected":false},"excerpt":{"rendered":"<p>A kis apr\u00f3p\u00e9nz rollnikt\u00f3l a legnagyobb ipari zs\u00e1kokig: kombin\u00e1lva a megfelel\u0151 g\u00f6rg\u0151s tol\u00f3asztallal, a Polystar\u00ae elektrom\u00e1gneses hegeszt\u0151k\u00e9sz\u00fcl\u00e9kek garant\u00e1lj\u00e1k, hogy semmi sem marad nyitva.\u00a0 A m\u00e9ret nem sz\u00e1m\u00edt: Becsomagolunk mindent! A Polystar\u00ae HM-sz\u00e9ria robusztus konstrukci\u00f3j\u00e1val \u00e9s horizont\u00e1lisan elhelyezked\u0151 hegeszt\u0151s\u00edneivel t\u0171nik ki. A speci\u00e1lis U-alak\u00fa tart\u00f3szerkezet, k\u00edv\u00e1ns\u00e1gra felfel\u00e9 is, elegend\u0151 szabad teret&#8230;<\/p>\n<p> <a class=\"continue-reading-link\" href=\"http:\/\/www.jbt.hu\/wordpress\/foliahegesztok\/horizontalis-elektromagneses-asztali-foliahegesztok\/\"><span>Tov\u00e1bb<\/span><i class=\"crycon-right-dir\"><\/i><\/a> <\/p>\n","protected":false},"author":1,"featured_media":0,"parent":0,"menu_order":0,"comment_status":"closed","ping_status":"closed","template":"","meta":[],"aioseo_notices":[],"_links":{"self":[{"href":"http:\/\/www.jbt.hu\/wordpress\/foliahegesztok\/wp-json\/wp\/v2\/pages\/156"}],"collection":[{"href":"http:\/\/www.jbt.hu\/wordpress\/foliahegesztok\/wp-json\/wp\/v2\/pages"}],"about":[{"href":"http:\/\/www.jbt.hu\/wordpress\/foliahegesztok\/wp-json\/wp\/v2\/types\/page"}],"author":[{"embeddable":true,"href":"http:\/\/www.jbt.hu\/wordpress\/foliahegesztok\/wp-json\/wp\/v2\/users\/1"}],"replies":[{"embeddable":true,"href":"http:\/\/www.jbt.hu\/wordpress\/foliahegesztok\/wp-json\/wp\/v2\/comments?post=156"}],"version-history":[{"count":23,"href":"http:\/\/www.jbt.hu\/wordpress\/foliahegesztok\/wp-json\/wp\/v2\/pages\/156\/revisions"}],"predecessor-version":[{"id":1341,"href":"http:\/\/www.jbt.hu\/wordpress\/foliahegesztok\/wp-json\/wp\/v2\/pages\/156\/revisions\/1341"}],"wp:attachment":[{"href":"http:\/\/www.jbt.hu\/wordpress\/foliahegesztok\/wp-json\/wp\/v2\/media?parent=156"}],"curies":[{"name":"wp","href":"https:\/\/api.w.org\/{rel}","templated":true}]}}