{"id":124,"date":"2019-08-14T11:31:51","date_gmt":"2019-08-14T11:31:51","guid":{"rendered":"http:\/\/www.jbt.hu\/wordpress\/foliahegesztok\/?page_id=124"},"modified":"2020-02-24T09:31:03","modified_gmt":"2020-02-24T09:31:03","slug":"vertikalis-elektromagneses-asztali-foliahegesztok","status":"publish","type":"page","link":"http:\/\/www.jbt.hu\/wordpress\/foliahegesztok\/vertikalis-elektromagneses-asztali-foliahegesztok\/","title":{"rendered":"Vertik\u00e1lis elektrom\u00e1gneses asztali f\u00f3liahegeszt\u0151k"},"content":{"rendered":"\t\t<div data-elementor-type=\"wp-post\" data-elementor-id=\"124\" class=\"elementor elementor-124\">\n\t\t\t\t\t\t<div class=\"elementor-inner\">\n\t\t\t\t<div class=\"elementor-section-wrap\">\n\t\t\t\t\t\t\t\t\t<section class=\"elementor-section elementor-top-section elementor-element elementor-element-3f04069 elementor-section-boxed elementor-section-height-default elementor-section-height-default\" data-id=\"3f04069\" data-element_type=\"section\">\n\t\t\t\t\t\t<div class=\"elementor-container elementor-column-gap-default\">\n\t\t\t\t\t\t\t<div class=\"elementor-row\">\n\t\t\t\t\t<div class=\"elementor-column elementor-col-100 elementor-top-column elementor-element elementor-element-0713a24\" data-id=\"0713a24\" data-element_type=\"column\">\n\t\t\t<div class=\"elementor-column-wrap elementor-element-populated\">\n\t\t\t\t\t\t\t<div class=\"elementor-widget-wrap\">\n\t\t\t\t\t\t<div class=\"elementor-element elementor-element-7669109 elementor-widget elementor-widget-text-editor\" data-id=\"7669109\" data-element_type=\"widget\" data-widget_type=\"text-editor.default\">\n\t\t\t\t<div class=\"elementor-widget-container\">\n\t\t\t\t\t\t\t\t<div class=\"elementor-text-editor elementor-clearfix\">\n\t\t\t\t<p>Ezekkel a hegeszt\u00e9si varratokkal nem lesz gondja. Egyszer\u0171en helyezze a csomagol\u00f3anyagot vagy a zacsk\u00f3t a vertik\u00e1lis hegeszt\u0151s\u00ednek k\u00f6z\u00e9 \u00e9s m\u0171k\u00f6dtesse az elektromos l\u00e1bped\u00e1l kapcsol\u00f3t. A hegeszt\u00e9si \u00e9s h\u0171t\u00e9si automatika addig van m\u0171k\u00f6d\u00e9sben, am\u00edg el\u0151vigy\u00e1zatosan lez\u00e1rja \u00e9s a jobb eltarthat\u00f3s\u00e1g \u00e9rdek\u00e9ben visszah\u0171lni hagyja a f\u00f3li\u00e1t.<\/p><p><b>Ami a hegeszt\u00e9seken m\u00falik: t\u00f6m\u00edtetten tartanak!<\/b><\/p><p>A Polystar\u00ae elektrom\u00e1gneses asztali hegeszt\u0151k\u00e9sz\u00fcl\u00e9kek vertik\u00e1lis hegeszt\u0151s\u00ednekkel ell\u00e1tottak, melyek k\u00f6z\u00e9 a hegesztend\u0151 anyagot el kell helyezni. Mindegyik k\u00e9sz\u00fcl\u00e9k a h\u0151impulzus elj\u00e1r\u00e1s szerit m\u0171k\u00f6dik \u00e9s el\u0151hev\u00edt\u00e9s n\u00e9lk\u00fcl azonnal haszn\u00e1latra k\u00e9sz. Polietil\u00e9n f\u00f3li\u00e1k 2 x 0,4 mm vastags\u00e1gig probl\u00e9mamentesen hegeszthet\u0151k. Az elektronikus hegeszt\u00e9si \u00e9s h\u0171t\u00e9si id\u0151automatika fokozatmentesen be\u00e1ll\u00edthat\u00f3, m\u0171k\u00f6d\u00e9sbe l\u00e9p\u00e9s\u00fck egy elektronikus l\u00e1bped\u00e1l nyom\u00f3gomb m\u0171k\u00f6dtet\u00e9se \u00e1ltal v\u00e1lthat\u00f3 ki. A fut\u00f3szalag h\u0151m\u00e9rs\u00e9klet\u00e9nek egyed\u00fcl\u00e1ll\u00f3 \u00f6nellen\u0151rz\u00e9se, az elektrom\u00e1gneses hegeszt\u0151s\u00edn nyom\u00e1s, nyomvatart\u00e1s \u00e9s az optikai ellen\u0151rz\u00e9s \u00e1lland\u00f3 hegeszt\u00e9si eredm\u00e9nyeket garant\u00e1l, 400 \u00e9s 600 mm hegeszt\u00e9si hosszban.<\/p>\t\t\t\t\t<\/div>\n\t\t\t\t\t\t<\/div>\n\t\t\t\t<\/div>\n\t\t\t\t\t\t<\/div>\n\t\t\t\t\t<\/div>\n\t\t<\/div>\n\t\t\t\t\t\t\t\t<\/div>\n\t\t\t\t\t<\/div>\n\t\t<\/section>\n\t\t\t\t<section class=\"elementor-section elementor-top-section elementor-element elementor-element-1faa75e elementor-section-boxed elementor-section-height-default elementor-section-height-default\" data-id=\"1faa75e\" data-element_type=\"section\">\n\t\t\t\t\t\t<div class=\"elementor-container elementor-column-gap-default\">\n\t\t\t\t\t\t\t<div class=\"elementor-row\">\n\t\t\t\t\t<div class=\"elementor-column elementor-col-50 elementor-top-column elementor-element elementor-element-77113c8\" data-id=\"77113c8\" data-element_type=\"column\">\n\t\t\t<div class=\"elementor-column-wrap elementor-element-populated\">\n\t\t\t\t\t\t\t<div class=\"elementor-widget-wrap\">\n\t\t\t\t\t\t<div class=\"elementor-element elementor-element-e6e1811 elementor-aspect-ratio-169 elementor-widget elementor-widget-video\" data-id=\"e6e1811\" data-element_type=\"widget\" data-settings=\"{&quot;youtube_url&quot;:&quot;https:\\\/\\\/youtu.be\\\/xY__BlouBww&quot;,&quot;video_type&quot;:&quot;youtube&quot;,&quot;controls&quot;:&quot;yes&quot;,&quot;aspect_ratio&quot;:&quot;169&quot;}\" data-widget_type=\"video.default\">\n\t\t\t\t<div class=\"elementor-widget-container\">\n\t\t\t\t\t<div class=\"elementor-wrapper elementor-fit-aspect-ratio elementor-open-inline\">\n\t\t\t<div class=\"elementor-video\"><\/div>\t\t<\/div>\n\t\t\t\t<\/div>\n\t\t\t\t<\/div>\n\t\t\t\t\t\t<\/div>\n\t\t\t\t\t<\/div>\n\t\t<\/div>\n\t\t\t\t<div class=\"elementor-column elementor-col-50 elementor-top-column elementor-element elementor-element-b7dc2c4\" data-id=\"b7dc2c4\" data-element_type=\"column\">\n\t\t\t<div class=\"elementor-column-wrap elementor-element-populated\">\n\t\t\t\t\t\t\t<div class=\"elementor-widget-wrap\">\n\t\t\t\t\t\t<div class=\"elementor-element elementor-element-535649a elementor-arrows-position-inside elementor-pagination-position-outside elementor-widget elementor-widget-image-carousel\" data-id=\"535649a\" data-element_type=\"widget\" data-settings=\"{&quot;slides_to_show&quot;:&quot;1&quot;,&quot;navigation&quot;:&quot;both&quot;,&quot;autoplay&quot;:&quot;yes&quot;,&quot;pause_on_hover&quot;:&quot;yes&quot;,&quot;pause_on_interaction&quot;:&quot;yes&quot;,&quot;autoplay_speed&quot;:5000,&quot;infinite&quot;:&quot;yes&quot;,&quot;effect&quot;:&quot;slide&quot;,&quot;speed&quot;:500}\" data-widget_type=\"image-carousel.default\">\n\t\t\t\t<div class=\"elementor-widget-container\">\n\t\t\t\t\t<div class=\"elementor-image-carousel-wrapper swiper-container\" dir=\"ltr\">\n\t\t\t<div class=\"elementor-image-carousel swiper-wrapper\">\n\t\t\t\t\t\t\t\t<div class=\"swiper-slide\"><a data-elementor-open-lightbox=\"yes\" data-elementor-lightbox-slideshow=\"535649a\" e-action-hash=\"#elementor-action%3Aaction%3Dlightbox%26settings%3DeyJpZCI6MTI0NiwidXJsIjoiaHR0cDpcL1wvd3d3LmpidC5odVwvd29yZHByZXNzXC9mb2xpYWhlZ2VzenRva1wvd3AtY29udGVudFwvdXBsb2Fkc1wvc2l0ZXNcLzEwXC8yMDIwXC8wMlwvNDAxTV9Mb2dvLmpwZyIsInNsaWRlc2hvdyI6IjUzNTY0OWEifQ%3D%3D\" href=\"http:\/\/www.jbt.hu\/wordpress\/foliahegesztok\/wp-content\/uploads\/sites\/10\/2020\/02\/401M_Logo.jpg\"><figure class=\"swiper-slide-inner\"><img decoding=\"async\" class=\"swiper-slide-image\" src=\"http:\/\/www.jbt.hu\/wordpress\/foliahegesztok\/wp-content\/uploads\/sites\/10\/2020\/02\/401M_Logo-300x225.jpg\" alt=\"Polystar\u00ae 401 M\" \/><figcaption class=\"elementor-image-carousel-caption\">Polystar\u00ae 401 M<\/figcaption><\/figure><\/a><\/div><div class=\"swiper-slide\"><a data-elementor-open-lightbox=\"yes\" data-elementor-lightbox-slideshow=\"535649a\" data-elementor-lightbox-title=\"401M_table_unwinder_Logo\" e-action-hash=\"#elementor-action%3Aaction%3Dlightbox%26settings%3DeyJpZCI6MTI0MiwidXJsIjoiaHR0cDpcL1wvd3d3LmpidC5odVwvd29yZHByZXNzXC9mb2xpYWhlZ2VzenRva1wvd3AtY29udGVudFwvdXBsb2Fkc1wvc2l0ZXNcLzEwXC8yMDIwXC8wMlwvNDAxTV90YWJsZV91bndpbmRlcl9Mb2dvLmpwZyIsInNsaWRlc2hvdyI6IjUzNTY0OWEifQ%3D%3D\" href=\"http:\/\/www.jbt.hu\/wordpress\/foliahegesztok\/wp-content\/uploads\/sites\/10\/2020\/02\/401M_table_unwinder_Logo.jpg\"><figure class=\"swiper-slide-inner\"><img decoding=\"async\" class=\"swiper-slide-image\" src=\"http:\/\/www.jbt.hu\/wordpress\/foliahegesztok\/wp-content\/uploads\/sites\/10\/2020\/02\/401M_table_unwinder_Logo-300x225.jpg\" alt=\"Polystar\u00ae 401 M munkaasztallal \u00e9s tekercstart\u00f3 g\u00f6rg\u0151kkel\" \/><figcaption class=\"elementor-image-carousel-caption\">Polystar\u00ae 401 M munkaasztallal \u00e9s tekercstart\u00f3 g\u00f6rg\u0151kkel<\/figcaption><\/figure><\/a><\/div><div class=\"swiper-slide\"><a data-elementor-open-lightbox=\"yes\" data-elementor-lightbox-slideshow=\"535649a\" data-elementor-lightbox-title=\"401M-AT-Mag\" e-action-hash=\"#elementor-action%3Aaction%3Dlightbox%26settings%3DeyJpZCI6MTI0MywidXJsIjoiaHR0cDpcL1wvd3d3LmpidC5odVwvd29yZHByZXNzXC9mb2xpYWhlZ2VzenRva1wvd3AtY29udGVudFwvdXBsb2Fkc1wvc2l0ZXNcLzEwXC8yMDIwXC8wMlwvNDAxTS1BVC1NYWcuanBnIiwic2xpZGVzaG93IjoiNTM1NjQ5YSJ9\" href=\"http:\/\/www.jbt.hu\/wordpress\/foliahegesztok\/wp-content\/uploads\/sites\/10\/2020\/02\/401M-AT-Mag.jpg\"><figure class=\"swiper-slide-inner\"><img decoding=\"async\" class=\"swiper-slide-image\" src=\"http:\/\/www.jbt.hu\/wordpress\/foliahegesztok\/wp-content\/uploads\/sites\/10\/2020\/02\/401M-AT-Mag-300x225.jpg\" alt=\"Polystar\u00ae 401 M munkaasztallal \u00e9s tekercstart\u00f3 \u00e1llv\u00e1nnyal\" \/><figcaption class=\"elementor-image-carousel-caption\">Polystar\u00ae 401 M munkaasztallal \u00e9s tekercstart\u00f3 \u00e1llv\u00e1nnyal<\/figcaption><\/figure><\/a><\/div><div class=\"swiper-slide\"><a data-elementor-open-lightbox=\"yes\" data-elementor-lightbox-slideshow=\"535649a\" data-elementor-lightbox-title=\"601M\" e-action-hash=\"#elementor-action%3Aaction%3Dlightbox%26settings%3DeyJpZCI6MTI0NCwidXJsIjoiaHR0cDpcL1wvd3d3LmpidC5odVwvd29yZHByZXNzXC9mb2xpYWhlZ2VzenRva1wvd3AtY29udGVudFwvdXBsb2Fkc1wvc2l0ZXNcLzEwXC8yMDIwXC8wMlwvNjAxTS5qcGciLCJzbGlkZXNob3ciOiI1MzU2NDlhIn0%3D\" href=\"http:\/\/www.jbt.hu\/wordpress\/foliahegesztok\/wp-content\/uploads\/sites\/10\/2020\/02\/601M.jpg\"><figure class=\"swiper-slide-inner\"><img decoding=\"async\" class=\"swiper-slide-image\" src=\"http:\/\/www.jbt.hu\/wordpress\/foliahegesztok\/wp-content\/uploads\/sites\/10\/2020\/02\/601M-300x225.jpg\" alt=\"Polystar\u00ae 601 M f\u00f3liav\u00e1g\u00f3val\" \/><figcaption class=\"elementor-image-carousel-caption\">Polystar\u00ae 601 M f\u00f3liav\u00e1g\u00f3val<\/figcaption><\/figure><\/a><\/div>\t\t\t<\/div>\n\t\t\t\t\t\t\t\t\t\t\t\t<div class=\"swiper-pagination\"><\/div>\n\t\t\t\t\t\t\t\t\t\t\t\t\t<div class=\"elementor-swiper-button elementor-swiper-button-prev\">\n\t\t\t\t\t\t<i aria-hidden=\"true\" class=\"eicon-chevron-left\"><\/i>\t\t\t\t\t\t<span class=\"elementor-screen-only\">El\u0151z\u0151<\/span>\n\t\t\t\t\t<\/div>\n\t\t\t\t\t<div class=\"elementor-swiper-button elementor-swiper-button-next\">\n\t\t\t\t\t\t<i aria-hidden=\"true\" class=\"eicon-chevron-right\"><\/i>\t\t\t\t\t\t<span class=\"elementor-screen-only\">K\u00f6vetkez\u0151<\/span>\n\t\t\t\t\t<\/div>\n\t\t\t\t\t\t\t\t\t<\/div>\n\t\t\t\t<\/div>\n\t\t\t\t<\/div>\n\t\t\t\t\t\t<\/div>\n\t\t\t\t\t<\/div>\n\t\t<\/div>\n\t\t\t\t\t\t\t\t<\/div>\n\t\t\t\t\t<\/div>\n\t\t<\/section>\n\t\t\t\t<section class=\"elementor-section elementor-top-section elementor-element elementor-element-9cb6575 elementor-section-boxed elementor-section-height-default elementor-section-height-default\" data-id=\"9cb6575\" data-element_type=\"section\">\n\t\t\t\t\t\t<div class=\"elementor-container elementor-column-gap-default\">\n\t\t\t\t\t\t\t<div class=\"elementor-row\">\n\t\t\t\t\t<div class=\"elementor-column elementor-col-100 elementor-top-column elementor-element elementor-element-e74d9c1\" data-id=\"e74d9c1\" data-element_type=\"column\">\n\t\t\t<div class=\"elementor-column-wrap elementor-element-populated\">\n\t\t\t\t\t\t\t<div class=\"elementor-widget-wrap\">\n\t\t\t\t\t\t<div class=\"elementor-element elementor-element-877147f elementor-widget elementor-widget-heading\" data-id=\"877147f\" data-element_type=\"widget\" data-widget_type=\"heading.default\">\n\t\t\t\t<div class=\"elementor-widget-container\">\n\t\t\t<h5 class=\"elementor-heading-title elementor-size-default\">M\u0171szaki adatok<\/h5>\t\t<\/div>\n\t\t\t\t<\/div>\n\t\t\t\t\t\t<\/div>\n\t\t\t\t\t<\/div>\n\t\t<\/div>\n\t\t\t\t\t\t\t\t<\/div>\n\t\t\t\t\t<\/div>\n\t\t<\/section>\n\t\t\t\t<section class=\"elementor-section elementor-top-section elementor-element elementor-element-bb88971 elementor-section-boxed elementor-section-height-default elementor-section-height-default\" data-id=\"bb88971\" data-element_type=\"section\">\n\t\t\t\t\t\t<div class=\"elementor-container elementor-column-gap-default\">\n\t\t\t\t\t\t\t<div class=\"elementor-row\">\n\t\t\t\t\t<div class=\"elementor-column elementor-col-100 elementor-top-column elementor-element elementor-element-41f5a0b\" data-id=\"41f5a0b\" data-element_type=\"column\">\n\t\t\t<div class=\"elementor-column-wrap elementor-element-populated\">\n\t\t\t\t\t\t\t<div class=\"elementor-widget-wrap\">\n\t\t\t\t\t\t<div class=\"elementor-element elementor-element-c6eb887 elementor-widget elementor-widget-shortcode\" data-id=\"c6eb887\" data-element_type=\"widget\" data-widget_type=\"shortcode.default\">\n\t\t\t\t<div class=\"elementor-widget-container\">\n\t\t\t\t\t<div class=\"elementor-shortcode\">\n<table id=\"tablepress-5\" class=\"tablepress tablepress-id-5\">\n<thead>\n<tr class=\"row-1 odd\">\n\t<th class=\"column-1\">&nbsp;<\/th><th class=\"column-2\">401 M<\/th><th class=\"column-3\">601 M<\/th>\n<\/tr>\n<\/thead>\n<tbody class=\"row-hover\">\n<tr class=\"row-2 even\">\n\t<td class=\"column-1\">Hegeszt\u00e9si hossz (max)<\/td><td class=\"column-2\">400 mm<\/td><td class=\"column-3\">600 mm<\/td>\n<\/tr>\n<tr class=\"row-3 odd\">\n\t<td class=\"column-1\">Hegeszt\u00e9si sz\u00e9less\u00e9g<\/td><td class=\"column-2\">3,0 mm<\/td><td class=\"column-3\">3,0 mm<\/td>\n<\/tr>\n<tr class=\"row-4 even\">\n\t<td class=\"column-1\">F\u00f3lia \u00e1tenged\u00e9si sz\u00e9less\u00e9g<\/td><td class=\"column-2\">330 mm<\/td><td class=\"column-3\">525 mm<\/td>\n<\/tr>\n<tr class=\"row-5 odd\">\n\t<td class=\"column-1\">Hegeszt\u0151pofa ny\u00edl\u00e1s<\/td><td class=\"column-2\">15 mm<\/td><td class=\"column-3\">15 mm<\/td>\n<\/tr>\n<tr class=\"row-6 even\">\n\t<td class=\"column-1\">\u00c1ramfelv\u00e9tel<\/td><td class=\"column-2\">3,0 A<\/td><td class=\"column-3\">7,0 A<\/td>\n<\/tr>\n<tr class=\"row-7 odd\">\n\t<td class=\"column-1\">\u00c1ramsz\u00fcks\u00e9glet<\/td><td class=\"column-2\">0,8 kWh<\/td><td class=\"column-3\">1,5 kWh<\/td>\n<\/tr>\n<tr class=\"row-8 even\">\n\t<td class=\"column-1\">M\u00e9retek<\/td><td class=\"column-2\">560 x 305 x 155 mm<\/td><td class=\"column-3\">765 x 305 x 155 mm<\/td>\n<\/tr>\n<tr class=\"row-9 odd\">\n\t<td class=\"column-1\">Nett\u00f3 s\u00faly<\/td><td class=\"column-2\">13,7 kg<\/td><td class=\"column-3\">20,5 kg<\/td>\n<\/tr>\n<tr class=\"row-10 even\">\n\t<td class=\"column-1\">Elektromos \u00e1ramell\u00e1t\u00e1s<\/td><td class=\"column-2\">230 V \/ 50 Hz<\/td><td class=\"column-3\">230 V \/ 50 Hz<\/td>\n<\/tr>\n<\/tbody>\n<\/table>\n<\/div>\n\t\t\t\t<\/div>\n\t\t\t\t<\/div>\n\t\t\t\t\t\t<\/div>\n\t\t\t\t\t<\/div>\n\t\t<\/div>\n\t\t\t\t\t\t\t\t<\/div>\n\t\t\t\t\t<\/div>\n\t\t<\/section>\n\t\t\t\t<section class=\"elementor-section elementor-top-section elementor-element elementor-element-b6300c6 elementor-section-boxed elementor-section-height-default elementor-section-height-default\" data-id=\"b6300c6\" data-element_type=\"section\">\n\t\t\t\t\t\t<div class=\"elementor-container elementor-column-gap-default\">\n\t\t\t\t\t\t\t<div class=\"elementor-row\">\n\t\t\t\t\t<div class=\"elementor-column elementor-col-100 elementor-top-column elementor-element elementor-element-4f62e62\" data-id=\"4f62e62\" data-element_type=\"column\">\n\t\t\t<div class=\"elementor-column-wrap elementor-element-populated\">\n\t\t\t\t\t\t\t<div class=\"elementor-widget-wrap\">\n\t\t\t\t\t\t<div class=\"elementor-element elementor-element-594a7d4 elementor-widget elementor-widget-text-editor\" data-id=\"594a7d4\" data-element_type=\"widget\" data-widget_type=\"text-editor.default\">\n\t\t\t\t<div class=\"elementor-widget-container\">\n\t\t\t\t\t\t\t\t<div class=\"elementor-text-editor elementor-clearfix\">\n\t\t\t\t<p>Minden k\u00e9sz\u00fcl\u00e9k 3 m hossz\u00fa csatlakoz\u00f3vezet\u00e9kkel felszerelt.<br \/>A m\u00e9ret- \u00e9s s\u00falyadatok k\u00f6r\u00fclbel\u00fcli \u00e9rt\u00e9kek.<\/p><p>A m\u0171szaki v\u00e1ltoztat\u00e1sok jog\u00e1t fenntartjuk, el\u0151zetes \u00e9rtes\u00edt\u00e9s n\u00e9lk\u00fcl!\u00a0<\/p>\t\t\t\t\t<\/div>\n\t\t\t\t\t\t<\/div>\n\t\t\t\t<\/div>\n\t\t\t\t<div class=\"elementor-element elementor-element-4763b2b elementor-widget elementor-widget-button\" data-id=\"4763b2b\" data-element_type=\"widget\" data-widget_type=\"button.default\">\n\t\t\t\t<div class=\"elementor-widget-container\">\n\t\t\t\t\t<div class=\"elementor-button-wrapper\">\n\t\t\t<a href=\"http:\/\/www.jbt.hu\/wordpress\/foliahegesztok\/wp-content\/uploads\/sites\/10\/2019\/11\/401M-601M.pdf\" target=\"_blank\" class=\"elementor-button-link elementor-button elementor-size-sm\" role=\"button\">\n\t\t\t\t\t\t<span class=\"elementor-button-content-wrapper\">\n\t\t\t\t\t\t\t<span class=\"elementor-button-icon elementor-align-icon-left\">\n\t\t\t\t<i aria-hidden=\"true\" class=\"fas fa-file-download\"><\/i>\t\t\t<\/span>\n\t\t\t\t\t\t<span class=\"elementor-button-text\">Let\u00f6lthet\u0151 inf\u00f3 lap<\/span>\n\t\t<\/span>\n\t\t\t\t\t<\/a>\n\t\t<\/div>\n\t\t\t\t<\/div>\n\t\t\t\t<\/div>\n\t\t\t\t\t\t<\/div>\n\t\t\t\t\t<\/div>\n\t\t<\/div>\n\t\t\t\t\t\t\t\t<\/div>\n\t\t\t\t\t<\/div>\n\t\t<\/section>\n\t\t\t\t<section class=\"elementor-section elementor-top-section elementor-element elementor-element-8a880e7 elementor-section-boxed elementor-section-height-default elementor-section-height-default\" data-id=\"8a880e7\" data-element_type=\"section\">\n\t\t\t\t\t\t<div class=\"elementor-container elementor-column-gap-default\">\n\t\t\t\t\t\t\t<div class=\"elementor-row\">\n\t\t\t\t\t<div class=\"elementor-column elementor-col-100 elementor-top-column elementor-element elementor-element-ee51c40\" data-id=\"ee51c40\" data-element_type=\"column\">\n\t\t\t<div class=\"elementor-column-wrap elementor-element-populated\">\n\t\t\t\t\t\t\t<div class=\"elementor-widget-wrap\">\n\t\t\t\t\t\t<div class=\"elementor-element elementor-element-7d855a3 elementor-widget elementor-widget-heading\" data-id=\"7d855a3\" data-element_type=\"widget\" data-widget_type=\"heading.default\">\n\t\t\t\t<div class=\"elementor-widget-container\">\n\t\t\t<h5 class=\"elementor-heading-title elementor-size-default\"><a href=\"http:\/\/www.jbt.hu\/wordpress\/foliahegesztok\/kapcsolat\/\">Tov\u00e1bbi inform\u00e1ci\u00f3k\u00e9rt k\u00e9rj\u00fck l\u00e9pjen kapcsolatba vel\u00fcnk!<\/a><\/h5>\t\t<\/div>\n\t\t\t\t<\/div>\n\t\t\t\t\t\t<\/div>\n\t\t\t\t\t<\/div>\n\t\t<\/div>\n\t\t\t\t\t\t\t\t<\/div>\n\t\t\t\t\t<\/div>\n\t\t<\/section>\n\t\t\t\t<section class=\"elementor-section elementor-top-section elementor-element elementor-element-777724d elementor-section-boxed elementor-section-height-default elementor-section-height-default\" data-id=\"777724d\" data-element_type=\"section\">\n\t\t\t\t\t\t<div class=\"elementor-container elementor-column-gap-default\">\n\t\t\t\t\t\t\t<div class=\"elementor-row\">\n\t\t\t\t\t<div class=\"elementor-column elementor-col-100 elementor-top-column elementor-element elementor-element-127009e\" data-id=\"127009e\" data-element_type=\"column\">\n\t\t\t<div class=\"elementor-column-wrap\">\n\t\t\t\t\t\t\t<div class=\"elementor-widget-wrap\">\n\t\t\t\t\t\t\t\t<\/div>\n\t\t\t\t\t<\/div>\n\t\t<\/div>\n\t\t\t\t\t\t\t\t<\/div>\n\t\t\t\t\t<\/div>\n\t\t<\/section>\n\t\t\t\t\t\t\t\t\t<\/div>\n\t\t\t<\/div>\n\t\t\t\t\t<\/div>\n\t\t","protected":false},"excerpt":{"rendered":"<p>Ezekkel a hegeszt\u00e9si varratokkal nem lesz gondja. Egyszer\u0171en helyezze a csomagol\u00f3anyagot vagy a zacsk\u00f3t a vertik\u00e1lis hegeszt\u0151s\u00ednek k\u00f6z\u00e9 \u00e9s m\u0171k\u00f6dtesse az elektromos l\u00e1bped\u00e1l kapcsol\u00f3t. A hegeszt\u00e9si \u00e9s h\u0171t\u00e9si automatika addig van m\u0171k\u00f6d\u00e9sben, am\u00edg el\u0151vigy\u00e1zatosan lez\u00e1rja \u00e9s a jobb eltarthat\u00f3s\u00e1g \u00e9rdek\u00e9ben visszah\u0171lni hagyja a f\u00f3li\u00e1t. Ami a hegeszt\u00e9seken m\u00falik: t\u00f6m\u00edtetten tartanak!&#8230;<\/p>\n<p> <a class=\"continue-reading-link\" href=\"http:\/\/www.jbt.hu\/wordpress\/foliahegesztok\/vertikalis-elektromagneses-asztali-foliahegesztok\/\"><span>Tov\u00e1bb<\/span><i class=\"crycon-right-dir\"><\/i><\/a> <\/p>\n","protected":false},"author":1,"featured_media":0,"parent":0,"menu_order":0,"comment_status":"closed","ping_status":"closed","template":"","meta":[],"aioseo_notices":[],"_links":{"self":[{"href":"http:\/\/www.jbt.hu\/wordpress\/foliahegesztok\/wp-json\/wp\/v2\/pages\/124"}],"collection":[{"href":"http:\/\/www.jbt.hu\/wordpress\/foliahegesztok\/wp-json\/wp\/v2\/pages"}],"about":[{"href":"http:\/\/www.jbt.hu\/wordpress\/foliahegesztok\/wp-json\/wp\/v2\/types\/page"}],"author":[{"embeddable":true,"href":"http:\/\/www.jbt.hu\/wordpress\/foliahegesztok\/wp-json\/wp\/v2\/users\/1"}],"replies":[{"embeddable":true,"href":"http:\/\/www.jbt.hu\/wordpress\/foliahegesztok\/wp-json\/wp\/v2\/comments?post=124"}],"version-history":[{"count":23,"href":"http:\/\/www.jbt.hu\/wordpress\/foliahegesztok\/wp-json\/wp\/v2\/pages\/124\/revisions"}],"predecessor-version":[{"id":1247,"href":"http:\/\/www.jbt.hu\/wordpress\/foliahegesztok\/wp-json\/wp\/v2\/pages\/124\/revisions\/1247"}],"wp:attachment":[{"href":"http:\/\/www.jbt.hu\/wordpress\/foliahegesztok\/wp-json\/wp\/v2\/media?parent=124"}],"curies":[{"name":"wp","href":"https:\/\/api.w.org\/{rel}","templated":true}]}}